{"id":13298,"date":"2022-01-17T10:45:46","date_gmt":"2022-01-17T09:45:46","guid":{"rendered":"https:\/\/projectes.xtec.cat\/xarxadults\/?page_id=13298"},"modified":"2022-01-20T14:34:16","modified_gmt":"2022-01-20T13:34:16","slug":"que-fem","status":"publish","type":"page","link":"https:\/\/projectes.xtec.cat\/xarxadults\/que-fem\/","title":{"rendered":"Qu\u00e8 fem"},"content":{"rendered":"<div><span style=\"color: #980000;\"><strong>Qu\u00e8 fem?<\/strong><\/span><\/div>\n<div><\/div>\n<ul>\n<li>Elaborar propostes de reconeixement dels itineraris formatius reglats i no reglats i de les experi\u00e8ncies d&#8217;aprenentatge informals per incorporar-les als historials acad\u00e8mics de les persones adultes.<\/li>\n<li>Elaborar criteris d&#8217;avaluaci\u00f3 i establir indicadors de qualitat dels centres de formaci\u00f3 d&#8217;adults i proposar mesures correctores.<\/li>\n<li>Elaborar les propostes del curr\u00edculum dels ensenyaments que s&#8217;hagin d&#8217;impartir en l&#8217;educaci\u00f3 al llarg de la vida i dels programes de la seva compet\u00e8ncia, i les estrat\u00e8gies per a la seva aplicaci\u00f3.<\/li>\n<li>Establir criteris per a l&#8217;avaluaci\u00f3 de l&#8217;ensenyament al llarg de la vida i per a l&#8217;elaboraci\u00f3 de la documentaci\u00f3 acad\u00e8mica dels centres en aquest \u00e0mbit.<\/li>\n<li>Elaborar el contingut de les proves lliures per a l&#8217;obtenci\u00f3 del graduat en educaci\u00f3 secund\u00e0ria obligat\u00f2ria i del certificat de formaci\u00f3 instrumental per a persones que segueixen itineraris alternatius.<\/li>\n<li>Aplicar criteris en relaci\u00f3 amb els equipaments i els materials i recursos did\u00e0ctics dels ensenyaments per a l&#8217;educaci\u00f3 d&#8217;adults.<\/li>\n<li>Desplegar plans interdepartamentals amb altres administracions i agents educatius, a fi de coordinar les diferents accions impulsades en l&#8217;\u00e0mbit de l&#8217;educaci\u00f3 al llarg de la vida.<\/li>\n<li>Proposar estrat\u00e8gies organitzatives, metodol\u00f2giques i did\u00e0ctiques i de formaci\u00f3 del professorat per als diferents ensenyaments, en coher\u00e8ncia amb la perspectiva de l&#8217;ensenyament al llarg de la vida.<\/li>\n<\/ul>\n","protected":false},"excerpt":{"rendered":"<p>Qu\u00e8 fem?<\/p>\n<ul>\n<li>Elaborar propostes de reconeixement dels itineraris formatius reglats i no reglats i de les experi\u00e8ncies d&#8217;aprenentatge informals per incorporar-les als historials acad\u00e8mics de les persones adultes.<\/li>\n<li>Elaborar criteris d&#8217;avaluaci\u00f3 i establir indicadors de qualitat dels centres de formaci\u00f3 d&#8217;adults i proposar mesures correctores.<\/li>\n<li>Elaborar les propostes&hellip;  <a href=\"https:\/\/projectes.xtec.cat\/xarxadults\/que-fem\/\" title=\"Read Qu\u00e8 fem\">Llegeix m\u00e9s\u00bb<\/a><br \/>\n","protected":false},"author":361,"featured_media":0,"parent":0,"menu_order":0,"comment_status":"closed","ping_status":"closed","template":"page-templates\/side-menu.php","meta":{"_bbp_topic_count":0,"_bbp_reply_count":0,"_bbp_total_topic_count":0,"_bbp_total_reply_count":0,"_bbp_voice_count":0,"_bbp_anonymous_reply_count":0,"_bbp_topic_count_hidden":0,"_bbp_reply_count_hidden":0,"_bbp_forum_subforum_count":0,"footnotes":""},"class_list":["post-13298","page","type-page","status-publish","hentry"],"post_mailing_queue_ids":[],"_links":{"self":[{"href":"https:\/\/projectes.xtec.cat\/xarxadults\/wp-json\/wp\/v2\/pages\/13298","targetHints":{"allow":["GET"]}}],"collection":[{"href":"https:\/\/projectes.xtec.cat\/xarxadults\/wp-json\/wp\/v2\/pages"}],"about":[{"href":"https:\/\/projectes.xtec.cat\/xarxadults\/wp-json\/wp\/v2\/types\/page"}],"author":[{"embeddable":true,"href":"https:\/\/projectes.xtec.cat\/xarxadults\/wp-json\/wp\/v2\/users\/361"}],"replies":[{"embeddable":true,"href":"https:\/\/projectes.xtec.cat\/xarxadults\/wp-json\/wp\/v2\/comments?post=13298"}],"version-history":[{"count":3,"href":"https:\/\/projectes.xtec.cat\/xarxadults\/wp-json\/wp\/v2\/pages\/13298\/revisions"}],"predecessor-version":[{"id":13318,"href":"https:\/\/projectes.xtec.cat\/xarxadults\/wp-json\/wp\/v2\/pages\/13298\/revisions\/13318"}],"wp:attachment":[{"href":"https:\/\/projectes.xtec.cat\/xarxadults\/wp-json\/wp\/v2\/media?parent=13298"}],"curies":[{"name":"wp","href":"https:\/\/api.w.org\/{rel}","templated":true}]}}