{"id":13358,"date":"2022-01-20T10:47:36","date_gmt":"2022-01-20T09:47:36","guid":{"rendered":"https:\/\/projectes.xtec.cat\/xarxadults\/?page_id=13358"},"modified":"2022-01-20T12:04:07","modified_gmt":"2022-01-20T11:04:07","slug":"recursos","status":"publish","type":"page","link":"https:\/\/projectes.xtec.cat\/xarxadults\/recursos\/","title":{"rendered":"RECURSOS"},"content":{"rendered":"<h3><\/h3>\n<table style=\"border-collapse: collapse; width: 85.6109%;\">\n<tbody>\n<tr>\n<td style=\"width: 25.2093%; border-style: hidden;\">\n<h3><a href=\"https:\/\/projectes.xtec.cat\/xarxadults\/actuacions-extraordinaries\/\">Nova Normalitat 2020<\/a><\/h3>\n<\/td>\n<td style=\"width: 59.8573%; background-color: #fcf6e3; border-style: hidden;\">\n<h4 class=\"section noChildren\"><a title=\"Comunitat educativa restaurativa i resilient\" href=\"https:\/\/projectes.xtec.cat\/xarxadults\/actuacions-extraordinaries\/comunitat-educativa-restaurativa-i-resilient\/\">Comunitat educativa restaurativa i resilient<\/a><\/h4>\n<h4 class=\"page_item page-item-11116 title\"><a title=\"Orientacions i Comunicacions del Departament d'Educaci\u00f3 en la nova normalitat\" href=\"https:\/\/projectes.xtec.cat\/xarxadults\/actuacions-extraordinaries\/orientacions-i-comunicacions-del-departament-deducacio-en-el-periode-de-confinament\/\">Orientacions i Comunicacions del Departament d&#8217;Educaci\u00f3 en la nova normalitat<\/a><\/h4>\n<h4 class=\"page_item page-item-11125 title\"><a title=\"Propostes de bones pr\u00e0ctiques tel\u00e8matiques i creaci\u00f3 de xarxes\" href=\"https:\/\/projectes.xtec.cat\/xarxadults\/actuacions-extraordinaries\/propostes-de-bones-practiques-telematiques-i-creacio-de-xarxes\/\">Propostes de bones pr\u00e0ctiques tel\u00e8matiques i creaci\u00f3 de xarxes<\/a><\/h4>\n<h4 class=\"section noChildren\"><a title=\"Pla d\u2019acci\u00f3 centres educatius en l\u00ednia. Entorns d\u2019aprenentatge, webinars i videotutories\" href=\"https:\/\/projectes.xtec.cat\/xarxadults\/actuacions-extraordinaries\/pla-daccio-centres-educatius-en-linia-entorns-daprenentatge-webinars-i-videotutorials\/\">Pla d\u2019acci\u00f3 centres educatius en l\u00ednia. Entorns d\u2019aprenentatge, webinars i videotutories<\/a><\/h4>\n<\/td>\n<\/tr>\n<\/tbody>\n<\/table>\n<h3><\/h3>\n<table style=\"border-collapse: collapse; width: 85.7134%;\">\n<tbody>\n<tr>\n<td style=\"width: 25.7343%; border-style: hidden;\">\n<h3><a href=\"https:\/\/projectes.xtec.cat\/xarxadults\/acollida-moduls-joves-migrats-sols\/\">Suport a l&#8217;Alumnat Vulnerable<\/a><\/h3>\n<\/td>\n<td style=\"width: 59.98%; background-color: #fcf6e3; border-style: hidden;\">\n<div class=\"section\">\n<h4 class=\"page_item page-item-10241 title\"><a title=\"Nivell 1\" href=\"https:\/\/projectes.xtec.cat\/xarxadults\/acollida-moduls-joves-migrats-sols\/nivell-1\/\">Nivell 1<\/a><\/h4>\n<\/div>\n<h4 class=\"page_item page-item-10245 title\"><a title=\"Nivell 2\" href=\"https:\/\/projectes.xtec.cat\/xarxadults\/acollida-moduls-joves-migrats-sols\/nivell-2\/\">Nivell 2<\/a><\/h4>\n<div class=\"section\">\n<h4 class=\"page_item page-item-10247 title\"><a title=\"Nivell 3\" href=\"https:\/\/projectes.xtec.cat\/xarxadults\/acollida-moduls-joves-migrats-sols\/nivell-3\/\">Nivell 3<\/a><\/h4>\n<\/div>\n<\/td>\n<\/tr>\n<\/tbody>\n<\/table>\n<table style=\"border-collapse: collapse; width: 85.9058%;\">\n<tbody>\n<tr>\n<td style=\"width: 26.5416%; background-color: #ffffff; border-style: hidden;\">\n<h3>COMPETIC<\/h3>\n<\/td>\n<td style=\"width: 61.9339%; border-style: hidden; background-color: #fcf6e3;\">\n<h4 class=\"page_item page-item-9929 title\"><a title=\"Propostes pedag\u00f2giques i orientacions\" href=\"https:\/\/projectes.xtec.cat\/xarxadults\/nivells\/propostes-pedagogiques-i-orientacions\/\">Propostes pedag\u00f2giques i orientacions<\/a><\/h4>\n<h4 class=\"page_item page-item-8704 title\"><a title=\"Proves d'avaluaci\u00f3 inicial\" href=\"https:\/\/projectes.xtec.cat\/xarxadults\/nivells\/recursos-3\/\">Proves d&#8217;avaluaci\u00f3 inicial<\/a><\/h4>\n<h4 class=\"page_item page-item-10028 title\"><a title=\"Propostes per a l'avaluaci\u00f3 per a COMPETIC Inicial\" href=\"https:\/\/projectes.xtec.cat\/xarxadults\/nivells\/propostes-per-a-lavaluacio-per-a-competic-inicial\/\">Propostes per a l&#8217;avaluaci\u00f3 per a COMPETIC Inicial<\/a><\/h4>\n<h4 class=\"page_item page-item-8409 title\"><a title=\"Projectes COMPETIC\" href=\"https:\/\/projectes.xtec.cat\/xarxadults\/nivells\/projectes\/\">Projectes COMPETIC<\/a><\/h4>\n<h4 class=\"page_item page-item-9891 title\"><a title=\"Altres recursos\" href=\"https:\/\/projectes.xtec.cat\/xarxadults\/nivells\/recursos\/\">Altres recursos COMPETIC<\/a><\/h4>\n<\/td>\n<\/tr>\n<tr>\n<td style=\"width: 26.5416%; background-color: #ffffff; border-style: hidden;\">\n<h3>LLENG\u00dcES ESTRANGERES<\/h3>\n<\/td>\n<td style=\"width: 61.9339%; border-style: hidden; background-color: #fcf6e3;\">\n<h4 class=\"page_item page-item-8749 title\"><a title=\"Models de prova\" href=\"https:\/\/projectes.xtec.cat\/xarxadults\/curriculum\/propostes-didactiques\/\">Models de prova<\/a><\/h4>\n<h4 class=\"page_item page-item-8941 title\"><a title=\"Activitats per nivells i destreses\" href=\"https:\/\/projectes.xtec.cat\/xarxadults\/curriculum\/activitats-per-nivells-i-destresses\/\">Activitats per nivells i destreses<\/a><\/h4>\n<h4 class=\"page_item page-item-8476 title\"><a title=\"Recursos\" href=\"https:\/\/projectes.xtec.cat\/xarxadults\/curriculum\/recursos\/\">Recursos Lleng\u00fces Estrangeres<\/a><\/h4>\n<\/td>\n<\/tr>\n<tr>\n<td style=\"width: 26.5416%; background-color: #ffffff; border-style: hidden;\">\n<h3 class=\"entry-title\">PREPARACI\u00d3 PROVES D\u2019ACC\u00c9S<\/h3>\n<\/td>\n<td style=\"width: 61.9339%; border-style: hidden; background-color: #fcf6e3;\">\n<h4><a title=\"Ex\u00e0mens Convocat\u00f2ries Anteriors Acc\u00e9s Grau Mitj\u00e0 i Grau Superior\" href=\"https:\/\/projectes.xtec.cat\/xarxadults\/preparacio-per-a-les-proves-dacces-i-cam\/examens-convocatories-anteriors-acces-grau-mitja-i-grau-superior\/\">Ex\u00e0mens Convocat\u00f2ries Anteriors Acc\u00e9s Grau Mitj\u00e0 i Grau Superior<\/a><\/h4>\n<\/td>\n<\/tr>\n<\/tbody>\n<\/table>\n<p>&nbsp;<\/p>\n","protected":false},"excerpt":{"rendered":"<p><a href=\"https:\/\/projectes.xtec.cat\/xarxadults\/actuacions-extraordinaries\/\">Nova Normalitat 2020<\/a><\/p>\n<p><a title=\"Comunitat educativa restaurativa i resilient\" href=\"https:\/\/projectes.xtec.cat\/xarxadults\/actuacions-extraordinaries\/comunitat-educativa-restaurativa-i-resilient\/\">Comunitat educativa restaurativa i resilient<\/a><br \/>\n<a title=\"Orientacions i Comunicacions del Departament d'Educaci\u00f3 en la nova normalitat\" href=\"https:\/\/projectes.xtec.cat\/xarxadults\/actuacions-extraordinaries\/orientacions-i-comunicacions-del-departament-deducacio-en-el-periode-de-confinament\/\">Orientacions i Comunicacions del Departament d&#8217;Educaci\u00f3 en la nova normalitat<\/a><br \/>\n<a title=\"Propostes de bones pr\u00e0ctiques tel\u00e8matiques i creaci\u00f3 de xarxes\" href=\"https:\/\/projectes.xtec.cat\/xarxadults\/actuacions-extraordinaries\/propostes-de-bones-practiques-telematiques-i-creacio-de-xarxes\/\">Propostes de&hellip;  <a href=\"https:\/\/projectes.xtec.cat\/xarxadults\/recursos\/\" title=\"Read RECURSOS\">Llegeix m\u00e9s\u00bb<\/a><\/p>\n","protected":false},"author":361,"featured_media":0,"parent":0,"menu_order":0,"comment_status":"closed","ping_status":"closed","template":"page-templates\/side-menu.php","meta":{"_bbp_topic_count":0,"_bbp_reply_count":0,"_bbp_total_topic_count":0,"_bbp_total_reply_count":0,"_bbp_voice_count":0,"_bbp_anonymous_reply_count":0,"_bbp_topic_count_hidden":0,"_bbp_reply_count_hidden":0,"_bbp_forum_subforum_count":0,"footnotes":""},"class_list":["post-13358","page","type-page","status-publish","hentry"],"post_mailing_queue_ids":[],"_links":{"self":[{"href":"https:\/\/projectes.xtec.cat\/xarxadults\/wp-json\/wp\/v2\/pages\/13358","targetHints":{"allow":["GET"]}}],"collection":[{"href":"https:\/\/projectes.xtec.cat\/xarxadults\/wp-json\/wp\/v2\/pages"}],"about":[{"href":"https:\/\/projectes.xtec.cat\/xarxadults\/wp-json\/wp\/v2\/types\/page"}],"author":[{"embeddable":true,"href":"https:\/\/projectes.xtec.cat\/xarxadults\/wp-json\/wp\/v2\/users\/361"}],"replies":[{"embeddable":true,"href":"https:\/\/projectes.xtec.cat\/xarxadults\/wp-json\/wp\/v2\/comments?post=13358"}],"version-history":[{"count":2,"href":"https:\/\/projectes.xtec.cat\/xarxadults\/wp-json\/wp\/v2\/pages\/13358\/revisions"}],"predecessor-version":[{"id":13384,"href":"https:\/\/projectes.xtec.cat\/xarxadults\/wp-json\/wp\/v2\/pages\/13358\/revisions\/13384"}],"wp:attachment":[{"href":"https:\/\/projectes.xtec.cat\/xarxadults\/wp-json\/wp\/v2\/media?parent=13358"}],"curies":[{"name":"wp","href":"https:\/\/api.w.org\/{rel}","templated":true}]}}