{"id":13549,"date":"2022-02-15T09:47:13","date_gmt":"2022-02-15T08:47:13","guid":{"rendered":"https:\/\/projectes.xtec.cat\/xarxadults\/?page_id=13549"},"modified":"2025-07-02T08:20:25","modified_gmt":"2025-07-02T06:20:25","slug":"cursos-telematics","status":"publish","type":"page","link":"https:\/\/projectes.xtec.cat\/xarxadults\/activitats-2\/cursos-telematics\/","title":{"rendered":"Formaci\u00f3 docent"},"content":{"rendered":"<h3><a href=\"http:\/\/xtec.gencat.cat\/ca\/formacio\/formaciocollectiusespecifics\/educacio-llarg-vida\/\">Cursos telem\u00e0tics<\/a><\/h3>\n<p>Modalitat de formaci\u00f3 individual. La inscripci\u00f3 a les activitats de l\u2019oferta es realitzar\u00e0 en tres torns, si \u00e9s el cas: un primer torn al setembre; un segon torn al gener, i un tercer torn al maig (formaci\u00f3 d\u2019estiu).<\/p>\n<p>Per saber la formaci\u00f3 telem\u00e0tica actual podeu anar a <strong><a href=\"http:\/\/xtec.gencat.cat\/ca\/formacio\/formaciocollectiusespecifics\/educacio-llarg-vida\/\" target=\"_blank\" rel=\"noopener\">aquest enlla\u00e7 al web de l&#8217;XTEC.<\/a><\/strong><\/p>\n<p>Per al <strong>professorat novell<\/strong> a l&#8217;educaci\u00f3 d&#8217;adults, existeix a la plataforma Odissea un curs <strong>autoformatiu i no certificable<\/strong>\u00a0sobre l&#8217;educaci\u00f3 d&#8217;adults. La inscripci\u00f3 \u00e9s directa. <a href=\"https:\/\/odissea.xtec.cat\/course\/view.php?id=224396\" target=\"_blank\" rel=\"noopener\">Cliqueu aqu\u00ed per accedir-hi.<\/a><\/p>\n","protected":false},"excerpt":{"rendered":"<p><a href=\"http:\/\/xtec.gencat.cat\/ca\/formacio\/formaciocollectiusespecifics\/educacio-llarg-vida\/\">Cursos telem\u00e0tics<\/a><br \/>\nModalitat de formaci\u00f3 individual. La inscripci\u00f3 a les activitats de l\u2019oferta es realitzar\u00e0 en tres torns, si \u00e9s el cas: un primer torn al setembre; un segon torn al gener, i un tercer torn al maig (formaci\u00f3 d\u2019estiu).<br \/>\nPer saber la formaci\u00f3 telem\u00e0tica actual&hellip;  <a href=\"https:\/\/projectes.xtec.cat\/xarxadults\/activitats-2\/cursos-telematics\/\" title=\"Read Formaci\u00f3 docent\">Llegeix m\u00e9s\u00bb<\/a><\/p>\n","protected":false},"author":361,"featured_media":0,"parent":13343,"menu_order":10,"comment_status":"closed","ping_status":"closed","template":"page-templates\/side-menu.php","meta":{"_bbp_topic_count":0,"_bbp_reply_count":0,"_bbp_total_topic_count":0,"_bbp_total_reply_count":0,"_bbp_voice_count":0,"_bbp_anonymous_reply_count":0,"_bbp_topic_count_hidden":0,"_bbp_reply_count_hidden":0,"_bbp_forum_subforum_count":0,"footnotes":""},"class_list":["post-13549","page","type-page","status-publish","hentry"],"post_mailing_queue_ids":[],"_links":{"self":[{"href":"https:\/\/projectes.xtec.cat\/xarxadults\/wp-json\/wp\/v2\/pages\/13549","targetHints":{"allow":["GET"]}}],"collection":[{"href":"https:\/\/projectes.xtec.cat\/xarxadults\/wp-json\/wp\/v2\/pages"}],"about":[{"href":"https:\/\/projectes.xtec.cat\/xarxadults\/wp-json\/wp\/v2\/types\/page"}],"author":[{"embeddable":true,"href":"https:\/\/projectes.xtec.cat\/xarxadults\/wp-json\/wp\/v2\/users\/361"}],"replies":[{"embeddable":true,"href":"https:\/\/projectes.xtec.cat\/xarxadults\/wp-json\/wp\/v2\/comments?post=13549"}],"version-history":[{"count":6,"href":"https:\/\/projectes.xtec.cat\/xarxadults\/wp-json\/wp\/v2\/pages\/13549\/revisions"}],"predecessor-version":[{"id":14917,"href":"https:\/\/projectes.xtec.cat\/xarxadults\/wp-json\/wp\/v2\/pages\/13549\/revisions\/14917"}],"up":[{"embeddable":true,"href":"https:\/\/projectes.xtec.cat\/xarxadults\/wp-json\/wp\/v2\/pages\/13343"}],"wp:attachment":[{"href":"https:\/\/projectes.xtec.cat\/xarxadults\/wp-json\/wp\/v2\/media?parent=13549"}],"curies":[{"name":"wp","href":"https:\/\/api.w.org\/{rel}","templated":true}]}}