{"id":13552,"date":"2022-02-15T09:50:16","date_gmt":"2022-02-15T08:50:16","guid":{"rendered":"https:\/\/projectes.xtec.cat\/xarxadults\/?page_id=13552"},"modified":"2022-02-15T09:50:22","modified_gmt":"2022-02-15T08:50:22","slug":"grups-de-treball","status":"publish","type":"page","link":"https:\/\/projectes.xtec.cat\/xarxadults\/activitats-2\/grups-de-treball\/","title":{"rendered":"Grups de treball"},"content":{"rendered":"<h3>Grups de treball<\/h3>\n<p>Modalitat de reflexi\u00f3 col\u00b7lectiva per a docents experts en temes espec\u00edfics. Les tasques a desenvolupar per cada grup depenen de les l\u00ednies estrat\u00e8giques del Departament d\u2019Educaci\u00f3 i de les necessitats determinades cada curs pel Servei d\u2019Educaci\u00f3 al Llarg de la Vida.<\/p>\n","protected":false},"excerpt":{"rendered":"<p>Grups de treball<br \/>\nModalitat de reflexi\u00f3 col\u00b7lectiva per a docents experts en temes espec\u00edfics. Les tasques a desenvolupar per cada grup depenen de les l\u00ednies estrat\u00e8giques del Departament d\u2019Educaci\u00f3 i de les necessitats determinades cada curs pel Servei d\u2019Educaci\u00f3 al Llarg de la Vida.<\/p>\n","protected":false},"author":361,"featured_media":0,"parent":13343,"menu_order":20,"comment_status":"closed","ping_status":"closed","template":"page-templates\/side-menu.php","meta":{"_bbp_topic_count":0,"_bbp_reply_count":0,"_bbp_total_topic_count":0,"_bbp_total_reply_count":0,"_bbp_voice_count":0,"_bbp_anonymous_reply_count":0,"_bbp_topic_count_hidden":0,"_bbp_reply_count_hidden":0,"_bbp_forum_subforum_count":0,"footnotes":""},"class_list":["post-13552","page","type-page","status-publish","hentry"],"post_mailing_queue_ids":[],"_links":{"self":[{"href":"https:\/\/projectes.xtec.cat\/xarxadults\/wp-json\/wp\/v2\/pages\/13552","targetHints":{"allow":["GET"]}}],"collection":[{"href":"https:\/\/projectes.xtec.cat\/xarxadults\/wp-json\/wp\/v2\/pages"}],"about":[{"href":"https:\/\/projectes.xtec.cat\/xarxadults\/wp-json\/wp\/v2\/types\/page"}],"author":[{"embeddable":true,"href":"https:\/\/projectes.xtec.cat\/xarxadults\/wp-json\/wp\/v2\/users\/361"}],"replies":[{"embeddable":true,"href":"https:\/\/projectes.xtec.cat\/xarxadults\/wp-json\/wp\/v2\/comments?post=13552"}],"version-history":[{"count":1,"href":"https:\/\/projectes.xtec.cat\/xarxadults\/wp-json\/wp\/v2\/pages\/13552\/revisions"}],"predecessor-version":[{"id":13553,"href":"https:\/\/projectes.xtec.cat\/xarxadults\/wp-json\/wp\/v2\/pages\/13552\/revisions\/13553"}],"up":[{"embeddable":true,"href":"https:\/\/projectes.xtec.cat\/xarxadults\/wp-json\/wp\/v2\/pages\/13343"}],"wp:attachment":[{"href":"https:\/\/projectes.xtec.cat\/xarxadults\/wp-json\/wp\/v2\/media?parent=13552"}],"curies":[{"name":"wp","href":"https:\/\/api.w.org\/{rel}","templated":true}]}}