{"id":13564,"date":"2022-02-15T10:22:22","date_gmt":"2022-02-15T09:22:22","guid":{"rendered":"https:\/\/projectes.xtec.cat\/xarxadults\/?page_id=13564"},"modified":"2022-02-17T08:32:28","modified_gmt":"2022-02-17T07:32:28","slug":"iniciatives-pedagogiques","status":"publish","type":"page","link":"https:\/\/projectes.xtec.cat\/xarxadults\/iniciatives-pedagogiques\/","title":{"rendered":"Iniciatives Pedag\u00f2giques"},"content":{"rendered":"<p>Les iniciatives pedag\u00f2giques sorgeixen com a resposta a la necessitat de canvi i regeneraci\u00f3 dels models pedag\u00f2gics.<\/p>\n<p>Tamb\u00e9 en el Servei d&#8217;Educaci\u00f3 al Llarg de la Vida tenim present aquesta necessitat de canvi i regeneraci\u00f3, que ha fet de Catalunya un pa\u00eds amb una important traject\u00f2ria de renovaci\u00f3 pedag\u00f2gica.<\/p>\n<p><a href=\"https:\/\/projectes.xtec.cat\/xarxadults\/wp-content\/uploads\/usu1741\/2021\/03\/Captura.jpg\"><img loading=\"lazy\" decoding=\"async\" class=\"wp-image-12305 aligncenter\" src=\"https:\/\/projectes.xtec.cat\/xarxadults\/wp-content\/uploads\/usu1741\/2021\/03\/Captura-1024x536.jpg\" alt=\"\" width=\"437\" height=\"229\" srcset=\"https:\/\/projectes.xtec.cat\/xarxadults\/wp-content\/uploads\/usu1741\/2021\/03\/Captura-1024x536.jpg 1024w, https:\/\/projectes.xtec.cat\/xarxadults\/wp-content\/uploads\/usu1741\/2021\/03\/Captura-300x157.jpg 300w, https:\/\/projectes.xtec.cat\/xarxadults\/wp-content\/uploads\/usu1741\/2021\/03\/Captura-768x402.jpg 768w, https:\/\/projectes.xtec.cat\/xarxadults\/wp-content\/uploads\/usu1741\/2021\/03\/Captura.jpg 1344w\" sizes=\"auto, (max-width: 437px) 100vw, 437px\" \/><\/a><\/p>\n","protected":false},"excerpt":{"rendered":"<p>Les iniciatives pedag\u00f2giques sorgeixen com a resposta a la necessitat de canvi i regeneraci\u00f3 dels models pedag\u00f2gics.<br \/>\nTamb\u00e9 en el Servei d&#8217;Educaci\u00f3 al Llarg de la Vida tenim present aquesta necessitat de canvi i regeneraci\u00f3, que ha fet de Catalunya un pa\u00eds amb una important traject\u00f2ria&hellip;  <a href=\"https:\/\/projectes.xtec.cat\/xarxadults\/iniciatives-pedagogiques\/\" title=\"Read Iniciatives Pedag\u00f2giques\">Llegeix m\u00e9s\u00bb<\/a><\/p>\n","protected":false},"author":361,"featured_media":0,"parent":0,"menu_order":0,"comment_status":"closed","ping_status":"closed","template":"page-templates\/side-menu.php","meta":{"_bbp_topic_count":0,"_bbp_reply_count":0,"_bbp_total_topic_count":0,"_bbp_total_reply_count":0,"_bbp_voice_count":0,"_bbp_anonymous_reply_count":0,"_bbp_topic_count_hidden":0,"_bbp_reply_count_hidden":0,"_bbp_forum_subforum_count":0,"footnotes":""},"class_list":["post-13564","page","type-page","status-publish","hentry"],"post_mailing_queue_ids":[],"_links":{"self":[{"href":"https:\/\/projectes.xtec.cat\/xarxadults\/wp-json\/wp\/v2\/pages\/13564","targetHints":{"allow":["GET"]}}],"collection":[{"href":"https:\/\/projectes.xtec.cat\/xarxadults\/wp-json\/wp\/v2\/pages"}],"about":[{"href":"https:\/\/projectes.xtec.cat\/xarxadults\/wp-json\/wp\/v2\/types\/page"}],"author":[{"embeddable":true,"href":"https:\/\/projectes.xtec.cat\/xarxadults\/wp-json\/wp\/v2\/users\/361"}],"replies":[{"embeddable":true,"href":"https:\/\/projectes.xtec.cat\/xarxadults\/wp-json\/wp\/v2\/comments?post=13564"}],"version-history":[{"count":3,"href":"https:\/\/projectes.xtec.cat\/xarxadults\/wp-json\/wp\/v2\/pages\/13564\/revisions"}],"predecessor-version":[{"id":13582,"href":"https:\/\/projectes.xtec.cat\/xarxadults\/wp-json\/wp\/v2\/pages\/13564\/revisions\/13582"}],"wp:attachment":[{"href":"https:\/\/projectes.xtec.cat\/xarxadults\/wp-json\/wp\/v2\/media?parent=13564"}],"curies":[{"name":"wp","href":"https:\/\/api.w.org\/{rel}","templated":true}]}}