{"id":13678,"date":"2022-06-15T10:07:32","date_gmt":"2022-06-15T08:07:32","guid":{"rendered":"https:\/\/projectes.xtec.cat\/xarxadults\/?page_id=13678"},"modified":"2022-06-15T10:13:11","modified_gmt":"2022-06-15T08:13:11","slug":"sessio-informativa-sobre-el-nou-curriculum-de-formacio-instrumental","status":"publish","type":"page","link":"https:\/\/projectes.xtec.cat\/xarxadults\/activitats-2\/jornades-i-trobades-pedagogiques\/sessio-informativa-sobre-el-nou-curriculum-de-formacio-instrumental\/","title":{"rendered":"Sessi\u00f3 informativa sobre el nou curr\u00edculum de formaci\u00f3 instrumental"},"content":{"rendered":"<p>El passat divendres 1 d&#8217;abril va tenir lloc la\u00a0<strong>Sessi\u00f3 informativa sobre el nou curr\u00edculum de formaci\u00f3 instrumental<\/strong> amb aquest programa:<\/p>\n<p><a href=\"https:\/\/projectes.xtec.cat\/xarxadults\/wp-content\/uploads\/usu1741\/2022\/04\/Programa-nou-curriculum-de-formacio-instrumental-scaled.jpg\"><img loading=\"lazy\" decoding=\"async\" class=\"alignnone wp-image-13612\" src=\"https:\/\/projectes.xtec.cat\/xarxadults\/wp-content\/uploads\/usu1741\/2022\/04\/Programa-nou-curriculum-de-formacio-instrumental-780x1024.jpg\" alt=\"\" width=\"542\" height=\"712\" srcset=\"https:\/\/projectes.xtec.cat\/xarxadults\/wp-content\/uploads\/usu1741\/2022\/04\/Programa-nou-curriculum-de-formacio-instrumental-780x1024.jpg 780w, https:\/\/projectes.xtec.cat\/xarxadults\/wp-content\/uploads\/usu1741\/2022\/04\/Programa-nou-curriculum-de-formacio-instrumental-228x300.jpg 228w, https:\/\/projectes.xtec.cat\/xarxadults\/wp-content\/uploads\/usu1741\/2022\/04\/Programa-nou-curriculum-de-formacio-instrumental-768x1009.jpg 768w, https:\/\/projectes.xtec.cat\/xarxadults\/wp-content\/uploads\/usu1741\/2022\/04\/Programa-nou-curriculum-de-formacio-instrumental-1169x1536.jpg 1169w, https:\/\/projectes.xtec.cat\/xarxadults\/wp-content\/uploads\/usu1741\/2022\/04\/Programa-nou-curriculum-de-formacio-instrumental-1559x2048.jpg 1559w, https:\/\/projectes.xtec.cat\/xarxadults\/wp-content\/uploads\/usu1741\/2022\/04\/Programa-nou-curriculum-de-formacio-instrumental-scaled.jpg 1949w\" sizes=\"auto, (max-width: 542px) 100vw, 542px\" \/><\/a><\/p>\n<p>Aquests s\u00f3n els documents que es van presentar durant la sessi\u00f3:<\/p>\n<ul>\n<li><a href=\"https:\/\/drive.google.com\/file\/d\/1cnAyaifYVMn5lZfOU7Cjdo19DJoHOxte\/view?usp=sharing\" target=\"_blank\" rel=\"noopener\">Aspectes generals sobre el projecte del nou curr\u00edculum de formaci\u00f3 instrumental<\/a><\/li>\n<li><a href=\"https:\/\/drive.google.com\/file\/d\/1IEpn07_w_DJD5cyVsP6JiiOJoq4Gc4ll\/view?usp=sharing\" target=\"_blank\" rel=\"noopener\">Projecte de nou curr\u00edculum de la formaci\u00f3 instrumental<\/a><\/li>\n<li><a href=\"https:\/\/drive.google.com\/file\/d\/14Bawd1e5ANuRg7Zu2dnG2QCPgWttBMaB\/view?usp=sharing\" target=\"_blank\" rel=\"noopener\">Orientacions Educatives<\/a><\/li>\n<\/ul>\n","protected":false},"excerpt":{"rendered":"<p>El passat divendres 1 d&#8217;abril va tenir lloc la\u00a0Sessi\u00f3 informativa sobre el nou curr\u00edculum de formaci\u00f3 instrumental amb aquest programa:<br \/>\n<a href=\"https:\/\/projectes.xtec.cat\/xarxadults\/wp-content\/uploads\/usu1741\/2022\/04\/Programa-nou-curriculum-de-formacio-instrumental-scaled.jpg\"><\/a><br \/>\nAquests s\u00f3n els documents que es van presentar durant la sessi\u00f3:<\/p>\n<ul>\n<li><a href=\"https:\/\/drive.google.com\/file\/d\/1cnAyaifYVMn5lZfOU7Cjdo19DJoHOxte\/view?usp=sharing\" target=\"_blank\" rel=\"noopener\">Aspectes generals sobre el projecte del nou curr\u00edculum de formaci\u00f3 instrumental<\/a><\/li>\n<li><a href=\"https:\/\/drive.google.com\/file\/d\/1IEpn07_w_DJD5cyVsP6JiiOJoq4Gc4ll\/view?usp=sharing\"&hellip;  <a href=\"https:\/\/projectes.xtec.cat\/xarxadults\/activitats-2\/jornades-i-trobades-pedagogiques\/sessio-informativa-sobre-el-nou-curriculum-de-formacio-instrumental\/\" title=\"Read Sessi\u00f3 informativa sobre el nou curr\u00edculum de formaci\u00f3 instrumental\">Llegeix m\u00e9s\u00bb<\/a><br \/>\n","protected":false},"author":361,"featured_media":0,"parent":13345,"menu_order":20,"comment_status":"closed","ping_status":"closed","template":"","meta":{"_bbp_topic_count":0,"_bbp_reply_count":0,"_bbp_total_topic_count":0,"_bbp_total_reply_count":0,"_bbp_voice_count":0,"_bbp_anonymous_reply_count":0,"_bbp_topic_count_hidden":0,"_bbp_reply_count_hidden":0,"_bbp_forum_subforum_count":0,"footnotes":""},"class_list":["post-13678","page","type-page","status-publish","hentry"],"post_mailing_queue_ids":[],"_links":{"self":[{"href":"https:\/\/projectes.xtec.cat\/xarxadults\/wp-json\/wp\/v2\/pages\/13678","targetHints":{"allow":["GET"]}}],"collection":[{"href":"https:\/\/projectes.xtec.cat\/xarxadults\/wp-json\/wp\/v2\/pages"}],"about":[{"href":"https:\/\/projectes.xtec.cat\/xarxadults\/wp-json\/wp\/v2\/types\/page"}],"author":[{"embeddable":true,"href":"https:\/\/projectes.xtec.cat\/xarxadults\/wp-json\/wp\/v2\/users\/361"}],"replies":[{"embeddable":true,"href":"https:\/\/projectes.xtec.cat\/xarxadults\/wp-json\/wp\/v2\/comments?post=13678"}],"version-history":[{"count":1,"href":"https:\/\/projectes.xtec.cat\/xarxadults\/wp-json\/wp\/v2\/pages\/13678\/revisions"}],"predecessor-version":[{"id":13679,"href":"https:\/\/projectes.xtec.cat\/xarxadults\/wp-json\/wp\/v2\/pages\/13678\/revisions\/13679"}],"up":[{"embeddable":true,"href":"https:\/\/projectes.xtec.cat\/xarxadults\/wp-json\/wp\/v2\/pages\/13345"}],"wp:attachment":[{"href":"https:\/\/projectes.xtec.cat\/xarxadults\/wp-json\/wp\/v2\/media?parent=13678"}],"curies":[{"name":"wp","href":"https:\/\/api.w.org\/{rel}","templated":true}]}}