{"id":13874,"date":"2022-11-11T10:41:07","date_gmt":"2022-11-11T09:41:07","guid":{"rendered":"https:\/\/projectes.xtec.cat\/xarxadults\/?page_id=13874"},"modified":"2022-11-11T16:58:50","modified_gmt":"2022-11-11T15:58:50","slug":"servei-dacreditacio-de-competencies-professionals","status":"publish","type":"page","link":"https:\/\/projectes.xtec.cat\/xarxadults\/orientacio\/servei-dacreditacio-de-competencies-professionals\/","title":{"rendered":"Servei d&#8217;acreditaci\u00f3 de compet\u00e8ncies professionals"},"content":{"rendered":"<p><a href=\"https:\/\/www.boe.es\/boe_catalan\/dias\/2021\/03\/10\/pdfs\/BOE-A-2021-3700-C.pdf\" target=\"_blank\" rel=\"noopener\">El Reial decret 143\/2021, de 9 de mar\u00e7, pel qual es modifica el Reial decret 1224\/2009, de 17 de juliol, de reconeixement de les compet\u00e8ncies professionals adquirides per experi\u00e8ncia laboral<\/a>, <strong>estableix que els CFA s\u00f3n punts d\u2019informaci\u00f3 i orientaci\u00f3 del servei d\u2019acreditaci\u00f3 de compet\u00e8ncies professionals<\/strong>.<\/p>\n<p>Des del SELV s&#8217;han fet arribar als centres <a href=\"https:\/\/drive.google.com\/file\/d\/1t0JA6skmhV0N8r0nuWNfgIRuWkNh5Jwu\/view?usp=share_link\" target=\"_blank\" rel=\"noopener\">aquestes indicacions<\/a> sobre qu\u00e8 implica ser punts d\u2019informaci\u00f3 i orientaci\u00f3 d&#8217;aquest servei.<\/p>\n<p>L&#8217;Ag\u00e8ncia FPCAT va organitzar el 4 d&#8217;abril de 2022 una sessi\u00f3 informativa espec\u00edfica per als CFA per explicar en qu\u00e8 consisteix aquest servei i ser punt d&#8217;informaci\u00f3 i orientaci\u00f3.<\/p>\n<p>L&#8217;enregistrament de la sessi\u00f3 <a href=\"https:\/\/www.youtube.com\/watch?v=G6CzMEcLCa8\" target=\"_blank\" rel=\"noopener\">es pot consultar a YouTube<\/a>. La presentaci\u00f3 utilitzada <a href=\"https:\/\/drive.google.com\/file\/d\/1bYqS5AMn7OqlJBBiJx0_KRO4rohgTYAU\/view?usp=share_link\" target=\"_blank\" rel=\"noopener\">\u00e9s aquesta<\/a>.<\/p>\n<p>Per a m\u00e9s informaci\u00f3, podeu consultar <a href=\"https:\/\/fp.gencat.cat\/ca\/inici\" target=\"_blank\" rel=\"noopener\">el web de l&#8217;Ag\u00e8ncia FPCAT (fp.gencat.cat)<\/a>.<\/p>\n","protected":false},"excerpt":{"rendered":"<p><a href=\"https:\/\/www.boe.es\/boe_catalan\/dias\/2021\/03\/10\/pdfs\/BOE-A-2021-3700-C.pdf\" target=\"_blank\" rel=\"noopener\">El Reial decret 143\/2021, de 9 de mar\u00e7, pel qual es modifica el Reial decret 1224\/2009, de 17 de juliol, de reconeixement de les compet\u00e8ncies professionals adquirides per experi\u00e8ncia laboral<\/a>, estableix que els CFA s\u00f3n punts d\u2019informaci\u00f3 i orientaci\u00f3 del servei d\u2019acreditaci\u00f3&hellip;  <a href=\"https:\/\/projectes.xtec.cat\/xarxadults\/orientacio\/servei-dacreditacio-de-competencies-professionals\/\" title=\"Read Servei d&#8217;acreditaci\u00f3 de compet\u00e8ncies professionals\">Llegeix m\u00e9s\u00bb<\/a><\/p>\n","protected":false},"author":362,"featured_media":0,"parent":8216,"menu_order":6,"comment_status":"closed","ping_status":"closed","template":"page-templates\/side-menu.php","meta":{"_bbp_topic_count":0,"_bbp_reply_count":0,"_bbp_total_topic_count":0,"_bbp_total_reply_count":0,"_bbp_voice_count":0,"_bbp_anonymous_reply_count":0,"_bbp_topic_count_hidden":0,"_bbp_reply_count_hidden":0,"_bbp_forum_subforum_count":0,"footnotes":""},"class_list":["post-13874","page","type-page","status-publish","hentry"],"post_mailing_queue_ids":[],"_links":{"self":[{"href":"https:\/\/projectes.xtec.cat\/xarxadults\/wp-json\/wp\/v2\/pages\/13874","targetHints":{"allow":["GET"]}}],"collection":[{"href":"https:\/\/projectes.xtec.cat\/xarxadults\/wp-json\/wp\/v2\/pages"}],"about":[{"href":"https:\/\/projectes.xtec.cat\/xarxadults\/wp-json\/wp\/v2\/types\/page"}],"author":[{"embeddable":true,"href":"https:\/\/projectes.xtec.cat\/xarxadults\/wp-json\/wp\/v2\/users\/362"}],"replies":[{"embeddable":true,"href":"https:\/\/projectes.xtec.cat\/xarxadults\/wp-json\/wp\/v2\/comments?post=13874"}],"version-history":[{"count":4,"href":"https:\/\/projectes.xtec.cat\/xarxadults\/wp-json\/wp\/v2\/pages\/13874\/revisions"}],"predecessor-version":[{"id":14190,"href":"https:\/\/projectes.xtec.cat\/xarxadults\/wp-json\/wp\/v2\/pages\/13874\/revisions\/14190"}],"up":[{"embeddable":true,"href":"https:\/\/projectes.xtec.cat\/xarxadults\/wp-json\/wp\/v2\/pages\/8216"}],"wp:attachment":[{"href":"https:\/\/projectes.xtec.cat\/xarxadults\/wp-json\/wp\/v2\/media?parent=13874"}],"curies":[{"name":"wp","href":"https:\/\/api.w.org\/{rel}","templated":true}]}}