{"id":14232,"date":"2024-02-26T09:23:46","date_gmt":"2024-02-26T08:23:46","guid":{"rendered":"https:\/\/projectes.xtec.cat\/xarxadults\/?page_id=14232"},"modified":"2024-02-26T09:46:27","modified_gmt":"2024-02-26T08:46:27","slug":"materials","status":"publish","type":"page","link":"https:\/\/projectes.xtec.cat\/xarxadults\/ensenyaments\/formacio-instrumental\/materials\/","title":{"rendered":"Materials"},"content":{"rendered":"<p>&nbsp;<\/p>\n<ul>\n<li class=\"NG-menu__title\"><a href=\"https:\/\/dixit.gencat.cat\/ca\/detalls\/Article\/oralpha_metode_alfabetitzacio_catala\" target=\"_blank\" rel=\"noopener\">ORALPHA: m\u00e8tode d\u2019alfabetitzaci\u00f3 i comunicaci\u00f3 oral en catal\u00e0<\/a><\/li>\n<\/ul>\n<p>M\u00e8tode d\u2019alfabetitzaci\u00f3 que facilita l\u2019aprenentatge oral de la llengua d\u2019acollida, la lectura i l\u2019escriptura de les persones nouvingudes. Es composa d\u2019una guia did\u00e0ctica i d\u2019un llibre d\u2019activitats estructurats en 10 temes sobre diverses q\u00fcestions de la vida di\u00e0ria.<\/p>\n","protected":false},"excerpt":{"rendered":"<p>&nbsp;<\/p>\n<ul>\n<li class=\"NG-menu__title\"><a href=\"https:\/\/dixit.gencat.cat\/ca\/detalls\/Article\/oralpha_metode_alfabetitzacio_catala\" target=\"_blank\" rel=\"noopener\">ORALPHA: m\u00e8tode d\u2019alfabetitzaci\u00f3 i comunicaci\u00f3 oral en catal\u00e0<\/a><\/li>\n<\/ul>\n<p>M\u00e8tode d\u2019alfabetitzaci\u00f3 que facilita l\u2019aprenentatge oral de la llengua d\u2019acollida, la lectura i l\u2019escriptura de les persones nouvingudes. Es composa d\u2019una guia did\u00e0ctica i d\u2019un llibre d\u2019activitats estructurats en 10 temes sobre diverses q\u00fcestions&hellip;  <a href=\"https:\/\/projectes.xtec.cat\/xarxadults\/ensenyaments\/formacio-instrumental\/materials\/\" title=\"Read Materials\">Llegeix m\u00e9s\u00bb<\/a><\/p>\n","protected":false},"author":362,"featured_media":0,"parent":12357,"menu_order":0,"comment_status":"closed","ping_status":"closed","template":"","meta":{"_bbp_topic_count":0,"_bbp_reply_count":0,"_bbp_total_topic_count":0,"_bbp_total_reply_count":0,"_bbp_voice_count":0,"_bbp_anonymous_reply_count":0,"_bbp_topic_count_hidden":0,"_bbp_reply_count_hidden":0,"_bbp_forum_subforum_count":0,"footnotes":""},"class_list":["post-14232","page","type-page","status-publish","hentry"],"post_mailing_queue_ids":[],"_links":{"self":[{"href":"https:\/\/projectes.xtec.cat\/xarxadults\/wp-json\/wp\/v2\/pages\/14232","targetHints":{"allow":["GET"]}}],"collection":[{"href":"https:\/\/projectes.xtec.cat\/xarxadults\/wp-json\/wp\/v2\/pages"}],"about":[{"href":"https:\/\/projectes.xtec.cat\/xarxadults\/wp-json\/wp\/v2\/types\/page"}],"author":[{"embeddable":true,"href":"https:\/\/projectes.xtec.cat\/xarxadults\/wp-json\/wp\/v2\/users\/362"}],"replies":[{"embeddable":true,"href":"https:\/\/projectes.xtec.cat\/xarxadults\/wp-json\/wp\/v2\/comments?post=14232"}],"version-history":[{"count":2,"href":"https:\/\/projectes.xtec.cat\/xarxadults\/wp-json\/wp\/v2\/pages\/14232\/revisions"}],"predecessor-version":[{"id":14234,"href":"https:\/\/projectes.xtec.cat\/xarxadults\/wp-json\/wp\/v2\/pages\/14232\/revisions\/14234"}],"up":[{"embeddable":true,"href":"https:\/\/projectes.xtec.cat\/xarxadults\/wp-json\/wp\/v2\/pages\/12357"}],"wp:attachment":[{"href":"https:\/\/projectes.xtec.cat\/xarxadults\/wp-json\/wp\/v2\/media?parent=14232"}],"curies":[{"name":"wp","href":"https:\/\/api.w.org\/{rel}","templated":true}]}}