{"id":14907,"date":"2025-07-01T10:30:13","date_gmt":"2025-07-01T08:30:13","guid":{"rendered":"https:\/\/projectes.xtec.cat\/xarxadults\/?page_id=14907"},"modified":"2025-07-01T10:30:23","modified_gmt":"2025-07-01T08:30:23","slug":"curs-de-formacio-preparatori-per-a-lacces-a-cicles-formatius-de-grau-superior-cas","status":"publish","type":"page","link":"https:\/\/projectes.xtec.cat\/xarxadults\/ensenyaments\/preparacio-per-a-les-proves-dacces-i-cam\/curs-de-formacio-preparatori-per-a-lacces-a-cicles-formatius-de-grau-superior-cas\/","title":{"rendered":"Curs de formaci\u00f3 preparatori per a l\u2019acc\u00e9s a cicles formatius de grau superior (CAS)"},"content":{"rendered":"<header class=\"entry-header\">\n<h1 class=\"entry-title\"><\/h1>\n<\/header>\n<div class=\"entry-content\">\n<h4><strong>Descripci\u00f3<\/strong><\/h4>\n<p>Aquests estudis permeten a les persones que el superen l&#8217;acc\u00e9s directe als cicles de grau superior de formaci\u00f3 professional.<br \/>\nEn el cas dels ensenyaments professionals d&#8217;arts pl\u00e0stiques i disseny, permetr\u00e0 l&#8217;exempci\u00f3 de la part comuna de la prova d&#8217;acc\u00e9s.<br \/>\nPer a l&#8217;acc\u00e9s als ensenyaments esportius de r\u00e8gim especial, comporta l&#8217;exempci\u00f3 de la prova d&#8217;acc\u00e9s de car\u00e0cter general de la prova d&#8217;acc\u00e9s a cicles de grau superior.<\/p>\n<h4><strong>Contingut<\/strong><\/h4>\n<p>Continguts<br \/>\nEl curs t\u00e9 dues parts: la part comuna i la part espec\u00edfica.<br \/>\nL&#8217;alumne o alumna ha de cursar totes les mat\u00e8ries de la part comuna i dues mat\u00e8ries de la part espec\u00edfica.<\/p>\n<p>Distribuci\u00f3 hor\u00e0ria setmanal de les mat\u00e8ries comunes:<br \/>\n\u2022 Llengua Catalana (3 hores)<br \/>\n\u2022 Llengua Castellana (3 hores)<br \/>\n\u2022 Llengua Estrangera (3 hores)<br \/>\n\u2022 Matem\u00e0tiques (3 hores)<br \/>\n\u2022 Tutoria (1 hora). Aquesta mat\u00e8ria no \u00e9s avaluable.<\/p>\n<p>Distribuci\u00f3 hor\u00e0ria setmanal de les mat\u00e8ries espec\u00edfiques:<\/p>\n<p>Cada una de les dues mat\u00e8ries de la part espec\u00edfica que s&#8217;han de cursar t\u00e9 una c\u00e0rrega lectiva de 3 hores setmanals.<\/p>\n<p>La part espec\u00edfica t\u00e9 quatre opcions: A, B, C i D. Les mat\u00e8ries de cada una d\u2019aquestes opcions s\u00f3n les seg\u00fcents:<\/p>\n<p>1. Dibuix t\u00e8cnic, F\u00edsica i Tecnologia industrial.<\/p>\n<p>2. Biologia, Ci\u00e8ncies de la Terra i del medi ambient, i Qu\u00edmica.<\/p>\n<p>3. Economia de l&#8217;empresa, Geografia, i Psicologia i sociologia.<\/p>\n<p>4. Educaci\u00f3 f\u00edsica i una de les mat\u00e8ries seg\u00fcents: Biologia, Ci\u00e8ncies de la Terra i del Medi Ambient o Qu\u00edmica.<\/p>\n<\/div>\n<h4><\/h4>\n<p><strong>Relaci\u00f3 de les opcions de la part espec\u00edfica amb les <\/strong><strong>fam\u00edlies professionals o amb els cicles: d&#8217;FP<\/strong><\/p>\n<p>Activitats f\u00edsiques i esportives (opcions de la part espec\u00edfica: A i B)<br \/>\nAdministraci\u00f3 i gesti\u00f3 (opcions de la part espec\u00edfica: C)<br \/>\nAgr\u00e0ria (opcions de la part espec\u00edfica: B)<br \/>\nArts gr\u00e0fiques (opcions de la part espec\u00edfica: A)<br \/>\nComer\u00e7 i m\u00e0rqueting (opcions de la part espec\u00edfica: C)<br \/>\nEdificaci\u00f3 i obra civil (opcions de la part espec\u00edfica: A)<br \/>\nElectricitat i electr\u00f2nica (opcions de la part espec\u00edfica: A)<br \/>\nEnergia i aigua (opcions de la part espec\u00edfica: A)<br \/>\nFabricaci\u00f3 mec\u00e0nica (opcions de la part espec\u00edfica: A)<br \/>\nFusta, moble i suro (opcions de la part espec\u00edfica: A)<br \/>\nHoteleria i turisme (opcions de la part espec\u00edfica: C)<br \/>\nImatge i so (opcions de la part espec\u00edfica: A)<br \/>\nImatge personal (opcions de la part espec\u00edfica: B)<br \/>\nInd\u00fastries aliment\u00e0ries (opcions de la part espec\u00edfica: B)<br \/>\nInd\u00fastries extractives (opcions de la part espec\u00edfica: A)<\/p>\n<p>Inform\u00e0tica i comunicacions (opcions de la part espec\u00edfica: A i C)<br \/>\nInstal\u00b7laci\u00f3 i manteniment (opcions de la part espec\u00edfica: A)<br \/>\nMaritimopesquera (opcions de la part espec\u00edfica: A)<br \/>\nQu\u00edmica (opcions de la part espec\u00edfica: B)<br \/>\nSanitat (opcions de la part espec\u00edfica: B)<br \/>\nSeguretat i medi ambient (opcions de la part espec\u00edfica: B i C)<br \/>\nServeis socioculturals a la comunitat (opcions de la part espec\u00edfica: B i C)<br \/>\nT\u00e8xtil, confecci\u00f3 i pell (opcions de la part espec\u00edfica: A)<br \/>\nTransport i manteniment de vehicles (opcions de la part espec\u00edfica: A)<br \/>\nVidre i cer\u00e0mica (opcions de la part espec\u00edfica: A)<br \/>\nPrevenci\u00f3 de riscos professional (opcions de la part espec\u00edfica: A, B i C<\/p>\n<div class=\"entry-content\">\n<h4><strong>Qualificaci\u00f3<\/strong><\/h4>\n<p>Total hores setmanals del curs: 19 hores.<\/p>\n<p>El curs \u00e9s presencial i t\u00e9 una durada de 594 hores, m\u00e9s una hora setmanal de tutoria.<\/p>\n<p>La mat\u00e8ria Tutoria i orientaci\u00f3 no \u00e9s avaluable.<\/p>\n<p>La qualificaci\u00f3 de cada mat\u00e8ria \u00e9s num\u00e8rica, entre 1 i 10, sense decimals.<\/p>\n<p>La qualificaci\u00f3 final del curs es calcula fent la mitjana aritm\u00e8tica de les qualificacions de les mat\u00e8ries, expressada amb 2 decimals. Cal obtenir un m\u00ednim de 4 punts en cadascuna de les mat\u00e8ries per fer la mitjana.<\/p>\n<p>La qualificaci\u00f3 final del curs \u00e9s positiva a partir de 5 punts. Aquesta qualificaci\u00f3 final del curs es recull com a \u201cSuperat\u201d o \u201cNo superat\u201d, seguida de la qualificaci\u00f3 num\u00e8rica obtinguda.<\/p>\n<p>No es podr\u00e0 expedir el certificat d\u2019haver superat el curs si no s\u2019ha assistit, almenys, al 80 % de les hores de les activitats lectives de cada mat\u00e8ria i de la tutoria.<\/p>\n<h4><strong>Acc\u00e9s<\/strong><\/h4>\n<p>Poden accedir-hi les persones que no tinguin els requisits d&#8217;acc\u00e9s als cicles formatius de grau superior de formaci\u00f3 professional o als cicles formatius de grau superior d&#8217;arts pl\u00e0stiques i disseny. Tamb\u00e9 hi poden accedir les persones que, tot i tenir el t\u00edtol de t\u00e8cnic esportiu o t\u00e8cnica esportiva, no compleixen la resta de requisits per accedir a un cicle de grau superior d&#8217;ensenyaments esportius.<\/p>\n<p>Per matricular-se al curs es requereix tenir, almenys, 19 anys complerts l&#8217;any d&#8217;inici del curs.<\/p>\n<h4><strong>Tr\u00e0mits<\/strong><\/h4>\n<p>Per cursar aquest curs cal formalitzar la matr\u00edcula d&#8217;acord amb els criteris fixats pel Departament d&#8217;Educaci\u00f3 i Formaci\u00f3 Professional.<\/p>\n<h4><\/h4>\n<h4><strong>Continu\u00eftat<\/strong><\/h4>\n<p><strong>Sortides acad\u00e8miques<\/strong><\/p>\n<p>La superaci\u00f3 d&#8217;una part del curs de formaci\u00f3 preparatori per a l&#8217;acc\u00e9s a cicles formatius de grau superior t\u00e9 els efectes seg\u00fcents:<\/p>\n<p>En els ensenyaments de formaci\u00f3 professional inicial permet l&#8217;exempci\u00f3 parcial de les proves d&#8217;acc\u00e9s a cicles formatius de grau superior. La qualificaci\u00f3 obtinguda en la mat\u00e8ria del curs de formaci\u00f3, sempre que sigui de 5 punts o m\u00e9s, ser\u00e0 la que es tindr\u00e0 en compte per al c\u00e0lcul de la qualificaci\u00f3 de la prova d&#8217;acc\u00e9s.<\/p>\n<p>En els ensenyaments professionals d&#8217;arts pl\u00e0stiques i disseny permet l&#8217;exempci\u00f3 parcial de la part comuna de la prova d&#8217;acc\u00e9s a cicles formatius de grau superior. La qualificaci\u00f3 obtinguda en la mat\u00e8ria del curs de formaci\u00f3, sempre que sigui de 5 punts o m\u00e9s, ser\u00e0 la que es tindr\u00e0 en compte per al c\u00e0lcul de la qualificaci\u00f3 de la part comuna de la prova d&#8217;acc\u00e9s.<\/p>\n<\/div>\n<p>En els ensenyaments esportius de r\u00e8gim especial permet l&#8217;exempci\u00f3 parcial de la prova d&#8217;acc\u00e9s de car\u00e0cter general de la prova d&#8217;acc\u00e9s a cicles formatius de grau superior. La qualificaci\u00f3 obtinguda en la mat\u00e8ria del curs de formaci\u00f3, sempre que sigui de 5 punts o m\u00e9s, ser\u00e0 la que es tindr\u00e0 en compte per al c\u00e0lcul de la qualificaci\u00f3 de la prova d&#8217;acc\u00e9s de car\u00e0cter general.<\/p>\n<h4><strong>Normativa<\/strong><\/h4>\n<p>Resoluci\u00f3 EDU\/1855\/2024, de 24 de maig, per la qual s&#8217;organitzen el curs de formaci\u00f3 preparatori per a l&#8217;acc\u00e9s a cicles formatius de grau mitj\u00e0 i el curs de formaci\u00f3 preparatori per a l&#8217;acc\u00e9s a cicles formatius de grau superior (DOGC n\u00fam. 9175, de 3.6.2024)<\/p>\n","protected":false},"excerpt":{"rendered":"<p>Descripci\u00f3<br \/>\nAquests estudis permeten a les persones que el superen l&#8217;acc\u00e9s directe als cicles de grau superior de formaci\u00f3 professional.<br \/>\nEn el cas dels ensenyaments professionals d&#8217;arts pl\u00e0stiques i disseny, permetr\u00e0 l&#8217;exempci\u00f3 de la part comuna de la prova d&#8217;acc\u00e9s.<br \/>\nPer a l&#8217;acc\u00e9s als ensenyaments esportius de r\u00e8gim&hellip;  <a href=\"https:\/\/projectes.xtec.cat\/xarxadults\/ensenyaments\/preparacio-per-a-les-proves-dacces-i-cam\/curs-de-formacio-preparatori-per-a-lacces-a-cicles-formatius-de-grau-superior-cas\/\" title=\"Read Curs de formaci\u00f3 preparatori per a l\u2019acc\u00e9s a cicles formatius de grau superior (CAS)\">Llegeix m\u00e9s\u00bb<\/a><\/p>\n","protected":false},"author":362,"featured_media":0,"parent":12403,"menu_order":0,"comment_status":"closed","ping_status":"closed","template":"","meta":{"_bbp_topic_count":0,"_bbp_reply_count":0,"_bbp_total_topic_count":0,"_bbp_total_reply_count":0,"_bbp_voice_count":0,"_bbp_anonymous_reply_count":0,"_bbp_topic_count_hidden":0,"_bbp_reply_count_hidden":0,"_bbp_forum_subforum_count":0,"footnotes":""},"class_list":["post-14907","page","type-page","status-publish","hentry"],"post_mailing_queue_ids":[],"_links":{"self":[{"href":"https:\/\/projectes.xtec.cat\/xarxadults\/wp-json\/wp\/v2\/pages\/14907","targetHints":{"allow":["GET"]}}],"collection":[{"href":"https:\/\/projectes.xtec.cat\/xarxadults\/wp-json\/wp\/v2\/pages"}],"about":[{"href":"https:\/\/projectes.xtec.cat\/xarxadults\/wp-json\/wp\/v2\/types\/page"}],"author":[{"embeddable":true,"href":"https:\/\/projectes.xtec.cat\/xarxadults\/wp-json\/wp\/v2\/users\/362"}],"replies":[{"embeddable":true,"href":"https:\/\/projectes.xtec.cat\/xarxadults\/wp-json\/wp\/v2\/comments?post=14907"}],"version-history":[{"count":5,"href":"https:\/\/projectes.xtec.cat\/xarxadults\/wp-json\/wp\/v2\/pages\/14907\/revisions"}],"predecessor-version":[{"id":14915,"href":"https:\/\/projectes.xtec.cat\/xarxadults\/wp-json\/wp\/v2\/pages\/14907\/revisions\/14915"}],"up":[{"embeddable":true,"href":"https:\/\/projectes.xtec.cat\/xarxadults\/wp-json\/wp\/v2\/pages\/12403"}],"wp:attachment":[{"href":"https:\/\/projectes.xtec.cat\/xarxadults\/wp-json\/wp\/v2\/media?parent=14907"}],"curies":[{"name":"wp","href":"https:\/\/api.w.org\/{rel}","templated":true}]}}