{"id":8405,"date":"2018-01-09T09:31:26","date_gmt":"2018-01-09T08:31:26","guid":{"rendered":"http:\/\/projectes.xtec.cat\/xarxadults\/?page_id=8405"},"modified":"2025-10-31T10:59:18","modified_gmt":"2025-10-31T09:59:18","slug":"normativa","status":"publish","type":"page","link":"https:\/\/projectes.xtec.cat\/xarxadults\/normativa\/","title":{"rendered":"Normativa"},"content":{"rendered":"<p><a href=\"https:\/\/governobert.gencat.cat\/ca\/transparencia\/normativa-i-informacio-interes-juridic\/normativa\/normativa-en-tramit\/edu\/finalitzats\/oinstrumental\">Ordre EDU\/217\/2022, de 23 de setembre<\/a>, per la qual s&#8217;estableix el curr\u00edculum de la formaci\u00f3 instrumental per a les persones adultes<\/p>\n<p><a href=\"https:\/\/dogc.gencat.cat\/ca\/document-del-dogc\/?documentId=944227\">RESOLUCI\u00d3 EDU\/3774\/2022 de 28 de novembre<\/a>, per la qual s\u2019estableixen el procediment, els documents i els requisits formals del proc\u00e9s d\u2019avaluaci\u00f3 dels ensenyaments de la formaci\u00f3 instrumental per a les persones adultes.<\/p>\n<p><a href=\"http:\/\/portaldogc.gencat.cat\/utilsEADOP\/PDF\/7604\/1671287.pdf\" target=\"_blank\" rel=\"noopener noreferrer\">RESOLUCI\u00d3 ENS\/771\/2018, de 16 d&#8217;abril<\/a>, per la qual es determinen els requisits que ha de tenir el professorat per impartir els ensenyaments COMPETIC en els centres de formaci\u00f3 de persones adultes del Departament d&#8217;Ensenyament i s&#8217;estableix el per\u00edode i el procediment d&#8217;acreditaci\u00f3 d&#8217;aquest professorat en el cas que no tingui les titulacions requerides.<\/p>\n<p><a href=\"http:\/\/portaldogc.gencat.cat\/utilsEADOP\/PDF\/7580\/1665556.pdf\" target=\"_blank\" rel=\"noopener noreferrer\">RESOLUCI\u00d3 ENS\/447\/2018, de 12 de mar\u00e7<\/a>,<b>\u00a0<\/b>de modificaci\u00f3 de la Resoluci\u00f3 de 23 d\u2019abril de 2014, per la qual s&#8217;estableix el procediment d&#8217;avaluaci\u00f3 i certificaci\u00f3 dels ensenyaments de compet\u00e8ncia digital a l&#8217;educaci\u00f3 d&#8217;adults.<\/p>\n<p><a href=\"http:\/\/actic.gencat.cat\/web\/.content\/01_informacio\/documents\/arxius\/O-PRE_206_2017-equival_COMPETIC.pdf\" target=\"_blank\" rel=\"nofollow noopener noreferrer\">ORDRE PRE\/206\/2017, de 4 de setembre<\/a>, de reconeixement de l&#8217;equival\u00e8ncia entre els certificats de compet\u00e8ncia digital de l&#8217;educaci\u00f3 de persones adultes (COMPETIC) i els certificats d&#8217;acreditaci\u00f3 de compet\u00e8ncies en tecnologies de la informaci\u00f3 i la comunicaci\u00f3 (ACTIC).<\/p>\n<p><a href=\"http:\/\/educacio.gencat.cat\/documents\/IPCNormativa\/DisposicionsInternes\/Resolucio_competic.pdf\" target=\"_blank\" rel=\"nofollow noopener noreferrer\">RESOLUCI\u00d3 de 14 de juny de 2016 de modificaci\u00f3 de la Resoluci\u00f3 de 19 de juny de\u00a0 2012<\/a>,\u00a0 per\u00a0 la\u00a0 qual\u00a0 s\u2019estableixen\u00a0 els\u00a0 curr\u00edculums\u00a0 dels\u00a0 ensenyaments\u00a0 d\u2019inform\u00e0tica\u00a0 d\u2019aplicaci\u00f3 a la xarxa de centres i aules de formaci\u00f3 de persones adultes dependents del Departament d\u2019Ensenyament i els centres municipals autoritzats pel Departament.<\/p>\n<p><a href=\"http:\/\/acticweb.gencat.cat\/web\/.content\/01_informacio\/documents\/arxius\/Ordre-PRE182016.pdf\" target=\"_blank\" rel=\"nofollow noopener noreferrer\">ORDRE PRE\/18\/2016, de 8 de febrer de 2016<\/a>, per la qual es revisen i s&#8217;actualitzen els continguts de les compet\u00e8ncies digitals detallats a l&#8217;annex 2 del Decret 89\/2009, de 9 de juny, pel qual es regula l&#8217;acreditaci\u00f3 de compet\u00e8ncies en tecnologies de la informaci\u00f3 i la comunicaci\u00f3 (ACTIC).<\/p>\n<p><a href=\"http:\/\/www20.gencat.cat\/portal\/site\/portaldogc\/menuitem.c973d2fc58aa0083e4492d92b0c0e1a0\/?vgnextoid=485946a6e5dfe210VgnVCM1000000b0c1e0aRCRD&amp;appInstanceName=default&amp;action=fitxa&amp;documentId=661212&amp;language=ca_ES\" target=\"_blank\" rel=\"nofollow noopener noreferrer\">RESOLUCI\u00d3 ENS\/924\/2014, de 23 d&#8217;abril<\/a>,\u00a0per la qual s&#8217;estableix el procediment d&#8217;avaluaci\u00f3 i certificaci\u00f3 dels ensenyaments de compet\u00e8ncia digital a l&#8217;educaci\u00f3 d&#8217;adults.\u00a0(DOGC n\u00fam. 6614, de\u00a02.5.2014)<\/p>\n<p><a href=\"http:\/\/dogc.gencat.cat\/ca\/pdogc_canals_interns\/pdogc_resultats_fitxa\/?documentId=649126&amp;language=ca_ES&amp;action=fitxa\" target=\"_blank\" rel=\"nofollow noopener noreferrer\">ORDRE ENS\/290\/2013, de 12 de novembre de 2013<\/a>, per la qual s&#8217;estableix l&#8217;equival\u00e8ncia entre els certificats de compet\u00e8ncia digital (COMPETIC) de l&#8217;educaci\u00f3 de persones adultes i els certificats de l\u2019acreditaci\u00f3 de compet\u00e8ncies en tecnologies de la informaci\u00f3 i la comunicaci\u00f3 (ACTIC)<\/p>\n<p>El curr\u00edculum de compet\u00e8ncia digital COMPETIC \u00e9s una adaptaci\u00f3 a<a href=\"http:\/\/acticweb.gencat.cat\/web\/.content\/01_informacio\/documents\/arxius\/ordre_emo_417_2012.pdf\" target=\"_blank\" rel=\"nofollow noopener noreferrer\">\u00a0l&#8217;ordre EMO\/417\/2012<\/a>, de 27 de novembre, per la qual es revisen i s\u2019actualitzen els continguts de les compet\u00e8ncies digitals detallats en\u00a0<a href=\"http:\/\/ves.cat\/eufZ\" rel=\"nofollow\">l\u2019annex 2 del Decret 89\/2009<\/a>, de 9 de juny, pel qual es regula l\u2019acreditaci\u00f3 de compet\u00e8ncies en tecnologies de la informaci\u00f3 i la comunicaci\u00f3\u00a0<a href=\"http:\/\/ves.cat\/euf6\" rel=\"nofollow\">(ACTIC)<\/a>.<br \/>\nEl curr\u00edculum de compet\u00e8ncia digital COMPETIC s&#8217;ha regulat mitjan\u00e7ant la\u00a0<a href=\"http:\/\/educacio.gencat.cat\/documents\/PC\/ComunicacionsCentres\/Curriculums_ensenyaments_informatica.pdf\" rel=\"nofollow\">RESOLUCI\u00d3 de 19 de juny de 2012<\/a>, per la qual s\u2019estableixen els curr\u00edculums dels ensenyaments d\u2019inform\u00e0tica d\u2019aplicaci\u00f3 als centres i aules de formaci\u00f3 de persones adultes<span style=\"font-size: medium;\"><span style=\"font-family: 'trebuchet ms', sans-serif;\">, <\/span><\/span>que depenen del Departament d\u2019Ensenyament.<\/p>\n<p>&nbsp;<\/p>\n","protected":false},"excerpt":{"rendered":"<p><a href=\"https:\/\/governobert.gencat.cat\/ca\/transparencia\/normativa-i-informacio-interes-juridic\/normativa\/normativa-en-tramit\/edu\/finalitzats\/oinstrumental\">Ordre EDU\/217\/2022, de 23 de setembre<\/a>, per la qual s&#8217;estableix el curr\u00edculum de la formaci\u00f3 instrumental per a les persones adultes<br \/>\n<a href=\"https:\/\/dogc.gencat.cat\/ca\/document-del-dogc\/?documentId=944227\">RESOLUCI\u00d3 EDU\/3774\/2022 de 28 de novembre<\/a>, per la qual s\u2019estableixen el procediment, els documents i els requisits formals del proc\u00e9s d\u2019avaluaci\u00f3 dels ensenyaments&hellip;  <a href=\"https:\/\/projectes.xtec.cat\/xarxadults\/normativa\/\" title=\"Read Normativa\">Llegeix m\u00e9s\u00bb<\/a><\/p>\n","protected":false},"author":3,"featured_media":0,"parent":0,"menu_order":0,"comment_status":"closed","ping_status":"closed","template":"","meta":{"_bbp_topic_count":0,"_bbp_reply_count":0,"_bbp_total_topic_count":0,"_bbp_total_reply_count":0,"_bbp_voice_count":0,"_bbp_anonymous_reply_count":0,"_bbp_topic_count_hidden":0,"_bbp_reply_count_hidden":0,"_bbp_forum_subforum_count":0,"footnotes":""},"class_list":["post-8405","page","type-page","status-publish","hentry"],"post_mailing_queue_ids":[],"_links":{"self":[{"href":"https:\/\/projectes.xtec.cat\/xarxadults\/wp-json\/wp\/v2\/pages\/8405","targetHints":{"allow":["GET"]}}],"collection":[{"href":"https:\/\/projectes.xtec.cat\/xarxadults\/wp-json\/wp\/v2\/pages"}],"about":[{"href":"https:\/\/projectes.xtec.cat\/xarxadults\/wp-json\/wp\/v2\/types\/page"}],"author":[{"embeddable":true,"href":"https:\/\/projectes.xtec.cat\/xarxadults\/wp-json\/wp\/v2\/users\/3"}],"replies":[{"embeddable":true,"href":"https:\/\/projectes.xtec.cat\/xarxadults\/wp-json\/wp\/v2\/comments?post=8405"}],"version-history":[{"count":5,"href":"https:\/\/projectes.xtec.cat\/xarxadults\/wp-json\/wp\/v2\/pages\/8405\/revisions"}],"predecessor-version":[{"id":14959,"href":"https:\/\/projectes.xtec.cat\/xarxadults\/wp-json\/wp\/v2\/pages\/8405\/revisions\/14959"}],"wp:attachment":[{"href":"https:\/\/projectes.xtec.cat\/xarxadults\/wp-json\/wp\/v2\/media?parent=8405"}],"curies":[{"name":"wp","href":"https:\/\/api.w.org\/{rel}","templated":true}]}}