{"id":8420,"date":"2018-01-09T09:31:07","date_gmt":"2018-01-09T08:31:07","guid":{"rendered":"http:\/\/projectes.xtec.cat\/xarxadults\/?page_id=8420"},"modified":"2025-09-08T10:06:01","modified_gmt":"2025-09-08T08:06:01","slug":"nivells","status":"publish","type":"page","link":"https:\/\/projectes.xtec.cat\/xarxadults\/ensenyaments\/nivells\/","title":{"rendered":"COMPETIC"},"content":{"rendered":"<p><img loading=\"lazy\" decoding=\"async\" class=\"alignleft\" src=\"https:\/\/c.pxhere.com\/photos\/eb\/94\/computer_hands_keyboard_laptop_screen_searching_technology_typing-1517187.jpg!d\" srcset=\"https:\/\/c.pxhere.com\/photos\/eb\/94\/computer_hands_keyboard_laptop_screen_searching_technology_typing-1517187.jpg!d\" alt=\"ordenador port\u00e1til, mano, tecnolog\u00eda, dispositivo electronico, mecanograf\u00eda, teclado, computadora, Netbook, dedo, Ingenier\u00eda de software, dispositivo de demostracion, computadora personal, u\u00f1a, gesto, Touchpad, Fotos gratis In PxHere\" width=\"439\" height=\"292\" \/><\/p>\n<h4><\/h4>\n<h4 style=\"text-align: justify;\"><strong><span style=\"color: #993300;\">Descripci\u00f3<\/span><\/strong><\/h4>\n<p style=\"text-align: justify;\">Els ensenyaments d&#8217;inform\u00e0tica a l&#8217;educaci\u00f3 d&#8217;adults \u2014<strong><span style=\"color: #980000;\">COMPETIC<\/span><\/strong><span style=\"color: #000000;\">\u2014<\/span>\u00a0tenen com objectiu facilitar l&#8217;adquisici\u00f3 de la\u00a0<span style=\"color: #980000;\"><strong>compet\u00e8ncia digital<\/strong><\/span>, entesa com la combinaci\u00f3 de coneixements, habilitats i actituds en l&#8217;\u00e0mbit de les tecnologies de la informaci\u00f3 i la comunicaci\u00f3 (TIC) per desenvolupar-se en la societat actual.<\/p>\n<p>&nbsp;<\/p>\n<p>&nbsp;<\/p>\n<p>&nbsp;<\/p>\n<p>Les compet\u00e8ncies que\u00a0s&#8217;hi treballen s\u00f3n les seg\u00fcents:<\/p>\n<table style=\"width: 510px; border-color: #858181;\">\n<tbody>\n<tr>\n<td style=\"width: 504px;\">C1: Cultura, participaci\u00f3 i civisme digital.<\/td>\n<\/tr>\n<tr>\n<td style=\"width: 504px;\">C2: Tecnologia digital, \u00fas de l&#8217;ordinador i del sistema operatiu.<\/td>\n<\/tr>\n<tr>\n<td style=\"width: 504px;\">C3: Navegaci\u00f3 i comunicaci\u00f3 en el m\u00f3n digital.<\/td>\n<\/tr>\n<tr>\n<td style=\"width: 504px;\">C4: Tractament de la informaci\u00f3 escrita.<\/td>\n<\/tr>\n<tr>\n<td style=\"width: 504px;\">C5: Tractament de la informaci\u00f3 gr\u00e0fica, sonora i de la imatge en moviment.<\/td>\n<\/tr>\n<tr>\n<td style=\"width: 504px;\">C6: Tractament de la informaci\u00f3 num\u00e8rica.<\/td>\n<\/tr>\n<tr>\n<td style=\"width: 504px;\">C7: Tractament de les dades.<\/td>\n<\/tr>\n<tr>\n<td style=\"width: 504px;\">C8: Presentaci\u00f3 de continguts.<\/td>\n<\/tr>\n<\/tbody>\n<\/table>\n<p style=\"text-align: justify;\"><span style=\"color: #000000;\">Aquests ensenyaments\u00a0s&#8217;estructuren en <span style=\"color: #980000;\"><strong>quatre cursos<\/strong><\/span>, als quals\u00a0s&#8217;hi treballen les diferents compet\u00e8ncies d\u2019acord amb la distribuci\u00f3 seg\u00fcent:\u00a0<\/span><\/p>\n<table style=\"width: 541px; height: 170px;\">\n<tbody>\n<tr style=\"height: 31px;\">\n<td style=\"width: 165.6px; height: 31px; border-color: #d4a3a3; background-color: #dd7e6b; text-align: center;\"><\/td>\n<td style=\"width: 45.6px; height: 31px; border-color: #d4a3a3; background-color: #dd7e6b; text-align: center;\"><strong>C1<\/strong><\/td>\n<td style=\"width: 41.6px; height: 31px; border-color: #d4a3a3; background-color: #dd7e6b; text-align: center;\"><strong>C2<\/strong><\/td>\n<td style=\"width: 43.2px; height: 31px; border-color: #d4a3a3; background-color: #dd7e6b; text-align: center;\"><strong>C3<\/strong><\/td>\n<td style=\"width: 45.6px; height: 31px; border-color: #d4a3a3; background-color: #dd7e6b; text-align: center;\"><strong>C4<\/strong><\/td>\n<td style=\"width: 44px; height: 31px; border-color: #d4a3a3; background-color: #dd7e6b; text-align: center;\"><strong>C5<\/strong><\/td>\n<td style=\"width: 48.8px; height: 31px; border-color: #d4a3a3; background-color: #dd7e6b; text-align: center;\"><strong>C6<\/strong><\/td>\n<td style=\"width: 46.4px; height: 31px; border-color: #d4a3a3; background-color: #dd7e6b; text-align: center;\"><strong>C7<\/strong><\/td>\n<td style=\"width: 42.4px; height: 31px; border-color: #d4a3a3; background-color: #dd7e6b; text-align: center;\"><strong>C8<\/strong><\/td>\n<\/tr>\n<tr style=\"height: 31px;\">\n<td style=\"width: 165.6px; height: 31px; background-color: #f59784;\"><strong>COMPETIC Inicial<\/strong><\/td>\n<td style=\"width: 45.6px; height: 31px; text-align: center;\"><\/td>\n<td style=\"width: 41.6px; height: 31px; text-align: center;\"><strong>\u00a0X<\/strong><\/td>\n<td style=\"width: 43.2px; height: 31px; text-align: center;\"><strong>\u00a0X<\/strong><\/td>\n<td style=\"width: 45.6px; height: 31px; text-align: center;\"><strong>X\u00a0<\/strong><\/td>\n<td style=\"width: 44px; height: 31px; text-align: center;\"><strong>\u00a0<\/strong><\/td>\n<td style=\"width: 48.8px; height: 31px; text-align: center;\"><strong>\u00a0<\/strong><\/td>\n<td style=\"width: 46.4px; height: 31px; text-align: center;\"><strong>\u00a0<\/strong><\/td>\n<td style=\"width: 42.4px; height: 31px; text-align: center;\"><strong>\u00a0<\/strong><\/td>\n<\/tr>\n<tr style=\"height: 31px;\">\n<td style=\"width: 165.6px; height: 31px; background-color: #f59784;\"><strong>COMPETIC 1<\/strong><\/td>\n<td style=\"width: 45.6px; height: 31px; text-align: center;\"><b>X<\/b><\/td>\n<td style=\"width: 41.6px; height: 31px; text-align: center;\"><strong>\u00a0<span style=\"color: #00ccff;\">X<\/span><\/strong><\/td>\n<td style=\"width: 43.2px; height: 31px; text-align: center;\"><strong>\u00a0<span style=\"color: #00ccff;\">X<\/span><\/strong><\/td>\n<td style=\"width: 45.6px; height: 31px; text-align: center;\"><span style=\"color: #00ccff;\"><strong>X\u00a0<\/strong><\/span><\/td>\n<td style=\"width: 44px; height: 31px; text-align: center;\"><strong>X\u00a0<\/strong><\/td>\n<td style=\"width: 48.8px; height: 31px; text-align: center;\"><strong>\u00a0X<\/strong><\/td>\n<td style=\"width: 46.4px; height: 31px; text-align: center;\"><strong>\u00a0<\/strong><\/td>\n<td style=\"width: 42.4px; height: 31px; text-align: center;\"><strong>\u00a0<\/strong><\/td>\n<\/tr>\n<tr style=\"height: 31px;\">\n<td style=\"width: 165.6px; height: 31px; background-color: #f59784;\"><strong>COMPETIC 2<\/strong><\/td>\n<td style=\"width: 45.6px; height: 31px; text-align: center;\"><strong>\u00a0X<\/strong><\/td>\n<td style=\"width: 41.6px; height: 31px; text-align: center;\"><strong>\u00a0X<\/strong><\/td>\n<td style=\"width: 43.2px; height: 31px; text-align: center;\"><strong>X\u00a0<\/strong><\/td>\n<td style=\"width: 45.6px; height: 31px; text-align: center;\"><strong>\u00a0X<\/strong><\/td>\n<td style=\"width: 44px; height: 31px; text-align: center;\"><strong>\u00a0X<\/strong><\/td>\n<td style=\"width: 48.8px; height: 31px; text-align: center;\"><strong>X\u00a0<\/strong><\/td>\n<td style=\"width: 46.4px; height: 31px; text-align: center;\"><strong>\u00a0X<\/strong><\/td>\n<td style=\"width: 42.4px; height: 31px; text-align: center;\"><strong>X\u00a0<\/strong><\/td>\n<\/tr>\n<tr style=\"height: 31px;\">\n<td style=\"width: 165.6px; height: 31px; background-color: #f59784;\"><strong>COMPETIC 3<\/strong><\/td>\n<td style=\"width: 45.6px; height: 31px; text-align: center;\"><strong>\u00a0<\/strong><\/td>\n<td style=\"width: 41.6px; height: 31px; text-align: center;\"><strong>\u00a0<\/strong><\/td>\n<td style=\"width: 43.2px; height: 31px; text-align: center;\"><strong>\u00a0<\/strong><\/td>\n<td style=\"width: 45.6px; height: 31px; text-align: center;\"><strong>\u00a0X<\/strong><\/td>\n<td style=\"width: 44px; height: 31px; text-align: center;\"><strong>\u00a0X<\/strong><\/td>\n<td style=\"width: 48.8px; height: 31px; text-align: center;\"><strong>X\u00a0<\/strong><\/td>\n<td style=\"width: 46.4px; height: 31px; text-align: center;\"><strong>X\u00a0<\/strong><\/td>\n<td style=\"width: 42.4px; height: 31px; text-align: center;\"><strong>\u00a0X<\/strong><\/td>\n<\/tr>\n<\/tbody>\n<\/table>\n<h4><span style=\"color: #800000;\"><strong>Continguts<\/strong><\/span><\/h4>\n<p style=\"text-align: justify;\">El nivell inicial d&#8217;inform\u00e0tica (COMPETIC inicial) s&#8217;adre\u00e7a a les persones adultes que volen assolir un domini b\u00e0sic de les tecnologies de la informaci\u00f3 i la comunicaci\u00f3 (TIC).<\/p>\n<p style=\"text-align: justify;\">Els diferents nivells usuari d&#8217;inform\u00e0tica (COMPETIC 1, 2 i 3) van adre\u00e7ats a persones que ja tenen uns coneixements b\u00e0sics del funcionament de l&#8217;ordinador i del programari m\u00e9s b\u00e0sic, i que volen aprofundir en els \u00e0mbits seg\u00fcents:<\/p>\n<ul>\n<li style=\"list-style-type: none;\">\n<ul style=\"text-align: justify;\">\n<li>Cultura, participaci\u00f3 i civisme digital.<\/li>\n<li>Tecnologia digital, \u00fas de l&#8217;ordinador i del sistema operatiu.<\/li>\n<li>Navegaci\u00f3 i comunicaci\u00f3 en el m\u00f3n digital.<\/li>\n<li>Tractament de la informaci\u00f3 escrita.<\/li>\n<li>Tractament de la informaci\u00f3 gr\u00e0fica, sonora i de la imatge en moviment.<\/li>\n<li>Tractament de la informaci\u00f3 num\u00e8rica.<\/li>\n<li>Tractament de les dades.<\/li>\n<li>Presentaci\u00f3 de continguts<\/li>\n<\/ul>\n<\/li>\n<\/ul>\n<h4 style=\"text-align: justify;\"><span style=\"color: #993300;\"><strong>Acc\u00e9s<\/strong><\/span><\/h4>\n<p style=\"text-align: justify;\">Poden accedir a aquests estudis les persones m\u00e9s grans de 18 anys i les que els compleixen durant l&#8217;any natural en qu\u00e8 s&#8217;inicia la formaci\u00f3.<\/p>\n<p style=\"text-align: justify;\">Per tal de situar l\u2019alumnat en el nivell que li correspon d\u2019acord amb les seves compet\u00e8ncies, si no t\u00e9 una acreditaci\u00f3 pr\u00e8via, en el moment de la preinscripci\u00f3 el centre de formaci\u00f3 d\u2019adults li far\u00e0 una prova de nivell.<\/p>\n<p style=\"text-align: justify;\">En qualsevol cas, un alumne no podr\u00e0 cursar COMPETIC 3 si no ha cursat i superat pr\u00e8viament el curs de COMPETIC 2 o acredita l\u2019ACTIC mitj\u00e0.<\/p>\n<h4 style=\"text-align: justify;\"><span style=\"color: #993300;\"><strong>Tr\u00e0mits<\/strong><\/span><\/h4>\n<p style=\"text-align: justify;\">Per cursar aquest ensenyament cal formalitzar la preinscripci\u00f3 i la matr\u00edcula d&#8217;acord amb el per\u00edode i criteris fixats pel Departament d&#8217;Educaci\u00f3.<\/p>\n<p style=\"text-align: justify;\">Els certificats de superaci\u00f3 dels cursos de COMPETIC 1, COMPETIC 2 i COMPETIC 3 equivalen als certificats ACTIC b\u00e0sic, mitj\u00e0 i avan\u00e7at, respectivament. Per obtenir aquesta certificaci\u00f3 l\u2019alumnat haur\u00e0 de realitzar i superar un projecte relacionat amb les compet\u00e8ncies que s\u2019han treballat a l\u2019acabament de cada curs.<\/p>\n<h4 style=\"text-align: justify;\"><span style=\"color: #993300;\"><strong>Continu\u00eftat<\/strong><\/span><\/h4>\n<p style=\"text-align: justify;\">L\u2019alumnat pot iniciar aquests ensenyaments des del nivell inicial i acabar amb l\u2019obtenci\u00f3 del certificat de COMPETIC 3 equivalent al certificat ACTIC avan\u00e7at. Per tal d\u2019obtenir el certificat de COMPETIC 3 cal assolir dues de les cinc compet\u00e8ncies establertes, com\u00a0 a m\u00ednim, tot i que es poden cursar les cinc establertes en el curr\u00edculum de COMPETIC 3.<\/p>\n<p>&nbsp;<\/p>\n","protected":false},"excerpt":{"rendered":"<p>Descripci\u00f3<br \/>\nEls ensenyaments d&#8217;inform\u00e0tica a l&#8217;educaci\u00f3 d&#8217;adults \u2014COMPETIC\u2014\u00a0tenen com objectiu facilitar l&#8217;adquisici\u00f3 de la\u00a0compet\u00e8ncia digital, entesa com la combinaci\u00f3 de coneixements, habilitats i actituds en l&#8217;\u00e0mbit de les tecnologies de la informaci\u00f3 i la comunicaci\u00f3 (TIC) per desenvolupar-se en la societat actual.<br \/>\n&nbsp;<br \/>\n&nbsp;<br \/>\n&nbsp;<br \/>\nLes compet\u00e8ncies que\u00a0s&#8217;hi treballen s\u00f3n&hellip;  <a href=\"https:\/\/projectes.xtec.cat\/xarxadults\/ensenyaments\/nivells\/\" title=\"Read COMPETIC\">Llegeix m\u00e9s\u00bb<\/a><\/p>\n","protected":false},"author":3,"featured_media":0,"parent":13527,"menu_order":0,"comment_status":"closed","ping_status":"closed","template":"page-templates\/side-menu.php","meta":{"_bbp_topic_count":0,"_bbp_reply_count":0,"_bbp_total_topic_count":0,"_bbp_total_reply_count":0,"_bbp_voice_count":0,"_bbp_anonymous_reply_count":0,"_bbp_topic_count_hidden":0,"_bbp_reply_count_hidden":0,"_bbp_forum_subforum_count":0,"footnotes":""},"class_list":["post-8420","page","type-page","status-publish","hentry"],"post_mailing_queue_ids":[],"_links":{"self":[{"href":"https:\/\/projectes.xtec.cat\/xarxadults\/wp-json\/wp\/v2\/pages\/8420","targetHints":{"allow":["GET"]}}],"collection":[{"href":"https:\/\/projectes.xtec.cat\/xarxadults\/wp-json\/wp\/v2\/pages"}],"about":[{"href":"https:\/\/projectes.xtec.cat\/xarxadults\/wp-json\/wp\/v2\/types\/page"}],"author":[{"embeddable":true,"href":"https:\/\/projectes.xtec.cat\/xarxadults\/wp-json\/wp\/v2\/users\/3"}],"replies":[{"embeddable":true,"href":"https:\/\/projectes.xtec.cat\/xarxadults\/wp-json\/wp\/v2\/comments?post=8420"}],"version-history":[{"count":6,"href":"https:\/\/projectes.xtec.cat\/xarxadults\/wp-json\/wp\/v2\/pages\/8420\/revisions"}],"predecessor-version":[{"id":14946,"href":"https:\/\/projectes.xtec.cat\/xarxadults\/wp-json\/wp\/v2\/pages\/8420\/revisions\/14946"}],"up":[{"embeddable":true,"href":"https:\/\/projectes.xtec.cat\/xarxadults\/wp-json\/wp\/v2\/pages\/13527"}],"wp:attachment":[{"href":"https:\/\/projectes.xtec.cat\/xarxadults\/wp-json\/wp\/v2\/media?parent=8420"}],"curies":[{"name":"wp","href":"https:\/\/api.w.org\/{rel}","templated":true}]}}