{"id":8441,"date":"2018-01-09T12:43:04","date_gmt":"2018-01-09T11:43:04","guid":{"rendered":"http:\/\/projectes.xtec.cat\/xarxadults\/?page_id=8441"},"modified":"2022-02-14T13:28:25","modified_gmt":"2022-02-14T12:28:25","slug":"curriculum","status":"publish","type":"page","link":"https:\/\/projectes.xtec.cat\/xarxadults\/ensenyaments\/curriculum\/","title":{"rendered":"LLENG\u00dcES ESTRANGERES"},"content":{"rendered":"<p style=\"font-family: 'Helvetica Neue', Helvetica, Helvetica, Arial, sans-serif; font-size: 16px;\"><img loading=\"lazy\" decoding=\"async\" class=\"alignleft wp-image-8458\" src=\"http:\/\/projectes.xtec.cat\/xarxadults\/wp-content\/uploads\/usu1741\/2018\/01\/A2-300x243.jpg\" alt=\"Fotografia d'un autob\u00fas t\u00edpic del Regne Unit\" width=\"277\" height=\"224\" srcset=\"https:\/\/projectes.xtec.cat\/xarxadults\/wp-content\/uploads\/usu1741\/2018\/01\/A2-300x243.jpg 300w, https:\/\/projectes.xtec.cat\/xarxadults\/wp-content\/uploads\/usu1741\/2018\/01\/A2.jpg 536w\" sizes=\"auto, (max-width: 277px) 100vw, 277px\" \/><\/p>\n<h4 style=\"text-align: justify;\"><span style=\"font-family: inherit; font-size: 1em; color: #993300;\">Descripci\u00f3<\/span><\/h4>\n<p style=\"text-align: justify;\"><span style=\"font-family: inherit; font-size: 1em;\">Aquests estudis tenen com a objectiu que les persones adultes assoleixin un grau de compet\u00e8ncia b\u00e0sic per a comunicar-se en llengua anglesa o f<\/span>rancesa.\u00a0S&#8217;imparteixen en tres nivells, que corresponen als nivells A1, A2.1 i A2.2 del MECRL (Marc Europeu Com\u00fa de Refer\u00e8ncia per a les Lleng\u00fces).<\/p>\n<p>En els tres nivells es treballen les habilitats de comprensi\u00f3 i expressi\u00f3 orals i escrites que permeten fer front a la major part de situacions ling\u00fc\u00edstiques de la vida quotidiana i comunicar-se de forma b\u00e0sica en un entorn pluriling\u00fce i multicultural.<\/p>\n<h4><span style=\"color: #993300;\"><strong>Continguts<\/strong><\/span><\/h4>\n<p style=\"text-align: justify;\">Aquests ensenyaments s\u2019imparteixen en tres nivells:<\/p>\n<ul>\n<li style=\"list-style-type: none;\">\n<ul style=\"text-align: justify;\">\n<li>Llengua anglesa, nivells 1, 2 i 3, que corresponen als nivells A1, A2.1 i A2.2 del MECR (Marc europeu com\u00fa de refer\u00e8ncia per a les lleng\u00fces), respectivament.<\/li>\n<li>Llengua francesa, nivells 1, 2 i 3, que corresponen als nivells A1, A2.1 i A2.2 del MECR (Marc europeu com\u00fa de refer\u00e8ncia per a les lleng\u00fces), respectivament.<\/li>\n<\/ul>\n<\/li>\n<\/ul>\n<h4 style=\"text-align: justify;\"><span style=\"color: #993300;\"><strong>Acc\u00e9s<\/strong><\/span><\/h4>\n<p style=\"text-align: justify;\">Poden accedir a aquests estudis les persones m\u00e9s grans de 18 anys i les que els compleixen durant l&#8217;any natural en qu\u00e8 s&#8217;inicia la formaci\u00f3.<\/p>\n<p style=\"text-align: justify;\">Per tal de situar l\u2019alumnat en el nivell que li correspon d\u2019acord amb les seves compet\u00e8ncies, si no t\u00e9 una acreditaci\u00f3 pr\u00e8via en el moment de la preinscripci\u00f3, el centre de formaci\u00f3 d\u2019adults li far\u00e0 una prova de nivell.<\/p>\n<h4 style=\"text-align: justify;\"><span style=\"color: #993300;\"><strong>Tr\u00e0mits<\/strong><\/span><\/h4>\n<p style=\"text-align: justify;\">Per cursar aquest ensenyament cal formalitzar la preinscripci\u00f3 i la matr\u00edcula d&#8217;acord amb el per\u00edode i criteris fixats pel Departament d&#8217;Educaci\u00f3.<\/p>\n<p style=\"text-align: justify;\">Els alumnes de nivell 3 de llengua estrangera han de superar una prova de nivell b\u00e0sic (A2 del MECR) abans de finalitzar el curs per mostrar el grau d&#8217;assoliment de la compet\u00e8ncia ling\u00fc\u00edstica.<\/p>\n<h4 style=\"text-align: justify;\"><span style=\"color: #993300;\"><strong>Continu\u00eftat<\/strong><\/span><\/h4>\n<p style=\"text-align: justify;\">Un cop finalitzats aquests estudis, i havent superat l\u2019avaluaci\u00f3, l\u2019alumne\/a pot continuar la formaci\u00f3 en una escola oficial d&#8217;idiomes, accedint al nivell de 3r sense haver de superar una prova de nivell.<\/p>\n<p style=\"text-align: justify;\">\n","protected":false},"excerpt":{"rendered":"<p>Descripci\u00f3<br \/>\nAquests estudis tenen com a objectiu que les persones adultes assoleixin un grau de compet\u00e8ncia b\u00e0sic per a comunicar-se en llengua anglesa o francesa.\u00a0S&#8217;imparteixen en tres nivells, que corresponen als nivells A1, A2.1 i A2.2 del MECRL (Marc Europeu Com\u00fa de Refer\u00e8ncia per a les&hellip;  <a href=\"https:\/\/projectes.xtec.cat\/xarxadults\/ensenyaments\/curriculum\/\" title=\"Read LLENG\u00dcES ESTRANGERES\">Llegeix m\u00e9s\u00bb<\/a><\/p>\n","protected":false},"author":5,"featured_media":0,"parent":13527,"menu_order":10,"comment_status":"closed","ping_status":"closed","template":"page-templates\/side-menu.php","meta":{"_bbp_topic_count":0,"_bbp_reply_count":0,"_bbp_total_topic_count":0,"_bbp_total_reply_count":0,"_bbp_voice_count":0,"_bbp_anonymous_reply_count":0,"_bbp_topic_count_hidden":0,"_bbp_reply_count_hidden":0,"_bbp_forum_subforum_count":0,"footnotes":""},"class_list":["post-8441","page","type-page","status-publish","hentry"],"post_mailing_queue_ids":[],"_links":{"self":[{"href":"https:\/\/projectes.xtec.cat\/xarxadults\/wp-json\/wp\/v2\/pages\/8441","targetHints":{"allow":["GET"]}}],"collection":[{"href":"https:\/\/projectes.xtec.cat\/xarxadults\/wp-json\/wp\/v2\/pages"}],"about":[{"href":"https:\/\/projectes.xtec.cat\/xarxadults\/wp-json\/wp\/v2\/types\/page"}],"author":[{"embeddable":true,"href":"https:\/\/projectes.xtec.cat\/xarxadults\/wp-json\/wp\/v2\/users\/5"}],"replies":[{"embeddable":true,"href":"https:\/\/projectes.xtec.cat\/xarxadults\/wp-json\/wp\/v2\/comments?post=8441"}],"version-history":[{"count":3,"href":"https:\/\/projectes.xtec.cat\/xarxadults\/wp-json\/wp\/v2\/pages\/8441\/revisions"}],"predecessor-version":[{"id":12352,"href":"https:\/\/projectes.xtec.cat\/xarxadults\/wp-json\/wp\/v2\/pages\/8441\/revisions\/12352"}],"up":[{"embeddable":true,"href":"https:\/\/projectes.xtec.cat\/xarxadults\/wp-json\/wp\/v2\/pages\/13527"}],"wp:attachment":[{"href":"https:\/\/projectes.xtec.cat\/xarxadults\/wp-json\/wp\/v2\/media?parent=8441"}],"curies":[{"name":"wp","href":"https:\/\/api.w.org\/{rel}","templated":true}]}}