{"id":8466,"date":"2018-01-09T13:23:15","date_gmt":"2018-01-09T12:23:15","guid":{"rendered":"http:\/\/projectes.xtec.cat\/xarxadults\/?page_id=8466"},"modified":"2024-12-04T08:58:37","modified_gmt":"2024-12-04T07:58:37","slug":"competic-2","status":"publish","type":"page","link":"https:\/\/projectes.xtec.cat\/xarxadults\/ensenyaments\/nivells\/propostes-pedagogiques-i-orientacions\/competic-2\/","title":{"rendered":"COMPETIC 2"},"content":{"rendered":"<h5><strong><span style=\"color: #980000;\"><a href=\"https:\/\/projectes.xtec.cat\/xarxadults\/wp-content\/uploads\/usu1741\/2018\/01\/actic_22.png\"><img loading=\"lazy\" decoding=\"async\" class=\"alignnone size-full wp-image-8691\" src=\"https:\/\/projectes.xtec.cat\/xarxadults\/wp-content\/uploads\/usu1741\/2018\/01\/actic_22.png\" alt=\"\" width=\"250\" height=\"146\" \/><\/a><\/span><\/strong><\/h5>\n<h5><strong><span style=\"color: #980000;\">Curr\u00edculum i propostes pedag\u00f2giques per al nivell<\/span><\/strong><\/h5>\n<table class=\" alignleft\" style=\"width: 889px; border-color: #ffffff; background-color: #ffffff;\">\n<tbody>\n<tr style=\"height: 31px;\">\n<td style=\"width: 2003px; height: 31px; background-color: #dd7e6b; border-color: #ffffff;\" colspan=\"2\"><span style=\"color: #ffffff;\"><strong>C1:\u00a0Cultura, participaci\u00f3 i civisme digital<\/strong><\/span><\/td>\n<td style=\"width: 132px; height: 31px; background-color: #ffffff; border-color: #ffffff;\"><\/td>\n<td style=\"width: 2235px; height: 31px; background-color: #dd7e6b; border-color: #ffffff;\" colspan=\"2\"><span style=\"color: #ffffff;\"><strong>C5:\u00a0Tractament de la informaci\u00f3 gr\u00e0fica, sonora i de la imatge en moviment<\/strong><\/span><\/td>\n<\/tr>\n<tr style=\"height: 31px;\">\n<td style=\"width: 78px; height: 31px; background-color: #ffffff; border-color: #ffffff;\"><\/td>\n<td style=\"width: 1925px; height: 31px; background-color: #ffffff; border-color: #ffffff;\">\n<div>&#8211; <a href=\"https:\/\/docs.google.com\/document\/d\/1AHWI3qBpepdV4ZvcJ0VJGRbUVgoaO2MXvp0343SidfM\/edit?usp=sharing\" target=\"_blank\" rel=\"noopener noreferrer\">Introducci\u00f3 a la compet\u00e8ncia<\/a><\/div>\n<div>&#8211; <a href=\"https:\/\/docs.google.com\/document\/d\/1DGclQlwvBndDWH_7Z4Oyb3uqa5-R-peTPrsqi7VPeCQ\/edit?usp=sharing\" target=\"_blank\" rel=\"noopener noreferrer\">Fitxes pedag\u00f2giques<\/a><\/div>\n<\/td>\n<td style=\"width: 132px; height: 31px; background-color: #ffffff; border-color: #ffffff;\"><\/td>\n<td style=\"width: 80px; height: 31px; background-color: #ffffff; border-color: #ffffff;\"><\/td>\n<td style=\"width: 2155px; height: 31px; background-color: #ffffff; border-color: #ffffff;\">\n<div>&#8211; <a href=\"https:\/\/docs.google.com\/document\/d\/1u488Uckqt5riL7E5USkvJ6eNQEdhcflLsUsYDmthgCQ\/edit?usp=sharing\" target=\"_blank\" rel=\"noopener noreferrer\">Introducci\u00f3 a la compet\u00e8ncia<\/a><\/div>\n<div>&#8211; <a href=\"https:\/\/docs.google.com\/document\/d\/1SVULDmD1aYWNAcoHlRJK66VDHhBqexvaZKDvAA5arZU\/edit?usp=sharing\" target=\"_blank\" rel=\"noopener noreferrer\">Fitxes pedag\u00f2giques<\/a><\/div>\n<\/td>\n<\/tr>\n<tr style=\"height: 31px;\">\n<td style=\"width: 2003px; height: 31px; background-color: #dd7e6b; border-color: #ffffff;\" colspan=\"2\"><span style=\"color: #ffffff;\"><strong>C2: Tecnologia digital, \u00fas de l&#8217;ordinador i del sistema operatiu<\/strong><\/span><\/td>\n<td style=\"width: 132px; height: 31px; background-color: #ffffff; border-color: #ffffff;\"><\/td>\n<td style=\"width: 2235px; height: 31px; background-color: #dd7e6b; border-color: #ffffff;\" colspan=\"2\"><span style=\"color: #ffffff;\"><b><strong>C6:\u00a0Tractament de la informaci\u00f3 num\u00e8rica<\/strong><\/b><\/span><\/td>\n<\/tr>\n<tr style=\"height: 31px;\">\n<td style=\"width: 78px; height: 31px; background-color: #ffffff; border-color: #ffffff;\"><\/td>\n<td style=\"width: 1925px; height: 31px; background-color: #ffffff; border-color: #ffffff;\">\n<div>&#8211;<a href=\"https:\/\/docs.google.com\/document\/d\/1Ae4zo8mlROf0sLdmMOTMLjGQLIKorj-ehoB_-EfgAD0\/edit?usp=sharing\" target=\"_blank\" rel=\"noopener noreferrer\"> Introducci\u00f3 a la compet\u00e8ncia<\/a><\/div>\n<div>&#8211; <a href=\"https:\/\/docs.google.com\/document\/d\/1LwqFn5JLI9n63U6idvH62RJ0PjSAZtdslcZQNzqb1hA\/edit?usp=sharing\" target=\"_blank\" rel=\"noopener noreferrer\">Fitxes pedag\u00f2giques<\/a><\/div>\n<\/td>\n<td style=\"width: 132px; height: 31px; background-color: #ffffff; border-color: #ffffff;\"><\/td>\n<td style=\"width: 80px; height: 31px; background-color: #ffffff; border-color: #ffffff;\"><\/td>\n<td style=\"width: 2155px; height: 31px; background-color: #ffffff; border-color: #ffffff;\">\n<div>&#8211; <a href=\"https:\/\/docs.google.com\/document\/d\/11tU_9nD179OsJe08rZ4pYvFeCM-He1Hd_J2hzeOZzKI\/edit?usp=sharing\" target=\"_blank\" rel=\"noopener noreferrer\">Introducci\u00f3 a la compet\u00e8ncia<\/a><\/div>\n<div>&#8211; <a href=\"https:\/\/docs.google.com\/document\/d\/19KZTi2GC0XG5DL2u0z7FI2vBn1_q2io7ju2N4Kem_fs\/edit?usp=sharing\" target=\"_blank\" rel=\"noopener noreferrer\">Fitxes pedag\u00f2giques<\/a><\/div>\n<\/td>\n<\/tr>\n<tr style=\"height: 31px; background-color: #dd7b6b;\">\n<td style=\"width: 2003px; height: 31px; background-color: #dd7e6b; border-color: #ffffff;\" colspan=\"2\"><span style=\"color: #ffffff;\"><strong>C3: Navegaci\u00f3 i comunicaci\u00f3 en el m\u00f3n digital<\/strong><\/span><\/td>\n<td style=\"width: 132px; height: 31px; background-color: #ffffff; border-color: #ffffff;\"><\/td>\n<td style=\"width: 2235px; height: 31px; background-color: #dd7e6b; border-color: #ffffff;\" colspan=\"2\"><span style=\"color: #ffffff;\"><strong>C7:\u00a0Tractament de les dades<\/strong><\/span><\/td>\n<\/tr>\n<tr style=\"height: 31px;\">\n<td style=\"width: 78px; height: 31px; background-color: #ffffff; border-color: #ffffff;\"><\/td>\n<td style=\"width: 1925px; height: 31px; background-color: #ffffff; border-color: #ffffff;\">\n<div>&#8211; <a href=\"https:\/\/docs.google.com\/document\/d\/1YKp8WbkgLyA_OdeQZzYyTBdjBRGctG3UaGKiu3ljNjE\/edit?usp=sharing\" target=\"_blank\" rel=\"noopener noreferrer\">Introducci\u00f3 a la compet\u00e8ncia<\/a><\/div>\n<div>&#8211; <a href=\"https:\/\/docs.google.com\/document\/d\/1VD898MmDrKEjkoRIocdZ7_laiOOaW2INb8nUXQLB_tk\/edit?usp=sharing\" target=\"_blank\" rel=\"noopener noreferrer\">Fitxes pedag\u00f2giques<\/a><\/div>\n<\/td>\n<td style=\"width: 132px; height: 31px; background-color: #ffffff; border-color: #ffffff;\"><\/td>\n<td style=\"width: 80px; height: 31px; background-color: #ffffff; border-color: #ffffff;\"><\/td>\n<td style=\"width: 2155px; height: 31px; background-color: #ffffff; border-color: #ffffff;\">\n<div>&#8211; <a href=\"https:\/\/docs.google.com\/document\/d\/1snFu_u0LLQlGS01evd94YS2P34v9doxyGg7s88bWUi4\/edit?usp=sharing\" target=\"_blank\" rel=\"noopener noreferrer\">Introducci\u00f3 a la compet\u00e8ncia<\/a><\/div>\n<div>&#8211; <a href=\"https:\/\/docs.google.com\/document\/d\/1UYwYMMs9ZYxOnHGCAFCa3Ay1_yUO1Ze0ohyEO0PyZLE\/edit?usp=sharing\" target=\"_blank\" rel=\"noopener noreferrer\">Fitxes pedag\u00f2giques<\/a><\/div>\n<\/td>\n<\/tr>\n<tr style=\"height: 31px; background-color: #dd7e6b;\">\n<td style=\"width: 2003px; height: 31px; background-color: #dd7e6b; border-color: #ffffff;\" colspan=\"2\"><span style=\"color: #ffffff;\"><strong>C4: Tractament de la informaci\u00f3 escrita<\/strong><\/span><\/td>\n<td style=\"width: 132px; height: 31px; background-color: #ffffff; border-color: #ffffff;\"><\/td>\n<td style=\"width: 2235px; height: 31px; background-color: #dd7e6b; border-color: #ffffff;\" colspan=\"2\"><span style=\"color: #ffffff;\"><strong>C8:\u00a0Presentaci\u00f3 de continguts<\/strong><\/span><\/td>\n<\/tr>\n<tr style=\"height: 31px;\">\n<td style=\"width: 78px; height: 31px; background-color: #ffffff; border-color: #ffffff;\"><\/td>\n<td style=\"width: 1925px; height: 31px; background-color: #ffffff; border-color: #ffffff;\">\n<div>&#8211; <a href=\"https:\/\/docs.google.com\/document\/d\/1hHeW6fblqBY7eekmgrkopF-aznArdzvTxP_Dmj98Y6A\/edit?usp=sharing\" target=\"_blank\" rel=\"noopener noreferrer\">Introducci\u00f3 a la compet\u00e8ncia<\/a><\/div>\n<div>&#8211; <a href=\"https:\/\/docs.google.com\/document\/d\/1h7BlJmEHU9VUs3Hpp4796Cavv0nZm7ooeEkMc0cYMF0\/edit?usp=sharing\" target=\"_blank\" rel=\"noopener noreferrer\">Fitxes pedag\u00f2giques<\/a><\/div>\n<\/td>\n<td style=\"width: 132px; height: 31px; background-color: #ffffff; border-color: #ffffff;\"><\/td>\n<td style=\"width: 80px; height: 31px; background-color: #ffffff; border-color: #ffffff;\"><\/td>\n<td style=\"width: 2155px; height: 31px; background-color: #ffffff; border-color: #ffffff;\">\n<div>&#8211; <a href=\"https:\/\/docs.google.com\/document\/d\/17Mp1RFZ6cTr6bmKcKPsSlftox5VO41Tamvxcrox9wmA\/edit?usp=sharing\" target=\"_blank\" rel=\"noopener noreferrer\">Introducci\u00f3 a la compet\u00e8ncia<\/a><\/div>\n<div>&#8211; <a href=\"https:\/\/docs.google.com\/document\/d\/1df7k26fO5e1iOTb_IBFlm3sP5k4_pTc_0inRRkTlBqc\/edit?usp=sharing\" target=\"_blank\" rel=\"noopener noreferrer\">Fitxes pedag\u00f2giques<\/a><\/div>\n<\/td>\n<\/tr>\n<\/tbody>\n<\/table>\n<h5 style=\"text-align: justify;\"><\/h5>\n<p>&nbsp;<\/p>\n<p>&nbsp;<\/p>\n<p>&nbsp;<\/p>\n<p>&nbsp;<\/p>\n<p>&nbsp;<\/p>\n<p>&nbsp;<\/p>\n<p>&nbsp;<\/p>\n<p>&nbsp;<\/p>\n<h5><span style=\"color: #800000;\"><strong>Orientacions<\/strong><\/span><\/h5>\n<p><span lang=\"CA\">L\u2019assoliment d\u2019aquest nivell correspon a una persona usu\u00e0ria que t\u00e9 autonomia i capacitat cr\u00edtica envers l\u2019\u00fas d\u2019aquestes tecnologies.\u00a0<\/span>Per tant,\u00a0<b>abans de matricular un alumne a aquest nivell cal assegurar-se de que ja disposa d\u2019un domini elemental de les compet\u00e8ncies treballades en els dos nivells anteriors:<\/b><\/p>\n<ul>\n<li><strong>C1: Cultura, participaci\u00f3 i civisme digital. (COMPETIC 1)<\/strong><\/li>\n<li><strong>C2: Tecnologia digital, \u00fas de l\u2019ordinador i del sistema operatiu. (COMPETIC Inicial)<\/strong><\/li>\n<li><strong>C3: Navegaci\u00f3 i comunicaci\u00f3 en el m\u00f3n digital. (COMPETIC Inicial)<\/strong><\/li>\n<li><strong>C4: Tractament de la informaci\u00f3 escrita. (COMPETIC Inicial)<\/strong><\/li>\n<li><strong>C5: Tractament de la informaci\u00f3 gr\u00e0fica, sonora i de la imatge en moviment. (COMPETIC 1)<\/strong><\/li>\n<li><strong>C6: Tractament de la informaci\u00f3 num\u00e8rica. (COMPETIC 1)<\/strong><\/li>\n<\/ul>\n<p><span lang=\"CA\">L\u2019alumne\/a de COMPETIC 2 supera el nivell quan mostra un domini efectiu de les tecnologies de la informaci\u00f3 i la comunicaci\u00f3 en relaci\u00f3 amb els seus \u00e0mbits generals d\u2019aplicaci\u00f3. S\u2019hi treballen totes les compet\u00e8ncies:<\/span><\/p>\n<ul>\n<li><strong>C1: Cultura, participaci\u00f3 i civisme digital.<\/strong><\/li>\n<li><strong>C2: Tecnologia digital, \u00fas de l\u2019ordinador i del sistema operatiu.<\/strong><\/li>\n<li><strong>C3: Navegaci\u00f3 i comunicaci\u00f3 en el m\u00f3n digital.<\/strong><\/li>\n<li><strong>C4: Tractament de la informaci\u00f3 escrita.<\/strong><\/li>\n<li><strong>C5: Tractament de la informaci\u00f3 gr\u00e0fica, sonora i de la imatge en moviment.<\/strong><\/li>\n<li><strong>C6: Tractament de la informaci\u00f3 num\u00e8rica.<\/strong><\/li>\n<li><strong>C7: Tractament de les dades.<\/strong><\/li>\n<li><strong>C8: Presentaci\u00f3 de continguts.<\/strong><\/li>\n<\/ul>\n<p><span lang=\"CA\">Per aconseguir un desenvolupament d\u2019aquestes compet\u00e8ncies, cal tenir en compte que totes presenten determinats continguts, procediments i actituds que estan en estreta relaci\u00f3 i complementarietat.\u00a0<\/span>Per tant, no \u00e9s convenient treballar cadascuna de les compet\u00e8ncies de forma a\u00efllada sempre. Per altra banda, cal omplir-les de significat, de contingut significatiu per a l\u2019alumnat; cal exercitar-les i, alhora, fer-les \u00fatils en la resoluci\u00f3 de les situacions que el m\u00f3n f\u00edsic i social planteja.\u00a0Cal tenir en compte, a m\u00e9s, que hi ha realitzacions competencials i procediments que s\u00f3n susceptibles d\u2019engendrar una infinitat de conductes adequades respecte a una infinitat de situacions noves. D\u2019altres, en canvi, nom\u00e9s s\u2019apliquen una situaci\u00f3 o fam\u00edlia de situacions determinada.<\/p>\n<p><span lang=\"CA\">Per tant, en el moment de programar el curs, el\/la docent haur\u00e0 de tenir en compte les possibles relacions entre les diferents compet\u00e8ncies que s\u2019hi treballin, tractant-les, sempre que sigui possible, de manera integrada. Recordem que cal entendre les compet\u00e8ncies digitals com unes capacitats gen\u00e8riques a partir de les quals el subjecte pot aprendre constantment i adaptar-se de manera din\u00e0mica a un entorn canviant. Es tracta de desenvolupar la compet\u00e8ncia digital de la persona i no els coneixements estrictament instrumentals basats en productes i programaris concrets.<\/span><\/p>\n<p><span lang=\"CA\"><b>El nivell de COMPETIC 2 t\u00e9 una durada de 140 hores (4 hores setmanals). Cal distribuir-les de forma equitativa entre les vuit compet\u00e8ncies que s\u2019hi treballen.\u00a0<\/b><\/span><b>Aix\u00f2 vol dir que s\u2019ha de procurar que al llarg del curs cal treballar tots els continguts assenyalats al curr\u00edculum per a cada compet\u00e8ncia de\u00a0forma proporcional, ja que el treball espec\u00edfic de les compet\u00e8ncies C4, C5, C6, C7 i C8 a COMPETIC 3 est\u00e0 basat en el domini que s\u2019assoleix amb la superaci\u00f3 d\u2019aquest nivell.<\/b><\/p>\n","protected":false},"excerpt":{"rendered":"<p><a href=\"https:\/\/projectes.xtec.cat\/xarxadults\/wp-content\/uploads\/usu1741\/2018\/01\/actic_22.png\"><\/a><br \/>\nCurr\u00edculum i propostes pedag\u00f2giques per al nivell<\/p>\n<p>C1:\u00a0Cultura, participaci\u00f3 i civisme digital<\/p>\n<p>C5:\u00a0Tractament de la informaci\u00f3 gr\u00e0fica, sonora i de la imatge en moviment<\/p>\n<p>&#8211; <a href=\"https:\/\/docs.google.com\/document\/d\/1AHWI3qBpepdV4ZvcJ0VJGRbUVgoaO2MXvp0343SidfM\/edit?usp=sharing\" target=\"_blank\" rel=\"noopener noreferrer\">Introducci\u00f3 a la compet\u00e8ncia<\/a><br \/>\n&#8211; <a href=\"https:\/\/docs.google.com\/document\/d\/1DGclQlwvBndDWH_7Z4Oyb3uqa5-R-peTPrsqi7VPeCQ\/edit?usp=sharing\" target=\"_blank\" rel=\"noopener noreferrer\">Fitxes pedag\u00f2giques<\/a><\/p>\n<p>&#8211; <a href=\"https:\/\/docs.google.com\/document\/d\/1u488Uckqt5riL7E5USkvJ6eNQEdhcflLsUsYDmthgCQ\/edit?usp=sharing\" target=\"_blank\" rel=\"noopener noreferrer\">Introducci\u00f3 a la compet\u00e8ncia<\/a><br \/>\n&#8211;&hellip;  <a href=\"https:\/\/projectes.xtec.cat\/xarxadults\/ensenyaments\/nivells\/propostes-pedagogiques-i-orientacions\/competic-2\/\" title=\"Read COMPETIC 2\">Llegeix m\u00e9s\u00bb<\/a><\/p>\n","protected":false},"author":3,"featured_media":0,"parent":9929,"menu_order":30,"comment_status":"closed","ping_status":"closed","template":"page-templates\/side-menu.php","meta":{"_bbp_topic_count":0,"_bbp_reply_count":0,"_bbp_total_topic_count":0,"_bbp_total_reply_count":0,"_bbp_voice_count":0,"_bbp_anonymous_reply_count":0,"_bbp_topic_count_hidden":0,"_bbp_reply_count_hidden":0,"_bbp_forum_subforum_count":0,"footnotes":""},"class_list":["post-8466","page","type-page","status-publish","hentry"],"post_mailing_queue_ids":[],"_links":{"self":[{"href":"https:\/\/projectes.xtec.cat\/xarxadults\/wp-json\/wp\/v2\/pages\/8466","targetHints":{"allow":["GET"]}}],"collection":[{"href":"https:\/\/projectes.xtec.cat\/xarxadults\/wp-json\/wp\/v2\/pages"}],"about":[{"href":"https:\/\/projectes.xtec.cat\/xarxadults\/wp-json\/wp\/v2\/types\/page"}],"author":[{"embeddable":true,"href":"https:\/\/projectes.xtec.cat\/xarxadults\/wp-json\/wp\/v2\/users\/3"}],"replies":[{"embeddable":true,"href":"https:\/\/projectes.xtec.cat\/xarxadults\/wp-json\/wp\/v2\/comments?post=8466"}],"version-history":[{"count":5,"href":"https:\/\/projectes.xtec.cat\/xarxadults\/wp-json\/wp\/v2\/pages\/8466\/revisions"}],"predecessor-version":[{"id":14582,"href":"https:\/\/projectes.xtec.cat\/xarxadults\/wp-json\/wp\/v2\/pages\/8466\/revisions\/14582"}],"up":[{"embeddable":true,"href":"https:\/\/projectes.xtec.cat\/xarxadults\/wp-json\/wp\/v2\/pages\/9929"}],"wp:attachment":[{"href":"https:\/\/projectes.xtec.cat\/xarxadults\/wp-json\/wp\/v2\/media?parent=8466"}],"curies":[{"name":"wp","href":"https:\/\/api.w.org\/{rel}","templated":true}]}}