{"id":8469,"date":"2018-01-09T13:23:40","date_gmt":"2018-01-09T12:23:40","guid":{"rendered":"http:\/\/projectes.xtec.cat\/xarxadults\/?page_id=8469"},"modified":"2024-12-04T08:59:47","modified_gmt":"2024-12-04T07:59:47","slug":"competic-3","status":"publish","type":"page","link":"https:\/\/projectes.xtec.cat\/xarxadults\/ensenyaments\/nivells\/propostes-pedagogiques-i-orientacions\/competic-3\/","title":{"rendered":"COMPETIC 3"},"content":{"rendered":"<h5><strong><span style=\"color: #980000;\">Curr\u00edculum i propostes pedag\u00f2giques per al nivell<\/span><\/strong><\/h5>\n<table class=\" alignleft\" style=\"width: 554px; border-color: #ffffff;\">\n<tbody>\n<tr style=\"height: 31px;\">\n<td style=\"width: 1092px; height: 31px; background-color: #dd7e6b; border-color: #ffffff;\" colspan=\"2\"><strong><span style=\"color: #ffffff;\">C4: Tractament de la informaci\u00f3 escrita<\/span><\/strong><\/td>\n<\/tr>\n<tr style=\"height: 31px;\">\n<td style=\"width: 25px; height: 31px; background-color: #ffffff; border-color: #ffffff;\"><\/td>\n<td style=\"width: 1067px; height: 31px; background-color: #ffffff; border-color: #ffffff;\">\n<div>&#8211; <a href=\"https:\/\/docs.google.com\/document\/d\/1bAungJ5WKiGZoiixc6V-mGC5FJONaRaTqC0sin5B2v0\/edit?usp=sharing\" target=\"_blank\" rel=\"noopener noreferrer\">Introducci\u00f3 a la compet\u00e8ncia<\/a><\/div>\n<div>&#8211; <a href=\"https:\/\/docs.google.com\/document\/d\/1YA5dMixrpxbDYwzeYxdZWyFK2buqaiYjMbzHac9HXx4\/edit?usp=sharing\" target=\"_blank\" rel=\"noopener noreferrer\">Fitxes pedag\u00f2giques<\/a><\/div>\n<\/td>\n<\/tr>\n<tr style=\"height: 31px; background-color: #dd7b6b;\">\n<td style=\"width: 1092px; height: 31px; background-color: #dd7e6b; border-color: #ffffff;\" colspan=\"2\"><strong><span style=\"color: #ffffff;\">C5: Tractament de la informaci\u00f3 gr\u00e0fica, sonora i de la imatge en moviment<\/span><\/strong><\/td>\n<\/tr>\n<tr style=\"height: 31px;\">\n<td style=\"width: 25px; height: 31px; background-color: #ffffff; border-color: #ffffff;\"><\/td>\n<td style=\"width: 1067px; height: 31px; background-color: #ffffff; border-color: #ffffff;\">\n<div>&#8211; <a href=\"https:\/\/docs.google.com\/document\/d\/1JxUjRmTIcm91wEkoyTMLzlUmdPdqSv5n6oF39TXCL4Q\/edit?usp=sharing\" target=\"_blank\" rel=\"noopener noreferrer\">Introducci\u00f3 a la compet\u00e8ncia<\/a><\/div>\n<div>&#8211;<a href=\"https:\/\/docs.google.com\/document\/d\/1Na_OB9_rTrtjaOnhQ_VeaitbV2KSy686errAQUA5Tlk\/edit?usp=sharing\" target=\"_blank\" rel=\"noopener noreferrer\"> Fitxes pedag\u00f2giques (Tractament de la informaci\u00f3 gr\u00e0fica)<\/a><\/div>\n<div>&#8211; <a href=\"https:\/\/docs.google.com\/document\/d\/17RirJYv_WSkgZ2UMYTcaiM79-ZKsdJ0gqIvwnVcUGF8\/edit?usp=sharing\" target=\"_blank\" rel=\"noopener noreferrer\">Fitxes pedag\u00f2giques (Tractament de la informaci\u00f3 sonora)<\/a><\/div>\n<div>&#8211; <a href=\"https:\/\/docs.google.com\/document\/d\/1RG0b2pn_SzPOGTrBkyaa9F9o61T06rWbgsOZrVz9haE\/edit?usp=sharing\" target=\"_blank\" rel=\"noopener noreferrer\">Fitxes pedag\u00f2giques (Tractament de la imatge en moviment)<\/a><\/div>\n<\/td>\n<\/tr>\n<tr style=\"height: 31px; background-color: #dd7e6b;\">\n<td style=\"width: 1092px; height: 31px; background-color: #dd7e6b; border-color: #ffffff;\" colspan=\"2\"><strong><span style=\"color: #ffffff;\">C6: Tractament de la informaci\u00f3 num\u00e8rica<\/span><\/strong><\/td>\n<\/tr>\n<tr style=\"height: 31px;\">\n<td style=\"width: 25px; height: 31px; background-color: #ffffff; border-color: #ffffff;\"><\/td>\n<td style=\"width: 1067px; height: 31px; background-color: #ffffff; border-color: #ffffff;\">\n<div>&#8211; <a href=\"https:\/\/docs.google.com\/document\/d\/1bldgptypCrHiFSSPveJNoWTT22ncxe8Rrip7zGKRLvM\/edit?usp=sharing\" target=\"_blank\" rel=\"noopener noreferrer\">Introducci\u00f3 a la compet\u00e8ncia<\/a><\/div>\n<div>&#8211; <a href=\"https:\/\/docs.google.com\/document\/d\/1Wlu7sFhX0wUalt-EhfPDGq-Ib1heSefdGR-w8gsVcJ8\/edit?usp=sharing\" target=\"_blank\" rel=\"noopener noreferrer\">Fitxes pedag\u00f2giques<\/a><\/div>\n<\/td>\n<\/tr>\n<tr style=\"height: 31px;\">\n<td style=\"width: 1092px; height: 31px; background-color: #dd7e6b; border-color: #ffffff;\" colspan=\"2\"><strong><span style=\"color: #ffffff;\">C7: Tractament de\u00a0les dades<\/span><\/strong><\/td>\n<\/tr>\n<tr style=\"height: 31px;\">\n<td style=\"width: 25px; height: 31px; background-color: #ffffff; border-color: #ffffff;\"><\/td>\n<td style=\"width: 1067px; height: 31px; background-color: #ffffff; border-color: #ffffff;\">\n<div>\n<div>&#8211; <a href=\"https:\/\/docs.google.com\/document\/d\/1TvBeSVgZm0rH7aEFNla-oUwAsh6JRejd7007mRl4y0Q\/edit?usp=sharing\" target=\"_blank\" rel=\"noopener noreferrer\">Introducci\u00f3 a la compet\u00e8ncia<\/a><\/div>\n<div>&#8211; <a href=\"https:\/\/docs.google.com\/document\/d\/1Rz-HO-q1Zle35jPalrhPWyap0OogFPP_yaSwSvYafmk\/edit?usp=sharing\" target=\"_blank\" rel=\"noopener noreferrer\">Fitxes pedag\u00f2giques<\/a><\/div>\n<\/div>\n<\/td>\n<\/tr>\n<tr style=\"height: 31px;\">\n<td style=\"width: 1092px; height: 31px; background-color: #dd7e6b; border-color: #ffffff;\" colspan=\"2\"><strong><span style=\"color: #ffffff;\">C8:\u00a0Presentaci\u00f3 de continguts<\/span><\/strong><\/td>\n<\/tr>\n<tr style=\"height: 31px;\">\n<td style=\"width: 25px; height: 31px; background-color: #ffffff; border-color: #ffffff;\"><\/td>\n<td style=\"width: 1067px; height: 31px; background-color: #ffffff; border-color: #ffffff;\">\n<div>&#8211; <a href=\"https:\/\/docs.google.com\/document\/d\/1yKiogXuddfJHYj5wcJ0mj3Px1EGNU7_5EGdLqgD3my4\/edit?usp=sharing\" target=\"_blank\" rel=\"noopener noreferrer\">Introducci\u00f3 a la compet\u00e8ncia<\/a><\/div>\n<div>&#8211; <a href=\"https:\/\/docs.google.com\/document\/d\/17ApRhN69KD7ldNM_qTPBukanEDggE0mOg4BTNGe8cU8\/edit?usp=sharing\" target=\"_blank\" rel=\"noopener noreferrer\">Fitxes pedag\u00f2giques<\/a><\/div>\n<\/td>\n<\/tr>\n<\/tbody>\n<\/table>\n<p><span style=\"color: #800000;\"><a style=\"color: #800000;\" href=\"https:\/\/projectes.xtec.cat\/xarxadults\/wp-content\/uploads\/usu1741\/2018\/01\/actic_23.png\"><img loading=\"lazy\" decoding=\"async\" class=\"alignnone size-full wp-image-8692\" src=\"https:\/\/projectes.xtec.cat\/xarxadults\/wp-content\/uploads\/usu1741\/2018\/01\/actic_23.png\" alt=\"\" width=\"250\" height=\"129\" \/><\/a><\/span><\/p>\n<p>&nbsp;<\/p>\n<p>&nbsp;<\/p>\n<p>&nbsp;<\/p>\n<p>&nbsp;<\/p>\n<p>&nbsp;<\/p>\n<p>&nbsp;<\/p>\n<p>&nbsp;<\/p>\n<p><span style=\"color: #800000;\"><strong>Orientacions<\/strong><\/span><br \/>\n<strong>Atenci\u00f3! Per matricular-se a COMPETIC 3, i independentment del seu nivell de compet\u00e8ncia digital, l\u2019alumne\/a haur\u00e0 de disposar del certificat ACTIC Mitj\u00e0 o b\u00e9 del certificat de superaci\u00f3 del curs de COMPETIC 2 en un centre d\u2019adults depenent del Departament d\u2019Ensenyament o b\u00e9 que estigui autoritzat a impartir aquest ensenyament.<\/strong><br \/>\nLa superaci\u00f3 de cadascuna de les compet\u00e8ncies treballades a COMPETIC 3 correspon a una persona usu\u00e0ria que t\u00e9 un ampli domini d\u2019aquestes tecnologies i que disposa de capacitat per aprofitar al m\u00e0xim les prestacions que ofereixen les tecnologies de la informaci\u00f3 i la comunicaci\u00f3, de construir usos alternatius i de donar suport a altres persones perqu\u00e8 puguin millorar el desenvolupament de les seves compet\u00e8ncies.<\/p>\n<p>C4: Tractament de la informaci\u00f3 escrita.<br \/>\nC5: Tractament de la informaci\u00f3 gr\u00e0fica, sonora i de la imatge en moviment.<br \/>\nC6: Tractament de la informaci\u00f3 num\u00e8rica.<br \/>\nC7: Tractament de les dades.<br \/>\nC8: Presentaci\u00f3 de continguts.<\/p>\n<p>El treball de cadascuna d\u2019aquestes compet\u00e8ncies es desenvolupa en 35 hores lectives (un trimestre). Per tant, sent que el nivell de COMPETIC 3 t\u00e9 una durada de 105 hores, es treballaran tres compet\u00e8ncies al llarg del curs (una per trimestre). Un cop superades aquestes compet\u00e8ncies, l\u2019alumne que ho desitgi podr\u00e0 continuar cursant les compet\u00e8ncies que li faltin.<\/p>\n","protected":false},"excerpt":{"rendered":"<p>Curr\u00edculum i propostes pedag\u00f2giques per al nivell<\/p>\n<p>C4: Tractament de la informaci\u00f3 escrita<\/p>\n<p>&#8211; <a href=\"https:\/\/docs.google.com\/document\/d\/1bAungJ5WKiGZoiixc6V-mGC5FJONaRaTqC0sin5B2v0\/edit?usp=sharing\" target=\"_blank\" rel=\"noopener noreferrer\">Introducci\u00f3 a la compet\u00e8ncia<\/a><br \/>\n&#8211; <a href=\"https:\/\/docs.google.com\/document\/d\/1YA5dMixrpxbDYwzeYxdZWyFK2buqaiYjMbzHac9HXx4\/edit?usp=sharing\" target=\"_blank\" rel=\"noopener noreferrer\">Fitxes pedag\u00f2giques<\/a><\/p>\n<p>C5: Tractament de la informaci\u00f3 gr\u00e0fica, sonora i de la imatge en moviment<\/p>\n<p>&#8211; <a href=\"https:\/\/docs.google.com\/document\/d\/1JxUjRmTIcm91wEkoyTMLzlUmdPdqSv5n6oF39TXCL4Q\/edit?usp=sharing\" target=\"_blank\" rel=\"noopener noreferrer\">Introducci\u00f3 a la&hellip;  <a href=\"https:\/\/projectes.xtec.cat\/xarxadults\/ensenyaments\/nivells\/propostes-pedagogiques-i-orientacions\/competic-3\/\" title=\"Read COMPETIC 3\">Llegeix m\u00e9s\u00bb<\/a><\/p>\n","protected":false},"author":3,"featured_media":0,"parent":9929,"menu_order":40,"comment_status":"closed","ping_status":"closed","template":"page-templates\/side-menu.php","meta":{"_bbp_topic_count":0,"_bbp_reply_count":0,"_bbp_total_topic_count":0,"_bbp_total_reply_count":0,"_bbp_voice_count":0,"_bbp_anonymous_reply_count":0,"_bbp_topic_count_hidden":0,"_bbp_reply_count_hidden":0,"_bbp_forum_subforum_count":0,"footnotes":""},"class_list":["post-8469","page","type-page","status-publish","hentry"],"post_mailing_queue_ids":[],"_links":{"self":[{"href":"https:\/\/projectes.xtec.cat\/xarxadults\/wp-json\/wp\/v2\/pages\/8469","targetHints":{"allow":["GET"]}}],"collection":[{"href":"https:\/\/projectes.xtec.cat\/xarxadults\/wp-json\/wp\/v2\/pages"}],"about":[{"href":"https:\/\/projectes.xtec.cat\/xarxadults\/wp-json\/wp\/v2\/types\/page"}],"author":[{"embeddable":true,"href":"https:\/\/projectes.xtec.cat\/xarxadults\/wp-json\/wp\/v2\/users\/3"}],"replies":[{"embeddable":true,"href":"https:\/\/projectes.xtec.cat\/xarxadults\/wp-json\/wp\/v2\/comments?post=8469"}],"version-history":[{"count":6,"href":"https:\/\/projectes.xtec.cat\/xarxadults\/wp-json\/wp\/v2\/pages\/8469\/revisions"}],"predecessor-version":[{"id":14583,"href":"https:\/\/projectes.xtec.cat\/xarxadults\/wp-json\/wp\/v2\/pages\/8469\/revisions\/14583"}],"up":[{"embeddable":true,"href":"https:\/\/projectes.xtec.cat\/xarxadults\/wp-json\/wp\/v2\/pages\/9929"}],"wp:attachment":[{"href":"https:\/\/projectes.xtec.cat\/xarxadults\/wp-json\/wp\/v2\/media?parent=8469"}],"curies":[{"name":"wp","href":"https:\/\/api.w.org\/{rel}","templated":true}]}}