{"id":8489,"date":"2018-01-09T14:00:03","date_gmt":"2018-01-09T13:00:03","guid":{"rendered":"http:\/\/projectes.xtec.cat\/xarxadults\/?page_id=8489"},"modified":"2022-01-20T09:57:34","modified_gmt":"2022-01-20T08:57:34","slug":"practiques-de-referencia","status":"publish","type":"page","link":"https:\/\/projectes.xtec.cat\/xarxadults\/activitats-2\/jornades-i-trobades-pedagogiques\/practiques-de-referencia\/","title":{"rendered":"Lleng\u00fces estrangeres"},"content":{"rendered":"<h5><span style=\"color: #980000;\">Trobades formatives curs 2018-2019<\/span><\/h5>\n<ul>\n<li style=\"text-align: justify;\"><span style=\"color: #000000;\"><strong>Updating ELT Competences in Adult Education<\/strong><\/span><\/li>\n<\/ul>\n<p style=\"text-align: justify;\">Trobades pedag\u00f2giques adre\u00e7ades al professorat d&#8217;angl\u00e8s dels diferents SSTT, amb una vessant informativa i de recollida de valoracions i propostes pel nou curs, i una altra formativa, a trav\u00e9s de la realitzaci\u00f3 d&#8217;un taller sobre el treball competencial de la llengua anglesa a l&#8217;educaci\u00f3 d&#8217;adults.<\/p>\n<table style=\"width: 766px; height: 93px;\">\n<tbody>\n<tr style=\"height: 31px;\">\n<td style=\"width: 152px; background-color: #980000; height: 31px;\"><span style=\"color: #ffffff;\"><strong>Presentaci\u00f3\u00a0general<\/strong><\/span><\/td>\n<td style=\"width: 606px; height: 31px;\"><a href=\"https:\/\/drive.google.com\/file\/d\/1RNHJfNb4sw1EpB4cnfMLFC4pgWkXFV1M\/view?usp=sharing\" target=\"_blank\" rel=\"noopener noreferrer\">El nou curr\u00edculum de llengua estrangera, an\u00e0lisi de resultats de la prova de nivell b\u00e0sic i l\u00ednies d\u2019actuaci\u00f3 del SOCEA amb relaci\u00f3 a la llengua anglesa<\/a><\/td>\n<\/tr>\n<tr style=\"height: 38px;\">\n<td style=\"width: 152px; background-color: #980000; height: 31px;\"><span style=\"color: #ffffff;\"><strong>Taller de treball competencial\u00a0<\/strong><\/span><\/td>\n<td style=\"width: 606px; height: 38px;\">\u00a0<a href=\"https:\/\/drive.google.com\/file\/d\/1KbFCFFJexuPeynZKgrd3KRGho3Jxv42T\/view?usp=sharing\" target=\"_blank\" rel=\"noopener noreferrer\">Workshop (working with competences)<\/a>\u00a0, Carme Rodr\u00edguez<\/td>\n<\/tr>\n<\/tbody>\n<\/table>\n<table style=\"width: 776px;\">\n<tbody>\n<tr>\n<td style=\"width: 239px; background-color: #a63838;\"><span style=\"color: #ffffff;\"><strong>\u00a0Serveis Territorials i data<\/strong><\/span><\/td>\n<td style=\"width: 529px; background-color: #a63838;\"><span style=\"color: #ffffff;\"><strong>\u00a0Pon\u00e8ncies<\/strong><\/span><\/td>\n<\/tr>\n<tr>\n<td style=\"width: 239px;\">\n<div><span style=\"font-size: small;\"><b>28\/09\/18<\/b><\/span><\/div>\n<div><span style=\"font-size: small;\"><b>Barcelona Comarques<\/b><\/span><\/div>\n<\/td>\n<td style=\"width: 529px;\">\n<div>\n<div>\u00a0<a href=\"https:\/\/www.canva.com\/design\/DADDl3SNnMc\/FdIBKy5B-i7q8EqxkBZtKg\/view?utm_content=DADDl3SNnMc&amp;utm_campaign=designshare&amp;utm_medium=link&amp;utm_source=sharebutton\" target=\"_blank\" rel=\"noopener noreferrer\">Collaborative learning workshop<\/a>, Carme Roig<\/div>\n<\/div>\n<\/td>\n<\/tr>\n<tr>\n<td style=\"width: 239px;\">\n<div style=\"background-color: #f9f9f9;\"><strong>3\/10\/18<\/strong><\/div>\n<div style=\"background-color: #f9f9f9;\"><b><span style=\"font-size: small;\">Baix\u00a0<\/span><\/b><span style=\"font-size: small;\"><b>Llobregat<\/b><\/span><\/div>\n<\/td>\n<td style=\"width: 529px;\"><strong><em><a href=\"https:\/\/drive.google.com\/a\/xtec.cat\/file\/d\/1-jLGIatAagvQQcrAYGCQP67_EbTUl3Jf\/view?usp=sharing\" target=\"_blank\" rel=\"noopener noreferrer\">Learning through writing:\u00a0<\/a><\/em><\/strong><strong style=\"font-family: inherit; font-size: 0.875em;\"><em><a href=\"https:\/\/drive.google.com\/a\/xtec.cat\/file\/d\/1-jLGIatAagvQQcrAYGCQP67_EbTUl3Jf\/view?usp=sharing\">A short story contest ,\u00a0<\/a><\/em><\/strong>Laura Rins (CFA Sant Just Desvern)<\/td>\n<\/tr>\n<tr>\n<td style=\"width: 239px;\">\n<div style=\"background-color: #ffffff;\"><span style=\"font-size: small;\"><strong>5\/10\/18<\/strong><\/span><\/div>\n<div style=\"background-color: #ffffff;\"><span style=\"font-size: small;\"><b>Tarragona \/\u00a0<\/b><b>Terres de\u00a0<\/b><b>l\u2019Ebre<\/b><\/span><\/div>\n<\/td>\n<td style=\"width: 529px;\">\n<div>\n<p><strong><em><a href=\"https:\/\/drive.google.com\/file\/d\/1-c48W4R8ufE3v7ot0wSmh4ln2--74JYC\/view?usp=sharing\" target=\"_blank\" rel=\"noopener noreferrer\">Getting academic profit\u00a0<\/a><\/em><\/strong><strong><em><a href=\"https:\/\/drive.google.com\/file\/d\/1-c48W4R8ufE3v7ot0wSmh4ln2--74JYC\/view?usp=sharing\">of trips,\u00a0<\/a><\/em><\/strong>Yolanda Cabr\u00e9 (CFA Josepa Massan\u00e9s i Dalmau)<\/p>\n<p><strong><em><a href=\"https:\/\/drive.google.com\/file\/d\/1MhXcqVNtJLmdhIBnzqHCJ4t8Magu7i62\/view?usp=sharing\" target=\"_blank\" rel=\"noopener noreferrer\">A vision from EOI \u00a0<\/a><\/em><\/strong><strong><em><a href=\"https:\/\/drive.google.com\/file\/d\/1MhXcqVNtJLmdhIBnzqHCJ4t8Magu7i62\/view?usp=sharing\">teachers,\u00a0<\/a><\/em><\/strong><\/p>\n<p>Yolanda Scott-Tennent (EOI Tarragona)<\/p>\n<\/div>\n<\/td>\n<\/tr>\n<tr>\n<td style=\"width: 239px;\">\n<div style=\"background-color: #ffffff;\"><span style=\"font-size: small;\"><strong>11\/10\/18 \u00a0\u00a0<\/strong><\/span><\/div>\n<div style=\"background-color: #ffffff;\"><span style=\"font-size: small;\"><b>Girona<\/b><\/span><\/div>\n<\/td>\n<td style=\"width: 529px;\">\n<div style=\"text-align: justify;\">\u00a0<strong><em><a href=\"https:\/\/drive.google.com\/file\/d\/1kZOs09JOtIUb03UZV3_oCRRxK3ffVdwR\/view?usp=sharing\" target=\"_blank\" rel=\"noopener noreferrer\">Real Speaking Project<\/a><\/em><\/strong><\/div>\n<div><\/div>\n<div>\n<div>\u00a0Anna Triola i David (CFA Maria Verdaguer)<\/div>\n<div><\/div>\n<\/div>\n<\/td>\n<\/tr>\n<tr>\n<td style=\"width: 239px;\">\n<div style=\"background-color: #f9f9f9;\"><b style=\"font-size: small; font-family: inherit;\">16\/10\/18<\/b><\/div>\n<div style=\"background-color: #f9f9f9;\"><span style=\"font-size: small;\"><b>Lleida<\/b><\/span><\/div>\n<\/td>\n<td style=\"width: 529px;\">\n<div>\u00a0<strong><em><a href=\"https:\/\/drive.google.com\/file\/d\/1SwBk8qAXBqY0T77WEUyAgqpN_hhprQfw\/view?usp=sharing\" target=\"_blank\" rel=\"noopener noreferrer\">Dades alumnes EOI<\/a>,\u00a0<\/em><\/strong>Neus Pascual (EOI de Lleida)<\/div>\n<\/td>\n<\/tr>\n<tr>\n<td style=\"width: 239px;\">\n<div><b style=\"font-family: inherit; font-size: 0.875em;\"><span style=\"font-size: small;\">17\/10\/18<\/span><\/b><\/div>\n<div><b><span style=\"font-size: small;\">Catalunya\u00a0<\/span><\/b><span style=\"font-size: small;\"><b>Central<\/b><\/span><\/div>\n<\/td>\n<td style=\"width: 529px;\"><strong><em><a href=\"https:\/\/drive.google.com\/file\/d\/15KN6EO841vw7eOZ9oefcKWyMntQImlC6\/view?usp=sharing\" target=\"_blank\" rel=\"noopener noreferrer\">Reviewing\u00a0 EOI students coming from a CFA,\u00a0<\/a><\/em><\/strong>Ferran Illescas (EOI de Manresa)<\/td>\n<\/tr>\n<tr>\n<td style=\"width: 239px;\">\n<div><b><span style=\"font-size: small;\">18\/10\/18 <\/span><\/b><\/div>\n<div><span style=\"font-size: small;\"><b>Vall\u00e8s Occidental<\/b><\/span><\/div>\n<\/td>\n<td style=\"width: 529px;\">\n<div>\n<div>\u00a0<strong><em><a href=\"https:\/\/drive.google.com\/file\/d\/1ITaCNDfKKc725_K7g689qEksQQHMKu_L\/view?usp=sharing\" target=\"_blank\" rel=\"noopener noreferrer\">Collaborative tasks<\/a>,\u00a0<\/em><\/strong>Minerva Lanau (CFA Anna Muri\u00e0)<\/div>\n<\/div>\n<\/td>\n<\/tr>\n<\/tbody>\n<\/table>\n<ul>\n<li><b>L&#8217;approche par comp\u00e9tences: l&#8217;\u00e9valuation et le curriculum dans l\u2019\u00e9ducation des adultes<\/b><\/li>\n<\/ul>\n<p>Trobada pedag\u00f2gica adre\u00e7ada al professorat\u00a0de franc\u00e8s dels diferents SSTT, amb una vessant informativa i de recollida de valoracions i propostes pel nou curs, i una altra formativa, a trav\u00e9s de la realitzaci\u00f3 d&#8217;un taller sobre el treball competencial de la llengua\u00a0francesa a l&#8217;educaci\u00f3 d&#8217;adults.<\/p>\n<p><strong style=\"font-size: small; background-color: #f9f9f9;\">Sessi\u00f3 \u00fanica a Barcelona per a tots els territoris (25\/10\/18)<\/strong><\/p>\n<table style=\"width: 775px; height: 93px;\">\n<tbody>\n<tr style=\"height: 31px;\">\n<td style=\"width: 152px; background-color: #980000; height: 31px;\"><span style=\"color: #ffffff;\"><strong>Presentaci\u00f3\u00a0general<\/strong><\/span><\/td>\n<td style=\"width: 615px; height: 31px;\"><a href=\"https:\/\/drive.google.com\/file\/d\/1eC2HRCjZ-1wcivPLrWlRz-pGctCoi6Zg\/view?usp=sharing\" target=\"_blank\" rel=\"noopener noreferrer\">El nou curr\u00edculum de llengua estrangera, an\u00e0lisi de resultats de la prova de nivell b\u00e0sic i l\u00ednies d\u2019actuaci\u00f3 del SOCEA amb relaci\u00f3 a la llengua francesa<\/a><\/td>\n<\/tr>\n<tr style=\"height: 38px;\">\n<td style=\"width: 152px; background-color: #980000; height: 31px;\"><span style=\"color: #ffffff;\"><strong>Taller de treball competencial<\/strong><\/span><\/td>\n<td style=\"width: 615px; height: 38px;\"><\/td>\n<\/tr>\n<\/tbody>\n<\/table>\n<h5><\/h5>\n<h5><span style=\"color: #980000;\"><strong style=\"color: #000000; text-align: justify; font-family: inherit; font-size: 1em;\">English Language Assessment in Adult Education<\/strong>Trobades formatives curs 2017-2018<\/span><\/h5>\n<p style=\"text-align: justify;\">Trobades pedag\u00f2giques adre\u00e7ades al professorat d&#8217;angl\u00e8s dels diferents SSTT, amb una vessant informativa i de recollida de valoracions i propostes pel nou curs, i una altra formativa, a trav\u00e9s de la realitzaci\u00f3 d&#8217;un taller sobre avaluaci\u00f3 de la llengua anglesa a l&#8217;educaci\u00f3 d&#8217;adults.<\/p>\n<table style=\"width: 766px; height: 93px;\">\n<tbody>\n<tr style=\"height: 31px;\">\n<td style=\"width: 152px; background-color: #980000; height: 31px;\"><span style=\"color: #ffffff;\"><strong>Presentaci\u00f3\u00a0general<\/strong><\/span><\/td>\n<td style=\"width: 606px; height: 31px;\"><a href=\"http:\/\/xtec.gencat.cat\/web\/.content\/curriculum\/educacioadults\/trobades-pedagogiques\/Trobada_Angles_1718-2.pdf\" target=\"_blank\" rel=\"noopener noreferrer\">An\u00e0lisi de resultats de la prova i l\u00ednies d\u2019actuaci\u00f3 del SOCEA amb relaci\u00f3 a la llengua anglesa.<\/a><\/td>\n<\/tr>\n<tr style=\"height: 38px;\">\n<td style=\"width: 152px; background-color: #980000; height: 31px;\"><span style=\"color: #ffffff;\"><strong>Taller d&#8217;avaluaci\u00f3\u00a0<\/strong><\/span><\/td>\n<td style=\"width: 606px; height: 38px;\"><a href=\"http:\/\/xtec.gencat.cat\/web\/.content\/curriculum\/educacioadults\/trobades-pedagogiques\/Workshop-English-Language-Assessment.pdf\" target=\"_blank\" rel=\"noopener noreferrer\">Workshop English Language Assessment<\/a><\/td>\n<\/tr>\n<\/tbody>\n<\/table>\n<table style=\"width: 776px;\">\n<tbody>\n<tr>\n<td style=\"width: 239px; background-color: #a63838;\"><span style=\"color: #ffffff;\"><strong>\u00a0Serveis Territorials i data<\/strong><\/span><\/td>\n<td style=\"width: 529px; background-color: #a63838;\"><span style=\"color: #ffffff;\"><strong>\u00a0Pon\u00e8ncies<\/strong><\/span><\/td>\n<\/tr>\n<tr>\n<td style=\"width: 239px;\">\n<div><span style=\"font-size: small;\"><b>29\/09\/17<\/b><\/span><\/div>\n<div><span style=\"font-size: small;\"><b>Barcelona Comarques<\/b><\/span><\/div>\n<\/td>\n<td style=\"width: 529px;\">\n<div><b><i><span style=\"font-size: small;\"><a href=\"https:\/\/www.canva.com\/design\/DACiZPPifL4\/view\" target=\"_blank\" rel=\"nofollow noopener noreferrer\">Using short videos as starters<\/a>\u00a0<\/span><\/i><\/b><\/div>\n<div><span style=\"font-size: small;\">Carme Roig, coordinadora de lleng\u00fces estrangeres als ST a Barcelona-Comarques.<\/span><\/div>\n<div><\/div>\n<div>\n<div><b><i><span style=\"font-size: small;\">How to take part in\u00a0<\/span><\/i><\/b><b><i><span style=\"font-size: small;\">a KA1 and KA2\u00a0<\/span><\/i><\/b><span style=\"font-size: small;\"><b><i>Erasmus+ project\u00a0<\/i><\/b><i>(not available)<\/i><\/span><\/div>\n<div><span style=\"font-size: small;\">Marisa Ruiz, docent del CFA Catal\u00f2nia (L&#8217;Hospitalet de Llobregat)<\/span><\/div>\n<\/div>\n<\/td>\n<\/tr>\n<tr>\n<td style=\"width: 239px;\">\n<div><span style=\"font-size: small;\"><strong>5\/10\/17<\/strong><\/span><\/div>\n<div><span style=\"font-size: small;\"><b>Tarragona \/\u00a0<\/b><b>Terres de\u00a0<\/b><b>l\u2019Ebre<\/b><\/span><\/div>\n<\/td>\n<td style=\"width: 529px;\">\n<div>\n<div><span style=\"font-size: small;\"><b><i><a href=\"https:\/\/drive.google.com\/a\/xtec.cat\/file\/d\/1YQ0kygNXDNVxmc3Yxg3ZaXdLahtZooZt\/view?usp=sharing\" target=\"_blank\" rel=\"noopener noreferrer\">Hosting a KA1 project<\/a>\u00a0<\/i><\/b><\/span><\/div>\n<div><span style=\"font-size: small;\">Yolanda Cabr\u00e9 i Rafe Guinovart, docents del CFA Josepa Massan\u00e9s i Dalmau (Tarragona)<\/span><\/div>\n<\/div>\n<div><\/div>\n<div>\n<div><span style=\"font-size: small;\"><b><b><i><a href=\"https:\/\/drive.google.com\/a\/xtec.cat\/file\/d\/12nBFzg1vfd_skToDMQ9UU0RKrq9Pnlym\/view?usp=sharing\" target=\"_blank\" rel=\"noopener noreferrer\">L&#8217;angl\u00e8s: una aposta de futur (CLIL at GES)<\/a>\u00a0<\/i><\/b><\/b><\/span><\/div>\n<div><span style=\"font-size: small;\">Yolanda Cabr\u00e9, docent del CFA Josepa Massan\u00e9s i Dalmau (Tarragona)<\/span><\/div>\n<\/div>\n<\/td>\n<\/tr>\n<tr>\n<td style=\"width: 239px;\">\n<div><b><span style=\"font-size: small;\">17\/10\/17<\/span><\/b><\/div>\n<div><b><span style=\"font-size: small;\">Catalunya\u00a0<\/span><\/b><span style=\"font-size: small;\"><b>Central<\/b><\/span><\/div>\n<\/td>\n<td style=\"width: 529px;\">\n<div><span style=\"font-size: small;\"><b><i>Coordination between\u00a0<\/i><\/b><b><i>CFA and EOI<\/i><\/b><i>\u00a0(not available)<\/i><\/span><\/div>\n<div><span style=\"font-size: small;\">Ma Cinta Blanch, docent al CFA Montseny (Vic) i Raquel Mayor , docent al CFA Carme Karr (Sant Joan de Vilatorrada)<\/span><\/div>\n<div><\/div>\n<div><span style=\"font-size: small;\"><a href=\"https:\/\/www.emaze.com\/@AQOOOOTL\/etwinning\" target=\"_blank\" rel=\"noopener noreferrer\"><strong><em>eTwinning: an open door to Europe<\/em><\/strong><\/a><br \/>\nFina Vendrell, ambaixadora eTwinning i docent del Col\u00b7legi Sant Josep (Nav\u00e0s)<\/span><\/div>\n<\/td>\n<\/tr>\n<tr>\n<td style=\"width: 239px;\">\n<div><span style=\"font-size: small;\"><strong>24\/10\/17<\/strong><\/span><\/div>\n<div><b><span style=\"font-size: small;\">Maresme-\u00a0<\/span><\/b><b><span style=\"font-size: small;\">Vall\u00e8s\u00a0<\/span><\/b><span style=\"font-size: small;\"><b>Oriental<\/b><\/span><\/div>\n<\/td>\n<td style=\"width: 529px;\">\n<div style=\"text-align: justify;\"><b><i><span style=\"font-size: small;\"><a href=\"https:\/\/drive.google.com\/a\/xtec.cat\/file\/d\/0Bwor8HevSgtSQXk2RmJqWHZ0b2RqYjl3WTAxNTBCMTZkSzBR\/view?usp=sharing\" target=\"_blank\" rel=\"noopener noreferrer\">ICT in the English class<\/a>\u00a0<\/span><\/i><\/b><\/div>\n<div style=\"text-align: justify;\"><span style=\"font-size: small;\">Elisenda Olivella, docent al CFA Marinada (Montorn\u00e8s del Vall\u00e8s)<\/span><\/div>\n<\/td>\n<\/tr>\n<tr>\n<td style=\"width: 239px;\">\n<div><span style=\"font-size: small;\"><b>26\/10\/17<\/b><\/span><\/div>\n<div><span style=\"font-size: small;\"><b>Lleida<\/b><\/span><\/div>\n<\/td>\n<td style=\"width: 529px;\">\n<div style=\"text-align: justify;\">\n<div><b><i><span style=\"font-size: small;\"><b><i><a href=\"https:\/\/www.emaze.com\/@AQOOOOTL\/etwinning\" target=\"_blank\" rel=\"nofollow noopener noreferrer\">eTwinning: an open door to Europe<\/a>\u00a0<\/i><\/b><\/span><\/i><\/b><\/div>\n<div><span style=\"font-size: small;\">Laura Gabernet (Coordinadora de lleng\u00fces estrangeres als ST a Lleida), Maribel Vila (docent a l&#8217;Institut Ronda) i M\u00aa Dolors Farran\u00a0 (docent a l&#8217;EOI de Lleida).<\/span><\/div>\n<\/div>\n<div><\/div>\n<div>\n<div><b><i><span style=\"font-size: small;\"><a href=\"https:\/\/drive.google.com\/a\/xtec.cat\/file\/d\/1xM6UDlTGXmZq3_Gr69Y5yJZeA0SNDcO5\/view?usp=sharing\" target=\"_blank\" rel=\"noopener noreferrer\">English always up<\/a>\u00a0<\/span><\/i><\/b><\/div>\n<div><span style=\"font-size: small;\">Ceci Re\u00f1\u00e9 i Maria Talarn, docents del\u00a0 CFA Mollerussa<\/span><\/div>\n<\/div>\n<\/td>\n<\/tr>\n<tr>\n<td style=\"width: 239px;\">\n<div><strong>31\/10\/2017<\/strong><\/div>\n<div><span style=\"font-size: small;\"><b>Vall\u00e8s Occidental<\/b><\/span><\/div>\n<\/td>\n<td style=\"width: 529px;\">\n<div><b><i><span style=\"font-size: small;\">Check and assess\u00a0<\/span><\/i><\/b><b><i><span style=\"font-size: small;\">your knowledge in a\u00a0<\/span><\/i><\/b><b><i><span style=\"font-size: small;\">cooperative\u00a0<\/span><\/i><\/b><b><i><span style=\"font-size: small;\">and funny way\u00a0<\/span><\/i><\/b><span style=\"font-size: small;\"><em>(not available)<\/em><\/span><\/div>\n<div><span style=\"font-size: small;\">Montse Molins i Esther Pla, docents del CFA La Creu de Barber\u00e0 (Sabadell)<\/span><\/div>\n<\/td>\n<\/tr>\n<tr>\n<td style=\"width: 239px;\">\n<div><strong>7\/11\/17<\/strong><\/div>\n<div><b><span style=\"font-size: small;\">Baix\u00a0<\/span><\/b><span style=\"font-size: small;\"><b>Llobregat<\/b><\/span><\/div>\n<\/td>\n<td style=\"width: 529px;\">\n<div><b><i><span style=\"font-size: small;\"><a href=\"https:\/\/drive.google.com\/a\/xtec.cat\/file\/d\/1fnKYHF9iuB_Cix68NguGrUcYRkwrV7KF\/view?usp=sharing\" target=\"_blank\" rel=\"noopener noreferrer\">Let your English Grow<\/a>\u00a0<\/span><\/i><\/b><\/div>\n<div><span style=\"font-size: small;\">Berta Romero, docent al CFA Llu\u00eds Castells (Sant Boi de Llobregat)<\/span><\/div>\n<div><\/div>\n<div><b><i><span style=\"font-size: small;\"><a href=\"https:\/\/drive.google.com\/a\/xtec.cat\/file\/d\/1-jLGIatAagvQQcrAYGCQP67_EbTUl3Jf\/view?usp=sharing\" target=\"_blank\" rel=\"noopener noreferrer\">Learning through writing: A short story contest <\/a><\/span><\/i><\/b><\/div>\n<div><span style=\"font-size: small;\">Laura Rins, docent al CFA Sant Just Desvern<\/span><\/div>\n<div><\/div>\n<div>\n<div><b><i><\/i><\/b><span style=\"font-size: small;\"><b><i><a href=\"https:\/\/drive.google.com\/a\/xtec.cat\/file\/d\/1LByQ-MZhYx9whPNJ3KMeJ8yu5Jnu3wJC\/view?usp=sharing\" target=\"_blank\" rel=\"noopener noreferrer\">Saint Patrick\u2019s Day: a PBL experience<\/a>\u00a0<\/i><\/b><\/span><\/div>\n<div><span style=\"font-size: small;\">Montse Buitrago, docent al CFA Eugeni d\u2019Ors (Esplugues de Llobregat)<\/span><\/div>\n<\/div>\n<\/td>\n<\/tr>\n<tr>\n<td style=\"width: 239px;\">\n<div><span style=\"font-size: small;\"><strong>9\/11\/17\u00a0 \u00a0<\/strong><\/span><\/div>\n<div><span style=\"font-size: small;\"><b>Girona<\/b><\/span><\/div>\n<\/td>\n<td style=\"width: 529px;\">\n<div>\n<div><span style=\"font-size: small;\"><b><i><a href=\"https:\/\/drive.google.com\/a\/xtec.cat\/file\/d\/1VIKTGodaaKDfxu_qjUvzDgPJjnh7gvFo\/view?usp=sharing\" target=\"_blank\" rel=\"noopener noreferrer\">Real Speaking<\/a>\u00a0<\/i><\/b><\/span><\/div>\n<div><span style=\"font-size: small;\">Anna Triola i David Soler, docents del CFA Maria Verdaguer (Figueres)<\/span><\/div>\n<\/div>\n<\/td>\n<\/tr>\n<tr>\n<td style=\"width: 239px;\">\n<div><b><span style=\"font-size: small;\">10\/11\/17\u00a0 \u00a0<\/span><\/b><\/div>\n<div><b><span style=\"font-size: small;\">Consorci d\u2019Educaci\u00f3 de Barcelona<\/span><\/b><\/div>\n<\/td>\n<td style=\"width: 529px;\">\n<div><b><i><span style=\"font-size: small;\"><a href=\"https:\/\/drive.google.com\/a\/xtec.cat\/file\/d\/0Bwor8HevSgtSeHpsNDhFbWFWdmplSEFuUy13YUotNG5Mc09z\/view?usp=sharing\" target=\"_blank\" rel=\"noopener noreferrer\">English language procedure in our school<\/a><\/span><\/i><\/b><b><i><\/i><\/b><\/div>\n<div><span style=\"font-size: small;\">Berta Villaescusa, docent al CFA Manuel Sacrist\u00e1n (Barcelona)<\/span><\/div>\n<\/td>\n<\/tr>\n<\/tbody>\n<\/table>\n<ul>\n<li><b>L\u2019\u00e9valuation linguistique du fran\u00e7ais dans l\u2019\u00e9ducation des adultes<\/b><\/li>\n<\/ul>\n<p>Trobada pedag\u00f2gica adre\u00e7ada al professorat\u00a0de franc\u00e8s dels diferents SSTT, amb una vessant informativa i de recollida de valoracions i propostes pel nou curs, i una altra formativa, a trav\u00e9s de la realitzaci\u00f3 d&#8217;un taller sobre avaluaci\u00f3 de la llengua\u00a0francesa a l&#8217;educaci\u00f3 d&#8217;adults.<\/p>\n<table style=\"width: 775px; height: 93px;\">\n<tbody>\n<tr style=\"height: 31px;\">\n<td style=\"width: 152px; background-color: #980000; height: 31px;\"><span style=\"color: #ffffff;\"><strong>Presentaci\u00f3\u00a0general<\/strong><\/span><\/td>\n<td style=\"width: 615px; height: 31px;\"><a href=\"http:\/\/xtec.gencat.cat\/web\/.content\/curriculum\/educacioadults\/trobades-pedagogiques\/Trobada_Frances_1718.pdf\" target=\"_blank\" rel=\"noopener noreferrer\">An\u00e0lisi de resultats de la prova i l\u00ednies d\u2019actuaci\u00f3 del SOCEA amb relaci\u00f3 a la llengua francesa<\/a><\/td>\n<\/tr>\n<tr style=\"height: 38px;\">\n<td style=\"width: 152px; background-color: #980000; height: 31px;\"><span style=\"color: #ffffff;\"><strong>Taller d&#8217;avaluaci\u00f3\u00a0<\/strong><\/span><\/td>\n<td style=\"width: 615px; height: 38px;\"><a href=\"http:\/\/xtec.gencat.cat\/web\/.content\/curriculum\/educacioadults\/trobades-pedagogiques\/Atelier-harmonisation-des-criteres-pour-evaluer-la-competence-orale-et-ecrite-A2.pdf\" target=\"_blank\" rel=\"noopener noreferrer\">Atelier harmonisation des crit\u00e8res pour \u00e9valuer la comp\u00e9tence orale et \u00e9crite-\u00e9preuve A2<\/a><\/td>\n<\/tr>\n<\/tbody>\n<\/table>\n<table style=\"width: 779px;\">\n<tbody>\n<tr>\n<td style=\"width: 238px; background-color: #9c3333;\"><strong><span style=\"color: #ffffff;\">Serveis territorials i data<\/span><\/strong><\/td>\n<td style=\"width: 533px; background-color: #9c3333;\"><strong><span style=\"color: #ffffff;\">Pon\u00e8ncies<\/span><\/strong><\/td>\n<\/tr>\n<tr>\n<td style=\"width: 238px;\"><span style=\"font-size: small;\"><strong>Sessi\u00f3 \u00fanica a Barcelona per a tots els territoris (27\/10\/17)<\/strong><\/span><\/td>\n<td style=\"width: 533px;\">\n<div><b><i><span style=\"font-size: small;\"><a href=\"https:\/\/drive.google.com\/a\/xtec.cat\/file\/d\/15yc5zQ0eiSxcG31mDcKcALJuTFOqdea9\/view?usp=sharing\" target=\"_blank\" rel=\"noopener noreferrer\">TICs, pas sans elles!<\/a>\u00a0<\/span><\/i><\/b><\/div>\n<div><span style=\"font-size: small;\">Laura Vall, exprofessora de franc\u00e8s al CFA Val d&#8217;Aran i membre del Grup de treball de lleng\u00fces estrangeres a l&#8217;educaci\u00f3 d&#8217;adults<\/span><\/div>\n<div><\/div>\n<\/td>\n<\/tr>\n<\/tbody>\n<\/table>\n","protected":false},"excerpt":{"rendered":"<p>Trobades formatives curs 2018-2019<\/p>\n<ul>\n<li style=\"text-align: justify;\">Updating ELT Competences in Adult Education<\/li>\n<\/ul>\n<p>Trobades pedag\u00f2giques adre\u00e7ades al professorat d&#8217;angl\u00e8s dels diferents SSTT, amb una vessant informativa i de recollida de valoracions i propostes pel nou curs, i una altra formativa, a trav\u00e9s de la realitzaci\u00f3 d&#8217;un taller sobre&hellip;  <a href=\"https:\/\/projectes.xtec.cat\/xarxadults\/activitats-2\/jornades-i-trobades-pedagogiques\/practiques-de-referencia\/\" title=\"Read Lleng\u00fces estrangeres\">Llegeix m\u00e9s\u00bb<\/a><\/p>\n","protected":false},"author":5,"featured_media":0,"parent":13345,"menu_order":100,"comment_status":"closed","ping_status":"closed","template":"page-templates\/side-menu.php","meta":{"_bbp_topic_count":0,"_bbp_reply_count":0,"_bbp_total_topic_count":0,"_bbp_total_reply_count":0,"_bbp_voice_count":0,"_bbp_anonymous_reply_count":0,"_bbp_topic_count_hidden":0,"_bbp_reply_count_hidden":0,"_bbp_forum_subforum_count":0,"footnotes":""},"class_list":["post-8489","page","type-page","status-publish","hentry"],"post_mailing_queue_ids":[],"_links":{"self":[{"href":"https:\/\/projectes.xtec.cat\/xarxadults\/wp-json\/wp\/v2\/pages\/8489","targetHints":{"allow":["GET"]}}],"collection":[{"href":"https:\/\/projectes.xtec.cat\/xarxadults\/wp-json\/wp\/v2\/pages"}],"about":[{"href":"https:\/\/projectes.xtec.cat\/xarxadults\/wp-json\/wp\/v2\/types\/page"}],"author":[{"embeddable":true,"href":"https:\/\/projectes.xtec.cat\/xarxadults\/wp-json\/wp\/v2\/users\/5"}],"replies":[{"embeddable":true,"href":"https:\/\/projectes.xtec.cat\/xarxadults\/wp-json\/wp\/v2\/comments?post=8489"}],"version-history":[{"count":4,"href":"https:\/\/projectes.xtec.cat\/xarxadults\/wp-json\/wp\/v2\/pages\/8489\/revisions"}],"predecessor-version":[{"id":12885,"href":"https:\/\/projectes.xtec.cat\/xarxadults\/wp-json\/wp\/v2\/pages\/8489\/revisions\/12885"}],"up":[{"embeddable":true,"href":"https:\/\/projectes.xtec.cat\/xarxadults\/wp-json\/wp\/v2\/pages\/13345"}],"wp:attachment":[{"href":"https:\/\/projectes.xtec.cat\/xarxadults\/wp-json\/wp\/v2\/media?parent=8489"}],"curies":[{"name":"wp","href":"https:\/\/api.w.org\/{rel}","templated":true}]}}