{"id":8549,"date":"2018-01-10T15:40:28","date_gmt":"2018-01-10T14:40:28","guid":{"rendered":"http:\/\/projectes.xtec.cat\/xarxadults\/?page_id=8549"},"modified":"2022-11-11T10:51:14","modified_gmt":"2022-11-11T09:51:14","slug":"documents-de-referencia","status":"publish","type":"page","link":"https:\/\/projectes.xtec.cat\/xarxadults\/orientacio\/documents-de-referencia\/","title":{"rendered":"Documents de refer\u00e8ncia"},"content":{"rendered":"<table style=\"width: 995px; border-color: #ffffff;\">\n<tbody>\n<tr>\n<td style=\"width: 234px; border-color: #ffffff;\"><a href=\"https:\/\/projectes.xtec.cat\/xarxadults\/wp-content\/uploads\/usu1741\/2020\/06\/Captura.jpg\"><img loading=\"lazy\" decoding=\"async\" class=\"alignright wp-image-11366\" title=\"Panell de rusc d'abelles amb t\u00edtols en el seu interior: Educaci\u00f3 d'adults, Batxillerat, Ensenyaments universitaris, Formaci\u00f3 Professional, Educaci\u00f3 Secund\u00e0ria Obligat\u00f2ria, Educaci\u00f3 infantil, Educaci\u00f3 prim\u00e0ria, PRogrames de formaci\u00f3 i inserci\u00f3, Ensenyaments de r\u00e8gim especial. Tamb\u00e9 indica L'orientaci\u00f3 educativa i l'acci\u00f3 tutorial al llarg i en cada una de les etapes educatives i ensenyaments. Aprenentatge i formaci\u00f3 continuats.\" src=\"https:\/\/projectes.xtec.cat\/xarxadults\/wp-content\/uploads\/usu1741\/2020\/06\/Captura.jpg\" alt=\"Panell de rusc d'abelles amb t\u00edtols en el seu interior: Educaci\u00f3 d'adults, Batxillerat, Ensenyaments universitaris, Formaci\u00f3 Professional, Educaci\u00f3 Secund\u00e0ria Obligat\u00f2ria, Educaci\u00f3 infantil, Educaci\u00f3 prim\u00e0ria, PRogrames de formaci\u00f3 i inserci\u00f3, Ensenyaments de r\u00e8gim especial. Tamb\u00e9 indica L'orientaci\u00f3 educativa i l'acci\u00f3 tutorial al llarg i en cada una de les etapes educatives i ensenyaments. Aprenentatge i formaci\u00f3 continuats.\" width=\"424\" height=\"555\" srcset=\"https:\/\/projectes.xtec.cat\/xarxadults\/wp-content\/uploads\/usu1741\/2020\/06\/Captura.jpg 590w, https:\/\/projectes.xtec.cat\/xarxadults\/wp-content\/uploads\/usu1741\/2020\/06\/Captura-229x300.jpg 229w\" sizes=\"auto, (max-width: 424px) 100vw, 424px\" \/><\/a><\/td>\n<td style=\"width: 234px; border-color: #ffffff;\">\n<p style=\"text-align: justify;\">El document\u00a0<span style=\"color: #0000ff;\"><a style=\"color: #0000ff;\" href=\"http:\/\/projectes.xtec.cat\/xarxadults\/wp-content\/uploads\/usu1741\/2018\/01\/Orientacio\u0301-educativa-a-leducaci\u00f3-dadults.pdf\" target=\"_blank\" rel=\"noopener noreferrer\"><strong>L&#8217;orientacio\u0301 educativa a l&#8217;educaci\u00f3 d&#8217;adults<\/strong><\/a><\/span>\u00a0<strong>ha estat elaborat durant els cursos 2015-2016 i 2016-2017,<\/strong> i \u00e9s\u00a0fruit de les reflexions d\u2019un grup de treball format per professorat de centres de formaci\u00f3 d\u2019adults (CFA), coordinadors territorials, docents experts en metodologia i formats en pr\u00e0ctica reflexiva, i t\u00e8cnics del Servei d\u2019Ordenaci\u00f3 Curricular de l\u2019Educaci\u00f3 d\u2019Adults.<\/p>\n<p style=\"text-align: justify;\">Posteriorment aquest document has estat revisat per <a href=\"https:\/\/projectes.xtec.cat\/xarxadults\/wp-content\/uploads\/usu1741\/2020\/06\/20180925-transversal-GENCAT.EDUCACIO.pdf\">L\u2019orientaci\u00f3 educativa i l\u2019acci\u00f3 tutorial al llarg i en cada una de les etapes educatives i\u00a0 ensenyaments. Aprenentatge i formaci\u00f3 continuats<\/a>, de desembre de 2018, on s&#8217;incideix en qu\u00e8 l\u2019aprenentatge continuat al llarg de la vida esdev\u00e9 avui una condici\u00f3 clau per formar persones amb pensament cr\u00edtic i compromeses, amb m\u00e9s possibilitats d\u2019inserci\u00f3 social i professional en una societat canviant i en evoluci\u00f3 constant.<\/p>\n<p style=\"text-align: justify;\">El marc normatiu de la Llei 12\/2009 d&#8217;Educaci\u00f3 situa l\u2019orientaci\u00f3 personal, social, acad\u00e8mica i professional al servei del propi projecte de vida de cada un dels alumnes i concreta l\u2019acci\u00f3 tutorial com a funci\u00f3 del docent per a l\u2019acompanyament individual i col\u00b7lectiu dels alumnes.<\/p>\n<\/td>\n<\/tr>\n<tr>\n<td style=\"width: 234px; border-color: #ffffff;\" colspan=\"2\">\n<p style=\"text-align: justify;\">Tenint en compte els principis i els trets d\u2019identitat de cada centre, aquests documents poden orientar el disseny i la revisi\u00f3 del pla d\u2019acci\u00f3 tutorial (<strong>PAT<\/strong>). Tamb\u00e9 pot tenir incid\u00e8ncia\u00a0en les normes d\u2019organitzaci\u00f3 i funcionament del centre (<strong>NOFC<\/strong>), ajudant a centrar els aspectes organitzatius i de funcionament de l\u2019orientaci\u00f3 recollits en l\u2019organitzaci\u00f3 pedag\u00f2gica del centre.\u00a0Est\u00e0 acompanyat del document <span style=\"color: #0000ff;\"><strong><a style=\"color: #0000ff;\" href=\"http:\/\/projectes.xtec.cat\/xarxadults\/wp-content\/uploads\/usu1741\/2018\/01\/Lacollida-al-nou-professorat-en-els-centres-de-formaci\u00f3-dadults.pdf\" target=\"_blank\" rel=\"noopener noreferrer\">L&#8217;acollida al nou professorat en els centres de formaci\u00f3 d&#8217;adults<\/a>.\u00a0<\/strong><\/span><\/p>\n<\/td>\n<\/tr>\n<\/tbody>\n<\/table>\n<p style=\"text-align: justify;\"><strong>La planificaci\u00f3 \u00e9s una eina b\u00e0sica per al docent per tal que esdevingui facilitador i orientador en el cam\u00ed de l\u2019alumnat cap a l\u2019autonomia i l\u2019autoregulaci\u00f3<\/strong>. El docent que facilita i orienta d\u00f3na confian\u00e7a, crea complicitat i empatia, proporciona eines i acompanya l\u2019alumne en el seu proc\u00e9s d\u2019aprenentatge. El rol tradicional d\u2019instructor evoluciona cap a un rol de mediador en els aprenentatges perqu\u00e8 siguin realment significatius. No es tracta d\u2019instruir, sin\u00f3 de capacitar.Aquest itinerari aporta informaci\u00f3 i reflexi\u00f3 de cara a millorar la pr\u00e0ctica docent quant a la planificaci\u00f3 dels processos d\u2019ensenyament i d\u2019aprenentatge que es porten a terme en els centres i aules de formaci\u00f3 de persones adultes. Aquests processos han de ser coherents i unificats entre tot l\u2019equip docent.<\/p>\n<p>En el seg\u00fcent <a href=\"http:\/\/ateneu.xtec.cat\/wikiform\/wikiexport\/fic\/epa\/epa2\/index\" target=\"_blank\" rel=\"noopener noreferrer\"><strong>link<\/strong> <\/a>trobem informaci\u00f3 sobre <a href=\"https:\/\/projectes.xtec.cat\/xarxadults\/wp-content\/uploads\/usu1741\/2020\/06\/fic_epa_epa2_guia.pdf\"><strong>com planificar per orientar un aprenentatge aut\u00f2nom<\/strong><\/a><strong>.<\/strong><\/p>\n<p style=\"text-align: justify;\">L&#8217;<strong>avaluaci\u00f3<\/strong> a la formaci\u00f3 de persones adultes esdev\u00e9 una eina b\u00e0sica que ha d\u2019ajudar a cada alumne a orientar-se i a establir el seu itinerari a partir de les seves expectatives, els seus coneixements, interessos i circumst\u00e0ncies. L\u2019avaluaci\u00f3, per tant, ha de servir perqu\u00e8 l\u2019alumnat conegui els seus aven\u00e7os i dificultats i pugui continuar amb \u00e8xit el seu proc\u00e9s de formaci\u00f3. A la vegada, proporciona informaci\u00f3 al docent de cara a millorar la seva pr\u00e0ctica perqu\u00e8 guia tots els processos d\u2019ensenyament i d\u2019aprenentatge que es porten a terme en els centres i aules de formaci\u00f3 de persones adultes. Aquests processos han de ser coherents i unificats entre tot l\u2019equip docent.<\/p>\n<p style=\"text-align: justify;\">Els materials que us proposem al <strong><a href=\"http:\/\/ateneu.xtec.cat\/wikiform\/wikiexport\/fic\/epa\/epa1\/index\" target=\"_blank\" rel=\"noopener noreferrer\">link<\/a><\/strong> han de permetre als centres i aules de formaci\u00f3 de persones adultes fer una reflexi\u00f3 sobre l\u2019avaluaci\u00f3 que ajudi a avan\u00e7ar en aquest \u00e0mbit.<\/p>\n<p>&nbsp;<\/p>\n","protected":false},"excerpt":{"rendered":"<p><a href=\"https:\/\/projectes.xtec.cat\/xarxadults\/wp-content\/uploads\/usu1741\/2020\/06\/Captura.jpg\"><\/a><\/p>\n<p>El document\u00a0<a style=\"color: #0000ff;\" href=\"http:\/\/projectes.xtec.cat\/xarxadults\/wp-content\/uploads\/usu1741\/2018\/01\/Orientacio\u0301-educativa-a-leducaci\u00f3-dadults.pdf\" target=\"_blank\" rel=\"noopener noreferrer\">L&#8217;orientacio\u0301 educativa a l&#8217;educaci\u00f3 d&#8217;adults<\/a>\u00a0ha estat elaborat durant els cursos 2015-2016 i 2016-2017, i \u00e9s\u00a0fruit de les reflexions d\u2019un grup de treball format per professorat de centres de formaci\u00f3 d\u2019adults (CFA), coordinadors territorials, docents experts en metodologia&hellip;  <a href=\"https:\/\/projectes.xtec.cat\/xarxadults\/orientacio\/documents-de-referencia\/\" title=\"Read Documents de refer\u00e8ncia\">Llegeix m\u00e9s\u00bb<\/a><\/p>\n","protected":false},"author":3,"featured_media":0,"parent":8216,"menu_order":4,"comment_status":"closed","ping_status":"closed","template":"page-templates\/side-menu.php","meta":{"_bbp_topic_count":0,"_bbp_reply_count":0,"_bbp_total_topic_count":0,"_bbp_total_reply_count":0,"_bbp_voice_count":0,"_bbp_anonymous_reply_count":0,"_bbp_topic_count_hidden":0,"_bbp_reply_count_hidden":0,"_bbp_forum_subforum_count":0,"footnotes":""},"class_list":["post-8549","page","type-page","status-publish","hentry"],"post_mailing_queue_ids":[],"_links":{"self":[{"href":"https:\/\/projectes.xtec.cat\/xarxadults\/wp-json\/wp\/v2\/pages\/8549","targetHints":{"allow":["GET"]}}],"collection":[{"href":"https:\/\/projectes.xtec.cat\/xarxadults\/wp-json\/wp\/v2\/pages"}],"about":[{"href":"https:\/\/projectes.xtec.cat\/xarxadults\/wp-json\/wp\/v2\/types\/page"}],"author":[{"embeddable":true,"href":"https:\/\/projectes.xtec.cat\/xarxadults\/wp-json\/wp\/v2\/users\/3"}],"replies":[{"embeddable":true,"href":"https:\/\/projectes.xtec.cat\/xarxadults\/wp-json\/wp\/v2\/comments?post=8549"}],"version-history":[{"count":5,"href":"https:\/\/projectes.xtec.cat\/xarxadults\/wp-json\/wp\/v2\/pages\/8549\/revisions"}],"predecessor-version":[{"id":13743,"href":"https:\/\/projectes.xtec.cat\/xarxadults\/wp-json\/wp\/v2\/pages\/8549\/revisions\/13743"}],"up":[{"embeddable":true,"href":"https:\/\/projectes.xtec.cat\/xarxadults\/wp-json\/wp\/v2\/pages\/8216"}],"wp:attachment":[{"href":"https:\/\/projectes.xtec.cat\/xarxadults\/wp-json\/wp\/v2\/media?parent=8549"}],"curies":[{"name":"wp","href":"https:\/\/api.w.org\/{rel}","templated":true}]}}