{"id":8704,"date":"2018-01-11T20:38:10","date_gmt":"2018-01-11T19:38:10","guid":{"rendered":"http:\/\/projectes.xtec.cat\/xarxadults\/?page_id=8704"},"modified":"2021-03-15T19:09:32","modified_gmt":"2021-03-15T18:09:32","slug":"recursos-3","status":"publish","type":"page","link":"https:\/\/projectes.xtec.cat\/xarxadults\/ensenyaments\/nivells\/recursos-3\/","title":{"rendered":"Proves d&#8217;avaluaci\u00f3 inicial"},"content":{"rendered":"<p>Les proves d\u2019avaluaci\u00f3 inicial (PAI) ens permeten obtenir m\u00e9s informaci\u00f3 sobre la persona que sol\u00b7licita estudiar en un centre de formaci\u00f3 d\u2019adults. S\u00f3n complement\u00e0ries a l\u2019entrevista inicial i permeten contrastar les compet\u00e8ncies del nou estudiant per\u00a0oferir una orientaci\u00f3 millor.<\/p>\n<p>D&#8217;acord amb el document <em><a href=\"http:\/\/projectes.xtec.cat\/xarxadults\/wp-content\/uploads\/usu1741\/2018\/01\/Orientacio%CC%81-educativa-a-leducaci%C3%B3-dadults.pdf\" target=\"_blank\" rel=\"noopener noreferrer\">L\u2019orientaci\u00f3 educativa a l\u2019educaci\u00f3 d\u2019adults: l\u2019acollida, el seguiment i l\u2019acci\u00f3 tutorial<\/a>,\u00a0<\/em>l\u2019equip docent de cada centre haur\u00e0 de determinar com i qui s&#8217;ocupa del disseny de les proves, a qui i quan es fan, quin \u00e9s el proc\u00e9s de revisi\u00f3 i com es comparteix el resultat amb la persona interessada i amb la resta de l\u2019equip docent, si s&#8217;escau. A fi de facilitar aquestes determinacions, i amb relaci\u00f3 als\u00a0 ensenyaments de COMPETIC, el Grup de treball <em>L&#8217;avaluaci\u00f3 dels ensenyaments de COMPETIC a l&#8217;Educaci\u00f3 d&#8217;Adults <\/em>\u00a0ha creat\u00a0una s\u00e8rie de documents que poden ajudar els centres en aquest pas del proc\u00e9s d&#8217;acollida dels nous alumnes de COMPETIC:<\/p>\n<ul>\n<li><a href=\"https:\/\/drive.google.com\/file\/d\/1GZRUM4czyw86fVzqKMpD_OtAJCtOBd7z\/view?usp=sharing\" target=\"_blank\" rel=\"noopener noreferrer\"><strong>Orientacions i PAI COMPETIC<\/strong>:<\/a> document en el\u00a0qu\u00e8 hi ha els enlla\u00e7os a:\n<ul>\n<li>Prova C4<\/li>\n<li>Prova C6<\/li>\n<li>Acc\u00e9s als ensenyaments de COMPETIC (gui\u00f3 per l&#8217;entrevista inicial i r\u00fabrica per avaluar les proves)<\/li>\n<li>Criteris d&#8217;adscripci\u00f3 a COMPETIC Inicial, 1 o 2.<\/li>\n<\/ul>\n<\/li>\n<\/ul>\n","protected":false},"excerpt":{"rendered":"<p>Les proves d\u2019avaluaci\u00f3 inicial (PAI) ens permeten obtenir m\u00e9s informaci\u00f3 sobre la persona que sol\u00b7licita estudiar en un centre de formaci\u00f3 d\u2019adults. S\u00f3n complement\u00e0ries a l\u2019entrevista inicial i permeten contrastar les compet\u00e8ncies del nou estudiant per\u00a0oferir una orientaci\u00f3 millor.<br \/>\nD&#8217;acord amb el document <a href=\"http:\/\/projectes.xtec.cat\/xarxadults\/wp-content\/uploads\/usu1741\/2018\/01\/Orientacio%CC%81-educativa-a-leducaci%C3%B3-dadults.pdf\" target=\"_blank\"&hellip;  <a href=\"https:\/\/projectes.xtec.cat\/xarxadults\/ensenyaments\/nivells\/recursos-3\/\" title=\"Read Proves d&#8217;avaluaci\u00f3 inicial\">Llegeix m\u00e9s\u00bb<\/a><\/p>\n","protected":false},"author":3,"featured_media":0,"parent":8420,"menu_order":20,"comment_status":"closed","ping_status":"closed","template":"page-templates\/side-menu.php","meta":{"_bbp_topic_count":0,"_bbp_reply_count":0,"_bbp_total_topic_count":0,"_bbp_total_reply_count":0,"_bbp_voice_count":0,"_bbp_anonymous_reply_count":0,"_bbp_topic_count_hidden":0,"_bbp_reply_count_hidden":0,"_bbp_forum_subforum_count":0,"footnotes":""},"class_list":["post-8704","page","type-page","status-publish","hentry"],"post_mailing_queue_ids":[],"_links":{"self":[{"href":"https:\/\/projectes.xtec.cat\/xarxadults\/wp-json\/wp\/v2\/pages\/8704","targetHints":{"allow":["GET"]}}],"collection":[{"href":"https:\/\/projectes.xtec.cat\/xarxadults\/wp-json\/wp\/v2\/pages"}],"about":[{"href":"https:\/\/projectes.xtec.cat\/xarxadults\/wp-json\/wp\/v2\/types\/page"}],"author":[{"embeddable":true,"href":"https:\/\/projectes.xtec.cat\/xarxadults\/wp-json\/wp\/v2\/users\/3"}],"replies":[{"embeddable":true,"href":"https:\/\/projectes.xtec.cat\/xarxadults\/wp-json\/wp\/v2\/comments?post=8704"}],"version-history":[{"count":4,"href":"https:\/\/projectes.xtec.cat\/xarxadults\/wp-json\/wp\/v2\/pages\/8704\/revisions"}],"predecessor-version":[{"id":9945,"href":"https:\/\/projectes.xtec.cat\/xarxadults\/wp-json\/wp\/v2\/pages\/8704\/revisions\/9945"}],"up":[{"embeddable":true,"href":"https:\/\/projectes.xtec.cat\/xarxadults\/wp-json\/wp\/v2\/pages\/8420"}],"wp:attachment":[{"href":"https:\/\/projectes.xtec.cat\/xarxadults\/wp-json\/wp\/v2\/media?parent=8704"}],"curies":[{"name":"wp","href":"https:\/\/api.w.org\/{rel}","templated":true}]}}