{"id":8803,"date":"2018-01-14T12:05:11","date_gmt":"2018-01-14T11:05:11","guid":{"rendered":"http:\/\/projectes.xtec.cat\/xarxadults\/?page_id=8803"},"modified":"2022-01-20T09:58:16","modified_gmt":"2022-01-20T08:58:16","slug":"competic","status":"publish","type":"page","link":"https:\/\/projectes.xtec.cat\/xarxadults\/activitats-2\/jornades-i-trobades-pedagogiques\/competic\/","title":{"rendered":"COMPETIC"},"content":{"rendered":"<h5><span style=\"color: #980000;\">Trobades formatives<\/span><\/h5>\n<ul>\n<li style=\"text-align: justify;\"><span style=\"color: #000000;\"><strong>COMPETIC: Perspectives de futur<\/strong><em>\u00a0<\/em><strong>(curs 2018-2019)<\/strong><\/span><\/li>\n<\/ul>\n<p style=\"text-align: justify;\">Trobades pedag\u00f2giques adre\u00e7ades al professorat de COMPETIC dels diferents SSTT, amb una vessant informativa, i una altra formativa, a trav\u00e9s de la realitzaci\u00f3 d&#8217;un taller sobre l&#8217;\u00fas del dispositius m\u00f2bils a l&#8217;aula de COMPETIC.<\/p>\n<table style=\"width: 766px; height: 93px;\">\n<tbody>\n<tr style=\"height: 5px;\">\n<td style=\"width: 152px; background-color: #980000; height: 5px;\"><span style=\"color: #ffffff;\"><strong>Presentaci\u00f3\u00a0general<\/strong><\/span><\/td>\n<td style=\"width: 606px; height: 5px;\" colspan=\"2\">\n<div><\/div>\n<div>\n<p><a href=\"https:\/\/drive.google.com\/file\/d\/1olI6HMEhz6-ZhwoWk-Zr_3V00p7cXZwU\/view?usp=sharing\" target=\"_blank\" rel=\"noopener noreferrer\"><b>Informacions i recomanacions per als ensenyaments de COMPETIC<\/b><\/a><\/p>\n<\/div>\n<\/td>\n<\/tr>\n<tr style=\"height: 38px;\">\n<td style=\"width: 152px; background-color: #980000; height: 38px;\"><span style=\"color: #ffffff;\"><b>Pon\u00e8ncia<\/b><\/span><\/td>\n<td style=\"width: 606px; height: 38px;\" colspan=\"2\">\n<div><a href=\"https:\/\/drive.google.com\/file\/d\/1KgCoBdwOpQ4nIeGnKTxcQk4azZKj_xOL\/view?usp=sharing\" target=\"_blank\" rel=\"noopener noreferrer\"><strong>Ser digitalment comptetent: un repte per al ciutad\u00e0 del segle XXI\u00a0<\/strong><\/a><\/div>\n<div><\/div>\n<\/td>\n<\/tr>\n<\/tbody>\n<\/table>\n<table style=\"width: 776px;\">\n<tbody>\n<tr style=\"height: 31px;\">\n<td style=\"width: 216px; background-color: #a63838; height: 31px;\"><span style=\"color: #ffffff;\"><strong>\u00a0Serveis Territorials i data<\/strong><\/span><\/td>\n<td style=\"width: 552px; background-color: #a63838; height: 31px;\"><span style=\"color: #ffffff;\"><strong>\u00a0Pon\u00e8ncies<\/strong><\/span><\/td>\n<\/tr>\n<tr style=\"height: 47px;\">\n<td style=\"width: 216px; height: 47px;\">\n<div><\/div>\n<div><span style=\"font-size: small;\"><b>Barcelona Comarques\u00a0(20\/11\/18)<\/b><\/span><\/div>\n<\/td>\n<td style=\"width: 552px; height: 47px;\">\n<table style=\"border-collapse: collapse; width: 100%;\" border=\"1\">\n<tbody>\n<tr>\n<td style=\"width: 50%;\"><strong>Tallers a centre<\/strong><\/td>\n<td style=\"width: 50%;\"><strong>Compet\u00e8ncia digital docent<\/strong><\/td>\n<\/tr>\n<tr>\n<td style=\"width: 50%;\">\n<ul>\n<li>Ivan Bolancer, CFA Singuerl\u00edn<\/li>\n<\/ul>\n<\/td>\n<td style=\"width: 50%;\"><b><\/b><b><a href=\"http:\/\/geo.aumentaty.com\/info-espira\/\" target=\"_blank\" rel=\"noopener noreferrer\"><strong>Geolocalitzaci\u00f3<\/strong><\/a><\/b> amb dispositius m\u00f2bils i gamificaci\u00f3:<b> <a href=\"https:\/\/view.genial.ly\/5bdf7054196efa3f09407fc9\/una-cursa-digital-edicio-especia\" target=\"_blank\" rel=\"noopener noreferrer\"><strong>cursa digital<\/strong><\/a><\/b><\/p>\n<ul>\n<li>Marta Folguera, assessora TAC dels ST a Barcelona Comarques<\/li>\n<\/ul>\n<\/td>\n<\/tr>\n<\/tbody>\n<\/table>\n<\/td>\n<\/tr>\n<tr style=\"height: 47px;\">\n<td style=\"width: 216px; height: 47px;\">\n<div><\/div>\n<div><span style=\"font-size: small;\"><b>Lleida\u00a0(9\/11\/18)<\/b><\/span><\/div>\n<\/td>\n<td style=\"width: 552px; height: 47px;\">\n<table style=\"border-collapse: collapse; width: 100%;\" border=\"1\">\n<tbody>\n<tr>\n<td style=\"width: 50%;\"><strong>Tallers a centre<\/strong><\/td>\n<td style=\"width: 50%;\"><strong>Compet\u00e8ncia digital docent<\/strong><\/td>\n<\/tr>\n<tr>\n<td style=\"width: 50%;\">\n<ul>\n<li>Fedor Galcer\u00e1n, CFA Joan Comorera<\/li>\n<li>\u00c0ngels Pascual, CFA Segri\u00e0<\/li>\n<\/ul>\n<\/td>\n<td style=\"width: 50%;\"><a href=\"https:\/\/sites.google.com\/xtec.cat\/taclleida\/compet%C3%A8ncies-digitals\" target=\"_blank\" rel=\"noopener noreferrer\"><strong>Eines per treballar la compet\u00e8ncia digital<\/strong><\/a><\/p>\n<ul>\n<li>Jordi Vitores, assessor TAC dels ST a Lleida<\/li>\n<\/ul>\n<\/td>\n<\/tr>\n<\/tbody>\n<\/table>\n<\/td>\n<\/tr>\n<tr style=\"height: 71px;\">\n<td style=\"width: 216px; height: 71px;\">\n<div><\/div>\n<div><b><span style=\"font-size: small;\">Catalunya\u00a0<\/span><\/b><span style=\"font-size: small;\"><b>Central\u00a0(27\/11\/18)<\/b><\/span><\/div>\n<\/td>\n<td style=\"width: 552px; height: 71px;\">\n<table style=\"border-collapse: collapse; width: 100%;\" border=\"1\">\n<tbody>\n<tr style=\"height: 26px;\">\n<td style=\"width: 50%; height: 26px;\"><strong>Tallers a centre<\/strong><\/td>\n<td style=\"width: 50%; height: 26px;\"><strong>Compet\u00e8ncia digital docent<\/strong><\/td>\n<\/tr>\n<tr style=\"height: 48px;\">\n<td style=\"width: 50%; height: 48px;\">\n<ul>\n<li>Mamen Ruiz, CFA Solson\u00e8s<\/li>\n<\/ul>\n<\/td>\n<td style=\"width: 50%; height: 48px;\">La compet\u00e8ncia digital docent: G-Suites<\/p>\n<ul>\n<li>Jaume Serra, assessor TAC dels ST a la Catalunya Central<\/li>\n<\/ul>\n<\/td>\n<\/tr>\n<\/tbody>\n<\/table>\n<div><\/div>\n<\/td>\n<\/tr>\n<tr style=\"height: 47px;\">\n<td style=\"width: 216px; height: 47px;\">\n<div><\/div>\n<div><b><span style=\"font-size: small;\">Tarragona \/ Terres de l&#8217;Ebre\u00a0(7\/11\/18)<\/span><\/b><\/div>\n<\/td>\n<td style=\"width: 552px; height: 47px;\">\n<table style=\"border-collapse: collapse; width: 100%;\" border=\"1\">\n<tbody>\n<tr>\n<td style=\"width: 100%;\"><strong>Compet\u00e8ncia digital docent<\/strong><\/td>\n<\/tr>\n<tr>\n<td style=\"width: 50%;\"><b><\/b><b><a href=\"http:\/\/geo.aumentaty.com\/info-espira\/\" target=\"_blank\" rel=\"noopener noreferrer\"><strong>Geolocalitzaci\u00f3<\/strong><\/a><\/b> amb dispositius m\u00f2bils i gamificaci\u00f3:<b> <a href=\"https:\/\/view.genial.ly\/5bdf7054196efa3f09407fc9\/una-cursa-digital-edicio-especia\" target=\"_blank\" rel=\"noopener noreferrer\"><strong>cursa digital<\/strong><\/a><\/b><\/p>\n<ul>\n<li>Xavier Su\u00f1\u00e9, t\u00e8cnic de l&#8217;\u00e0rea TAC als SC<\/li>\n<\/ul>\n<\/td>\n<\/tr>\n<\/tbody>\n<\/table>\n<\/td>\n<\/tr>\n<tr style=\"height: 47px;\">\n<td style=\"width: 216px; height: 47px;\">\n<div><\/div>\n<div><span style=\"font-size: small;\"><b>Maresme-Vall\u00e8s Oriental\u00a0(21\/11\/18)<\/b><\/span><\/div>\n<\/td>\n<td style=\"width: 552px; height: 47px;\">\n<table style=\"border-collapse: collapse; width: 100%;\" border=\"1\">\n<tbody>\n<tr style=\"height: 26px;\">\n<td style=\"width: 50%; height: 26px;\"><strong>Tallers a centre<\/strong><\/td>\n<td style=\"width: 50%; height: 26px;\">\u00a0<strong>Compet\u00e8ncia digital docent<\/strong><\/td>\n<\/tr>\n<tr style=\"height: 102px;\">\n<td style=\"width: 50%; height: 94px;\"><a href=\"https:\/\/agora.xtec.cat\/cfa-rusinyol-larocavalles\/moodle\/course\/index.php?categoryid=182\" target=\"_blank\" rel=\"noopener noreferrer\"><strong>Pissarra digital\u00a0 Promethean\u00a0<\/strong><\/a><\/p>\n<ul>\n<li>Xavier Bosch, CFA Santiago Rusi\u00f1ol, a La Roca del Vall\u00e8s<\/li>\n<\/ul>\n<\/td>\n<td style=\"width: 50%; height: 120px;\" rowspan=\"2\"><span style=\"color: #800000;\"><strong>La Gamificaci\u00f3: Break Out<\/strong><\/span><\/p>\n<ul>\n<li>Jaume Oliveras, assessor TAC dels ST al Baix Llobregat<\/li>\n<\/ul>\n<\/td>\n<\/tr>\n<tr style=\"height: 26px;\">\n<td style=\"width: 50%; height: 26px;\"><strong><a href=\"https:\/\/drive.google.com\/file\/d\/1cejVmEB1mZ9YRIoz6M_PUlyCnlMHiOi5\/view?usp=sharing\" target=\"_blank\" rel=\"noopener noreferrer\"><strong>L&#8217;\u00fas de la PDI\u00a0<\/strong><\/a><\/strong><\/p>\n<ul>\n<li>Juanjo Caballero, CFA Mollet del Vall\u00e8s<\/li>\n<\/ul>\n<\/td>\n<\/tr>\n<\/tbody>\n<\/table>\n<\/td>\n<\/tr>\n<tr style=\"height: 47px;\">\n<td style=\"width: 216px; height: 47px;\">\n<div><\/div>\n<div><span style=\"font-size: small;\"><b>Vall\u00e8s Occidental\u00a0(22\/11\/18)<\/b><\/span><\/div>\n<\/td>\n<td style=\"width: 552px; height: 47px;\">\n<table style=\"border-collapse: collapse; width: 100%;\" border=\"1\">\n<tbody>\n<tr>\n<td style=\"width: 50%;\"><strong>Tallers a centre<\/strong><\/td>\n<td style=\"width: 50%;\"><strong>Compet\u00e8ncia digital docent<\/strong><\/td>\n<\/tr>\n<tr>\n<td style=\"width: 50%;\">\n<ul>\n<li>Rafa N\u00fa\u00f1ez, CFA La Creu de Barber\u00e0<\/li>\n<\/ul>\n<\/td>\n<td style=\"width: 50%;\">\n<ul>\n<li>Josep M\u00aa Silva, assessor TAC dels ST al Vall\u00e8s Occidental<\/li>\n<\/ul>\n<\/td>\n<\/tr>\n<\/tbody>\n<\/table>\n<\/td>\n<\/tr>\n<tr style=\"height: 78px;\">\n<td style=\"width: 216px; height: 78px;\">\n<div><\/div>\n<div><b><span style=\"font-size: small;\">Girona\u00a0(15\/11\/18)<\/span><\/b><\/div>\n<\/td>\n<td style=\"width: 552px; height: 78px;\">\n<table style=\"border-collapse: collapse; width: 100%;\" border=\"1\">\n<tbody>\n<tr>\n<td style=\"width: 50%;\"><strong>Tallers a centre<\/strong><\/td>\n<td style=\"width: 50%;\"><strong>Compet\u00e8ncia digital docent<\/strong><\/td>\n<\/tr>\n<tr>\n<td style=\"width: 50%;\">\n<ul>\n<li>Ester Vall, CFA Les Bernardes<\/li>\n<li>Jordi Pregonas, CFA Pla de l&#8217;Estany<\/li>\n<\/ul>\n<\/td>\n<td style=\"width: 50%;\"><a href=\"http:\/\/emaze.me\/cdd#Home\" target=\"_blank\" rel=\"noopener noreferrer\"><strong>Fer realitat l&#8217;assoliment de les compet\u00e8ncies digitals dels alumnes<\/strong><\/a><\/p>\n<ul>\n<li>Claudi Teixidor, assessor TAC dels ST a Girona<\/li>\n<\/ul>\n<\/td>\n<\/tr>\n<\/tbody>\n<\/table>\n<\/td>\n<\/tr>\n<tr style=\"height: 71px;\">\n<td style=\"width: 216px; height: 71px;\">\n<div><span style=\"font-size: small;\"><strong>\u00a0<\/strong><\/span><\/div>\n<div><span style=\"font-size: small;\"><b>Baix Llobregat (6\/11\/18)<\/b><\/span><\/div>\n<\/td>\n<td style=\"width: 552px; height: 71px;\">\n<div>\n<table style=\"border-collapse: collapse; width: 100%;\" border=\"1\">\n<tbody>\n<tr style=\"height: 26px;\">\n<td style=\"width: 50%; height: 26px;\"><strong>Tallers a centre<\/strong><\/td>\n<td style=\"width: 50%; height: 26px;\"><strong>Compet\u00e8ncia digital docent<\/strong><\/td>\n<\/tr>\n<tr style=\"height: 26px;\">\n<td style=\"width: 50%; height: 26px;\"><a href=\"https:\/\/www.powtoon.com\/online-presentation\/eMR8yyU00Hi\/?utm_campaign=copy%2Bshare%2Bby%2Bnon%2Blogged&amp;utm_medium=SocialShare&amp;mode=movie&amp;utm_source=player-page-social-share&amp;utm_content=eMR8yyU00Hi&amp;locale=en\" target=\"_blank\" rel=\"noopener noreferrer\"><strong>L&#8217;\u00fas did\u00e0ctic del Moodle<\/strong><\/a><\/p>\n<ul>\n<li>N\u00faria Saperas, CFA Garrosa<\/li>\n<\/ul>\n<\/td>\n<td style=\"width: 50%;\"><b><\/b><b><a href=\"http:\/\/geo.aumentaty.com\/info-espira\/\" target=\"_blank\" rel=\"noopener noreferrer\"><strong>Geolocalitzaci\u00f3<\/strong><\/a><\/b> amb dispositius m\u00f2bils i gamificaci\u00f3:<b> <a href=\"https:\/\/view.genial.ly\/5bdf7054196efa3f09407fc9\/una-cursa-digital-edicio-especia\" target=\"_blank\" rel=\"noopener noreferrer\"><strong>cursa digital<\/strong><\/a><\/b><\/p>\n<ul>\n<li>Josep M\u00aa Ru\u00e9, assessor TAC dels ST al Baix Llobregat<\/li>\n<\/ul>\n<\/td>\n<\/tr>\n<\/tbody>\n<\/table>\n<\/div>\n<\/td>\n<\/tr>\n<tr style=\"height: 116px;\">\n<td style=\"width: 216px; height: 116px;\">\n<div><b><span style=\"font-size: small;\">Consorci d\u2019Educaci\u00f3 de Barcelona\u00a0(30\/11\/18)<\/span><\/b><\/div>\n<\/td>\n<td style=\"width: 552px; height: 116px;\">\n<div>\n<table style=\"border-collapse: collapse; width: 100%;\" border=\"1\">\n<tbody>\n<tr>\n<td style=\"width: 50%;\"><strong>Tallers a centre<\/strong><\/td>\n<td style=\"width: 50%;\"><strong>Compet\u00e8ncia digital docent<\/strong><\/td>\n<\/tr>\n<tr>\n<td style=\"width: 50%;\">\n<ul>\n<li>Xavi Carnicer i Vict\u00f2ria Osuna, CFA Bon Pastor<\/li>\n<\/ul>\n<\/td>\n<td style=\"width: 50%;\"><a href=\"https:\/\/docs.google.com\/presentation\/d\/16XwFI4k--6l5Gdc53CczZuKx-aL5WvITMEw68bpaRpY\/edit?usp=sharing\" target=\"_blank\" rel=\"noopener noreferrer\"><strong>An\u00e0lisi de recursos digitals per al disseny d\u2019activitats i la planificaci\u00f3 did\u00e0ctica<\/strong><\/a><\/p>\n<ul>\n<li>Xavier Rosell, t\u00e8cnic del CRP de Ciutat Vella<\/li>\n<\/ul>\n<\/td>\n<\/tr>\n<\/tbody>\n<\/table>\n<\/div>\n<\/td>\n<\/tr>\n<\/tbody>\n<\/table>\n<ul>\n<li style=\"text-align: justify;\"><span style=\"color: #000000;\"><strong>COMPETIC: Avaluaci\u00f3 i novetats en el curr\u00edculum<\/strong><em>\u00a0<\/em><strong>(curs 2017-2018)<\/strong><\/span><\/li>\n<\/ul>\n<p style=\"text-align: justify;\">Trobades pedag\u00f2giques adre\u00e7ades al professorat de COMPETIC dels diferents SSTT, amb una vessant informativa, i una altra formativa, a trav\u00e9s de la realitzaci\u00f3 d&#8217;un taller sobre l&#8217;\u00fas del dispositius m\u00f2bils a l&#8217;aula de COMPETIC.<\/p>\n<table style=\"width: 766px; height: 93px;\">\n<tbody>\n<tr style=\"height: 5px;\">\n<td style=\"width: 152px; background-color: #980000; height: 5px;\"><span style=\"color: #ffffff;\"><strong>Presentaci\u00f3\u00a0general<\/strong><\/span><\/td>\n<td style=\"width: 606px; height: 5px;\" colspan=\"2\">\n<div><a href=\"https:\/\/drive.google.com\/file\/d\/1j1_j26Lr3nsZhpxfmyGn4SB7Tu54_quC\/view?usp=sharing\" target=\"_blank\" rel=\"noopener noreferrer\"><b>COMPETIC: Avaluaci\u00f3 i novetats en el curr\u00edculum<\/b><\/a><\/div>\n<div><\/div>\n<\/td>\n<\/tr>\n<tr style=\"height: 38px;\">\n<td style=\"width: 152px; background-color: #980000; height: 38px;\"><span style=\"color: #ffffff;\"><strong>Din\u00e0mica de grup<\/strong><\/span><\/td>\n<td style=\"width: 606px; height: 38px;\">\n<div><\/div>\n<div><span style=\"color: #800000;\"><strong>Top 25 app per a la ciutadania digital<\/strong><\/span><\/div>\n<div>&#8211;\u00a0<a href=\"https:\/\/docs.google.com\/presentation\/d\/1RgNENrDKo9k1QAX1QdyIYTqtIf93BHfVS6OmuWmdh7Y\/edit?usp=sharing\" target=\"_blank\" rel=\"noopener noreferrer\">Presentaci\u00f3<\/a><\/div>\n<div>&#8211;\u00a0<a href=\"https:\/\/drive.google.com\/drive\/folders\/1H-GwOvs1aLHgQTBY9j6nPEiDnLE93wcu?usp=sharing\" target=\"_blank\" rel=\"noopener noreferrer\">Gui\u00f3 i materials<\/a><\/div>\n<div>Xavier Su\u00f1\u00e9, t\u00e8cnic de l&#8217;\u00e0rea TAC als SSCC.<\/div>\n<div><\/div>\n<p>&nbsp;<\/p>\n<div><a href=\"https:\/\/padlet.com\/cteixid1\/m5t59wg09tvi\" target=\"_blank\" rel=\"noopener noreferrer\"><strong>Top 25 apps<\/strong><\/a><\/div>\n<div>Claudi Teixidor, assessor TAC als ST de Girona.<\/div>\n<div><\/div>\n<p>&nbsp;<\/p>\n<div><a href=\"https:\/\/drive.google.com\/file\/d\/1ucL6BhwPc6D4Rf1HPuaEevz82DmXDMi7\/view?usp=sharing\" target=\"_blank\" rel=\"noopener noreferrer\"><strong>L\u2019\u00fas del m\u00f2bil a l\u2019aula COMPETIC. Apps per a la ciutadania digital<\/strong><\/a><\/div>\n<div>Benito Mendoza, assessor TAC als ST de Barcelona-Comarques<\/div>\n<div><\/div>\n<div><\/div>\n<\/td>\n<td style=\"width: 606px; height: 38px;\">\n<div>\n<div><a href=\"https:\/\/sites.google.com\/xtec.cat\/les-apps-del-meu-mobil\/inici\" target=\"_blank\" rel=\"noopener noreferrer\"><strong>Les app del meu m\u00f2bil<\/strong><\/a><\/div>\n<div>Jaume Serra, assessor TAC dels ST a la Catalunya Central<\/div>\n<div><\/div>\n<p>&nbsp;<\/p>\n<div><a href=\"https:\/\/drive.google.com\/file\/d\/1DEdgg54cGfjPT7IbKjlhw5VPQsH6SLcu\/view?usp=sharing\" target=\"_blank\" rel=\"noopener noreferrer\"><strong>Apps destacades<\/strong><\/a><\/div>\n<div>Josep M\u00aa Ru\u00e9,\u00a0assessor TAC dels ST al\u00a0Baix Llobregat<\/div>\n<\/div>\n<\/td>\n<\/tr>\n<\/tbody>\n<\/table>\n<table style=\"width: 776px;\">\n<tbody>\n<tr>\n<td style=\"width: 239px; background-color: #a63838;\"><span style=\"color: #ffffff;\"><strong>\u00a0Serveis Territorials i data<\/strong><\/span><\/td>\n<td style=\"width: 529px; background-color: #a63838;\"><span style=\"color: #ffffff;\"><strong>\u00a0Pon\u00e8ncies<\/strong><\/span><\/td>\n<\/tr>\n<tr>\n<td style=\"width: 239px;\">\n<div><span style=\"font-size: small;\"><b>29\/01\/18<\/b><\/span><\/div>\n<div><span style=\"font-size: small;\"><b>Barcelona Comarques<\/b><\/span><\/div>\n<\/td>\n<td style=\"width: 529px;\">\n<div><strong>L\u2019\u00fas de les app de Google<\/strong><\/div>\n<div>Laura Velarde, docent al CFA Can Serra<\/div>\n<\/td>\n<\/tr>\n<tr>\n<td style=\"width: 239px;\">\n<div><span style=\"font-size: small;\"><strong>30\/1\/18<\/strong><\/span><\/div>\n<div><span style=\"font-size: small;\"><b>Lleida<\/b><\/span><\/div>\n<\/td>\n<td style=\"width: 529px;\"><\/td>\n<\/tr>\n<tr>\n<td style=\"width: 239px;\">\n<div><b><span style=\"font-size: small;\">31\/1\/18<\/span><\/b><\/div>\n<div><b><span style=\"font-size: small;\">Catalunya\u00a0<\/span><\/b><span style=\"font-size: small;\"><b>Central<\/b><\/span><\/div>\n<\/td>\n<td style=\"width: 529px;\">\n<div><a href=\"http:\/\/alexandria.xtec.cat\/course\/index.php?categoryid=5\" target=\"_blank\" rel=\"noopener noreferrer\"><strong>L\u2019\u00fas del Moodle a les classes de COMPETIC<\/strong><\/a><em>\u00a0<\/em><em>(cursos\u00a0<\/em>Moodle<em> COMPETIC 2 i COMPETIC 3\u00a0compartits a l&#8217;Alexandria)<\/em><\/div>\n<div>Mamen Ruiz, docent al CFA Solson\u00e8s<\/div>\n<p>&nbsp;<\/p>\n<div><\/div>\n<\/td>\n<\/tr>\n<tr>\n<td style=\"width: 239px;\">\n<div><span style=\"font-size: small;\"><strong>1\/2\/18<\/strong><\/span><\/div>\n<div><b><span style=\"font-size: small;\">Tarragona \/ Terres de l&#8217;Ebre<\/span><\/b><\/div>\n<\/td>\n<td style=\"width: 529px;\">\n<div><a href=\"https:\/\/prezi.com\/view\/8Q3lqdR3KqmtaQwZzSUD\/\" target=\"_blank\" rel=\"noopener noreferrer\"><strong>Adaptem els projectes a la realitat penitenci\u00e0ria<\/strong><\/a><\/div>\n<div>Arnau Esteban, docent al CFA Pau Casals<\/div>\n<\/td>\n<\/tr>\n<tr>\n<td style=\"width: 239px;\">\n<div><span style=\"font-size: small;\"><b>5\/2\/18<\/b><\/span><\/div>\n<div><span style=\"font-size: small;\"><b>Maresme-Vall\u00e8s Oriental<\/b><\/span><\/div>\n<\/td>\n<td style=\"width: 529px;\"><\/td>\n<\/tr>\n<tr>\n<td style=\"width: 239px;\">\n<div><strong>6\/2\/18<\/strong><\/div>\n<div><span style=\"font-size: small;\"><b>Vall\u00e8s Occidental<\/b><\/span><\/div>\n<\/td>\n<td style=\"width: 529px;\"><\/td>\n<\/tr>\n<tr>\n<td style=\"width: 239px;\">\n<div><strong>7\/2\/18<\/strong><\/div>\n<div><b><span style=\"font-size: small;\">Girona<\/span><\/b><\/div>\n<\/td>\n<td style=\"width: 529px;\">\n<div><a href=\"http:\/\/www.competenciadigital.cat\/home\" target=\"_blank\" rel=\"noopener noreferrer\"><strong>Recursos per a l\u2019aula de COMPETIC<\/strong><\/a><\/div>\n<div>M\u00f2nica S\u00e1nchez, docent al CFA La Selva)<\/div>\n<p>&nbsp;<\/p>\n<div><strong>Moodle @ la pres\u00f3<\/strong><\/div>\n<div>Soraya Alonso, Marina Casadevall i Carlos \u00a0Garc\u00eda, docents al CFA Tramuntana<\/div>\n<\/td>\n<\/tr>\n<tr>\n<td style=\"width: 239px;\">\n<div><span style=\"font-size: small;\"><strong>13\/2\/18\u00a0\u00a0<\/strong><\/span><\/div>\n<div><span style=\"font-size: small;\"><b>Baix Llobregat<\/b><\/span><\/div>\n<\/td>\n<td style=\"width: 529px;\">\n<div><strong>Moodle + COMPETIC<\/strong><\/div>\n<div>Jorge S\u00e1nchez, docent al CFA Cornell\u00e0.<\/div>\n<div><\/div>\n<p>&nbsp;<\/p>\n<div><a href=\"https:\/\/docs.google.com\/presentation\/d\/1sO6dbbQNIYwqyolBlObWzZh59YMzmAVfz48o_4czEh8\/edit?usp=sharing\" target=\"_blank\" rel=\"noopener noreferrer\"><strong>Projectes i experi\u00e8ncies intercentres per promoure la transversalitat dels continguts des de l&#8217;\u00e0rea de COMPETIC<\/strong><\/a><\/div>\n<div>Oriol Romero i Yolanda Ramos , docents al CFA Cornell\u00e0, i Ariana P\u00e9rez, docent al CFA Ed\u00e8lia Hern\u00e1ndez (Viladecans).<\/div>\n<div><\/div>\n<p>&nbsp;<\/p>\n<div><a href=\"https:\/\/prezi.com\/i3qydrlvtmaq\/projecte-qr-poemes\/?utm_campaign=share&amp;utm_medium=copy\" target=\"_blank\" rel=\"noopener noreferrer\"><strong>QR Poemes<\/strong><\/a><\/div>\n<div>Laureano P\u00e9rez, docent al CFA Arquitecte Jujol (Sant Joan Desp\u00ed).<\/div>\n<\/td>\n<\/tr>\n<tr>\n<td style=\"width: 239px;\">\n<div><b><span style=\"font-size: small;\">15\/2\/18\u00a0\u00a0<\/span><\/b><\/div>\n<div><b><span style=\"font-size: small;\">Consorci d\u2019Educaci\u00f3 de Barcelona<\/span><\/b><\/div>\n<\/td>\n<td style=\"width: 529px;\">\n<div><a href=\"https:\/\/drive.google.com\/file\/d\/0B1crcDZ6J5qqdHZRWllWa2RYOHZpV3hDSWJZVGFXRloycnRR\/view?usp=sharing\" target=\"_blank\" rel=\"noopener noreferrer\"><strong>PostCart: del cartell a les postals<\/strong><\/a><\/div>\n<div>Dolors Torner, Antonia Borrajo i Palmira Rimblas, docents del CFA Rius i Taulet<\/div>\n<p>&nbsp;<\/p>\n<div><a href=\"https:\/\/docs.google.com\/presentation\/d\/1rdm9A9p4jZfJ9VJjFIKE21HQ1cYs_q13QN7eeNnso_M\/edit#slide=id.g2a5c5720c6_0_193\" target=\"_blank\" rel=\"noopener noreferrer\"><strong>Flipped Classroom, de la presencialitat a la virtualitat<\/strong><\/a><\/div>\n<div>Joan Padr\u00f3s, docent i director del CFA Palau de Mar<\/div>\n<p>&nbsp;<\/p>\n<div><a href=\"https:\/\/drive.google.com\/file\/d\/1U3l2-FDbEq5xTUaA7TH9bPheCj5GkYlz\/view?usp=sharing\" target=\"_blank\" rel=\"noopener noreferrer\"><strong>Treballem GES i COMPETIC<\/strong><\/a><\/div>\n<div>Xavier I\u00f1\u00edguez, Albert Granollers, Marta Ferrer i Carlos Serrano, docents del CFA El Clot.<\/div>\n<\/td>\n<\/tr>\n<\/tbody>\n<\/table>\n","protected":false},"excerpt":{"rendered":"<p>Trobades formatives<\/p>\n<ul>\n<li style=\"text-align: justify;\">COMPETIC: Perspectives de futur\u00a0(curs 2018-2019)<\/li>\n<\/ul>\n<p>Trobades pedag\u00f2giques adre\u00e7ades al professorat de COMPETIC dels diferents SSTT, amb una vessant informativa, i una altra formativa, a trav\u00e9s de la realitzaci\u00f3 d&#8217;un taller sobre l&#8217;\u00fas del dispositius m\u00f2bils a l&#8217;aula de COMPETIC.<\/p>\n<p>Presentaci\u00f3\u00a0general<\/p>\n<p><a href=\"https:\/\/drive.google.com\/file\/d\/1olI6HMEhz6-ZhwoWk-Zr_3V00p7cXZwU\/view?usp=sharing\" target=\"_blank\" rel=\"noopener noreferrer\">Informacions&hellip;  <a href=\"https:\/\/projectes.xtec.cat\/xarxadults\/activitats-2\/jornades-i-trobades-pedagogiques\/competic\/\" title=\"Read COMPETIC\">Llegeix m\u00e9s\u00bb<\/a><\/p>\n","protected":false},"author":3,"featured_media":0,"parent":13345,"menu_order":110,"comment_status":"closed","ping_status":"closed","template":"page-templates\/side-menu.php","meta":{"_bbp_topic_count":0,"_bbp_reply_count":0,"_bbp_total_topic_count":0,"_bbp_total_reply_count":0,"_bbp_voice_count":0,"_bbp_anonymous_reply_count":0,"_bbp_topic_count_hidden":0,"_bbp_reply_count_hidden":0,"_bbp_forum_subforum_count":0,"footnotes":""},"class_list":["post-8803","page","type-page","status-publish","hentry"],"post_mailing_queue_ids":[],"_links":{"self":[{"href":"https:\/\/projectes.xtec.cat\/xarxadults\/wp-json\/wp\/v2\/pages\/8803","targetHints":{"allow":["GET"]}}],"collection":[{"href":"https:\/\/projectes.xtec.cat\/xarxadults\/wp-json\/wp\/v2\/pages"}],"about":[{"href":"https:\/\/projectes.xtec.cat\/xarxadults\/wp-json\/wp\/v2\/types\/page"}],"author":[{"embeddable":true,"href":"https:\/\/projectes.xtec.cat\/xarxadults\/wp-json\/wp\/v2\/users\/3"}],"replies":[{"embeddable":true,"href":"https:\/\/projectes.xtec.cat\/xarxadults\/wp-json\/wp\/v2\/comments?post=8803"}],"version-history":[{"count":3,"href":"https:\/\/projectes.xtec.cat\/xarxadults\/wp-json\/wp\/v2\/pages\/8803\/revisions"}],"predecessor-version":[{"id":12886,"href":"https:\/\/projectes.xtec.cat\/xarxadults\/wp-json\/wp\/v2\/pages\/8803\/revisions\/12886"}],"up":[{"embeddable":true,"href":"https:\/\/projectes.xtec.cat\/xarxadults\/wp-json\/wp\/v2\/pages\/13345"}],"wp:attachment":[{"href":"https:\/\/projectes.xtec.cat\/xarxadults\/wp-json\/wp\/v2\/media?parent=8803"}],"curies":[{"name":"wp","href":"https:\/\/api.w.org\/{rel}","templated":true}]}}