{"id":8808,"date":"2018-01-14T12:19:35","date_gmt":"2018-01-14T11:19:35","guid":{"rendered":"http:\/\/projectes.xtec.cat\/xarxadults\/?page_id=8808"},"modified":"2022-01-20T09:55:56","modified_gmt":"2022-01-20T08:55:56","slug":"professorat-novell-en-cfa","status":"publish","type":"page","link":"https:\/\/projectes.xtec.cat\/xarxadults\/activitats-2\/jornades-i-trobades-pedagogiques\/professorat-novell-en-cfa\/","title":{"rendered":"Professorat novell en CFA"},"content":{"rendered":"<h5><b>Trobada formativa per al professorat novell en l&#8217;educaci\u00f3 d&#8217;adults<\/b><\/h5>\n<p align=\"justify\"><strong>Curs 2021-2022:<\/strong> Sessi\u00f3 telem\u00e0tica realitzada el 9 de setembre de 2021.<\/p>\n<p align=\"justify\">Els objectius d\u2019aquesta activitat formativa s\u00f3n:<\/p>\n<ul>\n<li>Informar al professorat de nova incorporaci\u00f3 sobre les caracter\u00edstiques principals i particularitats de l&#8217;educaci\u00f3 en centres de formaci\u00f3 d\u2019adults (normativa, ensenyaments, curr\u00edculum&#8230;)<\/li>\n<li>Aportar, a trav\u00e9s de diferents pr\u00e0ctiques, elements te\u00f2rics sobre els processos d&#8217;aprenentatge de les persones adultes, i sistemes i pautes metodol\u00f2giques adequats al diferent perfil dels alumnes.<\/li>\n<li>Informar dels projectes que el Departament d&#8217;Educaci\u00f3 iniciar\u00e0 aquest curs als CFA.<\/li>\n<\/ul>\n<p>La sessi\u00f3 inclou un espai dedicat exclusivament al professorat novell en centres d\u2019adults en seu penitenci\u00e0ria.<\/p>\n<p>El programa de la sessi\u00f3 es troba a <strong><span style=\"color: #993300;\"><a style=\"color: #993300;\" href=\"https:\/\/drive.google.com\/file\/d\/1RhLMiy5EAQCB7ozG15c4_FvgH8vJmX_r\/view?usp=sharing\">Programa<\/a>.<\/span><\/strong><\/p>\n<table style=\"width: 1002px; height: 93px;\">\n<tbody>\n<tr style=\"height: 2px;\">\n<td style=\"width: 153px; background-color: #980000; height: 2px;\"><span style=\"color: #ffffff;\"><strong>PRESENTACIONS DE LA JORNADA<\/strong><\/span><\/td>\n<td style=\"width: 841px; height: 2px;\">\n<ul>\n<li><span style=\"color: #993300;\"><strong><a href=\"https:\/\/drive.google.com\/file\/d\/145-eH_X7AP_0EnBPAY9sVS1Pw_lRBq7x\/view?usp=sharing\" target=\"_blank\" rel=\"noopener noreferrer\">Informaci\u00f3 general i oferta formativa dels CFA<\/a>. <\/strong><\/span>T\u00e8cnics del Servei d&#8217;Educaci\u00f3 al llarg de la vida<\/li>\n<li><span style=\"color: #993300;\"><strong><a href=\"https:\/\/drive.google.com\/file\/d\/1wksd9N9LCFTriOU6YqCw99_vk026go9D\/view?usp=sharing\" target=\"_blank\" rel=\"noopener noreferrer\">L\u2019educaci\u00f3 d\u2019adults als centres penitenciaris.<\/a> <\/strong><\/span>Sra. Elvira S\u00e1nchez Valbuena, directora del CFA Santiago Rusi\u00f1ol, i Sr. Josep Llu\u00eds Sanjuan Cantos, director del CFA Victor Catal\u00e0<\/li>\n<\/ul>\n<\/td>\n<\/tr>\n<\/tbody>\n<\/table>\n<p align=\"justify\"><strong>Curs 2020-2021:<\/strong> Sessi\u00f3 telem\u00e0tica realitzada el 15 de setembre de 2020.<\/p>\n<p align=\"justify\">Els objectius d\u2019aquesta activitat formativa s\u00f3n:<\/p>\n<ul>\n<li>Informar al professorat de nova incorporaci\u00f3 sobre les caracter\u00edstiques principals i particularitats de l&#8217;educaci\u00f3 en centres de formaci\u00f3 d\u2019adults (normativa, ensenyaments, curr\u00edculum&#8230;)<\/li>\n<li>Aportar, a trav\u00e9s de diferents pr\u00e0ctiques, elements te\u00f2rics sobre els processos d&#8217;aprenentatge de les persones adultes, i sistemes i pautes metodol\u00f2giques adequats al diferent perfil dels alumnes.<\/li>\n<li>Informar dels projectes que el Departament d&#8217;Educaci\u00f3 iniciar\u00e0 aquest curs als CFA.<\/li>\n<\/ul>\n<p>La sessi\u00f3 inclou un espai dedicat exclusivament al professorat novell en centres d\u2019adults en seu penitenci\u00e0ria.<\/p>\n<p>El programa de la sessi\u00f3 es troba a <strong><span style=\"color: #993300;\"><a style=\"color: #993300;\" href=\"https:\/\/projectes.xtec.cat\/xarxadults\/wp-content\/uploads\/usu1741\/2020\/09\/Programa-jorn.-form.-novells-set20.pdf\">Programa<\/a>.<\/span><\/strong><\/p>\n<table style=\"width: 1002px; height: 93px;\">\n<tbody>\n<tr style=\"height: 2px;\">\n<td style=\"width: 153px; background-color: #980000; height: 2px;\"><span style=\"color: #ffffff;\"><strong>PRESENTACIONS DE LA JORNADA<\/strong><\/span><\/td>\n<td style=\"width: 841px; height: 2px;\">\n<ul>\n<li><span style=\"color: #993300;\"><strong><a href=\"https:\/\/projectes.xtec.cat\/xarxadults\/wp-content\/uploads\/usu1741\/2020\/09\/PRESENTACI\u00d3_ASSISTENTS_NOVELLS_2021.pdf\" target=\"_blank\" rel=\"noopener noreferrer\">Oferta formativa dels CFA<\/a>. <\/strong><\/span>T\u00e8cnics del Servei d&#8217;Educaci\u00f3 al llarg de la vida<\/li>\n<li><span style=\"color: #993300;\"><strong><a href=\"https:\/\/projectes.xtec.cat\/xarxadults\/wp-content\/uploads\/usu1741\/2020\/09\/PRESENTACI\u00d3_ORIENTACI\u00d3_NOVELLS_2021.pdf\">L\u2019orientaci\u00f3 educativa: factor clau d\u2019\u00e8xit en l\u2019educaci\u00f3 de persones adultes<\/a>.\u00a0<\/strong><\/span>Sra. Pilar Caball\u00e9 Tud\u00f3 i la Sra. Rosa Fern\u00e0ndez Rosales, formadores del Projecte d\u2019Orientaci\u00f3 Educativa en CFA<\/li>\n<li><span style=\"color: #993300;\"><strong><a href=\"https:\/\/projectes.xtec.cat\/xarxadults\/wp-content\/uploads\/usu1741\/2020\/09\/PRESENTACI\u00d3_PRESONS_NOVELLS_2021.pdf\" target=\"_blank\" rel=\"noopener noreferrer\">L\u2019educaci\u00f3 d\u2019adults als centres penitenciaris.<\/a> <\/strong><\/span>Sra. Elvira S\u00e1nchez Valbuena, directora del CFA Santiago Rusi\u00f1ol, i Sr. Josep Llu\u00eds Sanjuan Cantos, director del CFA Victor Catal\u00e0<\/li>\n<\/ul>\n<\/td>\n<\/tr>\n<\/tbody>\n<\/table>\n<p align=\"justify\"><strong>Curs 2019-2020:<\/strong> Sessi\u00f3 realitzada el 13 de setembre de 2019 als Serveis Centrals del Departament d\u2019Educaci\u00f3.<\/p>\n<p align=\"justify\">Els objectius d\u2019aquesta activitat formativa s\u00f3n:<\/p>\n<ul>\n<li>Informar al professorat de nova incorporaci\u00f3 sobre les caracter\u00edstiques principals i particularitats de l&#8217;Educaci\u00f3 d\u2019Adults (normativa, ensenyaments, curr\u00edculum)<\/li>\n<li>Aportar, a trav\u00e9s de diferents pr\u00e0ctiques, elements te\u00f2rics sobre els processos d&#8217;aprenentatge de les persones adultes, i sistemes i pautes metodol\u00f2giques adequats al diferent perfil dels alumnes.<\/li>\n<\/ul>\n<p>La sessi\u00f3 inclou un espai dedicat expressament al professorat novell en centres d\u2019adults en seu penitenci\u00e0ria.<\/p>\n<p><span style=\"color: #993300;\"><strong><a style=\"color: #993300;\" href=\"https:\/\/projectes.xtec.cat\/xarxadults\/wp-content\/uploads\/usu1741\/2019\/10\/Programa-formaci\u00f3-novells-2019.pdf\" target=\"_blank\" rel=\"noopener noreferrer\">Programa<\/a><\/strong><\/span> de la sessi\u00f3<\/p>\n<table style=\"width: 1002px; height: 93px;\">\n<tbody>\n<tr style=\"height: 2px;\">\n<td style=\"width: 153px; background-color: #980000; height: 2px;\"><span style=\"color: #ffffff;\"><strong>Presentacions<\/strong><\/span><\/td>\n<td style=\"width: 841px; height: 2px;\">\n<ul>\n<li><a href=\"https:\/\/projectes.xtec.cat\/xarxadults\/wp-content\/uploads\/usu1741\/2019\/09\/adults_novells_neus2019.pdf\" target=\"_blank\" rel=\"noopener noreferrer\"><span style=\"color: #993300;\"><strong>Jornada d&#8217;acollida del professorat novell as centres CFA<\/strong><\/span><\/a><strong>.\u00a0<\/strong><\/li>\n<li><b><\/b><strong><a style=\"color: #993300;\" href=\"https:\/\/projectes.xtec.cat\/xarxadults\/wp-content\/uploads\/usu1741\/2019\/09\/Jornada-Professorat-Novell-2019.pdf\" target=\"_blank\" rel=\"noopener noreferrer\">Informaci\u00f3 general sobre els CFA<\/a>. <\/strong>Organitzaci\u00f3, metodologia i recursos per a la formaci\u00f3 de les persones adultes<\/li>\n<li><a href=\"https:\/\/projectes.xtec.cat\/xarxadults\/wp-content\/uploads\/usu1741\/2019\/09\/adults_novells_emocions_Rita2019.pdf\" target=\"_blank\" rel=\"noopener noreferrer\"><span style=\"color: #993300;\"><strong>Els CFA uns espais d&#8217;oportunitats a partir de les emocions<\/strong><\/span><\/a><\/li>\n<\/ul>\n<\/td>\n<\/tr>\n<\/tbody>\n<\/table>\n","protected":false},"excerpt":{"rendered":"<p>Trobada formativa per al professorat novell en l&#8217;educaci\u00f3 d&#8217;adults<br \/>\nCurs 2021-2022: Sessi\u00f3 telem\u00e0tica realitzada el 9 de setembre de 2021.<br \/>\nEls objectius d\u2019aquesta activitat formativa s\u00f3n:<\/p>\n<ul>\n<li>Informar al professorat de nova incorporaci\u00f3 sobre les caracter\u00edstiques principals i particularitats de l&#8217;educaci\u00f3 en centres de formaci\u00f3 d\u2019adults (normativa, ensenyaments, curr\u00edculum&#8230;)<\/li>\n<li>Aportar,&hellip;  <a href=\"https:\/\/projectes.xtec.cat\/xarxadults\/activitats-2\/jornades-i-trobades-pedagogiques\/professorat-novell-en-cfa\/\" title=\"Read Professorat novell en CFA\">Llegeix m\u00e9s\u00bb<\/a><br \/>\n","protected":false},"author":3,"featured_media":0,"parent":13345,"menu_order":80,"comment_status":"closed","ping_status":"closed","template":"page-templates\/side-menu.php","meta":{"_bbp_topic_count":0,"_bbp_reply_count":0,"_bbp_total_topic_count":0,"_bbp_total_reply_count":0,"_bbp_voice_count":0,"_bbp_anonymous_reply_count":0,"_bbp_topic_count_hidden":0,"_bbp_reply_count_hidden":0,"_bbp_forum_subforum_count":0,"footnotes":""},"class_list":["post-8808","page","type-page","status-publish","hentry"],"post_mailing_queue_ids":[],"_links":{"self":[{"href":"https:\/\/projectes.xtec.cat\/xarxadults\/wp-json\/wp\/v2\/pages\/8808","targetHints":{"allow":["GET"]}}],"collection":[{"href":"https:\/\/projectes.xtec.cat\/xarxadults\/wp-json\/wp\/v2\/pages"}],"about":[{"href":"https:\/\/projectes.xtec.cat\/xarxadults\/wp-json\/wp\/v2\/types\/page"}],"author":[{"embeddable":true,"href":"https:\/\/projectes.xtec.cat\/xarxadults\/wp-json\/wp\/v2\/users\/3"}],"replies":[{"embeddable":true,"href":"https:\/\/projectes.xtec.cat\/xarxadults\/wp-json\/wp\/v2\/comments?post=8808"}],"version-history":[{"count":4,"href":"https:\/\/projectes.xtec.cat\/xarxadults\/wp-json\/wp\/v2\/pages\/8808\/revisions"}],"predecessor-version":[{"id":13349,"href":"https:\/\/projectes.xtec.cat\/xarxadults\/wp-json\/wp\/v2\/pages\/8808\/revisions\/13349"}],"up":[{"embeddable":true,"href":"https:\/\/projectes.xtec.cat\/xarxadults\/wp-json\/wp\/v2\/pages\/13345"}],"wp:attachment":[{"href":"https:\/\/projectes.xtec.cat\/xarxadults\/wp-json\/wp\/v2\/media?parent=8808"}],"curies":[{"name":"wp","href":"https:\/\/api.w.org\/{rel}","templated":true}]}}