{"id":8814,"date":"2018-01-14T12:34:44","date_gmt":"2018-01-14T11:34:44","guid":{"rendered":"http:\/\/projectes.xtec.cat\/xarxadults\/?page_id=8814"},"modified":"2022-01-20T09:58:52","modified_gmt":"2022-01-20T08:58:52","slug":"cfa-municipals","status":"publish","type":"page","link":"https:\/\/projectes.xtec.cat\/xarxadults\/activitats-2\/jornades-i-trobades-pedagogiques\/cfa-municipals\/","title":{"rendered":"CFA municipals"},"content":{"rendered":"<h5><b>Trobades\u00a0formatives\u00a0<\/b><b>\u00a0<\/b><\/h5>\n<p align=\"justify\">L\u2019objectiu d\u2019aquestes activitats formatives \u00e9s:<\/p>\n<p align=\"justify\">-Proporcionar informaci\u00f3 sobre les condicions espec\u00edfiques i la documentaci\u00f3 de l\u2019avaluaci\u00f3 dels ensenyaments de lleng\u00fces i COMPETIC i els efectes de la certificaci\u00f3, aix\u00ed com el curr\u00edculum i la normativa espec\u00edfica pels centres p\u00fablics que no depenen del Departament d\u2019Ensenyament i que han estat autoritzats a impartir aquests ensenyaments al llarg del curs.<\/p>\n<h5><strong>Curs 2017-18<\/strong><\/h5>\n<ul style=\"list-style-type: square;\">\n<li><strong><span style=\"color: #800000;\">Equips directius de centres municipals autoritzats a impartir COMPETIC i Lleng\u00fces i de centres interessats en demanar l&#8217;autoritzaci\u00f3 per al curs 2018-2019 <\/span><\/strong><em><span style=\"color: #800000;\">(<\/span><span style=\"color: #800000;\">Sessi\u00f3 realitzada el 2 de juliol de 2018\u00a0als Serveis Centrals del Departament d\u2019Ensenyament)<\/span><\/em><\/li>\n<\/ul>\n<table style=\"width: 766px; height: 93px;\">\n<tbody>\n<tr style=\"height: 2px;\">\n<td style=\"width: 152px; background-color: #980000; height: 2px;\"><span style=\"color: #ffffff;\"><strong>Presentaci\u00f3<\/strong><\/span><\/td>\n<td style=\"width: 606px; height: 2px;\">\n<ul>\n<li><a href=\"https:\/\/drive.google.com\/file\/d\/1X0sM6q8DC04XPYdW_Wbka_IrNv8q5MAf\/view?usp=sharing\" target=\"_blank\" rel=\"noopener noreferrer\">Sessi\u00f3 informativa per als centres p\u00fablics que no depenen del Departament d\u2019Ensenyament i han sol\u00b7licitat o sol\u00b7licitaran per al curs 2018-2019 autoritzaci\u00f3 per a impartir amb reconeixement els ensenyaments de lleng\u00fces i\/o compet\u00e8ncia digital.<\/a><\/li>\n<\/ul>\n<\/td>\n<\/tr>\n<\/tbody>\n<\/table>\n<ul style=\"list-style-type: square;\">\n<li><span style=\"color: #800000;\"><strong>Professorat\u00a0 de COMPETIC\u00a0i Lleng\u00fces\u00a0 de centres municipals autoritzats<\/strong> <em>(Sessi\u00f3 realitzada el 19 d&#8217;octubre de 2017 als Serveis Centrals del Departament d\u2019Ensenyament)<\/em><\/span><\/li>\n<\/ul>\n<table style=\"width: 766px; height: 93px;\">\n<tbody>\n<tr style=\"height: 2px;\">\n<td style=\"width: 152px; background-color: #980000; height: 2px;\"><span style=\"color: #ffffff;\"><strong>Presentaci\u00f3<\/strong><\/span><\/td>\n<td style=\"width: 606px; height: 2px;\">\n<ul>\n<li><a href=\"http:\/\/xtec.gencat.cat\/web\/.content\/curriculum\/educacioadults\/trobades-pedagogiques\/Presentacio-Municipals_-19-de-octubre-de-2017.pdf\" target=\"_blank\" rel=\"noopener noreferrer\">Sessi\u00f3 informativa per als centres municipals autoritzats per al curs 2017-2018 a impartir amb reconeixement els ensenyaments de lleng\u00fces i compet\u00e8ncia digital <\/a><\/li>\n<\/ul>\n<\/td>\n<\/tr>\n<\/tbody>\n<\/table>\n","protected":false},"excerpt":{"rendered":"<p>Trobades\u00a0formatives\u00a0\u00a0<br \/>\nL\u2019objectiu d\u2019aquestes activitats formatives \u00e9s:<br \/>\n-Proporcionar informaci\u00f3 sobre les condicions espec\u00edfiques i la documentaci\u00f3 de l\u2019avaluaci\u00f3 dels ensenyaments de lleng\u00fces i COMPETIC i els efectes de la certificaci\u00f3, aix\u00ed com el curr\u00edculum i la normativa espec\u00edfica pels centres p\u00fablics que no depenen del Departament d\u2019Ensenyament i&hellip;  <a href=\"https:\/\/projectes.xtec.cat\/xarxadults\/activitats-2\/jornades-i-trobades-pedagogiques\/cfa-municipals\/\" title=\"Read CFA municipals\">Llegeix m\u00e9s\u00bb<\/a><\/p>\n","protected":false},"author":3,"featured_media":0,"parent":13345,"menu_order":120,"comment_status":"closed","ping_status":"closed","template":"page-templates\/side-menu.php","meta":{"_bbp_topic_count":0,"_bbp_reply_count":0,"_bbp_total_topic_count":0,"_bbp_total_reply_count":0,"_bbp_voice_count":0,"_bbp_anonymous_reply_count":0,"_bbp_topic_count_hidden":0,"_bbp_reply_count_hidden":0,"_bbp_forum_subforum_count":0,"footnotes":""},"class_list":["post-8814","page","type-page","status-publish","hentry"],"post_mailing_queue_ids":[],"_links":{"self":[{"href":"https:\/\/projectes.xtec.cat\/xarxadults\/wp-json\/wp\/v2\/pages\/8814","targetHints":{"allow":["GET"]}}],"collection":[{"href":"https:\/\/projectes.xtec.cat\/xarxadults\/wp-json\/wp\/v2\/pages"}],"about":[{"href":"https:\/\/projectes.xtec.cat\/xarxadults\/wp-json\/wp\/v2\/types\/page"}],"author":[{"embeddable":true,"href":"https:\/\/projectes.xtec.cat\/xarxadults\/wp-json\/wp\/v2\/users\/3"}],"replies":[{"embeddable":true,"href":"https:\/\/projectes.xtec.cat\/xarxadults\/wp-json\/wp\/v2\/comments?post=8814"}],"version-history":[{"count":3,"href":"https:\/\/projectes.xtec.cat\/xarxadults\/wp-json\/wp\/v2\/pages\/8814\/revisions"}],"predecessor-version":[{"id":12887,"href":"https:\/\/projectes.xtec.cat\/xarxadults\/wp-json\/wp\/v2\/pages\/8814\/revisions\/12887"}],"up":[{"embeddable":true,"href":"https:\/\/projectes.xtec.cat\/xarxadults\/wp-json\/wp\/v2\/pages\/13345"}],"wp:attachment":[{"href":"https:\/\/projectes.xtec.cat\/xarxadults\/wp-json\/wp\/v2\/media?parent=8814"}],"curies":[{"name":"wp","href":"https:\/\/api.w.org\/{rel}","templated":true}]}}