{"id":8817,"date":"2018-01-14T12:42:50","date_gmt":"2018-01-14T11:42:50","guid":{"rendered":"http:\/\/projectes.xtec.cat\/xarxadults\/?page_id=8817"},"modified":"2022-01-20T09:59:25","modified_gmt":"2022-01-20T08:59:25","slug":"cfa-ubicats-en-seu-penitenciaria","status":"publish","type":"page","link":"https:\/\/projectes.xtec.cat\/xarxadults\/activitats-2\/jornades-i-trobades-pedagogiques\/cfa-ubicats-en-seu-penitenciaria\/","title":{"rendered":"CFA ubicats en seu penitenci\u00e0ria"},"content":{"rendered":"<h5><span style=\"color: #980000;\">Trobades\u00a0formatives curs 2018-2019<\/span><\/h5>\n<ul>\n<li style=\"text-align: justify;\"><b>Neurodid\u00e0ctica i gesti\u00f3 emocional a l\u2019&#8217;aula <\/b>(Barcelona, 13 de setembre de 2018)<\/li>\n<\/ul>\n<p>Els objectius principals d&#8217;aquesta trobada s\u00f3n con\u00e8ixer els principis b\u00e0sics de la neurodid\u00e0ctica aplicada a l&#8217;aula en el context penitenciari,\u00a0presentar la teoria de les intel\u00b7lig\u00e8ncies m\u00faltiples i la intel\u00b7lig\u00e8ncia emocional, con\u00e8ixer els principis b\u00e0sics te\u00f2rics de l\u2019or\u00edgen dels conflictes. i reflexionar sobre la import\u00e0ncia de la gesti\u00f3 de les emocions dins i fora de l\u2019aula i l\u2019&#8217;autolideratge.<\/p>\n<table style=\"width: 766px; height: 93px;\">\n<tbody>\n<tr style=\"height: 31px;\">\n<td style=\"width: 152px; background-color: #980000; height: 31px;\"><span style=\"color: #ffffff;\"><strong>Presentacions\u00a0<\/strong><\/span><\/td>\n<td style=\"width: 606px; height: 31px;\">\n<ul>\n<li><a href=\"https:\/\/drive.google.com\/file\/d\/1t41GwP6kanp-qMmx7ib8dd0uZKGiQ6yq\/view?usp=sharing\" target=\"_blank\" rel=\"noopener noreferrer\"><em>Intel\u00b7lig\u00e8ncies m\u00faltiples, intel\u00b7lig\u00e8ncia emocional i origen del conflicte<\/em><\/a><a href=\"http:\/\/xtec.gencat.cat\/web\/.content\/curriculum\/educacioadults\/trobades-pedagogiques\/Atencio-i-memoria-en-laprenentatge_Jesus-C.-Guillen.pdf\" target=\"_blank\" rel=\"noopener noreferrer\"><em>,<\/em>\u00a0<\/a>a c\u00e0rrec de\u00a0David Bueno.<\/li>\n<li><em><a href=\"https:\/\/drive.google.com\/file\/d\/1HPdVNuZDTmuOxEVcN2wDQtFQi_CPIV8f\/view?usp=sharing\" target=\"_blank\" rel=\"noopener noreferrer\">La gesti\u00f3 de les emocions dins i fora de l&#8217;aula: docents i alumnes<\/a>,<\/em> a c\u00e0rrec de Maribel Salvador.<\/li>\n<li><a href=\"https:\/\/drive.google.com\/file\/d\/13KLhAih60CMdkEu_JimFM2GJhEmheXqF\/view?usp=sharing\" target=\"_blank\" rel=\"noopener noreferrer\"><em>T\u00e8cniques d&#8217;educaci\u00f3 emocional i de treball cooperatiu per a aplicar a l&#8217;aula<\/em><\/a>, a c\u00e0rrec de Laia Casas.<\/li>\n<\/ul>\n<\/td>\n<\/tr>\n<\/tbody>\n<\/table>\n<h5><\/h5>\n<p>&nbsp;<\/p>\n<h5><span style=\"color: #980000;\">Trobades\u00a0formatives curs 2017-2018<\/span><\/h5>\n<ul>\n<li style=\"text-align: justify;\"><b>Gamificaci\u00f3 i formaci\u00f3 d&#8217;adults\u00a0<\/b>(Barcelona, 18 d&#8217;abril de 2018)<\/li>\n<\/ul>\n<p>L&#8217;objectiu principal d&#8217;aquesta trobada \u00e9s con\u00e8ixer la metodologia de l\u2019aprenentatge basat en el joc o gamificaci\u00f3, aplicada als centres de formaci\u00f3 d\u2019adults en seu penitenci\u00e0ria.<\/p>\n<table style=\"width: 766px; height: 93px;\">\n<tbody>\n<tr style=\"height: 31px;\">\n<td style=\"width: 152px; background-color: #980000; height: 31px;\"><span style=\"color: #ffffff;\"><strong>Presentacions\u00a0<\/strong><\/span><\/td>\n<td style=\"width: 606px; height: 31px;\">\n<ul>\n<li><a href=\"https:\/\/www.dropbox.com\/sh\/9d9ialate1yy2c6\/AADgfjVCWT-obI3xPxhw0gH4a?dl=0\" target=\"_blank\" rel=\"noopener noreferrer\">Gamificaci\u00f3 i aprenentatge basat en jocs, una oportunitat per a la transformaci\u00f3<\/a><a href=\"http:\/\/xtec.gencat.cat\/web\/.content\/curriculum\/educacioadults\/trobades-pedagogiques\/Atencio-i-memoria-en-laprenentatge_Jesus-C.-Guillen.pdf\" target=\"_blank\" rel=\"noopener noreferrer\">,\u00a0<\/a>a c\u00e0rrec de\u00a0Oriol Ripoll<\/li>\n<\/ul>\n<\/td>\n<\/tr>\n<\/tbody>\n<\/table>\n<ul>\n<li style=\"text-align: justify;\"><strong>Neuroci\u00e8ncia, emoci\u00f3 i aprenentatge en els CFA en seu penitenci\u00e0ria <\/strong>(Barcelona, 13 de setembre de 2017)<\/li>\n<\/ul>\n<p style=\"text-align: justify;\">Aquesta trobada t\u00e9 per objectiu de con\u00e8ixer els <strong>principis b\u00e0sics de la neuroci\u00e8ncia aplicada a l\u2019aula en el context penitenciari<\/strong>, reflexionar sobre la import\u00e0ncia de les emocions en l\u2019aprenentatge i con\u00e8ixer estrat\u00e8gies neuroeducatives per aplicar a les aules.<\/p>\n<table style=\"width: 766px; height: 93px;\">\n<tbody>\n<tr style=\"height: 31px;\">\n<td style=\"width: 152px; background-color: #980000; height: 31px;\"><span style=\"color: #ffffff;\"><strong>Presentacions\u00a0<\/strong><\/span><\/td>\n<td style=\"width: 606px; height: 31px;\">\n<ul>\n<li><a href=\"http:\/\/xtec.gencat.cat\/web\/.content\/curriculum\/educacioadults\/trobades-pedagogiques\/Atencio-i-memoria-en-laprenentatge_Jesus-C.-Guillen.pdf\" target=\"_blank\" rel=\"noopener noreferrer\">Atenci\u00f3 i mem\u00f2ria en l\u2019aprenentatge, <\/a>a c\u00e0rrec de Jes\u00fas C. Guill\u00e9n.<\/li>\n<li><a href=\"http:\/\/xtec.gencat.cat\/web\/.content\/curriculum\/educacioadults\/trobades-pedagogiques\/Fonaments-Neuroeducatius_Anna-Fores.pdf\" target=\"_blank\" rel=\"noopener noreferrer\">Fonaments neuroeducatius, <\/a>a c\u00e0rrec d\u2019Anna For\u00e9s.<\/li>\n<li><a href=\"https:\/\/drive.google.com\/drive\/folders\/0Byeh6_MuPVNmb3BZc3MtU1FLNXM\" target=\"_blank\" rel=\"noopener noreferrer\">Neuroci\u00e8ncia, emoci\u00f3 i aprenentatge, <\/a>a c\u00e0rrec de Laia Casas<\/li>\n<\/ul>\n<\/td>\n<\/tr>\n<\/tbody>\n<\/table>\n","protected":false},"excerpt":{"rendered":"<p>Trobades\u00a0formatives curs 2018-2019<\/p>\n<ul>\n<li style=\"text-align: justify;\">Neurodid\u00e0ctica i gesti\u00f3 emocional a l\u2019&#8217;aula (Barcelona, 13 de setembre de 2018)<\/li>\n<\/ul>\n<p>Els objectius principals d&#8217;aquesta trobada s\u00f3n con\u00e8ixer els principis b\u00e0sics de la neurodid\u00e0ctica aplicada a l&#8217;aula en el context penitenciari,\u00a0presentar la teoria de les intel\u00b7lig\u00e8ncies m\u00faltiples i la intel\u00b7lig\u00e8ncia emocional,&hellip;  <a href=\"https:\/\/projectes.xtec.cat\/xarxadults\/activitats-2\/jornades-i-trobades-pedagogiques\/cfa-ubicats-en-seu-penitenciaria\/\" title=\"Read CFA ubicats en seu penitenci\u00e0ria\">Llegeix m\u00e9s\u00bb<\/a><\/p>\n","protected":false},"author":3,"featured_media":0,"parent":13345,"menu_order":130,"comment_status":"closed","ping_status":"closed","template":"page-templates\/side-menu.php","meta":{"_bbp_topic_count":0,"_bbp_reply_count":0,"_bbp_total_topic_count":0,"_bbp_total_reply_count":0,"_bbp_voice_count":0,"_bbp_anonymous_reply_count":0,"_bbp_topic_count_hidden":0,"_bbp_reply_count_hidden":0,"_bbp_forum_subforum_count":0,"footnotes":""},"class_list":["post-8817","page","type-page","status-publish","hentry"],"post_mailing_queue_ids":[],"_links":{"self":[{"href":"https:\/\/projectes.xtec.cat\/xarxadults\/wp-json\/wp\/v2\/pages\/8817","targetHints":{"allow":["GET"]}}],"collection":[{"href":"https:\/\/projectes.xtec.cat\/xarxadults\/wp-json\/wp\/v2\/pages"}],"about":[{"href":"https:\/\/projectes.xtec.cat\/xarxadults\/wp-json\/wp\/v2\/types\/page"}],"author":[{"embeddable":true,"href":"https:\/\/projectes.xtec.cat\/xarxadults\/wp-json\/wp\/v2\/users\/3"}],"replies":[{"embeddable":true,"href":"https:\/\/projectes.xtec.cat\/xarxadults\/wp-json\/wp\/v2\/comments?post=8817"}],"version-history":[{"count":4,"href":"https:\/\/projectes.xtec.cat\/xarxadults\/wp-json\/wp\/v2\/pages\/8817\/revisions"}],"predecessor-version":[{"id":12888,"href":"https:\/\/projectes.xtec.cat\/xarxadults\/wp-json\/wp\/v2\/pages\/8817\/revisions\/12888"}],"up":[{"embeddable":true,"href":"https:\/\/projectes.xtec.cat\/xarxadults\/wp-json\/wp\/v2\/pages\/13345"}],"wp:attachment":[{"href":"https:\/\/projectes.xtec.cat\/xarxadults\/wp-json\/wp\/v2\/media?parent=8817"}],"curies":[{"name":"wp","href":"https:\/\/api.w.org\/{rel}","templated":true}]}}