{"id":8821,"date":"2018-01-14T12:50:03","date_gmt":"2018-01-14T11:50:03","guid":{"rendered":"http:\/\/projectes.xtec.cat\/xarxadults\/?page_id=8821"},"modified":"2022-01-20T09:57:03","modified_gmt":"2022-01-20T08:57:03","slug":"equips-directius-de-cfa","status":"publish","type":"page","link":"https:\/\/projectes.xtec.cat\/xarxadults\/activitats-2\/jornades-i-trobades-pedagogiques\/equips-directius-de-cfa\/","title":{"rendered":"Equips directius de CFA"},"content":{"rendered":"<h5><span style=\"color: #980000;\">Trobades formatives curs 2017-2018<\/span><\/h5>\n<ul>\n<li style=\"text-align: justify;\"><strong>La funci\u00f3 directiva a l\u2019educaci\u00f3 d\u2019adults: lideratge, comunicaci\u00f3 i orientaci\u00f3 <\/strong>(Barcelona,\u00a023 de novembre de 2017)<\/li>\n<\/ul>\n<p style=\"text-align: justify;\">Trbada pedag\u00f2gica adre\u00e7ada a equips directius de CFA per tal d&#8217;emfatitzar q\u00fcestions relacionades amb el lideratge, la comunicaci\u00f3 i l&#8217;orientaci\u00f3.<\/p>\n<table style=\"width: 766px; height: 93px;\">\n<tbody>\n<tr style=\"height: 31px;\">\n<td style=\"width: 152px; background-color: #980000; height: 31px;\"><span style=\"color: #ffffff;\"><strong>Pon\u00e8ncies<\/strong><\/span><\/td>\n<td style=\"width: 606px; height: 31px;\">\n<ul>\n<li><a href=\"https:\/\/drive.google.com\/file\/d\/1vvBJkxthrgVQUOEhZdYRqcmbgEV7Gx1n\/view\" target=\"_blank\" rel=\"noopener noreferrer\">Lideratge de gesti\u00f3<\/a>, a c\u00e0rrec de Josep G\u00f3mez, Inspecci\u00f3 d\u2019Educaci\u00f3 del Maresme-Vall\u00e8s Oriental.<\/li>\n<li><a href=\"https:\/\/drive.google.com\/file\/d\/1WT7AhZFzdKwNUGx7rT32RLnk3x1S7NY2\/view\" target=\"_blank\" rel=\"noopener noreferrer\">Lideratge pedag\u00f2gic<\/a>, a c\u00e0rrec de Neus Heras, directora de l\u2019institut Vall de Ll\u00e9mena de Sant Gregori (Girona).<\/li>\n<li><a href=\"https:\/\/drive.google.com\/file\/d\/1cQMG_GWL2AKp7o__uWNvf1fFyu9u_p4I\/view\" target=\"_blank\" rel=\"noopener noreferrer\">La comunicaci\u00f3<\/a>, a c\u00e0rrec de Maribel Salvador, Universitat de Vic.<\/li>\n<li><a href=\"https:\/\/drive.google.com\/file\/d\/1CVz5XF6J1_M1Ik084--5puatkxJtVwsi\/view\" target=\"_blank\" rel=\"noopener noreferrer\">La comunicaci\u00f3 externa de centre<\/a>, a c\u00e0rrec de Dolors Bell-Lloch, directora del CFA Mollerussa.<\/li>\n<li><a href=\"http:\/\/xtec.gencat.cat\/web\/.content\/curriculum\/educacioadults\/trobades-pedagogiques\/Orientacio-educativa-i-la-FIC.pdf\" target=\"_blank\" rel=\"noopener noreferrer\">Orientaci\u00f3 educativa a l\u2019educaci\u00f3 d\u2019adults<\/a>, a c\u00e0rrec de Montse Milian i Roser de Antonio, t\u00e8cniques del Servei d\u2019Ordenaci\u00f3 Curricular de l\u2019Educaci\u00f3 d\u2019Adults.<\/li>\n<li>Presentaci\u00f3 del Decret 150\/2017, de 17 d\u2019octubre, de l\u2019atenci\u00f3 educativa a l\u2019alumnat en el marc d\u2019un sistema educatiu inclusiu, a c\u00e0rrec de Merc\u00e8 Esteve, sub-directora general d\u2019Ordenaci\u00f3 i Atenci\u00f3 a la Diversitat.<\/li>\n<\/ul>\n<\/td>\n<\/tr>\n<\/tbody>\n<\/table>\n","protected":false},"excerpt":{"rendered":"<p>Trobades formatives curs 2017-2018<\/p>\n<ul>\n<li style=\"text-align: justify;\">La funci\u00f3 directiva a l\u2019educaci\u00f3 d\u2019adults: lideratge, comunicaci\u00f3 i orientaci\u00f3 (Barcelona,\u00a023 de novembre de 2017)<\/li>\n<\/ul>\n<p>Trbada pedag\u00f2gica adre\u00e7ada a equips directius de CFA per tal d&#8217;emfatitzar q\u00fcestions relacionades amb el lideratge, la comunicaci\u00f3 i l&#8217;orientaci\u00f3.<\/p>\n<p>Pon\u00e8ncies<\/p>\n<ul>\n<li><a href=\"https:\/\/drive.google.com\/file\/d\/1vvBJkxthrgVQUOEhZdYRqcmbgEV7Gx1n\/view\" target=\"_blank\" rel=\"noopener noreferrer\">Lideratge de gesti\u00f3<\/a>,&hellip;  <a href=\"https:\/\/projectes.xtec.cat\/xarxadults\/activitats-2\/jornades-i-trobades-pedagogiques\/equips-directius-de-cfa\/\" title=\"Read Equips directius de CFA\">Llegeix m\u00e9s\u00bb<\/a><br \/>\n","protected":false},"author":3,"featured_media":0,"parent":13345,"menu_order":90,"comment_status":"closed","ping_status":"closed","template":"page-templates\/side-menu.php","meta":{"_bbp_topic_count":0,"_bbp_reply_count":0,"_bbp_total_topic_count":0,"_bbp_total_reply_count":0,"_bbp_voice_count":0,"_bbp_anonymous_reply_count":0,"_bbp_topic_count_hidden":0,"_bbp_reply_count_hidden":0,"_bbp_forum_subforum_count":0,"footnotes":""},"class_list":["post-8821","page","type-page","status-publish","hentry"],"post_mailing_queue_ids":[],"_links":{"self":[{"href":"https:\/\/projectes.xtec.cat\/xarxadults\/wp-json\/wp\/v2\/pages\/8821","targetHints":{"allow":["GET"]}}],"collection":[{"href":"https:\/\/projectes.xtec.cat\/xarxadults\/wp-json\/wp\/v2\/pages"}],"about":[{"href":"https:\/\/projectes.xtec.cat\/xarxadults\/wp-json\/wp\/v2\/types\/page"}],"author":[{"embeddable":true,"href":"https:\/\/projectes.xtec.cat\/xarxadults\/wp-json\/wp\/v2\/users\/3"}],"replies":[{"embeddable":true,"href":"https:\/\/projectes.xtec.cat\/xarxadults\/wp-json\/wp\/v2\/comments?post=8821"}],"version-history":[{"count":3,"href":"https:\/\/projectes.xtec.cat\/xarxadults\/wp-json\/wp\/v2\/pages\/8821\/revisions"}],"predecessor-version":[{"id":9097,"href":"https:\/\/projectes.xtec.cat\/xarxadults\/wp-json\/wp\/v2\/pages\/8821\/revisions\/9097"}],"up":[{"embeddable":true,"href":"https:\/\/projectes.xtec.cat\/xarxadults\/wp-json\/wp\/v2\/pages\/13345"}],"wp:attachment":[{"href":"https:\/\/projectes.xtec.cat\/xarxadults\/wp-json\/wp\/v2\/media?parent=8821"}],"curies":[{"name":"wp","href":"https:\/\/api.w.org\/{rel}","templated":true}]}}