{"id":8827,"date":"2018-01-14T13:01:02","date_gmt":"2018-01-14T12:01:02","guid":{"rendered":"http:\/\/projectes.xtec.cat\/xarxadults\/?page_id=8827"},"modified":"2022-01-20T09:59:49","modified_gmt":"2022-01-20T08:59:49","slug":"altres","status":"publish","type":"page","link":"https:\/\/projectes.xtec.cat\/xarxadults\/activitats-2\/jornades-i-trobades-pedagogiques\/altres\/","title":{"rendered":"Altres"},"content":{"rendered":"<p style=\"text-align: justify;\">El Servei d\u2019Ordenaci\u00f3 Curricular de l\u2019Educaci\u00f3 d\u2019Adults planifica amb periodicitat anual un seguit de jornades i trobades pedag\u00f2giques d&#8217;inter\u00e8s general per a tots els docents destinats en CFA, amb la finalitat d\u2019aprofundir en un tema espec\u00edfic i\/o intercanviar experi\u00e8ncies i innovacions puntuals.<\/p>\n<h5><span style=\"color: #980000;\">Trobades\u00a0formatives curs 2017-2018<\/span><\/h5>\n<ul>\n<li><strong>Programa Erasmus+ <\/strong><em>(Barcelona, 7 de maig de 2018)<\/em><\/li>\n<\/ul>\n<p>Sessi\u00f3 formativa destinada a donar a con\u00e8ixer als centres de formaci\u00f3 d\u2019adults el programa Europeu Erasmus+, les possibilitats i les oportunitats, aix\u00ed com\u00a0la plataforma EPALE (Electronic Platform for Adult Learning in Europe), a fi d&#8217;engrescar els centres de formaci\u00f3 d\u2019adults en la participaci\u00f3 en diferents programes europeus.\u00a0<strong><a href=\"https:\/\/docs.google.com\/document\/d\/10iXmr2vfZdxkx_HK0sPz9frNzV-DdcUFOyh5KBzpO_s\/edit\" target=\"_blank\" rel=\"noopener noreferrer\">Programa<\/a><\/strong><\/p>\n<table style=\"width: 810px; height: 209px;\">\n<tbody>\n<tr style=\"height: 77px;\">\n<td style=\"width: 123px; height: 77px; background-color: #b30707;\"><span style=\"color: #ffffff;\"><strong>Presentacions<\/strong><\/span><\/td>\n<td style=\"width: 680px; height: 77px;\">\n<ul>\n<li><a href=\"https:\/\/drive.google.com\/file\/d\/18OyGSTVy1I511us71F4g7KAVumhXtSQt\/view?usp=sharing\" target=\"_blank\" rel=\"noopener noreferrer\">Projectes Erasmus + a l&#8217;Educaci\u00f3 d&#8217;Adults<\/a>,\u00a0Albert Vitri\u00e0 i Covandonga Gonz\u00e1lez<\/li>\n<li><a href=\"https:\/\/drive.google.com\/file\/d\/14FMekrovlWF8WG283ZSXmxwLvJzZ23WB\/view?usp=sharing\" target=\"_blank\" rel=\"noopener noreferrer\">Projecte Erasmus + al CFA Bon Pastor de Barcelona<\/a>, Marta Catalan i Vict\u00f2ria Osuna<\/li>\n<li><a href=\"https:\/\/drive.google.com\/file\/d\/1qGUwHeA1EtzhotxFk1IwFoUwpa8oamzf\/view?usp=sharing\" target=\"_blank\" rel=\"noopener noreferrer\">Presentaci\u00f3 del centre i materials relacionats amb el projecte del CFA Bon Pastor<\/a>, Vict\u00f2ria Osuna<\/li>\n<li><a href=\"https:\/\/drive.google.com\/file\/d\/1f_qsw-nGPU4vNn7r-u_vwYfBsmlO-cBf\/view?usp=sharing\" target=\"_blank\" rel=\"noopener noreferrer\">Projectes Erasmus + al CFA Catal\u00f2nia de l&#8217;Hospitalet de Llobregat<\/a>, Dolors Pijuan i Marisa Ruiz<\/li>\n<li><a href=\"https:\/\/drive.google.com\/file\/d\/1mLAMK21KUApk1nuKIQi7C8aJpRKAdc4T\/view?usp=sharing\" target=\"_blank\" rel=\"noopener noreferrer\">La comunitat eTwinning<\/a>, Josep Maria Planas<\/li>\n<\/ul>\n<\/td>\n<\/tr>\n<\/tbody>\n<\/table>\n<ul>\n<li style=\"text-align: justify;\"><b>Tractament del pluriling\u00fcisme en els CFA: Catalunya intercomprensi\u00f3\u00a0<\/b>(Barcelona, 28 de setembre de 2017)<\/li>\n<\/ul>\n<p style=\"text-align: justify;\">En la pr\u00e0ctica totalitat dels ensenyaments oferts en l\u2019Educaci\u00f3 d\u2019Adults, el desenvolupament de les capacitats comunicatives dels alumnes juga un paper principal. Comprendre i produir missatges orals i escrits amb qualitat, autonomia i creativitat en llengua catalana, en llengua castellana (si s\u2019escau, en aran\u00e8s) i, almenys, en una llengua estrangera esdev\u00e9 una compet\u00e8ncia cabdal per al ciutad\u00e0 del segle XXI. En aquesta trobada pedag\u00f2gica els participants tenen ocasi\u00f3 de combinar la teoria i la pr\u00e0ctica.<strong>\u00a0<a href=\"https:\/\/projectes.xtec.cat\/intercomprensio\/docs\/tractament-del-plurilinguisme-en-els-cfa-catalunya-intercomprensio-setembre-2017\/#_ga=2.44380258.715198184.1515789477-1091465004.1493218584\" target=\"_blank\" rel=\"noopener noreferrer\">Presentaci\u00f3<\/a><\/strong><\/p>\n","protected":false},"excerpt":{"rendered":"<p>El Servei d\u2019Ordenaci\u00f3 Curricular de l\u2019Educaci\u00f3 d\u2019Adults planifica amb periodicitat anual un seguit de jornades i trobades pedag\u00f2giques d&#8217;inter\u00e8s general per a tots els docents destinats en CFA, amb la finalitat d\u2019aprofundir en un tema espec\u00edfic i\/o intercanviar experi\u00e8ncies i innovacions puntuals.<br \/>\nTrobades\u00a0formatives curs 2017-2018<\/p>\n<ul>\n<li>Programa Erasmus+&hellip;  <a href=\"https:\/\/projectes.xtec.cat\/xarxadults\/activitats-2\/jornades-i-trobades-pedagogiques\/altres\/\" title=\"Read Altres\">Llegeix m\u00e9s\u00bb<\/a><br \/>\n","protected":false},"author":3,"featured_media":0,"parent":13345,"menu_order":140,"comment_status":"closed","ping_status":"closed","template":"page-templates\/side-menu.php","meta":{"_bbp_topic_count":0,"_bbp_reply_count":0,"_bbp_total_topic_count":0,"_bbp_total_reply_count":0,"_bbp_voice_count":0,"_bbp_anonymous_reply_count":0,"_bbp_topic_count_hidden":0,"_bbp_reply_count_hidden":0,"_bbp_forum_subforum_count":0,"footnotes":""},"class_list":["post-8827","page","type-page","status-publish","hentry"],"post_mailing_queue_ids":[],"_links":{"self":[{"href":"https:\/\/projectes.xtec.cat\/xarxadults\/wp-json\/wp\/v2\/pages\/8827","targetHints":{"allow":["GET"]}}],"collection":[{"href":"https:\/\/projectes.xtec.cat\/xarxadults\/wp-json\/wp\/v2\/pages"}],"about":[{"href":"https:\/\/projectes.xtec.cat\/xarxadults\/wp-json\/wp\/v2\/types\/page"}],"author":[{"embeddable":true,"href":"https:\/\/projectes.xtec.cat\/xarxadults\/wp-json\/wp\/v2\/users\/3"}],"replies":[{"embeddable":true,"href":"https:\/\/projectes.xtec.cat\/xarxadults\/wp-json\/wp\/v2\/comments?post=8827"}],"version-history":[{"count":3,"href":"https:\/\/projectes.xtec.cat\/xarxadults\/wp-json\/wp\/v2\/pages\/8827\/revisions"}],"predecessor-version":[{"id":9337,"href":"https:\/\/projectes.xtec.cat\/xarxadults\/wp-json\/wp\/v2\/pages\/8827\/revisions\/9337"}],"up":[{"embeddable":true,"href":"https:\/\/projectes.xtec.cat\/xarxadults\/wp-json\/wp\/v2\/pages\/13345"}],"wp:attachment":[{"href":"https:\/\/projectes.xtec.cat\/xarxadults\/wp-json\/wp\/v2\/media?parent=8827"}],"curies":[{"name":"wp","href":"https:\/\/api.w.org\/{rel}","templated":true}]}}