{"id":8872,"date":"2018-01-14T14:57:13","date_gmt":"2018-01-14T13:57:13","guid":{"rendered":"http:\/\/projectes.xtec.cat\/xarxadults\/?page_id=8872"},"modified":"2023-12-20T10:28:33","modified_gmt":"2023-12-20T09:28:33","slug":"el-gust-per-la-lectura","status":"publish","type":"page","link":"https:\/\/projectes.xtec.cat\/xarxadults\/iniciatives-pedagogiques\/concursos\/el-gust-per-la-lectura\/","title":{"rendered":"El Gust per la Lectura"},"content":{"rendered":"<p>&nbsp;<\/p>\n<p style=\"text-align: justify;\"><a href=\"https:\/\/xtec.gencat.cat\/ca\/projectes\/lectura\/gustperlalectura\/\" target=\"_blank\" rel=\"noopener\"><img loading=\"lazy\" decoding=\"async\" class=\"aligncenter wp-image-10710 size-full\" title=\"Logo El gust per la lectura amb el lema Aprendre, imaginar i gaudir\" src=\"https:\/\/projectes.xtec.cat\/xarxadults\/wp-content\/uploads\/usu1741\/2019\/10\/gust_lectura_720_70.png\" alt=\"Logo El gust per la lectura amb el lema Aprendre, imaginar i gaudir\" width=\"720\" height=\"70\" srcset=\"https:\/\/projectes.xtec.cat\/xarxadults\/wp-content\/uploads\/usu1741\/2019\/10\/gust_lectura_720_70.png 720w, https:\/\/projectes.xtec.cat\/xarxadults\/wp-content\/uploads\/usu1741\/2019\/10\/gust_lectura_720_70-300x29.png 300w\" sizes=\"auto, (max-width: 720px) 100vw, 720px\" \/><\/a><\/p>\n<p style=\"text-align: justify;\">El programa <a href=\"https:\/\/xtec.gencat.cat\/ca\/projectes\/lectura\/gustperlalectura\/\" target=\"_blank\" rel=\"noopener\">El Gust per la Lectura<\/a> t\u00e9 per objectiu que els alumnes esdevinguin lectors competents, cr\u00edtics i capa\u00e7os de gaudir del plaer de la lectura. Cada curs escolar el Servei d\u2019Immersi\u00f3 i Acolliment Ling\u00fc\u00edstics convoca un concurs basat en la lectura i treball a partir d\u2019unes obres i els dossiers did\u00e0ctics proposats.<\/p>\n<ul>\n<li style=\"list-style-type: none;\">\n<ul>\n<li style=\"text-align: justify;\"><strong>Curs 2023-2024: lectures proposades pel\u00a0 XXVIII concurs El Gust per la Lectura per als ensenyaments dels CFA <\/strong>(per veure les lectures proposades a tots els nivells ves <a href=\"https:\/\/xtec.gencat.cat\/web\/.content\/centres\/alscentres\/premis\/concurs-el-gust-per-la-lectura\/documents\/1710_BASES_XXIX_CONC_GXL_2324.pdf\" target=\"_blank\" rel=\"noopener\">aqu\u00ed<\/a>).<\/li>\n<\/ul>\n<table style=\"width: 837px;\">\n<tbody>\n<tr style=\"height: 31px;\">\n<td style=\"width: 496px; height: 31px;\"><strong>Categoria E:<\/strong>\u00a0Alumnes d\u2019educaci\u00f3 d\u2019adults: GESO, CAM i PPACFGM<\/td>\n<td style=\"width: 333px; height: 31px;\"><strong>Modalitat E1. Autora: Muriel Villanueva<\/strong><br \/>\nVILLANUEVA, Muriel. Rut Sense Hac. La butxaca, 2020.&nbsp;<\/p>\n<p><strong>Modalitat E2. Tema: Amistat<\/strong><br \/>\nVIGAN, Delphine. Les Lleialtats. Labutxaca, 2021<\/p>\n<p><strong>Modalitat E3. Llegim ci\u00e8ncia2<\/strong><br \/>\nDURAN, Xavier. MANUEL, Jordi de. Els crims de la taula peri\u00f2dica. Jollibre, 2019.<\/td>\n<\/tr>\n<tr style=\"height: 46px;\">\n<td style=\"width: 496px; height: 46px;\"><strong>Categoria F:<\/strong> Alumnes de batxillerat i alumnes d&#8217;educaci\u00f3 d\u2019adults: PPACFGS i PAU &gt; 25 anys<\/td>\n<td style=\"width: 333px; height: 46px;\">ARASA, Cinta. Paraules, flors i p\u00f3lvora. Animallibres, 2020.<\/td>\n<\/tr>\n<\/tbody>\n<\/table>\n<p>&nbsp;<\/li>\n<\/ul>\n<ul>\n<li style=\"list-style-type: none;\">\n<ul>\n<li style=\"text-align: justify;\"><strong>Curs 2022-2023: lectures proposades pel\u00a0 XXVIII concurs El Gust per la Lectura per als ensenyaments dels CFA <\/strong>(per veure les lectures proposades a tots els nivells ves<a href=\"https:\/\/xtec.gencat.cat\/ca\/projectes\/lectura\/gustperlalectura\/concurs\/propostes-de-lectura\/\" target=\"_blank\" rel=\"noopener\"> aqu\u00ed<\/a>).<\/li>\n<\/ul>\n<table style=\"width: 837px;\">\n<tbody>\n<tr style=\"height: 31px;\">\n<td style=\"width: 496px; height: 31px;\"><strong>Categoria E:<\/strong>\u00a0Alumnes d\u2019educaci\u00f3 d\u2019adults: GESO, CAM i PPACFGM<\/td>\n<td style=\"width: 333px; height: 31px;\"><strong>Eix G\u00e8nere teatral<\/strong><\/p>\n<ul>\n<li><span style=\"font-family: inherit; font-size: 1em;\">RUSI\u00d1OL, Santiago.\u00a0<\/span><em style=\"font-family: inherit; font-size: 1em;\">L\u2019h\u00e8roe<\/em><span style=\"font-family: inherit; font-size: 1em;\">. Arola editors, 2020.<\/span><\/li>\n<li>RUSI\u00d1OL, Santiago.\u00a0<em>L\u2019heroi<\/em>. Onada edicions, 2020 (Imprescindibles: 6).<\/li>\n<\/ul>\n<p><strong>Eix: Llegim ci\u00e8ncia<\/strong><\/p>\n<p>FERN\u00c1NDEZ VIDAL, S\u00f2nia.\u00a0<em>Quantic Love<\/em>. La Butxaca, 2012.<\/td>\n<\/tr>\n<tr style=\"height: 46px;\">\n<td style=\"width: 496px; height: 46px;\"><strong>Categoria F:<\/strong> Alumnes de batxillerat i alumnes d&#8217;educaci\u00f3 d\u2019adults: PPACFGS i PAU &gt; 25 anys<\/td>\n<td style=\"width: 333px; height: 46px;\">\n<div>MAR\u00c7AL, Maria Merc\u00e8. <em>Bruixa de dol<\/em>, 1977-1979.\u00a0Diverses editorials: Edicions 62, 2018 (Poesia);\u00a0Educaula, 2020 (Educaci\u00f3 62).<\/div>\n<\/td>\n<\/tr>\n<\/tbody>\n<\/table>\n<p>&nbsp;<\/p>\n<ul>\n<li style=\"text-align: justify;\"><\/li>\n<\/ul>\n<\/li>\n<li style=\"text-align: justify;\"><strong>Curs 2021-2022: lectures proposades pel\u00a0 XXVII concurs El Gust per la Lectura. <\/strong>A les <a href=\"http:\/\/xtec.gencat.cat\/web\/.content\/centres\/alscentres\/premis\/concurs-el-gust-per-la-lectura\/documents\/BASES_XXVII_CONC_GXL_2122.pdf.pdf\" target=\"_blank\" rel=\"noopener noreferrer\">bases del concurs<\/a> podeu obtenir m\u00e9s informaci\u00f3. <a href=\"https:\/\/xtec.gencat.cat\/web\/.content\/projectes\/lectura\/gustperlalectura\/concurs\/Guanyadors-XXVII-Concurs-El-Gust-per-la-Lectura.pdf\" target=\"_blank\" rel=\"noopener\">Veredicte del Jurat 2021-2022<\/a>.<\/li>\n<\/ul>\n<table style=\"width: 837px;\">\n<tbody>\n<tr style=\"height: 31px;\">\n<td style=\"width: 496px; height: 31px;\"><strong>Categoria E:<\/strong>\u00a0Alumnes d\u2019educaci\u00f3 d\u2019adults: GESO, CAM i PPACFGM<\/td>\n<td style=\"width: 333px; height: 31px;\">\n<div>SIM\u00d3, Isabel Clara:<\/div>\n<div><strong><em>La ve\u00efna<\/em>.<\/strong><\/div>\n<div>Diverses editorials: Columna Jove, 2002; Estrella Polar, 2012; Educaula 62, 2018<\/div>\n<div><a href=\"http:\/\/xtec.gencat.cat\/ca\/projectes\/lectura\/gustperlalectura\/materialdidactic\/curs-actual\/#bloc3\" target=\"_blank\" rel=\"noopener\">Material did\u00e0ctic<\/a><\/div>\n<div><\/div>\n<div>ENDE, Michael<\/div>\n<div><strong> <em>Momo.<\/em><\/strong><\/div>\n<div>Diverses editorials:\u00a0Jollibre Grup Promotor, 2016; Bromera, 2013 (en valenci\u00e0)<\/div>\n<div><a href=\"http:\/\/xtec.gencat.cat\/ca\/projectes\/lectura\/gustperlalectura\/materialdidactic\/curs-actual\/#bloc4\" target=\"_blank\" rel=\"noopener\">Material did\u00e0ctic<\/a><\/div>\n<div><\/div>\n<div>HOMS, R.; F\u00c0BREGA, X.<\/div>\n<div><em>\u00a0<strong>Malalt d\u2019ocells<\/strong><\/em>.<\/div>\n<div>Pag\u00e8s Editors 2002<\/div>\n<div><a href=\"http:\/\/xtec.gencat.cat\/ca\/projectes\/lectura\/gustperlalectura\/materialdidactic\/curs-actual\/#bloc5\">Material did\u00e0ctic<\/a><\/div>\n<\/td>\n<\/tr>\n<tr style=\"height: 46px;\">\n<td style=\"width: 496px; height: 46px;\"><strong>Categoria F:<\/strong> Alumnes de batxillerat i alumnes d&#8217;educaci\u00f3 d\u2019adults: PPACFGS i PAU &gt; 25 anys<\/td>\n<td style=\"width: 333px; height: 46px;\">\n<div>PUIG I FERRETER, Joan:<\/div>\n<div><strong><em>Aig\u00fces encantades<\/em>.<\/strong><\/div>\n<div>Diverses editorials: Educaula 62, 2009; Castellnou, 2017.<\/div>\n<div><a href=\"http:\/\/xtec.gencat.cat\/ca\/projectes\/lectura\/gustperlalectura\/materialdidactic\/curs-actual\/#bloc6\" target=\"_blank\" rel=\"noopener\">Material did\u00e0ctic<\/a><\/div>\n<\/td>\n<\/tr>\n<\/tbody>\n<\/table>\n<p>&nbsp;<\/p>\n<ul>\n<li style=\"text-align: justify;\"><strong>Curs 2020-2021: lectures proposades pel\u00a0 XXVI concurs El Gust per la Lectura. <\/strong>A les <a href=\"https:\/\/projectes.xtec.cat\/xarxadults\/wp-content\/uploads\/usu1741\/2020\/11\/BASES_XXVI_concurs_egl_2021.pdf\" target=\"_blank\" rel=\"noopener noreferrer\">bases del concurs<\/a> podeu obtenir m\u00e9s informaci\u00f3.<\/li>\n<\/ul>\n<table style=\"width: 837px;\">\n<tbody>\n<tr style=\"height: 31px;\">\n<td style=\"width: 496px; height: 31px;\"><strong>Categoria E:<\/strong> Alumnes d&#8217;educaci\u00f3 d\u2019adults: GESO, CAM i PPACFGM<\/td>\n<td style=\"width: 333px; height: 31px;\">\n<div>M. Aur\u00e8lia Capmany<\/div>\n<div><em><strong>Quim \/ Quima<\/strong>.\u00a0<\/em><\/div>\n<div>Barcelona: Editorial Males Herbes.<\/div>\n<div><\/div>\n<div><\/div>\n<div>Albert S\u00e1nchez Pinyol<\/div>\n<div><strong><em>La pell freda. <\/em><\/strong><\/div>\n<div>Barcelona: Editorial La Campana Llibres.<\/div>\n<div><\/div>\n<div><\/div>\n<div>M. Solar<\/div>\n<div><em><strong>L\u2019expedici\u00f3 del Doctor Balmis<\/strong>.\u00a0<\/em><\/div>\n<div>Alzira: Editorial Bromera.<\/div>\n<\/td>\n<\/tr>\n<tr style=\"height: 46px;\">\n<td style=\"width: 496px; height: 46px;\"><strong>Categoria F:<\/strong> Alumnes de batxillerat i alumnes d&#8217;educaci\u00f3 d\u2019adults: PPACFGS i PAU &gt; 25 anys<\/td>\n<td style=\"width: 333px; height: 46px;\">\n<div>Miquel Llor<\/div>\n<div><strong><em>Laura a la ciutat dels sants<\/em><\/strong>.<\/div>\n<div>Barcelona: Editorial Educaula (Educaci\u00f3 62).<\/div>\n<\/td>\n<\/tr>\n<\/tbody>\n<\/table>\n<ul>\n<li style=\"text-align: justify;\"><strong>Curs 2019-2020: lectures proposades pel\u00a0 XXV concurs El Gust per la Lectura:<\/strong><\/li>\n<\/ul>\n<table style=\"width: 837px;\">\n<tbody>\n<tr style=\"height: 55px;\">\n<td style=\"width: 496px; height: 55px;\"><strong>Categor\u00eda F:<\/strong> Alumnes d&#8217;educaci\u00f3 d\u2019adults: Cicle de formaci\u00f3 instrumental (CFI) i nivell 3 de catal\u00e0<\/td>\n<td style=\"width: 333px; height: 55px;\">\n<div><span style=\"font-family: inherit;\">Cristina Nu\u00f1ez i Rafael Romero<\/span><\/div>\n<div><span style=\"font-family: inherit;\"><em><strong>Vides que canvien vides<\/strong><\/em><\/span><\/div>\n<div><span style=\"font-family: inherit;\">Editorial Nube de tinta, 2018<br \/>\n<\/span><\/div>\n<div><\/div>\n<div><span style=\"font-family: inherit;\">Asmaa Aouattah<\/span><\/div>\n<div><span style=\"font-family: inherit;\"><em><strong>L\u2019etern retorn<\/strong><\/em><\/span><\/div>\n<div><span style=\"font-family: inherit;\">Editorial Voliana, 2018<\/span><\/div>\n<\/td>\n<\/tr>\n<tr style=\"height: 31px;\">\n<td style=\"width: 496px; height: 31px;\"><strong>Categoria G:<\/strong> Alumnes d&#8217;educaci\u00f3 d\u2019adults: GESO, CAM i PPACFGM<\/td>\n<td style=\"width: 333px; height: 31px;\">\n<div>Tina Vall\u00e8s<\/div>\n<div><em><strong>La mem\u00f2ria de l&#8217;arbre<\/strong><\/em><\/div>\n<div>Anagrama, 2017<\/div>\n<div><\/div>\n<div>Francesc Puigpelat<\/div>\n<div><em><strong>La nedadora<\/strong><\/em><\/div>\n<div>Columna Edicions, 2019<\/div>\n<\/td>\n<\/tr>\n<tr style=\"height: 46px;\">\n<td style=\"width: 496px; height: 46px;\"><strong>Categoria E:<\/strong> Alumnes de batxillerat i alumnes d&#8217;educaci\u00f3 d\u2019adults: PPACFGS i PAU &gt; 25 anys<\/td>\n<td style=\"width: 333px; height: 46px;\">\n<div>Maria Aur\u00e8lia Capmany<\/div>\n<div><em><strong>Feli\u00e7ment, jo soc una dona<\/strong><\/em><\/div>\n<div><\/div>\n<\/td>\n<\/tr>\n<\/tbody>\n<\/table>\n<p style=\"text-align: justify;\">Els treballs que es presentin han de ser de creaci\u00f3 original i s\u2019han d&#8217;ajustar al que determinen les bases per a cada categoria i obra. En el cas que s&#8217;hi incloguin imatges i\/o m\u00fasica, han de ser de creaci\u00f3 pr\u00f2pia o lliures de drets. Es recorda que els centres han de tenir el perm\u00eds d&#8217;utilitzaci\u00f3 de la imatge dels alumnes que apareguin als audiovisuals presentats.<\/p>\n<p style=\"text-align: justify;\">Pel que fa al lliurament dels treballs, s\u2019ha de procedir segons s&#8217;indiquen a\u00a0les bases\u00a0del concurs <em>Inscripcions i lliurament dels treballs.\u00a0<\/em>Independentment de la modalitat de treball escollida, l&#8217;obra i\/o dossier s&#8217;ha de treballar amb tot el grup classe.<\/p>\n<p>Podeu trobar la convocat\u00f2ria amb les bases i el calendari al <a href=\"http:\/\/xtec.gencat.cat\/ca\/projectes\/lectura\/gustperlalectura\/\" target=\"_blank\" rel=\"noopener noreferrer\">web\u00a0<\/a>de la XTEC.<\/p>\n<p>&nbsp;<\/p>\n<p>&nbsp;<\/p>\n","protected":false},"excerpt":{"rendered":"<p>&nbsp;<br \/>\n<a href=\"https:\/\/xtec.gencat.cat\/ca\/projectes\/lectura\/gustperlalectura\/\" target=\"_blank\" rel=\"noopener\"><\/a><br \/>\nEl programa <a href=\"https:\/\/xtec.gencat.cat\/ca\/projectes\/lectura\/gustperlalectura\/\" target=\"_blank\" rel=\"noopener\">El Gust per la Lectura<\/a> t\u00e9 per objectiu que els alumnes esdevinguin lectors competents, cr\u00edtics i capa\u00e7os de gaudir del plaer de la lectura. Cada curs escolar el Servei d\u2019Immersi\u00f3 i Acolliment Ling\u00fc\u00edstics convoca un concurs basat&hellip;  <a href=\"https:\/\/projectes.xtec.cat\/xarxadults\/iniciatives-pedagogiques\/concursos\/el-gust-per-la-lectura\/\" title=\"Read El Gust per la Lectura\">Llegeix m\u00e9s\u00bb<\/a><\/p>\n","protected":false},"author":3,"featured_media":0,"parent":10045,"menu_order":20,"comment_status":"closed","ping_status":"closed","template":"page-templates\/side-menu.php","meta":{"_bbp_topic_count":0,"_bbp_reply_count":0,"_bbp_total_topic_count":0,"_bbp_total_reply_count":0,"_bbp_voice_count":0,"_bbp_anonymous_reply_count":0,"_bbp_topic_count_hidden":0,"_bbp_reply_count_hidden":0,"_bbp_forum_subforum_count":0,"footnotes":""},"class_list":["post-8872","page","type-page","status-publish","hentry"],"post_mailing_queue_ids":[],"_links":{"self":[{"href":"https:\/\/projectes.xtec.cat\/xarxadults\/wp-json\/wp\/v2\/pages\/8872","targetHints":{"allow":["GET"]}}],"collection":[{"href":"https:\/\/projectes.xtec.cat\/xarxadults\/wp-json\/wp\/v2\/pages"}],"about":[{"href":"https:\/\/projectes.xtec.cat\/xarxadults\/wp-json\/wp\/v2\/types\/page"}],"author":[{"embeddable":true,"href":"https:\/\/projectes.xtec.cat\/xarxadults\/wp-json\/wp\/v2\/users\/3"}],"replies":[{"embeddable":true,"href":"https:\/\/projectes.xtec.cat\/xarxadults\/wp-json\/wp\/v2\/comments?post=8872"}],"version-history":[{"count":9,"href":"https:\/\/projectes.xtec.cat\/xarxadults\/wp-json\/wp\/v2\/pages\/8872\/revisions"}],"predecessor-version":[{"id":14174,"href":"https:\/\/projectes.xtec.cat\/xarxadults\/wp-json\/wp\/v2\/pages\/8872\/revisions\/14174"}],"up":[{"embeddable":true,"href":"https:\/\/projectes.xtec.cat\/xarxadults\/wp-json\/wp\/v2\/pages\/10045"}],"wp:attachment":[{"href":"https:\/\/projectes.xtec.cat\/xarxadults\/wp-json\/wp\/v2\/media?parent=8872"}],"curies":[{"name":"wp","href":"https:\/\/api.w.org\/{rel}","templated":true}]}}