{"id":8874,"date":"2018-01-14T14:57:35","date_gmt":"2018-01-14T13:57:35","guid":{"rendered":"http:\/\/projectes.xtec.cat\/xarxadults\/?page_id=8874"},"modified":"2021-02-09T13:23:02","modified_gmt":"2021-02-09T12:23:02","slug":"the-new-fonix","status":"publish","type":"page","link":"https:\/\/projectes.xtec.cat\/xarxadults\/the-new-fonix\/","title":{"rendered":"The Fonix"},"content":{"rendered":"<p style=\"text-align: justify;\"><strong>\u00a0<a href=\"https:\/\/projectes.xtec.cat\/xarxadults\/concursos\/the-new-fonix\/\"> <img loading=\"lazy\" decoding=\"async\" class=\"wp-image-9699 size-full aligncenter\" title=\"Logo The Fonix\" src=\"https:\/\/projectes.xtec.cat\/xarxadults\/wp-content\/uploads\/usu1741\/2018\/12\/logo2019.png\" alt=\"Logo The Fonix\" width=\"229\" height=\"194\" \/><\/a><\/strong><\/p>\n<p style=\"text-align: justify;\"><strong>The Fonix<\/strong> \u00e9s un concurs adre\u00e7at als centres educatius catalans amb l\u2019objectiu de refor\u00e7ar la compet\u00e8ncia pluriling\u00fce de l\u2019alumnat i, especialment, l\u2019aprenentatge de la llengua anglesa. La iniciativa es basa en el repte l\u00fadic i la descoberta compartida, \u00e9s f\u00e0cil d\u2019integrar en el Projecte Educatiu de Centre i s\u2019adequa a les l\u00ednies pedag\u00f2giques innovadores que estan emergent en el sistema educatiu.<\/p>\n<p style=\"text-align: justify;\">The Fonix vol contribuir, tamb\u00e9, a desenvolupar el pensament cr\u00edtic i reflexiu de l\u2019alumnat per tal que sigui capa\u00e7 d\u2019aplicar-lo per resoldre problemes de manera creativa i aprofitant, al m\u00e0xim, els entorns digitals i la comunicaci\u00f3 transm\u00e8dia.<\/p>\n<p style=\"text-align: justify;\">El concurs es desenvolupa en <strong>dues fases<\/strong>: la primera, de car\u00e0cter col\u00b7lectiu, que t\u00e9 lloc dins de cada centre educatiu; i la segona de car\u00e0cter final, en la qual participaran els centres finalistes.<\/p>\n<p style=\"text-align: justify;\">Enguany s\u2019ha organitzat una nova versi\u00f3 del concurs amb dues categories d&#8217;educaci\u00f3 d&#8217;adults segons el nivell de llengua anglesa i un tema relacionat amb els objectius de la UNESCO:<\/p>\n<ul>\n<li style=\"text-align: justify;\"><strong>Alumnat Angl\u00e8s<\/strong>\u00a0<strong>Inicial Adults<\/strong>\u00a0(A1\/A1+): GES 1, Angl\u00e8s 1, Angl\u00e8s 2, PPACFGM<br \/>\n<strong><span style=\"color: #800000;\"><em><img loading=\"lazy\" decoding=\"async\" class=\"size-thumbnail wp-image-10145 alignright\" style=\"color: #222222; font-style: normal; font-weight: 400;\" src=\"https:\/\/projectes.xtec.cat\/xarxadults\/wp-content\/uploads\/usu1741\/2019\/06\/IH-Barcelona_Fundesplai_Premiats-THE-FONIX-2019-150x150.jpg\" alt=\"\" width=\"150\" height=\"150\" \/>GENDER EQUALITY AND CULTURE<\/em><\/span><\/strong><\/li>\n<li style=\"text-align: justify;\"><strong>Alumnat Angl\u00e8s<\/strong>\u00a0<strong>B\u00e0sic Adults<\/strong> (A2\/A2+): GES 2, Angl\u00e8s 3, CAM, PPCFGS, PPAU+25<\/li>\n<li><strong style=\"color: #800000; font-family: inherit; font-size: 1em;\"><em>COMMUNITY PROJECTS TO PROMOTE INDIGENOUS LANGUAGES<\/em><\/strong><\/li>\n<\/ul>\n<p style=\"text-align: justify;\">La participaci\u00f3 \u00e9s totalment gratu\u00efta. El concurs es finan\u00e7a exclusivament amb les aportacions dels organitzadors, patrocinadors i col\u00b7laboradors.<\/p>\n<p><a href=\"http:\/\/the-fonix.org\/recursos.html\" target=\"_blank\" rel=\"noopener noreferrer\">Recursos<\/a><\/p>\n<p>Podeu trobar les bases i el calendari amb m\u00e9s informaci\u00f3 al web\u00a0<a href=\"http:\/\/the-fonix.org\/\" target=\"_blank\" rel=\"noopener noreferrer\">http:\/\/the-fonix.org\/<\/a><\/p>\n","protected":false},"excerpt":{"rendered":"<p>\u00a0<a href=\"https:\/\/projectes.xtec.cat\/xarxadults\/concursos\/the-new-fonix\/\"> <\/a><br \/>\nThe Fonix \u00e9s un concurs adre\u00e7at als centres educatius catalans amb l\u2019objectiu de refor\u00e7ar la compet\u00e8ncia pluriling\u00fce de l\u2019alumnat i, especialment, l\u2019aprenentatge de la llengua anglesa. La iniciativa es basa en el repte l\u00fadic i la descoberta compartida, \u00e9s f\u00e0cil d\u2019integrar en el&hellip;  <a href=\"https:\/\/projectes.xtec.cat\/xarxadults\/the-new-fonix\/\" title=\"Read The Fonix\">Llegeix m\u00e9s\u00bb<\/a><\/p>\n","protected":false},"author":3,"featured_media":0,"parent":0,"menu_order":10,"comment_status":"closed","ping_status":"closed","template":"page-templates\/side-menu.php","meta":{"_bbp_topic_count":0,"_bbp_reply_count":0,"_bbp_total_topic_count":0,"_bbp_total_reply_count":0,"_bbp_voice_count":0,"_bbp_anonymous_reply_count":0,"_bbp_topic_count_hidden":0,"_bbp_reply_count_hidden":0,"_bbp_forum_subforum_count":0,"footnotes":""},"class_list":["post-8874","page","type-page","status-publish","hentry"],"post_mailing_queue_ids":[],"_links":{"self":[{"href":"https:\/\/projectes.xtec.cat\/xarxadults\/wp-json\/wp\/v2\/pages\/8874","targetHints":{"allow":["GET"]}}],"collection":[{"href":"https:\/\/projectes.xtec.cat\/xarxadults\/wp-json\/wp\/v2\/pages"}],"about":[{"href":"https:\/\/projectes.xtec.cat\/xarxadults\/wp-json\/wp\/v2\/types\/page"}],"author":[{"embeddable":true,"href":"https:\/\/projectes.xtec.cat\/xarxadults\/wp-json\/wp\/v2\/users\/3"}],"replies":[{"embeddable":true,"href":"https:\/\/projectes.xtec.cat\/xarxadults\/wp-json\/wp\/v2\/comments?post=8874"}],"version-history":[{"count":4,"href":"https:\/\/projectes.xtec.cat\/xarxadults\/wp-json\/wp\/v2\/pages\/8874\/revisions"}],"predecessor-version":[{"id":12211,"href":"https:\/\/projectes.xtec.cat\/xarxadults\/wp-json\/wp\/v2\/pages\/8874\/revisions\/12211"}],"wp:attachment":[{"href":"https:\/\/projectes.xtec.cat\/xarxadults\/wp-json\/wp\/v2\/media?parent=8874"}],"curies":[{"name":"wp","href":"https:\/\/api.w.org\/{rel}","templated":true}]}}