{"id":8876,"date":"2018-01-14T14:57:58","date_gmt":"2018-01-14T13:57:58","guid":{"rendered":"http:\/\/projectes.xtec.cat\/xarxadults\/?page_id=8876"},"modified":"2021-03-26T08:48:47","modified_gmt":"2021-03-26T07:48:47","slug":"altres-2","status":"publish","type":"page","link":"https:\/\/projectes.xtec.cat\/xarxadults\/iniciatives-pedagogiques\/programes\/altres-2\/","title":{"rendered":"Apadrinem el nostre patrimoni"},"content":{"rendered":"<p><a href=\"https:\/\/projectes.xtec.cat\/xarxadults\/wp-content\/uploads\/usu1741\/2019\/05\/blanc_460x260.png\"><img loading=\"lazy\" decoding=\"async\" class=\"aligncenter wp-image-10108\" title=\"Logo Apadrinem el nostre patrimoni\" src=\"https:\/\/projectes.xtec.cat\/xarxadults\/wp-content\/uploads\/usu1741\/2019\/05\/blanc_460x260.png\" alt=\"Logo Apadrinem el nostre patrimoni\" width=\"308\" height=\"174\" srcset=\"https:\/\/projectes.xtec.cat\/xarxadults\/wp-content\/uploads\/usu1741\/2019\/05\/blanc_460x260.png 460w, https:\/\/projectes.xtec.cat\/xarxadults\/wp-content\/uploads\/usu1741\/2019\/05\/blanc_460x260-300x170.png 300w\" sizes=\"auto, (max-width: 308px) 100vw, 308px\" \/><\/a><\/p>\n<p style=\"text-align: justify;\">El programa <a href=\"http:\/\/xtec.gencat.cat\/ca\/projectes\/apadrinemnostrepatrimoni\/\" target=\"_blank\" rel=\"noopener noreferrer\"><span style=\"color: #993300;\"><strong>Apadrinem el nostre patrimoni<\/strong><\/span><\/a> es basa en la idea de l&#8217;apadrinament d&#8217;un element del patrimoni monumental, del patrimoni cultural immaterial o del patrimoni natural, per part d&#8217;un centre educatiu. El programa promou contextos d\u2019aprenentatge per a l&#8217;\u00e8xit educatiu de tot l&#8217;alumnat, afavoreix la transformaci\u00f3 educativa que t\u00e9 en compte la participaci\u00f3 activa dels i de les aprenents, amb especial atenci\u00f3 a l&#8217;aprenentatge i servei en qu\u00e8 l&#8217;alumnat parteix de necessitats reals de l&#8217;entorn amb l&#8217;objectiu de millorar-lo.\u200b<\/p>\n<p style=\"text-align: justify;\">La finalitat del projecte \u00e9s fomentar la implicaci\u00f3 dels i de les apre\u200bnents, com a subjectes actius del proc\u00e9s d&#8217;aprenentatge, a partir del treball interdisciplinari i sobre els elements patrimonials de l&#8217;entorn, per promoure l&#8217;equitat i la qualitat del sistema educatiu, reflectides en la millora de les capacitats i compet\u00e8ncies de l&#8217;alumnat.<\/p>\n<p style=\"text-align: justify;\">L&#8217;apadrinament implica que el centre educatiu inclogui en el seu Projecte Educatiu de Centre el coneixement i l&#8217;estudi d&#8217;un element patrimonial del seu entorn local o comarcal com a centre d&#8217;inter\u00e8s per a un o tots els seus nivells educatius.<\/p>\n<p style=\"text-align: justify;\">El coneixement del patrimoni local des d&#8217;un punt de vista hist\u00f2ria, art\u00edstic, cultural, natural i cient\u00edfic \u00e9s important per fomentar la implicaci\u00f3 dels alumnes en el territori i la societat i en darrer terme per promoure l&#8217;exercici d&#8217;una ciutadania cr\u00edtica i responsable.<\/p>\n<p style=\"text-align: justify;\">Els centres interessats en participar en el programa <strong>Apadrinem el nostre patrimoni<\/strong> han d&#8217;adre\u00e7ar-se al coordinador o coordinadora d&#8217;adults del seu servei territorial per ampliar la informaci\u00f3 i si ho desitgen formalitzar-ne la <strong>inscripci\u00f3. <\/strong>Tamb\u00e9 poden adre\u00e7ar-se al\u00a0 Centre de Recursos Pedag\u00f2gics de la seva zona, on podran ampliar la informaci\u00f3 i si ho desitgen formalitzar el registre a trav\u00e9s de l&#8217;aplicaci\u00f3 <strong>Apadrinem<\/strong>.<\/p>\n<p>Per a m\u00e9s informaci\u00f3 feu clic <a href=\"http:\/\/xtec.gencat.cat\/ca\/projectes\/apadrinemnostrepatrimoni\/\" target=\"_blank\" rel=\"noopener noreferrer\">AQU\u00cd<\/a> o al <a href=\"https:\/\/espai.educacio.gencat.cat\/Centres\/Innovacio-pedagogica\/Programes\/Apadrinem-nostre-patrimoni\/Pagines\/default.aspx\" target=\"_blank\" rel=\"noopener noreferrer\">portal de centres<\/a>.<\/p>\n<p><span style=\"color: #993300;\"><strong>Normativa<\/strong><\/span><\/p>\n<ul>\n<li style=\"list-style-type: none;\">\n<ul>\n<li style=\"text-align: justify;\"><a href=\"http:\/\/dogc.gencat.cat\/ca\/pdogc_canals_interns\/pdogc_resultats_fitxa\/?action=fitxa&amp;mode=single&amp;documentId=826153&amp;language=ca_ES\" target=\"_blank\" rel=\"noopener noreferrer\">Resoluci\u00f3 ENS\/2037\/2018<\/a>, de 30 d&#8217;agost, per la qual es crea el Programa d&#8217;innovaci\u00f3 pedag\u00f2gica Apadrinem el nostre patrimoni i s&#8217;obre convocat\u00f2ria p\u00fablica per a la selecci\u00f3 de centres educatius interessats a formar-ne part a partir del curs 2018-2019.<\/li>\n<li style=\"text-align: justify;\"><a href=\"https:\/\/dogc.gencat.cat\/ca\/pdogc_canals_interns\/pdogc_resultats_fitxa\/?action=fitxa&amp;documentId=851258&amp;language=ca_ES\">RESOLUCI\u00d3 EDU\/1528\/2019<\/a>, de 3 de juny, per la qual s&#8217;obre la convocat\u00f2ria per participar en diversos programes d&#8217;innovaci\u00f3 pedag\u00f2gica creats pel Departament d&#8217;Educaci\u00f3.<br \/>\nAnnex 11 Bases reguladores de la convocat\u00f2ria p\u00fablica per seleccionar centres educatius que vulguin formar part del Programa \u201cApadrinem el nostre patrimoni\u201d. Programa creat mitjan\u00e7ant la Resoluci\u00f3 ENS\/2037\/2018, de 30 d&#8217;agost, (DOGC n\u00fam. 7700, de 5.9.2018).<\/li>\n<li style=\"text-align: justify;\"><a style=\"text-align: start;\" title=\"Ves al DOGC\" href=\"https:\/\/dogc.gencat.cat\/ca\/pdogc_canals_interns\/pdogc_resultats_fitxa\/?action=fitxa&amp;documentId=869483&amp;language=ca_ES\" target=\"_blank\" rel=\"noopener noreferrer\">Resolu\u200bci\u00f3 EDU\/523\/2020<\/a><span style=\"text-align: start;\">, de 24 de febrer, per la qual s&#8217;aproven les bases generals per a la participaci\u00f3 en programes d&#8217;innovaci\u00f3 pedag\u00f2gica.\u200b<\/span><\/li>\n<li style=\"text-align: justify;\"><a style=\"font-family: inherit; font-size: 1em;\" title=\"Resoluci\u00f3 EDU\/331\/2021\u200b\" href=\"https:\/\/dogc.gencat.cat\/ca\/document-del-dogc\/?documentId=893658\" target=\"_blank\" rel=\"noopener noreferrer\">Resoluci\u00f3\u00a0EDU\/331\/2021\u200b<\/a><span style=\"font-family: inherit; font-size: 1em;\">, de 9 de febrer, per la qual es modifica la Resoluci\u00f3 EDU\/523\/2020, de 24 de febrer, per la qual s&#8217;aproven les bases generals per a la participaci\u00f3 en programes d&#8217;innovaci\u00f3 pedag\u00f2gica.\u200b<\/span><\/li>\n<\/ul>\n<\/li>\n<\/ul>\n","protected":false},"excerpt":{"rendered":"<p><a href=\"https:\/\/projectes.xtec.cat\/xarxadults\/wp-content\/uploads\/usu1741\/2019\/05\/blanc_460x260.png\"><\/a><br \/>\nEl programa <a href=\"http:\/\/xtec.gencat.cat\/ca\/projectes\/apadrinemnostrepatrimoni\/\" target=\"_blank\" rel=\"noopener noreferrer\">Apadrinem el nostre patrimoni<\/a> es basa en la idea de l&#8217;apadrinament d&#8217;un element del patrimoni monumental, del patrimoni cultural immaterial o del patrimoni natural, per part d&#8217;un centre educatiu. El programa promou contextos d\u2019aprenentatge per a l&#8217;\u00e8xit educatiu&hellip;  <a href=\"https:\/\/projectes.xtec.cat\/xarxadults\/iniciatives-pedagogiques\/programes\/altres-2\/\" title=\"Read Apadrinem el nostre patrimoni\">Llegeix m\u00e9s\u00bb<\/a><\/p>\n","protected":false},"author":3,"featured_media":0,"parent":10042,"menu_order":20,"comment_status":"closed","ping_status":"closed","template":"page-templates\/side-menu.php","meta":{"_bbp_topic_count":0,"_bbp_reply_count":0,"_bbp_total_topic_count":0,"_bbp_total_reply_count":0,"_bbp_voice_count":0,"_bbp_anonymous_reply_count":0,"_bbp_topic_count_hidden":0,"_bbp_reply_count_hidden":0,"_bbp_forum_subforum_count":0,"footnotes":""},"class_list":["post-8876","page","type-page","status-publish","hentry"],"post_mailing_queue_ids":[],"_links":{"self":[{"href":"https:\/\/projectes.xtec.cat\/xarxadults\/wp-json\/wp\/v2\/pages\/8876","targetHints":{"allow":["GET"]}}],"collection":[{"href":"https:\/\/projectes.xtec.cat\/xarxadults\/wp-json\/wp\/v2\/pages"}],"about":[{"href":"https:\/\/projectes.xtec.cat\/xarxadults\/wp-json\/wp\/v2\/types\/page"}],"author":[{"embeddable":true,"href":"https:\/\/projectes.xtec.cat\/xarxadults\/wp-json\/wp\/v2\/users\/3"}],"replies":[{"embeddable":true,"href":"https:\/\/projectes.xtec.cat\/xarxadults\/wp-json\/wp\/v2\/comments?post=8876"}],"version-history":[{"count":4,"href":"https:\/\/projectes.xtec.cat\/xarxadults\/wp-json\/wp\/v2\/pages\/8876\/revisions"}],"predecessor-version":[{"id":12513,"href":"https:\/\/projectes.xtec.cat\/xarxadults\/wp-json\/wp\/v2\/pages\/8876\/revisions\/12513"}],"up":[{"embeddable":true,"href":"https:\/\/projectes.xtec.cat\/xarxadults\/wp-json\/wp\/v2\/pages\/10042"}],"wp:attachment":[{"href":"https:\/\/projectes.xtec.cat\/xarxadults\/wp-json\/wp\/v2\/media?parent=8876"}],"curies":[{"name":"wp","href":"https:\/\/api.w.org\/{rel}","templated":true}]}}