{"id":9295,"date":"2018-04-24T09:24:57","date_gmt":"2018-04-24T07:24:57","guid":{"rendered":"http:\/\/projectes.xtec.cat\/xarxadults\/?page_id=9295"},"modified":"2021-02-01T22:25:57","modified_gmt":"2021-02-01T21:25:57","slug":"revistes","status":"publish","type":"page","link":"https:\/\/projectes.xtec.cat\/xarxadults\/iniciatives-pedagogiques\/bones-practiques\/revistes\/","title":{"rendered":"Revistes escolars"},"content":{"rendered":"<p><span style=\"color: #800000;\">Espai de difusi\u00f3 de les revistes escolars del centres de formaci\u00f3 d&#8217;adults<\/span><\/p>\n<p>Us animem a que ens feu arribar a fadults@xtec.cat l&#8217;enlla\u00e7 al darrer n\u00famero de la revista escolar que elaboreu en el vostre centre per incorporar-la a aquest espai de difusi\u00f3.<\/p>\n<table style=\"width: 995px;\">\n<tbody>\n<tr>\n<td style=\"width: 164px;\"><a href=\"https:\/\/issuu.com\/xtec920\/docs\/revista_dia_mundial_de_l_aigua_2019\" target=\"_blank\" rel=\"noopener noreferrer\"><img loading=\"lazy\" decoding=\"async\" class=\"alignnone wp-image-10014 size-medium\" title=\"Portada revista escolar del 2019 del CFA Sant Ramon titolada aigua per beure, aigua per viure \" src=\"https:\/\/projectes.xtec.cat\/xarxadults\/wp-content\/uploads\/usu1741\/2019\/04\/aigua.fw_-210x300.png\" alt=\"Portada revista escolar del 2019 del CFA Sant Ramon titolada aigua per beure, aigua per viure \" width=\"210\" height=\"300\" srcset=\"https:\/\/projectes.xtec.cat\/xarxadults\/wp-content\/uploads\/usu1741\/2019\/04\/aigua.fw_-210x300.png 210w, https:\/\/projectes.xtec.cat\/xarxadults\/wp-content\/uploads\/usu1741\/2019\/04\/aigua.fw_.png 355w\" sizes=\"auto, (max-width: 210px) 100vw, 210px\" \/><\/a><\/td>\n<td style=\"width: 824px;\"><span style=\"color: #800000;\">CFA Sant Ramon (L&#8217;Hospitalet de Llobregat)<\/span>.<\/p>\n<p>Aquest curs els alumnes del CFA Sant Ramon han treballat el projecte curricular: Dia Mundial de l&#8217;Aigua, i han recollit les feines fetes en una revista molt i molt interessant.<\/p>\n<p><span style=\"color: #800000;\">\u00a0<\/span><\/td>\n<\/tr>\n<tr>\n<td style=\"width: 164px;\"><a href=\"https:\/\/issuu.com\/xtec920\/docs\/cfa_sant_ramon_denip_2018\" target=\"_blank\" rel=\"noopener noreferrer\"><img loading=\"lazy\" decoding=\"async\" class=\"alignnone wp-image-9296 size-medium\" title=\"Portada revista escolar del 2018 del CFA Sant Ramon titolada Denip 2018\" src=\"https:\/\/projectes.xtec.cat\/xarxadults\/wp-content\/uploads\/usu1741\/2018\/04\/revista_sant_ramon.fw_-269x300.png\" alt=\"Portada revista escolar del 2018 del CFA Sant Ramon titolada Denip 2018\" width=\"269\" height=\"300\" srcset=\"https:\/\/projectes.xtec.cat\/xarxadults\/wp-content\/uploads\/usu1741\/2018\/04\/revista_sant_ramon.fw_-269x300.png 269w, https:\/\/projectes.xtec.cat\/xarxadults\/wp-content\/uploads\/usu1741\/2018\/04\/revista_sant_ramon.fw_.png 336w\" sizes=\"auto, (max-width: 269px) 100vw, 269px\" \/><\/a><\/td>\n<td style=\"width: 824px;\"><span style=\"color: #800000;\">CFA Sant Ramon (L&#8217;Hospitalet de Llobregat)<\/span>.<\/p>\n<p>El\u00a0dia 30 de gener \u00e9s el Dia Escolar de la No-Viol\u00e8ncia i la Pau.\u00a0Cada grup-classe del centre ha treballat un tema al voltant de la no-viol\u00e8ncia i la pau que queda recollit en aquesta\u00a0revista.<\/td>\n<\/tr>\n<tr>\n<td style=\"width: 164px;\"><a href=\"https:\/\/issuu.com\/elstarongers\/docs\/revistadefinitiva_web\" target=\"_blank\" rel=\"noopener noreferrer\"><img loading=\"lazy\" decoding=\"async\" class=\"alignnone wp-image-9362 size-full\" src=\"https:\/\/projectes.xtec.cat\/xarxadults\/wp-content\/uploads\/usu1741\/2018\/04\/Captura-de-2018-05-14-20-48-44-e1526323978117.png\" alt=\"Portada revista escolar del 2018 del CFA Els Tarongers titolada Cadasc\u00fa hi diu la seva\" width=\"264\" height=\"391\" srcset=\"https:\/\/projectes.xtec.cat\/xarxadults\/wp-content\/uploads\/usu1741\/2018\/04\/Captura-de-2018-05-14-20-48-44-e1526323978117.png 264w, https:\/\/projectes.xtec.cat\/xarxadults\/wp-content\/uploads\/usu1741\/2018\/04\/Captura-de-2018-05-14-20-48-44-e1526323978117-203x300.png 203w\" sizes=\"auto, (max-width: 264px) 100vw, 264px\" \/><\/a><\/td>\n<td style=\"width: 824px;\"><span style=\"color: #800000;\">CFA Els Tarongers (Matar\u00f3)<\/span><\/p>\n<p>Al voltant de la diada de Sant Jordi \u00e9s el moment de publicar la revista de l&#8217;escola, <strong><em>Cadasc\u00fa hi diu la seva,<\/em><\/strong> amb el recull d&#8217;articles dels alumnes. No s\u00f3n textos individuals sin\u00f3 fruit d&#8217;un treball col.lectiu. Un any m\u00e9s us presentem el resultat final. Esperem que gaudiu de la lectura!<\/td>\n<\/tr>\n<\/tbody>\n<\/table>\n<p>&nbsp;<\/p>\n","protected":false},"excerpt":{"rendered":"<p>Espai de difusi\u00f3 de les revistes escolars del centres de formaci\u00f3 d&#8217;adults<br \/>\nUs animem a que ens feu arribar a fadults@xtec.cat l&#8217;enlla\u00e7 al darrer n\u00famero de la revista escolar que elaboreu en el vostre centre per incorporar-la a aquest espai de difusi\u00f3.<\/p>\n<p><a href=\"https:\/\/issuu.com\/xtec920\/docs\/revista_dia_mundial_de_l_aigua_2019\" target=\"_blank\" rel=\"noopener noreferrer\"><\/a><br \/>\nCFA&hellip;  <a href=\"https:\/\/projectes.xtec.cat\/xarxadults\/iniciatives-pedagogiques\/bones-practiques\/revistes\/\" title=\"Read Revistes escolars\">Llegeix m\u00e9s\u00bb<\/a><\/p>\n","protected":false},"author":3,"featured_media":0,"parent":10048,"menu_order":30,"comment_status":"closed","ping_status":"closed","template":"page-templates\/side-menu.php","meta":{"_bbp_topic_count":0,"_bbp_reply_count":0,"_bbp_total_topic_count":0,"_bbp_total_reply_count":0,"_bbp_voice_count":0,"_bbp_anonymous_reply_count":0,"_bbp_topic_count_hidden":0,"_bbp_reply_count_hidden":0,"_bbp_forum_subforum_count":0,"footnotes":""},"class_list":["post-9295","page","type-page","status-publish","hentry"],"post_mailing_queue_ids":[],"_links":{"self":[{"href":"https:\/\/projectes.xtec.cat\/xarxadults\/wp-json\/wp\/v2\/pages\/9295","targetHints":{"allow":["GET"]}}],"collection":[{"href":"https:\/\/projectes.xtec.cat\/xarxadults\/wp-json\/wp\/v2\/pages"}],"about":[{"href":"https:\/\/projectes.xtec.cat\/xarxadults\/wp-json\/wp\/v2\/types\/page"}],"author":[{"embeddable":true,"href":"https:\/\/projectes.xtec.cat\/xarxadults\/wp-json\/wp\/v2\/users\/3"}],"replies":[{"embeddable":true,"href":"https:\/\/projectes.xtec.cat\/xarxadults\/wp-json\/wp\/v2\/comments?post=9295"}],"version-history":[{"count":4,"href":"https:\/\/projectes.xtec.cat\/xarxadults\/wp-json\/wp\/v2\/pages\/9295\/revisions"}],"predecessor-version":[{"id":11992,"href":"https:\/\/projectes.xtec.cat\/xarxadults\/wp-json\/wp\/v2\/pages\/9295\/revisions\/11992"}],"up":[{"embeddable":true,"href":"https:\/\/projectes.xtec.cat\/xarxadults\/wp-json\/wp\/v2\/pages\/10048"}],"wp:attachment":[{"href":"https:\/\/projectes.xtec.cat\/xarxadults\/wp-json\/wp\/v2\/media?parent=9295"}],"curies":[{"name":"wp","href":"https:\/\/api.w.org\/{rel}","templated":true}]}}