{"id":9383,"date":"2018-06-02T19:32:07","date_gmt":"2018-06-02T17:32:07","guid":{"rendered":"http:\/\/projectes.xtec.cat\/xarxadults\/?page_id=9383"},"modified":"2019-05-13T13:31:57","modified_gmt":"2019-05-13T11:31:57","slug":"lletres-a-les-aules","status":"publish","type":"page","link":"https:\/\/projectes.xtec.cat\/xarxadults\/lletres-a-les-aules\/","title":{"rendered":"Lletres a les aules"},"content":{"rendered":"<p style=\"text-align: justify;\"><strong>Lletres a les Aules<\/strong> \u00e9s un programa de foment de la lectura i de promoci\u00f3 de la literatura organitzar per l&#8217;Institut de les Lletres Catalanes que permet apropar l\u2019alumnat al fet literari, millorar la comprensi\u00f3 lectora com a eina fonamental per accedir al coneixement, estimular i potenciar l\u2019habilitat lectora i el coneixement de la llengua. D&#8217;aquest programa se&#8217;n beneficien els centres educatius d\u2019ensenyament primari, secundari i d\u2019adults. Disposa de dues modalitats:<\/p>\n<table style=\"width: 832px;\">\n<tbody>\n<tr>\n<td style=\"width: 493px; text-align: justify;\"><span style=\"color: #800000;\"><strong>Autors a les Aules<\/strong>\u00a0<\/span><\/p>\n<p>Aquesta modalitat permet que els alumnes lectors entrin en contacte directe amb els escriptors i hi estableixin un di\u00e0leg al voltant dels seus llibres i d\u2019altres temes relacionats amb el fet literari com l\u2019ofici d\u2019escriure, el proc\u00e9s de creaci\u00f3, el m\u00f3n editorial.<\/p>\n<p>Durant el curs 2017-2018 el CFA Solson\u00e8s ha participat en aquesta modalitat, amb gran \u00e8xit i valoracions molt satisfact\u00f2ries. Podeu veure un resum de les activitats desenvolupades en el centre <a href=\"https:\/\/drive.google.com\/file\/d\/10CIOvVmESb706xdZJYpqj3jIa7bLvoNC\/view?usp=sharing\" target=\"_blank\" rel=\"noopener noreferrer\">AQU\u00cd.<\/a><\/td>\n<td style=\"width: 330px;\"><a href=\"http:\/\/projectes.xtec.cat\/xarxadults\/wp-content\/uploads\/usu1741\/2018\/06\/Captura-de-2018-06-02-19-21-33-e1527960377865.png\"><img loading=\"lazy\" decoding=\"async\" class=\"alignright wp-image-9385 size-medium\" src=\"http:\/\/projectes.xtec.cat\/xarxadults\/wp-content\/uploads\/usu1741\/2018\/06\/Captura-de-2018-06-02-19-21-33-e1527960923866-300x223.png\" alt=\"\" width=\"300\" height=\"223\" srcset=\"https:\/\/projectes.xtec.cat\/xarxadults\/wp-content\/uploads\/usu1741\/2018\/06\/Captura-de-2018-06-02-19-21-33-e1527960923866-300x223.png 300w, https:\/\/projectes.xtec.cat\/xarxadults\/wp-content\/uploads\/usu1741\/2018\/06\/Captura-de-2018-06-02-19-21-33-e1527960923866-768x571.png 768w, https:\/\/projectes.xtec.cat\/xarxadults\/wp-content\/uploads\/usu1741\/2018\/06\/Captura-de-2018-06-02-19-21-33-e1527960923866-200x150.png 200w, https:\/\/projectes.xtec.cat\/xarxadults\/wp-content\/uploads\/usu1741\/2018\/06\/Captura-de-2018-06-02-19-21-33-e1527960923866.png 1010w\" sizes=\"auto, (max-width: 300px) 100vw, 300px\" \/><\/a><\/td>\n<\/tr>\n<tr>\n<td style=\"width: 823px; text-align: justify;\" colspan=\"2\"><strong><span style=\"color: #800000;\">En Veu alta<\/span> <\/strong><\/p>\n<p>Aquesta modalitat posa a disposici\u00f3 de mestres i professors antologies de textos literaris per ser dites a l\u2019aula per un elenc de lectors. Les antologies han estat preparades a l\u2019entorn d\u2019un eix tem\u00e0tic gen\u00e8ric, sense vinculaci\u00f3 expl\u00edcita amb els temaris, per facilitar que cada centre en tregui el rendiment m\u00e9s adequat a la pr\u00f2pia din\u00e0mica de treball i a les caracter\u00edstiques del seu alumnat. Entre els textos escollits n&#8217;hi ha de cl\u00e0ssics i d\u2019actuals, de tots els territoris de parla catalana i alguna traducci\u00f3, de diversos g\u00e8neres literaris. Els presentem seguint un gui\u00f3 que vol ajudar els oients a seguir la lectura.<\/td>\n<\/tr>\n<\/tbody>\n<\/table>\n<p>&nbsp;<\/p>\n","protected":false},"excerpt":{"rendered":"<p>Lletres a les Aules \u00e9s un programa de foment de la lectura i de promoci\u00f3 de la literatura organitzar per l&#8217;Institut de les Lletres Catalanes que permet apropar l\u2019alumnat al fet literari, millorar la comprensi\u00f3 lectora com a eina fonamental per accedir al coneixement, estimular&hellip;  <a href=\"https:\/\/projectes.xtec.cat\/xarxadults\/lletres-a-les-aules\/\" title=\"Read Lletres a les aules\">Llegeix m\u00e9s\u00bb<\/a><\/p>\n","protected":false},"author":3,"featured_media":0,"parent":0,"menu_order":0,"comment_status":"closed","ping_status":"closed","template":"","meta":{"_bbp_topic_count":0,"_bbp_reply_count":0,"_bbp_total_topic_count":0,"_bbp_total_reply_count":0,"_bbp_voice_count":0,"_bbp_anonymous_reply_count":0,"_bbp_topic_count_hidden":0,"_bbp_reply_count_hidden":0,"_bbp_forum_subforum_count":0,"footnotes":""},"class_list":["post-9383","page","type-page","status-publish","hentry"],"post_mailing_queue_ids":[],"_links":{"self":[{"href":"https:\/\/projectes.xtec.cat\/xarxadults\/wp-json\/wp\/v2\/pages\/9383","targetHints":{"allow":["GET"]}}],"collection":[{"href":"https:\/\/projectes.xtec.cat\/xarxadults\/wp-json\/wp\/v2\/pages"}],"about":[{"href":"https:\/\/projectes.xtec.cat\/xarxadults\/wp-json\/wp\/v2\/types\/page"}],"author":[{"embeddable":true,"href":"https:\/\/projectes.xtec.cat\/xarxadults\/wp-json\/wp\/v2\/users\/3"}],"replies":[{"embeddable":true,"href":"https:\/\/projectes.xtec.cat\/xarxadults\/wp-json\/wp\/v2\/comments?post=9383"}],"version-history":[{"count":3,"href":"https:\/\/projectes.xtec.cat\/xarxadults\/wp-json\/wp\/v2\/pages\/9383\/revisions"}],"predecessor-version":[{"id":9400,"href":"https:\/\/projectes.xtec.cat\/xarxadults\/wp-json\/wp\/v2\/pages\/9383\/revisions\/9400"}],"wp:attachment":[{"href":"https:\/\/projectes.xtec.cat\/xarxadults\/wp-json\/wp\/v2\/media?parent=9383"}],"curies":[{"name":"wp","href":"https:\/\/api.w.org\/{rel}","templated":true}]}}