{"id":9430,"date":"2018-06-28T21:30:57","date_gmt":"2018-06-28T19:30:57","guid":{"rendered":"http:\/\/projectes.xtec.cat\/xarxadults\/?page_id=9430"},"modified":"2022-01-20T09:54:46","modified_gmt":"2022-01-20T08:54:46","slug":"laprenentatge-per-competencies-a-leducacio-dadults-28-de-juny-de-2018","status":"publish","type":"page","link":"https:\/\/projectes.xtec.cat\/xarxadults\/activitats-2\/jornades-i-trobades-pedagogiques\/laprenentatge-per-competencies-a-leducacio-dadults-28-de-juny-de-2018\/","title":{"rendered":"L&#8217;aprenentatge per compet\u00e8ncies a l&#8217;educaci\u00f3 d&#8217;adults"},"content":{"rendered":"<h5 style=\"text-align: left;\"><span style=\"color: #980000;\">Trobada pedag\u00f2gica<br \/>\n<\/span><\/h5>\n<p style=\"text-align: left;\">Barcelona, 28 de juny de 2018<span style=\"color: #980000;\"><br \/>\n<\/span><\/p>\n<div><strong>Objectius:<\/strong><\/div>\n<ul>\n<li><span style=\"font-family: arial, helvetica, geneva; font-size: small;\">Reflexionar sobre el significat i les implicacions de l\u2019aprenentatge per compet\u00e8ncies en el context de la societat de la informaci\u00f3.<\/span><\/li>\n<li><span style=\"font-family: arial, helvetica, geneva; font-size: small;\">Mostrar una proposta metodol\u00f2gica per a la funcionalitat dels ensenyaments competencials<\/span><\/li>\n<li><span style=\"font-family: arial, helvetica, geneva; font-size: small;\">Con\u00e8ixer diverses propostes did\u00e0ctiques i experi\u00e8ncies d\u2019aula vinculades a les metodologies de l\u2019aprenentatge per compet\u00e8ncies<\/span><\/li>\n<\/ul>\n<table style=\"width: 766px; height: 93px;\">\n<tbody>\n<tr style=\"height: 31px;\">\n<td style=\"width: 152px; background-color: #980000; height: 31px;\">\n<h3><span style=\"color: #ffffff;\"><strong>Pon\u00e8ncies<\/strong><\/span><\/h3>\n<\/td>\n<td style=\"width: 606px; height: 31px;\">\n<ul>\n<li><strong><span style=\"color: #800000;\">Aprendre per compet\u00e8ncies: de la comprensi\u00f3 a l&#8217;\u00fas integrat dels coneixements<\/span><\/strong>, a c\u00e0rrec de <a href=\"https:\/\/drive.google.com\/file\/d\/1kpIP5ajki-LXw3Yvw1Xv9JDcMBya6X8_\/view?usp=sharing\" target=\"_blank\" rel=\"noopener noreferrer\">Josep Llu\u00eds Zaragoz\u00e0<\/a> (t\u00e8cnic del Servei d&#8217;Ordenaci\u00f3 Curricular), <a href=\"https:\/\/drive.google.com\/file\/d\/1DGqQklYII1PCLrOQOAr9tpUaE9Th8J4G\/view?usp=sharing\" target=\"_blank\" rel=\"noopener noreferrer\">Xavier Urb\u00f3n<\/a> <strong>(CFA Ripoll\u00e8s)<\/strong> i <a href=\"https:\/\/drive.google.com\/file\/d\/1bVvW-LhgzN2TTKXl_DGdhtgUFIkJ6Eq4\/view?usp=sharing\" target=\"_blank\" rel=\"noopener noreferrer\">Rosa Clar<\/a> (INS Tord\u00e0ria)<\/li>\n<\/ul>\n<p>&nbsp;<\/p>\n<ul>\n<li><a href=\"https:\/\/drive.google.com\/file\/d\/18-32maL6ZiweG7sqxHU3ayZmRpyShNZ8\/view?usp=sharing\" target=\"_blank\" rel=\"noopener noreferrer\">Programa L&#8217;art de parlar<\/a>, a c\u00e0rrec d&#8217;Ester Fuertes (t\u00e8cnica del MNAC), Josep M\u00aa Planas (t\u00e8cnic docent del SOCEA), Manuel Rius <strong>(CFA Castelldefels)<\/strong>, Pere Moreno <strong>(CFA Maria R\u00fabies),<\/strong> \u00c0ngels Roca<strong> (CFA Montserrat Roig)<\/strong> i Adolf Orcoyen <strong>(CFA Sant Feliu).<\/strong><\/li>\n<\/ul>\n<p>&nbsp;<\/p>\n<ul>\n<li><a href=\"https:\/\/drive.google.com\/file\/d\/1R0P2wvVbczcBmLJPTQCwp5g9NbX-KDVB\/view?usp=sharing\" target=\"_blank\" rel=\"noopener noreferrer\">La semipresencialitat a l&#8217;escola d&#8217;adults: una eina complement\u00e0ria<\/a> <strong>(CFA Valls)<\/strong> a c\u00e0rrec de Candela Flavi\u00e0, Teresa Domingo i Carles de Haro.<\/li>\n<\/ul>\n<p>&nbsp;<\/p>\n<ul>\n<li><a href=\"https:\/\/drive.google.com\/file\/d\/1CBg07Irq5Krf7iPxJjpSj-qJc7KhiZvI\/view?usp=sharing\" target=\"_blank\" rel=\"noopener noreferrer\">El COMPETIC 2 i el COMPETIC 3 semipresencials<\/a> <strong>(CFA Manuel Sacrist\u00e1n)<\/strong>, a c\u00e0rrec d&#8217;\u00c0ngel P\u00e9rez.<\/li>\n<\/ul>\n<p>&nbsp;<\/p>\n<ul>\n<li><a href=\"https:\/\/drive.google.com\/file\/d\/1C-AE0DWGkpvWWWxJKZe3kGnJfiP_f7RT\/view?usp=sharing\" target=\"_blank\" rel=\"noopener noreferrer\">Projecte documental <em>Ment Oberta, M\u00f3n Obert <\/em><\/a><strong>(CFA Montseny)<\/strong>, a c\u00e0rrec de Maje Asins, Marian Berrojo i Cinta Blanch.<\/li>\n<\/ul>\n<p>&nbsp;<\/p>\n<ul>\n<li>Sense m\u00fasica, la vida seria un error <strong>(CFA Tramuntana), <\/strong>a c\u00e0rrec de Soraya Alonso i Roser Darder.<\/li>\n<\/ul>\n<p>&nbsp;<\/p>\n<ul>\n<li><a href=\"https:\/\/drive.google.com\/file\/d\/11CcBNNaZFrq5Vk0DKHYjpp2EPhCXz1Le\/view?usp=sharing\" target=\"_blank\" rel=\"noopener noreferrer\">Formant companys, formant equip <\/a><strong>(CFA Mare de D\u00e9u de Montserrat)<\/strong>, a c\u00e0rrec de N\u00e0dia Mart\u00ednez i Nico Albat.<\/li>\n<\/ul>\n<p>&nbsp;<\/p>\n<ul>\n<li><a href=\"https:\/\/drive.google.com\/file\/d\/1z5elttaMRwKD5SR08nV2raJy-K45rA3b\/view?usp=sharing\" target=\"_blank\" rel=\"noopener noreferrer\">Aprenentatge-Servei<\/a> <strong>(CFA Can Serra), <\/strong>a c\u00e0rrec de Carme Mestres i Ester Badal.<\/li>\n<\/ul>\n<p>&nbsp;<\/p>\n<ul>\n<li><a href=\"https:\/\/drive.google.com\/file\/d\/1TX7i1XMk8A_T5gg4XhLgh7TO6CLZjOPB\/view?usp=sharing\" target=\"_blank\" rel=\"noopener noreferrer\">L&#8217;Associaci\u00f3 d&#8217;Amics i Alumnes<\/a> <strong>(CFA Prosperitat),<\/strong> a c\u00e0rrec de Jordi Brugal.<\/li>\n<\/ul>\n<\/td>\n<\/tr>\n<\/tbody>\n<\/table>\n<p>&nbsp;<\/p>\n","protected":false},"excerpt":{"rendered":"<p>Trobada pedag\u00f2gica<\/p>\n<p>Barcelona, 28 de juny de 2018<\/p>\n<p>Objectius:<\/p>\n<ul>\n<li>Reflexionar sobre el significat i les implicacions de l\u2019aprenentatge per compet\u00e8ncies en el context de la societat de la informaci\u00f3.<\/li>\n<li>Mostrar una proposta metodol\u00f2gica per a la funcionalitat dels ensenyaments competencials<\/li>\n<li>Con\u00e8ixer diverses propostes did\u00e0ctiques i experi\u00e8ncies d\u2019aula vinculades a les&hellip;  <a href=\"https:\/\/projectes.xtec.cat\/xarxadults\/activitats-2\/jornades-i-trobades-pedagogiques\/laprenentatge-per-competencies-a-leducacio-dadults-28-de-juny-de-2018\/\" title=\"Read L&#8217;aprenentatge per compet\u00e8ncies a l&#8217;educaci\u00f3 d&#8217;adults\">Llegeix m\u00e9s\u00bb<\/a><br \/>\n","protected":false},"author":3,"featured_media":0,"parent":13345,"menu_order":70,"comment_status":"closed","ping_status":"closed","template":"page-templates\/side-menu.php","meta":{"_bbp_topic_count":0,"_bbp_reply_count":0,"_bbp_total_topic_count":0,"_bbp_total_reply_count":0,"_bbp_voice_count":0,"_bbp_anonymous_reply_count":0,"_bbp_topic_count_hidden":0,"_bbp_reply_count_hidden":0,"_bbp_forum_subforum_count":0,"footnotes":""},"class_list":["post-9430","page","type-page","status-publish","hentry"],"post_mailing_queue_ids":[],"_links":{"self":[{"href":"https:\/\/projectes.xtec.cat\/xarxadults\/wp-json\/wp\/v2\/pages\/9430","targetHints":{"allow":["GET"]}}],"collection":[{"href":"https:\/\/projectes.xtec.cat\/xarxadults\/wp-json\/wp\/v2\/pages"}],"about":[{"href":"https:\/\/projectes.xtec.cat\/xarxadults\/wp-json\/wp\/v2\/types\/page"}],"author":[{"embeddable":true,"href":"https:\/\/projectes.xtec.cat\/xarxadults\/wp-json\/wp\/v2\/users\/3"}],"replies":[{"embeddable":true,"href":"https:\/\/projectes.xtec.cat\/xarxadults\/wp-json\/wp\/v2\/comments?post=9430"}],"version-history":[{"count":4,"href":"https:\/\/projectes.xtec.cat\/xarxadults\/wp-json\/wp\/v2\/pages\/9430\/revisions"}],"predecessor-version":[{"id":9465,"href":"https:\/\/projectes.xtec.cat\/xarxadults\/wp-json\/wp\/v2\/pages\/9430\/revisions\/9465"}],"up":[{"embeddable":true,"href":"https:\/\/projectes.xtec.cat\/xarxadults\/wp-json\/wp\/v2\/pages\/13345"}],"wp:attachment":[{"href":"https:\/\/projectes.xtec.cat\/xarxadults\/wp-json\/wp\/v2\/media?parent=9430"}],"curies":[{"name":"wp","href":"https:\/\/api.w.org\/{rel}","templated":true}]}}