{"id":9540,"date":"2018-08-22T14:14:13","date_gmt":"2018-08-22T12:14:13","guid":{"rendered":"http:\/\/projectes.xtec.cat\/xarxadults\/?page_id=9540"},"modified":"2021-04-06T11:55:27","modified_gmt":"2021-04-06T09:55:27","slug":"lart-de-parlar","status":"publish","type":"page","link":"https:\/\/projectes.xtec.cat\/xarxadults\/iniciatives-pedagogiques\/programes\/lart-de-parlar\/","title":{"rendered":"L&#8217;Art de Parlar"},"content":{"rendered":"<p style=\"text-align: justify;\"><a href=\"https:\/\/projectes.xtec.cat\/xarxadults\/wp-content\/uploads\/usu1741\/2019\/06\/Logo_ArtdeParlar-1.jpg\"><img loading=\"lazy\" decoding=\"async\" class=\"wp-image-10140 size-medium aligncenter\" title=\"Logo L'Art de Parlar\" src=\"https:\/\/projectes.xtec.cat\/xarxadults\/wp-content\/uploads\/usu1741\/2019\/06\/Logo_ArtdeParlar-1-300x232.jpg\" alt=\"Logo L'Art de Parlar\" width=\"300\" height=\"232\" srcset=\"https:\/\/projectes.xtec.cat\/xarxadults\/wp-content\/uploads\/usu1741\/2019\/06\/Logo_ArtdeParlar-1-300x232.jpg 300w, https:\/\/projectes.xtec.cat\/xarxadults\/wp-content\/uploads\/usu1741\/2019\/06\/Logo_ArtdeParlar-1.jpg 495w\" sizes=\"auto, (max-width: 300px) 100vw, 300px\" \/><\/a>El programa d&#8217;innovaci\u00f3 pedag\u00f2gica &#8220;<a href=\"http:\/\/xtec.gencat.cat\/ca\/innovacio\/programes_innovacio\/centres-de-formacio-adults\/lart-de-parlar\/\" target=\"_blank\" rel=\"noopener noreferrer\"><span style=\"color: #993300;\"><strong>L&#8217;Art de Parlar:<\/strong><\/span><\/a> <strong><span style=\"color: #993300;\">aprenem llengua a trav\u00e9s de l\u2019art i les estrat\u00e8gies de pensament visual (VTS)<\/span><\/strong>&#8221; es genera a partir de la necessitat dels Centres de Formaci\u00f3 d\u2019Adults de trobar un espai i una metodologia per impulsar la pr\u00e0ctica oral dels alumnes dels programes de lleng\u00fces que s&#8217;ofereixen en aquests centres. Aquest objectiu educatiu s\u2019alinea amb la missi\u00f3 del Museu Nacional d&#8217;Art de Catalunya d\u2019arribar a d\u2019altres col\u00b7lectius m\u00e9s enll\u00e0 del p\u00fablic escolar i coincideix amb l\u2019experimentaci\u00f3 de la metodologia VTS a d\u2019altres p\u00fablics. L&#8217;objectiu principal del projecte \u00e9s co-crear un programa sostenible d\u2019aprenentatge de la llengua utilitzant les col\u00b7leccions del museu i la metodologia de les VTS.<\/p>\n<p style=\"text-align: justify;\">El programa<strong>\u00a0<\/strong><a href=\"http:\/\/xtec.gencat.cat\/ca\/innovacio\/programes_innovacio\/centres-de-formacio-adults\/lart-de-parlar\/\" target=\"_blank\" rel=\"noopener noreferrer\"><span style=\"color: #993300;\"><strong>L\u2019Art de Parlar<\/strong><\/span><\/a> pret\u00e8n refor\u00e7ar la compet\u00e8ncia oral dels alumnes dels ensenyaments de llengua a l\u2019educaci\u00f3 d\u2019adults en el marc de la compet\u00e8ncia global implementant les estrat\u00e8gies de pensament visual aplicades a les obres d\u2019art amb un enfocament competencial que faciliti a l\u2019alumne entendre el m\u00f3n i apreciar l\u2019\u00e8tica i l\u2019est\u00e8tica en la representaci\u00f3 significativa i aprofundir en la construcci\u00f3 de la societat des de la col\u00b7laboraci\u00f3 dels agents educatius en l\u2019\u00e0mbit formal i no formal.<\/p>\n<div>\u200bEl Programa l\u2019Art de parlar s\u2019emmarca en els tres\u00a0\u00e0mbits definits per la Comissi\u00f3 d\u2019Innovaci\u00f3 del Departament d\u2019Educaci\u00f3:<\/div>\n<div><\/div>\n<ul>\n<li style=\"list-style-type: none;\">\n<ul>\n<li><em>\u00c0mbit 1:<\/em> metodologies i recursos per a la millora de l\u2019ensenyament i aprenentatge<\/li>\n<li><em>\u00c0mbit 2:<\/em> organitzaci\u00f3 i gesti\u00f3 educativa<\/li>\n<li><em>\u00c0mbit 3:<\/em> relaci\u00f3 i cooperaci\u00f3 amb la comunitat educativa i l\u2019entorn<\/li>\n<\/ul>\n<\/li>\n<\/ul>\n<p><strong><span style=\"color: #800000;\">Normativa<\/span><\/strong><\/p>\n<ul>\n<li style=\"list-style-type: none;\">\n<ul>\n<li style=\"text-align: justify;\"><a href=\"https:\/\/dogc.gencat.cat\/ca\/pdogc_canals_interns\/pdogc_resultats_fitxa\/?action=fitxa&amp;documentId=852228&amp;language=ca_ES\" target=\"_blank\" rel=\"noopener noreferrer\" data-saferedirecturl=\"https:\/\/www.google.com\/url?q=https:\/\/dogc.gencat.cat\/ca\/pdogc_canals_interns\/pdogc_resultats_fitxa\/?action%3Dfitxa%26documentId%3D852228%26language%3Dca_ES&amp;source=gmail&amp;ust=1561210644151000&amp;usg=AFQjCNEhErk32NvfE6UiQy8skML259Dl0A\">RESOLUCI\u00d3 EDU\/1635\/2019, de 12 de juny,<\/a>\u00a0per la qual es crea el\u00a0<span style=\"color: #993300;\"><b>Programa d&#8217;innovaci\u00f3 pedag\u00f2gica &#8220;L&#8217;Art de <\/b><b>parlar&#8221;<\/b><\/span> i s&#8217;obre convocat\u00f2ria p\u00fablica per a la selecci\u00f3 de centres educatius interessats a formar-ne part a partir del curs 2019-2020.<\/li>\n<li><a href=\"https:\/\/portaldogc.gencat.cat\/utilsEADOP\/PDF\/8077\/1786967.pdf\" target=\"_blank\" rel=\"noopener noreferrer\">RESOLUCI\u00d3 EDU\/523\/2020, de 24 de febrer,<\/a> per la qual s\u2019aproven les bases generals per a la participaci\u00f3 en programes d\u2019innovaci\u00f3 pedag\u00f2gica.<\/li>\n<li><a href=\"https:\/\/portaldogc.gencat.cat\/utilsEADOP\/PDF\/8344\/1836709.pdf\" target=\"_blank\" rel=\"noopener noreferrer\">RESOLUCI\u00d3 EDU\/331\/2021, de 9 de febrer,<\/a> per la qual es modifica la Resoluci\u00f3 EDU\/523\/2020, de 24 de febrer, per la qual s\u2019aproven les bases generals per a la participaci\u00f3 en programes d\u2019innovaci\u00f3 pedag\u00f2gica.<\/li>\n<\/ul>\n<\/li>\n<\/ul>\n<p>&nbsp;<\/p>\n<p>Podreu trobar m\u00e9s informaci\u00f3 de la convocat\u00f2ria al <a href=\"https:\/\/espai.educacio.gencat.cat\/Centres\/Innovacio-pedagogica\/Programes\/Art-parlar\/Pagines\/default.aspx\" target=\"_blank\" rel=\"noopener noreferrer\">link<\/a>.<\/p>\n<p>&nbsp;<\/p>\n<h3 style=\"text-align: justify;\"><span style=\"color: #800000;\"><strong>Curs 2020-2021<\/strong><\/span><\/h3>\n<div><span style=\"color: #993300;\"><b>1.- ACTUACIONS<\/b><\/span><\/div>\n<div><span style=\"color: #f3f3f3;\">\u00a0<\/span><\/div>\n<p>&#8211; Formaci\u00f3 espec\u00edfica de 2n any dels centres del Programa d&#8217;Innovaci\u00f3 L&#8217;Art de Parlar. Aprofundiment en VTS.<br \/>\n&#8211; Pr\u00e0ctiques amb els alumnes dels centres PIN als museus MNAC, Picasso i centres d&#8217;art propers.<\/p>\n<div><\/div>\n<div><strong><span style=\"color: #993300;\">2.- ACTIVITATS DESTINADES ALS CFA<\/span><\/strong><\/div>\n<div><span style=\"color: #f3f3f3;\">ACTIVITATS DESTINADES ALS CFA<\/span><\/div>\n<p style=\"text-align: justify;\">-Tots els centres de formaci\u00f3 d&#8217;adults tenen la possibilitat de fer visites &#8211; debat VTS al MNAC (Itineraris: Relacions humanes, Societat i Cultura, Natura, espais i entorns). A partir de novembre de 2020.<\/p>\n<p style=\"text-align: justify;\">M\u00e9s informaci\u00f3 i inscripcions: correu<strong>\u00a0<a href=\"https:\/\/projectes.xtec.cat\/xarxadults\/programes\/lart-de-parlar\/elvedu.educacio@gencat.cat\" target=\"_blank\" rel=\"noopener noreferrer\" data-saferedirecturl=\"https:\/\/www.google.com\/url?q=https:\/\/projectes.xtec.cat\/xarxadults\/programes\/lart-de-parlar\/elvedu.educacio@gencat.cat&amp;source=gmail&amp;ust=1605029544362000&amp;usg=AFQjCNFqwZ15E6SIxzdoxgj5RzBNvIH0JA\">elvedu.educacio@gencat.<wbr \/>cat<\/a>,\u00a0<span style=\"color: #0000ff;\"><a href=\"mailto:marce3@xtec.cat\" target=\"_blank\" rel=\"noopener noreferrer\">marce3@xtec.cat<\/a><\/span>\u00a0o al correu<\/strong>\u00a0<a href=\"mailto:grups@museunacional.cat\" target=\"_blank\" rel=\"noopener noreferrer\">grups@museunacional.cat<\/a><wbr \/>.<\/p>\n<p>-Tamb\u00e9, experi\u00e8ncia VTS al MNAC per als claustres amb reserva pr\u00e8via.<\/p>\n<div>\n\n\t\t<style type=\"text\/css\">\n\t\t\t#gallery-1 {\n\t\t\t\tmargin: auto;\n\t\t\t}\n\t\t\t#gallery-1 .gallery-item {\n\t\t\t\tfloat: left;\n\t\t\t\tmargin-top: 10px;\n\t\t\t\ttext-align: center;\n\t\t\t\twidth: 50%;\n\t\t\t}\n\t\t\t#gallery-1 img {\n\t\t\t\tborder: 2px solid #cfcfcf;\n\t\t\t}\n\t\t\t#gallery-1 .gallery-caption {\n\t\t\t\tmargin-left: 0;\n\t\t\t}\n\t\t\t\/* see gallery_shortcode() in wp-includes\/media.php *\/\n\t\t<\/style>\n\t\t<div id='gallery-1' class='gallery galleryid-9540 gallery-columns-2 gallery-size-medium'><dl class='gallery-item'>\n\t\t\t<dt class='gallery-icon portrait'>\n\t\t\t\t<a href='https:\/\/projectes.xtec.cat\/xarxadults\/iniciatives-pedagogiques\/programes\/lart-de-parlar\/attachment\/img_20191113_103945-2\/'><img loading=\"lazy\" decoding=\"async\" width=\"289\" height=\"300\" src=\"https:\/\/projectes.xtec.cat\/xarxadults\/wp-content\/uploads\/usu1741\/2020\/11\/IMG_20191113_103945-2-289x300.jpg\" class=\"attachment-medium size-medium\" alt=\"\" srcset=\"https:\/\/projectes.xtec.cat\/xarxadults\/wp-content\/uploads\/usu1741\/2020\/11\/IMG_20191113_103945-2-289x300.jpg 289w, https:\/\/projectes.xtec.cat\/xarxadults\/wp-content\/uploads\/usu1741\/2020\/11\/IMG_20191113_103945-2-768x797.jpg 768w, https:\/\/projectes.xtec.cat\/xarxadults\/wp-content\/uploads\/usu1741\/2020\/11\/IMG_20191113_103945-2-987x1024.jpg 987w\" sizes=\"auto, (max-width: 289px) 100vw, 289px\" \/><\/a>\n\t\t\t<\/dt><\/dl><dl class='gallery-item'>\n\t\t\t<dt class='gallery-icon landscape'>\n\t\t\t\t<a href='https:\/\/projectes.xtec.cat\/xarxadults\/iniciatives-pedagogiques\/programes\/lart-de-parlar\/attachment\/img_20191106_114405-2\/'><img loading=\"lazy\" decoding=\"async\" width=\"300\" height=\"288\" src=\"https:\/\/projectes.xtec.cat\/xarxadults\/wp-content\/uploads\/usu1741\/2020\/11\/IMG_20191106_114405-2-300x288.jpg\" class=\"attachment-medium size-medium\" alt=\"\" srcset=\"https:\/\/projectes.xtec.cat\/xarxadults\/wp-content\/uploads\/usu1741\/2020\/11\/IMG_20191106_114405-2-300x288.jpg 300w, https:\/\/projectes.xtec.cat\/xarxadults\/wp-content\/uploads\/usu1741\/2020\/11\/IMG_20191106_114405-2-768x737.jpg 768w, https:\/\/projectes.xtec.cat\/xarxadults\/wp-content\/uploads\/usu1741\/2020\/11\/IMG_20191106_114405-2-1024x983.jpg 1024w\" sizes=\"auto, (max-width: 300px) 100vw, 300px\" \/><\/a>\n\t\t\t<\/dt><\/dl><br style=\"clear: both\" \/>\n\t\t<\/div>\n\n<p><strong><span style=\"color: #993300;\">3- WEBINAR CFA PERE CALDERS:<\/span><\/strong> <a href=\"https:\/\/projectes.xtec.cat\/claustreobert\/general\/lart-de-parlar\/\" target=\"_blank\" rel=\"noopener noreferrer\"><strong>L&#8217;Art de Parlar, l&#8217;Art d&#8217;aprendre lleng\u00fces<\/strong><\/a><\/p>\n<p><iframe loading=\"lazy\" src=\"\/\/www.youtube.com\/embed\/YpChrC97Gmo?feature=emb_logo\" width=\"560\" height=\"314\"><\/iframe><\/p>\n<\/div>\n<hr \/>\n<h3><span style=\"color: #800000;\"><strong>CURS<\/strong><\/span><span style=\"color: #800000;\"><strong> 2019-2020<\/strong><\/span><\/h3>\n<p><strong><span style=\"color: #800000;\">1- FORMACI\u00d3 VTS\u00a0<\/span><\/strong><\/p>\n<ul>\n<li><strong><span style=\"color: #800000;\">Inicial\u00a0 <\/span><\/strong><em style=\"font-family: inherit; font-size: 0.875em;\">A partir de gener del 2020. Destinada als centres que vulguin incorporar-se al programa el curs 2020-2021.<\/em><\/li>\n<li><strong><span style=\"color: #800000;\">Espec\u00edfica\u00a0 <\/span><\/strong><em style=\"font-family: inherit; font-size: 0.875em;\">Formaci\u00f3 espec\u00edfica per a centres seleccionats a la convocat\u00f2ria del programa d&#8217;innovaci\u00f3 L&#8217;art de parlar<\/em><\/li>\n<\/ul>\n<p><em>Properament s&#8217;informar\u00e0 de les dates de les sessions de les formacions del programa <strong>L&#8217;art de parlar<\/strong>.<\/em><\/p>\n<p><strong><span style=\"color: #800000;\">2- ACTIVITATS DESTINADES ALS CFA\u00a0<\/span> <\/strong><\/p>\n<ul>\n<li style=\"text-align: justify;\"><strong><span style=\"font-family: inherit; font-size: 1em; font-weight: normal;\">Tots els centres de formaci\u00f3 d&#8217;adults tindran la possibilitat de participar en les visites &#8211; debat VTS\u00a0 al Museu Nacional d&#8217;Art de Catalunya (Itineraris: <\/span><strong style=\"font-family: inherit; font-size: 1em;\">Relacions humanes, Societat i cultura, Natura, espais i entorns<\/strong><span style=\"font-family: inherit; font-size: 1em; font-weight: normal;\">).\u00a0<em> A partir de novembre 2019.<\/em><\/span><\/strong><\/li>\n<\/ul>\n<p style=\"text-align: justify;\"><strong style=\"font-family: inherit; font-size: 1em;\"><span style=\"font-family: inherit; font-size: 1em; font-weight: normal;\"><strong>M\u00e9s informaci\u00f3 i inscripcions: <\/strong>al tel\u00e8fon 934006900 ext. 3942, al correu <a href=\"elvedu.educacio@gencat.cat\" target=\"_blank\" rel=\"noopener noreferrer\">elvedu.educacio<span class=\"\">@g<\/span>encat.cat<\/a>, o al tel\u00e8fon\u00a0<\/span><\/strong>936220375, al correu <a href=\"mailto:grups@museunacional.cat\" target=\"_blank\" rel=\"noopener noreferrer\">grups@museunacional.cat<\/a><\/p>\n<ul>\n<li>Experi\u00e8ncia VTS al MNAC per als claustres. <em>Pr\u00e8via reserva.<\/em><\/li>\n<\/ul>\n<p><img loading=\"lazy\" decoding=\"async\" class=\"alignleft wp-image-10165\" title=\"D\u00edptic del programa L'art de Parlar i docents mirant una quadre del MNAC amb una explicaci\u00f3 d'aquest quadre\" src=\"https:\/\/projectes.xtec.cat\/xarxadults\/wp-content\/uploads\/usu1741\/2019\/07\/screen1920-300x178.jpg\" alt=\"D\u00edptic del programa L'art de Parlar i docents mirant una quadre del MNAC amb una explicaci\u00f3 d'aquest quadre\" width=\"435\" height=\"258\" srcset=\"https:\/\/projectes.xtec.cat\/xarxadults\/wp-content\/uploads\/usu1741\/2019\/07\/screen1920-300x178.jpg 300w, https:\/\/projectes.xtec.cat\/xarxadults\/wp-content\/uploads\/usu1741\/2019\/07\/screen1920-768x456.jpg 768w, https:\/\/projectes.xtec.cat\/xarxadults\/wp-content\/uploads\/usu1741\/2019\/07\/screen1920.jpg 962w\" sizes=\"auto, (max-width: 435px) 100vw, 435px\" \/><\/p>\n<p><img loading=\"lazy\" decoding=\"async\" class=\"alignleft wp-image-10166\" title=\"Itineraris 2019-2020 al MNAC\" src=\"https:\/\/projectes.xtec.cat\/xarxadults\/wp-content\/uploads\/usu1741\/2019\/07\/screenItinerarisMNAC-300x170.jpg\" alt=\"Itineraris 2019-2020 al MNAC\" width=\"465\" height=\"264\" srcset=\"https:\/\/projectes.xtec.cat\/xarxadults\/wp-content\/uploads\/usu1741\/2019\/07\/screenItinerarisMNAC-300x170.jpg 300w, https:\/\/projectes.xtec.cat\/xarxadults\/wp-content\/uploads\/usu1741\/2019\/07\/screenItinerarisMNAC-768x434.jpg 768w, https:\/\/projectes.xtec.cat\/xarxadults\/wp-content\/uploads\/usu1741\/2019\/07\/screenItinerarisMNAC-1024x579.jpg 1024w, https:\/\/projectes.xtec.cat\/xarxadults\/wp-content\/uploads\/usu1741\/2019\/07\/screenItinerarisMNAC.jpg 1187w\" sizes=\"auto, (max-width: 465px) 100vw, 465px\" \/><\/p>\n<p>&nbsp;<\/p>\n<p>&nbsp;<\/p>\n<p>&nbsp;<\/p>\n<p>&nbsp;<\/p>\n<p>&nbsp;<\/p>\n<p>&nbsp;<\/p>\n<p>&nbsp;<\/p>\n<p><a href=\"https:\/\/drive.google.com\/file\/d\/1L7YwWZonCY4caEVgY1SI7GEXfxqz9wvT\/view?usp=sharing\" target=\"_blank\" rel=\"noopener noreferrer\"><strong><span style=\"text-decoration: underline;\">Descripci\u00f3 del programa:<\/span><\/strong><\/a><\/p>\n<ul>\n<li style=\"list-style-type: none;\">\n<ul>\n<li style=\"list-style-type: none;\">\n<ul>\n<li><em>Prop\u00f2sit<\/em><\/li>\n<li><em>Objectius<\/em><\/li>\n<li><em>Activitats al Museu<\/em><\/li>\n<li><em>Propostes per fer al centre<\/em><\/li>\n<li><em>Recursos educatius<\/em><\/li>\n<\/ul>\n<\/li>\n<\/ul>\n<\/li>\n<\/ul>\n<p><img loading=\"lazy\" decoding=\"async\" class=\"wp-image-9541 alignleft\" src=\"https:\/\/projectes.xtec.cat\/xarxadults\/wp-content\/uploads\/usu1741\/2018\/08\/logo5cm-300x300.jpg\" alt=\"\" width=\"69\" height=\"69\" \/>M\u00e9s informaci\u00f3 al <a style=\"font-family: inherit; font-size: 1em;\" href=\"https:\/\/www.museunacional.cat\/ca\/programa-lart-de-parlar\" target=\"_blank\" rel=\"noopener noreferrer\"><strong>web del Museu Nacional d&#8217;Art de Catalunya<\/strong><\/a><\/p>\n<p>&nbsp;<\/p>\n<hr \/>\n<h3><span style=\"color: #800000;\"><strong>CURS<\/strong><\/span><span style=\"color: #800000;\"><strong> 2018-2019<\/strong><\/span><\/h3>\n<p><strong><span style=\"color: #800000;\">1- CURS DE FORMACI\u00d3 VTS*<\/span><\/strong><\/p>\n<p><span style=\"color: #000000;\">L&#8217;<strong>objectiu<\/strong> d&#8217;aquesta activitat\u00a0 \u00e9s fer sostenible a mig termini el programa a trav\u00e9s de la formaci\u00f3 d\u2019un grup impulsor de vuit centres (amb dos docents cadascun) que es convertirien en formadors d\u2019altres docents.<\/span><\/p>\n<p><span style=\"color: #000000;\">Per continuar amb la formaci\u00f3 es preveu la participaci\u00f3 d\u2019aquest grup en el seminari permanent VTS o en d\u2019altres sistemes de seguiment de la formaci\u00f3.<\/span><\/p>\n<p><em style=\"font-family: inherit; font-size: 0.875em;\">\u00a0* Restringit a vuit centres de formaci\u00f3 d&#8217;adults: CFA Manuel Sacrist\u00e1n \/ CFA Montserrat Roig \/ CFA Pere Calders \/ CFA Rius i Taulet \/ CFA Gran Sol \/ CFA Bellavista \/ CFA Josepa Massan\u00e9s i Dalmau \/ CFA Nou Girona<\/em><\/p>\n<p><strong><span style=\"color: #800000;\">2- GRUP DE TREBALL VTS<\/span><\/strong><\/p>\n<p><strong>Objectius:<\/strong><\/p>\n<ul>\n<li style=\"text-align: justify;\">Elaboraci\u00f3 de\u00a0<strong>nous itineraris tem\u00e0tics\u00a0<\/strong>per treballar la llengua amb la metodologia VTS en col\u00b7laboraci\u00f3 amb el Museu Nacional d&#8217;Art de Catalunya.<\/li>\n<li style=\"text-align: justify;\">Elaboraci\u00f3 de materials ling\u00fc\u00edstics pre i post visita al museu per a les diferents lleng\u00fces que s\u2019imparteixen en els CFA (catal\u00e0, castell\u00e0, angl\u00e8s i franc\u00e8s).<\/li>\n<\/ul>\n<p><strong><span style=\"color: #800000;\">3- ACTIVITATS DESTINADES ALS CFA\u00a0<\/span> <\/strong><\/p>\n<ul>\n<li style=\"text-align: justify;\"><strong><span style=\"font-family: inherit; font-size: 1em; font-weight: normal;\">A partir del 3r trimestre s&#8217;obre a tots els centres de formaci\u00f3 d&#8217;adults la possibilitat de participar en una visita-debat VTS\u00a0 al Museu Nacional d&#8217;Art de Catalunya (Itinerari <\/span><strong style=\"font-family: inherit; font-size: 1em;\">Relacions humanes<\/strong><span style=\"font-family: inherit; font-size: 1em; font-weight: normal;\">).\u00a0\u00a0<\/span><\/strong><strong style=\"font-family: inherit; font-size: 1em;\"><span style=\"font-family: inherit; font-size: 1em; font-weight: normal;\"><strong><a href=\"https:\/\/drive.google.com\/file\/d\/1JrlPQ7KPSeWqjmA4YACFKRcCdZN8S__r\/view?usp=sharing\" target=\"_blank\" rel=\"noopener noreferrer\">M\u00e9s informaci\u00f3 i inscripcions<\/a>\u00a0<\/strong><\/span><\/strong><\/li>\n<li style=\"text-align: justify;\"><strong style=\"font-family: inherit; font-size: 1em;\"><span style=\"font-family: inherit; font-size: 1em; font-weight: normal;\"><strong><a href=\"https:\/\/drive.google.com\/file\/d\/1_a1vQeDu-fu2qX61Wn2zDyszw0qfJBBy\/view?usp=sharing\" target=\"_blank\" rel=\"noopener noreferrer\">Materials relacionats amb la visita-debat al MNAC (descripci\u00f3 de l&#8217;activitat, dossier de l&#8217;alumne i propostes did\u00e0ctiques)<\/a><\/strong><\/span><\/strong><\/li>\n<\/ul>\n<p><iframe loading=\"lazy\" src=\"\/\/www.youtube.com\/embed\/IObIh-hn8FA?feature=emb_logo\" width=\"560\" height=\"314\"><\/iframe><\/p>\n<p>&nbsp;<\/p>\n<p><a href=\"https:\/\/projectes.xtec.cat\/xarxadults\/wp-content\/uploads\/usu1741\/2019\/01\/300px-Le_Diner_de_louvrier_-_Francesc_Sard\u00e0_Ladico.jpg\"><img loading=\"lazy\" decoding=\"async\" class=\"aligncenter size-medium wp-image-9747\" src=\"https:\/\/projectes.xtec.cat\/xarxadults\/wp-content\/uploads\/usu1741\/2019\/01\/300px-Le_Diner_de_louvrier_-_Francesc_Sard\u00e0_Ladico-300x225.jpg\" alt=\"\" width=\"300\" height=\"225\" srcset=\"https:\/\/projectes.xtec.cat\/xarxadults\/wp-content\/uploads\/usu1741\/2019\/01\/300px-Le_Diner_de_louvrier_-_Francesc_Sard\u00e0_Ladico.jpg 300w, https:\/\/projectes.xtec.cat\/xarxadults\/wp-content\/uploads\/usu1741\/2019\/01\/300px-Le_Diner_de_louvrier_-_Francesc_Sard\u00e0_Ladico-200x150.jpg 200w\" sizes=\"auto, (max-width: 300px) 100vw, 300px\" \/><\/a><\/p>\n<p style=\"text-align: justify;\"><strong><a href=\"https:\/\/projectes.xtec.cat\/xarxadults\/wp-content\/uploads\/usu1741\/2019\/01\/190104-No-totes-les-culleres-s%C3%B3n-iguals.pdf\" target=\"_blank\" rel=\"noopener noreferrer\">No totes les culleres s\u00f3n iguals<\/a>: <\/strong>Article escrit per Josep Francesc Delgado, docent del CFA Bellavista, un dels vuit centres participants en el Programa L\u2019ART DE PARLAR. En ell parla d\u2019una experi\u00e8ncia molt emotiva que es va viure en una de les pr\u00e0ctiques de la formaci\u00f3 VTS al Museu Nacional d\u2019Art de Catalunya.<\/p>\n<hr \/>\n<h3><span style=\"color: #800000;\"><strong>CURS<\/strong><\/span><span style=\"color: #800000;\"><strong> 2017-2018<\/strong><\/span><\/h3>\n<p><span style=\"color: #333333;\"><strong>Pilotatge d&#8217;experimentaci\u00f3 i avaluaci\u00f3 d&#8217;un prototip de visita tem\u00e0tica sobre la fam\u00edlia <\/strong>(dos debats VTS amb activitats de vinculaci\u00f3 personal amb les obres del MNAC). El resultat del pilotatge i el programa es van presentar el 28 de juny de 2018 en el marc de la trobada pedag\u00f2gica <em>L\u2019aprenentatge per compet\u00e8ncies a l\u2019educaci\u00f3 d\u2019adults. <\/em><a style=\"color: #333333;\" href=\"http:\/\/projectes.xtec.cat\/xarxadults\/laprenentatge-per-competencies-a-leducacio-dadults-28-de-juny-de-2018\/\" target=\"_blank\" rel=\"noopener noreferrer\">(<strong>enlla\u00e7<\/strong>)<\/a><\/span><\/p>\n<p><a href=\"https:\/\/projectes.xtec.cat\/xarxadults\/wp-content\/uploads\/usu1741\/2018\/08\/IMG_20180320_125633.jpg\"><img loading=\"lazy\" decoding=\"async\" class=\"wp-image-9543 aligncenter\" title=\"Docents mirant una quadre del MNAC amb una explicaci\u00f3 d'aquest quadre\" src=\"https:\/\/projectes.xtec.cat\/xarxadults\/wp-content\/uploads\/usu1741\/2018\/08\/IMG_20180320_125633-150x150.jpg\" alt=\"Docents mirant una quadre del MNAC amb una explicaci\u00f3 d'aquest quadre\" width=\"229\" height=\"229\" \/><\/a><\/p>\n<p>&nbsp;<\/p>\n<p>&nbsp;<\/p>\n<p>&nbsp;<\/p>\n","protected":false},"excerpt":{"rendered":"<p><a href=\"https:\/\/projectes.xtec.cat\/xarxadults\/wp-content\/uploads\/usu1741\/2019\/06\/Logo_ArtdeParlar-1.jpg\"><\/a>El programa d&#8217;innovaci\u00f3 pedag\u00f2gica &#8220;<a href=\"http:\/\/xtec.gencat.cat\/ca\/innovacio\/programes_innovacio\/centres-de-formacio-adults\/lart-de-parlar\/\" target=\"_blank\" rel=\"noopener noreferrer\">L&#8217;Art de Parlar:<\/a> aprenem llengua a trav\u00e9s de l\u2019art i les estrat\u00e8gies de pensament visual (VTS)&#8221; es genera a partir de la necessitat dels Centres de Formaci\u00f3 d\u2019Adults de trobar un espai i una metodologia per&hellip;  <a href=\"https:\/\/projectes.xtec.cat\/xarxadults\/iniciatives-pedagogiques\/programes\/lart-de-parlar\/\" title=\"Read L&#8217;Art de Parlar\">Llegeix m\u00e9s\u00bb<\/a><\/p>\n","protected":false},"author":5,"featured_media":0,"parent":10042,"menu_order":10,"comment_status":"closed","ping_status":"closed","template":"page-templates\/side-menu.php","meta":{"_bbp_topic_count":0,"_bbp_reply_count":0,"_bbp_total_topic_count":0,"_bbp_total_reply_count":0,"_bbp_voice_count":0,"_bbp_anonymous_reply_count":0,"_bbp_topic_count_hidden":0,"_bbp_reply_count_hidden":0,"_bbp_forum_subforum_count":0,"footnotes":""},"class_list":["post-9540","page","type-page","status-publish","hentry"],"post_mailing_queue_ids":[],"_links":{"self":[{"href":"https:\/\/projectes.xtec.cat\/xarxadults\/wp-json\/wp\/v2\/pages\/9540","targetHints":{"allow":["GET"]}}],"collection":[{"href":"https:\/\/projectes.xtec.cat\/xarxadults\/wp-json\/wp\/v2\/pages"}],"about":[{"href":"https:\/\/projectes.xtec.cat\/xarxadults\/wp-json\/wp\/v2\/types\/page"}],"author":[{"embeddable":true,"href":"https:\/\/projectes.xtec.cat\/xarxadults\/wp-json\/wp\/v2\/users\/5"}],"replies":[{"embeddable":true,"href":"https:\/\/projectes.xtec.cat\/xarxadults\/wp-json\/wp\/v2\/comments?post=9540"}],"version-history":[{"count":5,"href":"https:\/\/projectes.xtec.cat\/xarxadults\/wp-json\/wp\/v2\/pages\/9540\/revisions"}],"predecessor-version":[{"id":10553,"href":"https:\/\/projectes.xtec.cat\/xarxadults\/wp-json\/wp\/v2\/pages\/9540\/revisions\/10553"}],"up":[{"embeddable":true,"href":"https:\/\/projectes.xtec.cat\/xarxadults\/wp-json\/wp\/v2\/pages\/10042"}],"wp:attachment":[{"href":"https:\/\/projectes.xtec.cat\/xarxadults\/wp-json\/wp\/v2\/media?parent=9540"}],"curies":[{"name":"wp","href":"https:\/\/api.w.org\/{rel}","templated":true}]}}