{"id":9762,"date":"2019-02-04T08:08:17","date_gmt":"2019-02-04T07:08:17","guid":{"rendered":"http:\/\/projectes.xtec.cat\/xarxadults\/?page_id=9762"},"modified":"2022-03-01T09:44:07","modified_gmt":"2022-03-01T08:44:07","slug":"ges","status":"publish","type":"page","link":"https:\/\/projectes.xtec.cat\/xarxadults\/ensenyaments\/ges\/","title":{"rendered":"GESO"},"content":{"rendered":"<p class=\"entry-header\" style=\"text-align: justify;\"><a href=\"https:\/\/projectes.xtec.cat\/xarxadults\/wp-content\/uploads\/usu1741\/2019\/02\/moduls_ges_1.jpg\"><img loading=\"lazy\" decoding=\"async\" class=\" wp-image-9804 alignleft\" src=\"https:\/\/projectes.xtec.cat\/xarxadults\/wp-content\/uploads\/usu1741\/2019\/02\/moduls_ges_1.jpg\" alt=\"\" width=\"375\" height=\"250\" srcset=\"https:\/\/projectes.xtec.cat\/xarxadults\/wp-content\/uploads\/usu1741\/2019\/02\/moduls_ges_1.jpg 449w, https:\/\/projectes.xtec.cat\/xarxadults\/wp-content\/uploads\/usu1741\/2019\/02\/moduls_ges_1-300x200.jpg 300w\" sizes=\"auto, (max-width: 375px) 100vw, 375px\" \/><\/a>Aquests estudis permeten obtenir el <strong>t\u00edtol de graduat o graduada en educaci\u00f3 secund\u00e0ria obligat\u00f2ria<\/strong> (GESO). Es poden cursar de manera presencial o semipresencial als centres de formaci\u00f3 de persones adultes o a dist\u00e0ncia, a trav\u00e9s de l&#8217;Institut Obert de Catalunya (IOC).<\/p>\n<h4><span style=\"color: #993300;\"><strong>Contingut<\/strong><\/span><\/h4>\n<p>Els estudis estan organitzats en 34 m\u00f2duls, amb una c\u00e0rrega lectiva de 35 hores per m\u00f2dul. La durada d\u2019aquests estudis \u00e9s de 1.190 hores. Els m\u00f2duls, que estan relacionats amb l&#8217;\u00e0mbit de la comunicaci\u00f3, el cientificotecnol\u00f2gic i el social, es distribueixen en dos nivells:<\/p>\n<table style=\"width: 847px; height: 999px;\">\n<tbody>\n<tr style=\"height: 32px;\">\n<td style=\"text-align: center; width: 841.6px; height: 32px;\" colspan=\"3\"><span style=\"color: #993300;\"><strong style=\"font-size: 16px;\">M\u00f2duls comuns del nivell I<\/strong><\/span><\/td>\n<\/tr>\n<tr style=\"height: 32px;\">\n<td style=\"text-align: center; width: 240px; height: 32px;\"><span style=\"color: #ff6600;\"><strong><span style=\"font-size: 16px; background-color: #ffffff;\">\u00a0\u00c0mbit de la comunicaci\u00f3<\/span><\/strong><\/span><\/td>\n<td style=\"text-align: center; width: 288.8px; height: 32px;\"><span style=\"color: #ff6600;\"><strong><span style=\"font-size: 16px; background-color: #ffffff;\">\u00c0mbit cientificotecnol\u00f2gic<\/span><\/strong><\/span><\/td>\n<td style=\"text-align: center; width: 309.6px; height: 32px;\"><span style=\"color: #ff6600;\"><strong><span style=\"font-size: 16px; background-color: #ffffff;\">\u00a0\u00c0mbit social<\/span><\/strong><\/span><\/td>\n<\/tr>\n<tr style=\"height: 190px;\">\n<td style=\"width: 240px; height: 190px;\">\n<ul style=\"font-size: 16px; font-family: 'Helvetica Neue', Helvetica, Helvetica, Arial, sans-serif;\">\n<li>Literatura<\/li>\n<li>Llengua catalana I<\/li>\n<li>Llengua castellana I<\/li>\n<li>Llengua estrangera I<\/li>\n<li>Llengua catalana II<\/li>\n<li>Llengua castellana II<\/li>\n<\/ul>\n<\/td>\n<td style=\"width: 288.8px; height: 190px;\">\n<ul style=\"font-size: 16px; font-family: 'Helvetica Neue', Helvetica, Helvetica, Arial, sans-serif;\">\n<li>Matem\u00e0tiques<\/li>\n<li>Matem\u00e0tiques II<\/li>\n<li>F\u00edsica i qu\u00edmica I<\/li>\n<li>Ci\u00e8ncies naturals<\/li>\n<li>Educaci\u00f3 per a la salut<\/li>\n<\/ul>\n<\/td>\n<td style=\"width: 309.6px; height: 190px;\">\n<ul style=\"font-size: 16px; font-family: 'Helvetica Neue', Helvetica, Helvetica, Arial, sans-serif;\">\n<li>Ci\u00e8ncies socials I i educaci\u00f3 per a la ciutadania<\/li>\n<li>Geografia I<\/li>\n<li>Hist\u00f2ria I<\/li>\n<\/ul>\n<\/td>\n<\/tr>\n<tr style=\"height: 31px;\">\n<td style=\"width: 841.6px; height: 31px;\" colspan=\"3\"><em>Total m\u00f2duls del 1r nivell a cursar: 14 comuns i 3 opcionals<\/em><\/td>\n<\/tr>\n<tr style=\"height: 32px;\">\n<td style=\"width: 841.6px; text-align: center; height: 32px;\" colspan=\"3\"><span style=\"color: #993300;\"><strong style=\"font-size: 16px;\">M\u00f2duls comuns del nivell II<\/strong><\/span><\/td>\n<\/tr>\n<tr style=\"height: 32px;\">\n<td style=\"width: 240px; text-align: center; height: 32px;\"><span style=\"color: #ff6600;\"><strong><span style=\"font-size: 16px; background-color: #ffffff;\">\u00c0mbit de la comunicaci\u00f3<\/span><\/strong><\/span><\/td>\n<td style=\"width: 288.8px; text-align: center; height: 32px;\"><span style=\"color: #ff6600;\"><strong><span style=\"font-size: 16px; background-color: #ffffff;\">\u00c0mbit cientificotecnol\u00f2gic<\/span><\/strong><\/span><\/td>\n<td style=\"width: 309.6px; text-align: center; height: 32px;\"><span style=\"color: #ff6600;\"><strong><span style=\"font-size: 16px; background-color: #ffffff;\">\u00c0mbit social<\/span><\/strong><\/span><\/td>\n<\/tr>\n<tr style=\"height: 190px;\">\n<td style=\"width: 240px; height: 190px;\">\n<ul style=\"font-size: 16px; font-family: 'Helvetica Neue', Helvetica, Helvetica, Arial, sans-serif;\">\n<li>Llengua catalana III<\/li>\n<li>Llengua castellana III<\/li>\n<li>Llengua estrangera II<\/li>\n<li>Llengua estrangera III<\/li>\n<li>Literatura catalana<\/li>\n<li>Literatura castellana<\/li>\n<\/ul>\n<\/td>\n<td style=\"width: 288.8px; height: 190px;\">\n<ul style=\"font-size: 16px; font-family: 'Helvetica Neue', Helvetica, Helvetica, Arial, sans-serif;\">\n<li>Matem\u00e0tiques III<\/li>\n<li>Matem\u00e0tiques IV<\/li>\n<li>F\u00edsica i qu\u00edmica II<\/li>\n<li>Biologia i geologia<\/li>\n<li>Tecnologia<\/li>\n<\/ul>\n<\/td>\n<td style=\"width: 309.6px; height: 190px;\">\n<ul style=\"font-size: 16px; font-family: 'Helvetica Neue', Helvetica, Helvetica, Arial, sans-serif;\">\n<li>Ci\u00e8ncies socials II i moviments migratoris<\/li>\n<li>Geografia II<\/li>\n<li>Hist\u00f2ria II<\/li>\n<\/ul>\n<\/td>\n<\/tr>\n<tr style=\"height: 31px;\">\n<td style=\"width: 841.6px; height: 31px;\" colspan=\"3\"><em>Total m\u00f2duls del 2n nivell a cursar: 14 comuns i 3 opcionals<\/em><\/td>\n<\/tr>\n<tr style=\"height: 32px;\">\n<td style=\"width: 841.6px; text-align: center; height: 32px;\" colspan=\"3\"><span style=\"color: #993300;\"><strong style=\"font-size: 16px;\">M\u00f2duls opcionals<\/strong><\/span><\/td>\n<\/tr>\n<tr style=\"height: 32px;\">\n<td style=\"width: 240px; text-align: center; height: 32px;\"><span style=\"color: #ff6600;\"><strong><span style=\"font-size: 16px; background-color: #ffffff;\">\u00c0mbit de la comunicaci\u00f3<\/span><\/strong><\/span><\/td>\n<td style=\"width: 288.8px; text-align: center; height: 32px;\"><span style=\"color: #ff6600;\"><strong><span style=\"font-size: 16px; background-color: #ffffff;\">\u00c0mbit cienificotecnol\u00f2gic<\/span><\/strong><\/span><\/td>\n<td style=\"width: 309.6px; text-align: center; height: 32px;\"><span style=\"color: #ff6600;\"><strong><span style=\"font-size: 16px; background-color: #ffffff;\">\u00c0mbit social<\/span><\/strong><\/span><\/td>\n<\/tr>\n<tr style=\"height: 241px;\">\n<td style=\"width: 240px; height: 241px;\">\n<ul style=\"font-size: 16px; font-family: 'Helvetica Neue', Helvetica, Helvetica, Arial, sans-serif;\">\n<li>Llengua estrangera 0<\/li>\n<li>Llengua estrangera IV<\/li>\n<li>Taller d&#8217;escriptura creativa<\/li>\n<li>Llengua i TIC<\/li>\n<li>L&#8217;argumentaci\u00f3 discursiva<\/li>\n<li>Parlem de literatura<\/li>\n<\/ul>\n<\/td>\n<td style=\"width: 288.8px; height: 241px;\">\n<ul style=\"font-size: 16px; font-family: 'Helvetica Neue', Helvetica, Helvetica, Arial, sans-serif;\">\n<li>Matem\u00e0tiques inicials<\/li>\n<li>Diet\u00e8tica i nutrici\u00f3<\/li>\n<li>Medi ambient i canvi clim\u00e0tic<\/li>\n<li>Qu\u00edmica i societat<\/li>\n<li>Tecnologies de la informaci\u00f3 i la comunicaci\u00f3<\/li>\n<li>Les finances personals i l&#8217;elaboraci\u00f3 d&#8217;un pressupost<\/li>\n<\/ul>\n<\/td>\n<td style=\"width: 309.6px; height: 241px;\">\n<ul style=\"font-size: 16px; font-family: 'Helvetica Neue', Helvetica, Helvetica, Arial, sans-serif;\">\n<li>Arts i artistes<\/li>\n<li>Hist\u00f2ria de la m\u00fasica<\/li>\n<li>Viatjar per Catalunya<\/li>\n<li>La globalitzaci\u00f3<\/li>\n<li>Catalunya dins l&#8217;Espanya del segle XX<\/li>\n<\/ul>\n<\/td>\n<\/tr>\n<tr style=\"height: 31px;\">\n<td style=\"width: 841.6px; text-align: center; height: 31px;\" colspan=\"3\"><span style=\"color: #993300;\"><strong><strong style=\"font-size: 16px;\">Nous M\u00f2duls opcionals<\/strong><\/strong><\/span><\/td>\n<\/tr>\n<tr style=\"height: 31px;\">\n<td style=\"width: 240px; height: 31px; text-align: center;\"><span style=\"color: #ff6600;\"><strong><span style=\"font-size: 16px;\">\u00c0mbit de la comunicaci\u00f3<\/span><\/strong><\/span><\/td>\n<td style=\"width: 288.8px; height: 31px; text-align: center;\"><span style=\"color: #ff6600;\"><strong><span style=\"font-size: 16px;\">\u00c0mbit cientificotecnol\u00f2gic<\/span><\/strong><\/span><\/td>\n<td style=\"width: 309.6px; height: 31px; text-align: center;\"><span style=\"color: #ff6600;\"><strong><span style=\"font-size: 16px;\">\u00c0mbit social<\/span><\/strong><\/span><\/td>\n<\/tr>\n<tr style=\"height: 31px;\">\n<td style=\"width: 240px; height: 31px;\">\n<ul style=\"font-size: 16px; font-family: 'Helvetica Neue', Helvetica, Helvetica, Arial, sans-serif;\">\n<li>Angl\u00e8s per al turisme 1<\/li>\n<li>Angl\u00e8s per al turisme 2<\/li>\n<li>Franc\u00e8s conversacional b\u00e0sic<\/li>\n<li>Informaci\u00f3 i pensament cr\u00edtic<\/li>\n<li>Catal\u00e0 administratiu<\/li>\n<\/ul>\n<\/td>\n<td style=\"width: 288.8px; height: 31px;\">\n<ul style=\"font-size: 16px; font-family: 'Helvetica Neue', Helvetica, Helvetica, Arial, sans-serif;\">\n<li>Iniciaci\u00f3 a la creaci\u00f3 d\u2019aplicacions m\u00f2bils<\/li>\n<li>Creaci\u00f3 avan\u00e7ada d\u2019aplicacions m\u00f2bils<\/li>\n<li>Descobreix la ind\u00fastria 4.0<\/li>\n<\/ul>\n<\/td>\n<td style=\"width: 309.6px; height: 31px;\">\n<ul style=\"font-size: 16px; font-family: 'Helvetica Neue', Helvetica, Helvetica, Arial, sans-serif;\">\n<li>Igualtat de g\u00e8nere al segle XXI<\/li>\n<li>Trobar feina. Jo puc!<\/li>\n<li>Emprendre: de la idea al model de negoci<\/li>\n<\/ul>\n<\/td>\n<\/tr>\n<tr style=\"height: 31px;\">\n<td style=\"width: 841.6px; height: 31px;\" colspan=\"3\"><em>Total m\u00f2duls opcionals a escollir: 3 m\u00f2duls opcionals a cada nivell<\/em><\/td>\n<\/tr>\n<\/tbody>\n<\/table>\n<h4><span style=\"color: #993300;\"><strong>Acc\u00e9s<\/strong><\/span><\/h4>\n<p>Amb car\u00e0cter general poden accedir a l&#8217;educaci\u00f3 d&#8217;adults les persones que han complert 18 anys o b\u00e9 els compleixen durant l\u2019any natural que inicien la formaci\u00f3.<\/p>\n<p>Tamb\u00e9 hi poden accedir les persones que compleixen com a m\u00ednim 16 anys l&#8217;any natural que inicien la formaci\u00f3 si tenen un contracte laboral que els impedeix assistir als centres educatius en r\u00e8gim ordinari o si s\u00f3n esportistes d&#8217;alt rendiment.<\/p>\n<p>Excepcionalment, el director\/a dels serveis territorials corresponents o el\/la gerent del Consorci d&#8217;Educaci\u00f3 de Barcelona pot autoritzar, previ informe de la Inspecci\u00f3 d&#8217;Educaci\u00f3, la incorporaci\u00f3 d&#8217;alumnes majors de 16 anys que no compleixen els requisits anteriors per\u00f2 en els quals concorren circumst\u00e0ncies que els impedeixen assistir als centres educatius ordinaris o que no han estat escolaritzats en el sistema educatiu espanyol.<\/p>\n<p>Per tal de situar l\u2019alumnat en el nivell que li correspon, valorar els coneixements previs de l\u2019alumnat i orientar-lo, durant el per\u00edode de preinscripci\u00f3 o en el moment que l\u2019alumne\/a accedeix al centre passa per una avaluaci\u00f3 inicial que consisteix en una entrevista personal i, si s\u2019escau, per una prova de nivell. Durant aquest proc\u00e9s pot acreditar o convalidar coneixements per posteriorment iniciar els estudis d\u2019acord amb un itinerari personalitzat.<\/p>\n<h4><span style=\"color: #993300;\"><strong>Tr\u00e0mits<\/strong><\/span><\/h4>\n<p>Per cursar aquest ensenyament cal formalitzar la preinscripci\u00f3 i la matr\u00edcula d&#8217;acord amb els criteris fixats pel Departament d&#8217;Educaci\u00f3.<\/p>\n<p>Aix\u00ed mateix, atesa la flexibilitat i l\u2019estructura modular d\u2019aquests ensenyaments permet als centres tenir matr\u00edcula viva i acollir l\u2019alumnat que vol cursar-los al llarg de tot el curs escolar i matricular-lo en el moment que hi hagin places vacants.<\/p>\n<h4><span style=\"color: #993300;\"><strong>Continu\u00eftat<\/strong><\/span><\/h4>\n<p>Les persones que superen aquesta formaci\u00f3 obtenen el t\u00edtol de Graduat\/da en Educaci\u00f3 Secund\u00e0ria Obligat\u00f2ria i poden accedir als ensenyaments seg\u00fcents:<\/p>\n<ul>\n<li style=\"list-style-type: none;\">\n<ul>\n<li>el batxillerat,<\/li>\n<li>els cicles formatius de grau mitj\u00e0,<\/li>\n<li>la preparaci\u00f3 per a les proves d&#8217;acc\u00e9s als cicles formatius de grau superior i<\/li>\n<li>la preparaci\u00f3 per a les proves d&#8217;acc\u00e9s a la universitat per a les persones m\u00e9s grans de 25 anys.<\/li>\n<\/ul>\n<\/li>\n<\/ul>\n<p>&nbsp;<\/p>\n","protected":false},"excerpt":{"rendered":"<p><a href=\"https:\/\/projectes.xtec.cat\/xarxadults\/wp-content\/uploads\/usu1741\/2019\/02\/moduls_ges_1.jpg\"><\/a>Aquests estudis permeten obtenir el t\u00edtol de graduat o graduada en educaci\u00f3 secund\u00e0ria obligat\u00f2ria (GESO). Es poden cursar de manera presencial o semipresencial als centres de formaci\u00f3 de persones adultes o a dist\u00e0ncia, a trav\u00e9s de l&#8217;Institut Obert de Catalunya (IOC).<br \/>\nContingut<br \/>\nEls estudis estan organitzats&hellip;  <a href=\"https:\/\/projectes.xtec.cat\/xarxadults\/ensenyaments\/ges\/\" title=\"Read GESO\">Llegeix m\u00e9s\u00bb<\/a><\/p>\n","protected":false},"author":3,"featured_media":0,"parent":13527,"menu_order":30,"comment_status":"closed","ping_status":"closed","template":"page-templates\/side-menu.php","meta":{"_bbp_topic_count":0,"_bbp_reply_count":0,"_bbp_total_topic_count":0,"_bbp_total_reply_count":0,"_bbp_voice_count":0,"_bbp_anonymous_reply_count":0,"_bbp_topic_count_hidden":0,"_bbp_reply_count_hidden":0,"_bbp_forum_subforum_count":0,"footnotes":""},"class_list":["post-9762","page","type-page","status-publish","hentry"],"post_mailing_queue_ids":[],"_links":{"self":[{"href":"https:\/\/projectes.xtec.cat\/xarxadults\/wp-json\/wp\/v2\/pages\/9762","targetHints":{"allow":["GET"]}}],"collection":[{"href":"https:\/\/projectes.xtec.cat\/xarxadults\/wp-json\/wp\/v2\/pages"}],"about":[{"href":"https:\/\/projectes.xtec.cat\/xarxadults\/wp-json\/wp\/v2\/types\/page"}],"author":[{"embeddable":true,"href":"https:\/\/projectes.xtec.cat\/xarxadults\/wp-json\/wp\/v2\/users\/3"}],"replies":[{"embeddable":true,"href":"https:\/\/projectes.xtec.cat\/xarxadults\/wp-json\/wp\/v2\/comments?post=9762"}],"version-history":[{"count":4,"href":"https:\/\/projectes.xtec.cat\/xarxadults\/wp-json\/wp\/v2\/pages\/9762\/revisions"}],"predecessor-version":[{"id":13593,"href":"https:\/\/projectes.xtec.cat\/xarxadults\/wp-json\/wp\/v2\/pages\/9762\/revisions\/13593"}],"up":[{"embeddable":true,"href":"https:\/\/projectes.xtec.cat\/xarxadults\/wp-json\/wp\/v2\/pages\/13527"}],"wp:attachment":[{"href":"https:\/\/projectes.xtec.cat\/xarxadults\/wp-json\/wp\/v2\/media?parent=9762"}],"curies":[{"name":"wp","href":"https:\/\/api.w.org\/{rel}","templated":true}]}}