{"id":9891,"date":"2019-03-06T13:27:55","date_gmt":"2019-03-06T12:27:55","guid":{"rendered":"http:\/\/projectes.xtec.cat\/xarxadults\/?page_id=9891"},"modified":"2022-01-20T10:53:38","modified_gmt":"2022-01-20T09:53:38","slug":"recursos","status":"publish","type":"page","link":"https:\/\/projectes.xtec.cat\/xarxadults\/ensenyaments\/nivells\/recursos\/","title":{"rendered":"Altres recursos COMPETIC"},"content":{"rendered":"<ul style=\"list-style-type: square;\">\n<li><a href=\"http:\/\/apliense.xtec.cat\/arc\/cercador\/t-10340-11966\" target=\"_blank\" rel=\"noopener noreferrer\"><strong><span style=\"color: #800000;\">Propostes did\u00e0ctiques ARC<\/span><\/strong><\/a><\/li>\n<li><a href=\"http:\/\/alexandria.xtec.cat\/mod\/data\/view.php?d=2&amp;mode=list&amp;perpage=10&amp;search=&amp;sort=0&amp;order=DESC&amp;advanced=0&amp;filter=1&amp;advanced=1&amp;f_16=&amp;f_19%5B%5D=Formaci%C3%B3+de+persones+adultes&amp;f_20=TE-Tecnologies&amp;f_594=&amp;f_22=&amp;f_18=\" target=\"_blank\" rel=\"noopener noreferrer\"><strong><span style=\"color: #800000;\">Repositori de cursos Moodle ALEXANDRIA<\/span><\/strong><\/a><\/li>\n<li><a href=\"https:\/\/drive.google.com\/open?id=1bbwHE4Yvw53lULY-_uV2P4zeGtt5QdmF\" target=\"_blank\" rel=\"noopener noreferrer\"><strong><span style=\"color: #800000;\">Materials COMPETIC antiga web fp_adults<\/span><\/strong><\/a><\/li>\n<li><strong><span style=\"color: #800000;\">Infografies Internet segura\u00a0<\/span><\/strong><\/li>\n<\/ul>\n<table style=\"border-collapse: collapse; width: 100%;\" border=\"1\">\n<tbody>\n<tr>\n<td style=\"width: 20%;\"><a href=\"https:\/\/projectes.xtec.cat\/xarxadults\/wp-content\/uploads\/usu1741\/2019\/05\/internet-segura-1-dades-segures.png\"><img loading=\"lazy\" decoding=\"async\" class=\"alignnone wp-image-10051 size-medium\" src=\"https:\/\/projectes.xtec.cat\/xarxadults\/wp-content\/uploads\/usu1741\/2019\/05\/internet-segura-1-dades-segures-265x300.png\" alt=\"Infografia de dades segures. 1.Assegura els teus comptes. 2.Tingues una contrasenya diferent per a cada compte. 3.Crea contrasenyes llargues i amb diferents car\u00e0cters. 4.Controla la teva pres\u00e8ncia a la xarxa\" width=\"265\" height=\"300\" srcset=\"https:\/\/projectes.xtec.cat\/xarxadults\/wp-content\/uploads\/usu1741\/2019\/05\/internet-segura-1-dades-segures-265x300.png 265w, https:\/\/projectes.xtec.cat\/xarxadults\/wp-content\/uploads\/usu1741\/2019\/05\/internet-segura-1-dades-segures-768x870.png 768w, https:\/\/projectes.xtec.cat\/xarxadults\/wp-content\/uploads\/usu1741\/2019\/05\/internet-segura-1-dades-segures-904x1024.png 904w, https:\/\/projectes.xtec.cat\/xarxadults\/wp-content\/uploads\/usu1741\/2019\/05\/internet-segura-1-dades-segures.png 1500w\" sizes=\"auto, (max-width: 265px) 100vw, 265px\" \/><\/a><\/td>\n<td style=\"width: 20%;\"><a href=\"https:\/\/projectes.xtec.cat\/xarxadults\/wp-content\/uploads\/usu1741\/2019\/05\/internet-segura-2-stop-frau-digital.png\"><img loading=\"lazy\" decoding=\"async\" class=\"alignnone wp-image-10052 size-medium\" src=\"https:\/\/projectes.xtec.cat\/xarxadults\/wp-content\/uploads\/usu1741\/2019\/05\/internet-segura-2-stop-frau-digital-265x300.png\" alt=\"Infografia Stop frau digital. 1.Inicia la sessi\u00f3 nom\u00e9s quan la connexi\u00f3 sigui segura. 2.Escriu l'URL en comptes de clicar un enlla\u00e7. 3.Instal.la't un antivirus. 4.Si vols transferir diners, no utilitzis wifi p\u00fablica\" width=\"265\" height=\"300\" srcset=\"https:\/\/projectes.xtec.cat\/xarxadults\/wp-content\/uploads\/usu1741\/2019\/05\/internet-segura-2-stop-frau-digital-265x300.png 265w, https:\/\/projectes.xtec.cat\/xarxadults\/wp-content\/uploads\/usu1741\/2019\/05\/internet-segura-2-stop-frau-digital-768x870.png 768w, https:\/\/projectes.xtec.cat\/xarxadults\/wp-content\/uploads\/usu1741\/2019\/05\/internet-segura-2-stop-frau-digital-904x1024.png 904w, https:\/\/projectes.xtec.cat\/xarxadults\/wp-content\/uploads\/usu1741\/2019\/05\/internet-segura-2-stop-frau-digital.png 1500w\" sizes=\"auto, (max-width: 265px) 100vw, 265px\" \/><\/a><\/td>\n<td style=\"width: 20%;\"><a href=\"https:\/\/projectes.xtec.cat\/xarxadults\/wp-content\/uploads\/usu1741\/2019\/05\/internet-segura-3-civisme-digital.png\"><img loading=\"lazy\" decoding=\"async\" class=\"alignnone wp-image-10053 size-medium\" src=\"https:\/\/projectes.xtec.cat\/xarxadults\/wp-content\/uploads\/usu1741\/2019\/05\/internet-segura-3-civisme-digital-265x300.png\" alt=\"Infografia de Civisme digital. 1.Si \u00e9s segur per a mi, \u00e9s segur per a tothom. 2.Els bons h\u00e0bits afavoreixen la comunitat. 3.Presenta den\u00fancia davant d'un delicte\" width=\"265\" height=\"300\" srcset=\"https:\/\/projectes.xtec.cat\/xarxadults\/wp-content\/uploads\/usu1741\/2019\/05\/internet-segura-3-civisme-digital-265x300.png 265w, https:\/\/projectes.xtec.cat\/xarxadults\/wp-content\/uploads\/usu1741\/2019\/05\/internet-segura-3-civisme-digital-768x870.png 768w, https:\/\/projectes.xtec.cat\/xarxadults\/wp-content\/uploads\/usu1741\/2019\/05\/internet-segura-3-civisme-digital-904x1024.png 904w, https:\/\/projectes.xtec.cat\/xarxadults\/wp-content\/uploads\/usu1741\/2019\/05\/internet-segura-3-civisme-digital.png 1500w\" sizes=\"auto, (max-width: 265px) 100vw, 265px\" \/><\/a><\/td>\n<td style=\"width: 20%;\"><a href=\"https:\/\/projectes.xtec.cat\/xarxadults\/wp-content\/uploads\/usu1741\/2019\/05\/internet-segura-4-dispositius-al-dia.png\"><img loading=\"lazy\" decoding=\"async\" class=\"alignnone wp-image-10054 size-medium\" src=\"https:\/\/projectes.xtec.cat\/xarxadults\/wp-content\/uploads\/usu1741\/2019\/05\/internet-segura-4-dispositius-al-dia-265x300.png\" alt=\"Infografia Dispositius al dia. 1.Defensa els teus dispositius i posa'ls al dia. 2.Activa les actualitzacions autom\u00e0tiques sempre que puguis. 3.Cal protegir tots els dispositius contra virus i programes maliciososo\" width=\"265\" height=\"300\" srcset=\"https:\/\/projectes.xtec.cat\/xarxadults\/wp-content\/uploads\/usu1741\/2019\/05\/internet-segura-4-dispositius-al-dia-265x300.png 265w, https:\/\/projectes.xtec.cat\/xarxadults\/wp-content\/uploads\/usu1741\/2019\/05\/internet-segura-4-dispositius-al-dia-768x870.png 768w, https:\/\/projectes.xtec.cat\/xarxadults\/wp-content\/uploads\/usu1741\/2019\/05\/internet-segura-4-dispositius-al-dia-904x1024.png 904w, https:\/\/projectes.xtec.cat\/xarxadults\/wp-content\/uploads\/usu1741\/2019\/05\/internet-segura-4-dispositius-al-dia.png 1500w\" sizes=\"auto, (max-width: 265px) 100vw, 265px\" \/><\/a><\/td>\n<td style=\"width: 20%;\"><a href=\"https:\/\/projectes.xtec.cat\/xarxadults\/wp-content\/uploads\/usu1741\/2019\/05\/internet-segura-5-revisa-privacitat.png\"><img loading=\"lazy\" decoding=\"async\" class=\"alignnone wp-image-10055 size-medium\" src=\"https:\/\/projectes.xtec.cat\/xarxadults\/wp-content\/uploads\/usu1741\/2019\/05\/internet-segura-5-revisa-privacitat-265x300.png\" alt=\"Infografia Revisa privacitat. 1.Pensa-t'ho dues vegades abans de publicar a les xarxes socials. 2.LEs cerques que fas i l'acceptaci\u00f3 de les &quot;cookies&quot; permeten que rebis publicitat personalitzada. 3.LEs apps que instal\u00b7les al m\u00f2bil sempre han de demanar perm\u00eds per accedir a les teves dades\" width=\"265\" height=\"300\" srcset=\"https:\/\/projectes.xtec.cat\/xarxadults\/wp-content\/uploads\/usu1741\/2019\/05\/internet-segura-5-revisa-privacitat-265x300.png 265w, https:\/\/projectes.xtec.cat\/xarxadults\/wp-content\/uploads\/usu1741\/2019\/05\/internet-segura-5-revisa-privacitat-768x870.png 768w, https:\/\/projectes.xtec.cat\/xarxadults\/wp-content\/uploads\/usu1741\/2019\/05\/internet-segura-5-revisa-privacitat-904x1024.png 904w, https:\/\/projectes.xtec.cat\/xarxadults\/wp-content\/uploads\/usu1741\/2019\/05\/internet-segura-5-revisa-privacitat.png 1500w\" sizes=\"auto, (max-width: 265px) 100vw, 265px\" \/><\/a><\/td>\n<\/tr>\n<\/tbody>\n<\/table>\n<ul style=\"list-style-type: square;\">\n<li><strong><span style=\"color: #000000;\"><span style=\"color: #800000;\">Eines TIC sense connexi\u00f3?<\/span>\u00a0<\/span><\/strong>Internet, sent la porta moltes vegades del coneixement i acc\u00e9s a multitud de recursos, quan s&#8217;usa massivament amb una connexi\u00f3 sense fils deficit\u00e0ria i compartida de la mateixa manera per molts dispositius electr\u00f2nics connectats a la vegada, a vegades no funciona com s&#8217;espera. Per tant, hem de con\u00e8ixer quines eines de les que fem servir amb els nostres alumnes poden funcionar sense necessitat d&#8217;estar connectats a la xarxa. L\u2019objectiu \u00e9s seguir treballant amb les aplicacions encara que no funcioni b\u00e9 la connexi\u00f3 del centre i sense que els alumnes hagin de fer \u00fas de les seves pr\u00f2pies dades. (<em style=\"font-family: inherit; font-size: 1em;\">Propostes dels membres del\u00a0 Grup de Treball\u00a0L&#8217;avaluaci\u00f3 dels ensenyaments de COMPETIC Inicial, curs 18-19<\/em><span style=\"font-family: inherit; font-size: 1em;\">)<\/span><\/li>\n<\/ul>\n<div><\/div>\n<table style=\"height: 704px;\">\n<tbody>\n<tr style=\"height: 10px; border-color: #000000; background-color: #d47777;\">\n<td style=\"width: 118px; height: 10px;\"><span style=\"color: #ffffff;\"><strong>ACTIVITAT<\/strong><strong>\u200b<\/strong><\/span><\/td>\n<td style=\"width: 342px; height: 10px;\"><span style=\"color: #ffffff;\"><strong>EINES AMB CONNEXI\u00d3<\/strong><strong>\u200b<\/strong><\/span><\/td>\n<td style=\"width: 527px; height: 10px;\"><span style=\"color: #ffffff;\"><strong>EINES SENSE NECESSITAT DE CONNEXI\u00d3<\/strong><\/span><\/td>\n<\/tr>\n<tr style=\"height: 230px;\">\n<td style=\"width: 118px; height: 157px;\">\n<div><span style=\"color: #800000;\"><strong>Geolocalitzaci\u00f3, creaci\u00f3 de rutes i punts d\u2019inter\u00e8s.<\/strong><\/span><\/div>\n<\/td>\n<td style=\"width: 342px; height: 157px;\">Amb <a href=\"https:\/\/www.google.com\/maps\" target=\"_blank\" rel=\"noopener noreferrer\"><strong>Google Maps<\/strong><\/a> (PC\u2019s) es poden crear, editar i compartir mapes personalitzats ens els quals es poden afegir i editar punts d\u2019inter\u00e8s, aix\u00ed com obtenir indicacions per arribar a qualsevol punt guardat del mapa. En el m\u00f2bil o la tauleta amb sistema Android necessitarem descarregar l\u2019aplicaci\u00f3 gratu\u00efta <a href=\"https:\/\/play.google.com\/store\/apps\/details?id=com.google.android.apps.m4b&amp;hl=en\" target=\"_blank\" rel=\"noopener noreferrer\"><strong>My Maps<\/strong><\/a> per fer totes aquestes tasques.<\/td>\n<td style=\"width: 527px; height: 157px;\"><a href=\"https:\/\/www.google.com\/maps\" target=\"_blank\" rel=\"noopener noreferrer\"><strong>Google Maps<\/strong><\/a> permet descarregar mapes d\u2019una zona concreta i desar-los en el m\u00f2bil. Per veure el recorregut d\u2019un lloc a altre (dins d\u2019aquest mapa) no \u00e9s necessari tenir connexi\u00f3. Si es tracta d\u2019un mapa compartit, l\u2019aplicaci\u00f3 <a href=\"https:\/\/play.google.com\/store\/apps\/details?id=com.google.android.apps.m4b&amp;hl=en\" target=\"_blank\" rel=\"noopener noreferrer\"><strong>My Maps<\/strong> <\/a>permet assenyalar punts d\u2019inter\u00e8s i editar-los sense que hi hagi connexi\u00f3. El mapa s\u2019actualitzar\u00e0 autom\u00e0ticament quan n\u2019hi hagi.<\/td>\n<\/tr>\n<tr style=\"height: 170px;\">\n<td style=\"width: 118px; height: 92px;\">\n<div><span style=\"color: #800000;\">\u00a0<\/span><\/div>\n<div><span style=\"color: #800000;\"><strong>Creaci\u00f3 de presentacions\u200b<\/strong><\/span><\/div>\n<\/td>\n<td style=\"width: 342px; height: 92px;\"><a href=\"https:\/\/www.powtoon.com\/\" target=\"_blank\" rel=\"noopener noreferrer\"><strong>Powtoon <\/strong><\/a>\u00e9s un programa per a fer presentacions a trav\u00e9s d&#8217;un software d&#8217;animaci\u00f3 de video que permet crear presentacions \u00e0gils, interessants i divertides.<\/td>\n<td style=\"width: 527px; height: 92px;\"><a href=\"https:\/\/play.google.com\/store\/apps\/details?id=com.nexstreaming.app.kinemasterfree\" target=\"_blank\" rel=\"noopener noreferrer\"><strong>Kine Master <\/strong><\/a>\u00e9s una aplicaci\u00f3 per a m\u00f2bil i tauleta que tamb\u00e9 permet l\u2019edici\u00f3 de v\u00eddeos i presentacions. Si no es disposa de connexi\u00f3 les imatges, els v\u00eddeos, els sons&#8230; amb els que es crear\u00e0 el v\u00eddeo o presentaci\u00f3 han d\u2019estar descarregades al dispositiu.<strong>\u00a0 <\/strong><\/td>\n<\/tr>\n<tr style=\"height: 190px;\">\n<td style=\"width: 118px; height: 138px;\">\n<div><span style=\"color: #800000;\"><strong>Creaci\u00f3 de fotomuntatges<\/strong><\/span><\/div>\n<\/td>\n<td style=\"width: 342px; height: 138px;\"><a href=\"https:\/\/www.photocollage.com\/\" target=\"_blank\" rel=\"noopener noreferrer\"><strong>PhotoCollage<\/strong><\/a> \u00e9s una eina <em>online<\/em> (PC\u2019s, tauletes i m\u00f2bils). No \u00e9s necessari registrar-s\u2019hi. Permet crear de manera r\u00e0pida collages i fotomuntatges amb imatges que tinguem desades al dispositiu. Les creacions es poden desar en diversos formats. L\u2019eina permet enviar el collage per correu electr\u00f2nic.<\/td>\n<td style=\"width: 527px; height: 138px;\"><a href=\"https:\/\/play.google.com\/store\/apps\/details?id=com.cardinalblue.piccollage.google\" target=\"_blank\" rel=\"noopener noreferrer\"><strong>PicCollage <\/strong><\/a>i <a href=\"https:\/\/play.google.com\/store\/apps\/details?id=com.idealapp.multicollage.art&amp;hl=en_US\" target=\"_blank\" rel=\"noopener noreferrer\"><strong>Photocollage <\/strong><\/a>s\u00f3n aplicacions per a m\u00f2bil o tauleta amb sistema Android que, un cop descarregades, permeten crear i desar collages amb les imatges que hi hagi al dispositiu sense que hi hagi connexi\u00f3.<\/td>\n<\/tr>\n<tr style=\"height: 84px;\">\n<td style=\"width: 118px; height: 84px;\">\n<div><span style=\"color: #800000;\"><strong>Gravaci\u00f3 i edici\u00f3 d\u2019arxius d\u2019\u00e0udio<\/strong><\/span><\/div>\n<\/td>\n<td style=\"width: 342px; height: 84px;\"><a href=\"https:\/\/wav.hya.io\/#\/fx\" target=\"_blank\" rel=\"noopener noreferrer\"><strong>Hya-Wave<\/strong><\/a> \u00e9s un editor d\u2019\u00e0udio online (PC\u2019s) que permet realitzar edicions b\u00e0siques (tyallar, enganxar, mesclar i afegir efectes), gravar \u00e0udio des del micr\u00f2fon del PC i descarregar i compartir els arxius creats.<\/td>\n<td style=\"width: 527px; height: 84px;\"><a href=\"https:\/\/www.softonic.com\/descargas\/wave-editor\" target=\"_blank\" rel=\"noopener noreferrer\"><strong>WaveEditor<\/strong> <\/a>\u00e9s un editor de so amb opcions d&#8217;enregistrament i les pr\u00f2pies dels entorns d&#8217;edici\u00f3 (seleccionar, retallar, afegir efectes, &#8230;). Les produccions de so es poden exportar i compartir amb altres usuaris. Si es fa servir en el PC s\u2019ha de descarregar pr\u00e8viament. Tamb\u00e9 hi ha la <a href=\"https:\/\/play.google.com\/store\/apps\/details?id=io.sbaud.wavstudio&amp;hl=en_US\" target=\"_blank\" rel=\"noopener noreferrer\">versi\u00f3<\/a> per a m\u00f2bil o tauleta.<\/td>\n<\/tr>\n<tr style=\"height: 10px;\">\n<td style=\"width: 118px; height: 10px;\">\n<div><span style=\"color: #800000;\"><strong>Creaci\u00f3 de v\u00eddeos i presentacions<\/strong><\/span><\/div>\n<\/td>\n<td style=\"width: 342px; height: 10px;\"><a href=\"https:\/\/www.kizoa.es\/?gclid=EAIaIQobChMI0dSNpobw4AIVgwvTCh0AtQCEEAAYASAAEgL0zPD_BwE\" target=\"_blank\" rel=\"noopener noreferrer\"><strong>Kizoa<\/strong> <\/a>\u00e9s un <strong>Movie Maker<\/strong> <em>online<\/em>. Permet editar v\u00eddeos i presentacions, afegint text, efectes i transicions. Els arxius creats es poden compartir. Cal crear-se un compte d\u2019usuari.<\/td>\n<td style=\"width: 527px; height: 10px;\">&nbsp;<\/p>\n<div><a href=\"https:\/\/www.openshot.org\/es\/\" target=\"_blank\" rel=\"noopener noreferrer\"><strong>OpenShot<\/strong><\/a> i <a href=\"https:\/\/www.movavi.com\/es\/support\/how-to\/windows-movie-maker-review.html?gclid=EAIaIQobChMIpJ-f2Ybw4AIViYjVCh1iKQnDEAAYASAAEgK5_fD_BwE\" target=\"_blank\" rel=\"noopener noreferrer\"><strong>Movie Maker<\/strong><\/a> s\u00f3n editors de v\u00eddeo i presentacions per a PC. S\u2019han de descarregar pr\u00e8viament.<\/div>\n<p>&nbsp;<\/p>\n<div><a href=\"https:\/\/play.google.com\/store\/apps\/details?id=com.nexstreaming.app.kinemasterfree&amp;hl=ca\" target=\"_blank\" rel=\"noopener noreferrer\"><strong>Kine Master<\/strong><\/a> \u00e9s una aplicaci\u00f3 per a m\u00f2bil i tauleta que tamb\u00e9 permet l\u2019edici\u00f3 de v\u00eddeos i presentacions. Si no es disposa de connexi\u00f3 les imatges, els v\u00eddeos, els sons&#8230; amb els que es crear\u00e0 el v\u00eddeo o presentaci\u00f3 han d\u2019estar descarregades al dispositiu.<\/div>\n<\/td>\n<\/tr>\n<tr style=\"height: 10px;\">\n<td style=\"width: 118px; height: 10px;\">\n<div><span style=\"color: #800000;\"><strong>Edici\u00f3 d\u2019imatges<\/strong><\/span><\/div>\n<\/td>\n<td style=\"width: 342px; height: 10px;\">&nbsp;<\/p>\n<div><a href=\"https:\/\/pixlr.com\/\" target=\"_blank\" rel=\"noopener noreferrer\"><strong>Pixlr.com<\/strong><\/a> i <a href=\"https:\/\/www.befunky.com\/\" target=\"_blank\" rel=\"noopener noreferrer\"><strong>Befunky<\/strong><\/a> s\u00f3n eines online (PC\u2019s, tauletes i m\u00f2bils).A partir d\u2019una foto pr\u00f2pia (ja sigui feta per nosaltres o extreta d\u2019Internet) s\u2019entra a una interf\u00edcie on, de manera molt visual, podem retocar la mida, rotar la imatge, retallar-la, aplicar-hi filtres, fer servir eines de dibuix, de text, fer collages, etc.<\/div>\n<div><\/div>\n<\/td>\n<td style=\"width: 527px; height: 10px;\">Les app de<a href=\"https:\/\/play.google.com\/store\/apps\/details?id=com.pixlr.express&amp;hl=en_US\" target=\"_blank\" rel=\"noopener noreferrer\"><strong> Pixlr.com<\/strong><\/a> i <strong><a href=\"https:\/\/play.google.com\/store\/apps\/developer?id=BeFunky+INC\" target=\"_blank\" rel=\"noopener noreferrer\">Befunky<\/a>, <\/strong>un cop descarregades en el dispositiu m\u00f2bil, permeten l\u2019edici\u00f3 d\u2019imatges sense necessitat de connexi\u00f3.<\/td>\n<\/tr>\n<\/tbody>\n<\/table>\n","protected":false},"excerpt":{"rendered":"<ul style=\"list-style-type: square;\">\n<li><a href=\"http:\/\/apliense.xtec.cat\/arc\/cercador\/t-10340-11966\" target=\"_blank\" rel=\"noopener noreferrer\">Propostes did\u00e0ctiques ARC<\/a><\/li>\n<li><a href=\"http:\/\/alexandria.xtec.cat\/mod\/data\/view.php?d=2&amp;mode=list&amp;perpage=10&amp;search=&amp;sort=0&amp;order=DESC&amp;advanced=0&amp;filter=1&amp;advanced=1&amp;f_16=&amp;f_19%5B%5D=Formaci%C3%B3+de+persones+adultes&amp;f_20=TE-Tecnologies&amp;f_594=&amp;f_22=&amp;f_18=\" target=\"_blank\" rel=\"noopener noreferrer\">Repositori de cursos Moodle ALEXANDRIA<\/a><\/li>\n<li><a href=\"https:\/\/drive.google.com\/open?id=1bbwHE4Yvw53lULY-_uV2P4zeGtt5QdmF\" target=\"_blank\" rel=\"noopener noreferrer\">Materials COMPETIC antiga web fp_adults<\/a><\/li>\n<li>Infografies Internet segura\u00a0<\/li>\n<\/ul>\n<p><a href=\"https:\/\/projectes.xtec.cat\/xarxadults\/wp-content\/uploads\/usu1741\/2019\/05\/internet-segura-1-dades-segures.png\"><\/a><br \/>\n<a href=\"https:\/\/projectes.xtec.cat\/xarxadults\/wp-content\/uploads\/usu1741\/2019\/05\/internet-segura-2-stop-frau-digital.png\"><\/a><br \/>\n<a href=\"https:\/\/projectes.xtec.cat\/xarxadults\/wp-content\/uploads\/usu1741\/2019\/05\/internet-segura-3-civisme-digital.png\"><\/a><br \/>\n<a href=\"https:\/\/projectes.xtec.cat\/xarxadults\/wp-content\/uploads\/usu1741\/2019\/05\/internet-segura-4-dispositius-al-dia.png\"><\/a><br \/>\n<a href=\"https:\/\/projectes.xtec.cat\/xarxadults\/wp-content\/uploads\/usu1741\/2019\/05\/internet-segura-5-revisa-privacitat.png\"><\/a><\/p>\n<ul style=\"list-style-type: square;\">\n<li>Eines TIC sense connexi\u00f3?\u00a0Internet, sent la porta moltes vegades del coneixement i&hellip;  <a href=\"https:\/\/projectes.xtec.cat\/xarxadults\/ensenyaments\/nivells\/recursos\/\" title=\"Read Altres recursos COMPETIC\">Llegeix m\u00e9s\u00bb<\/a><br \/>\n","protected":false},"author":3,"featured_media":0,"parent":8420,"menu_order":60,"comment_status":"closed","ping_status":"closed","template":"page-templates\/side-menu.php","meta":{"_bbp_topic_count":0,"_bbp_reply_count":0,"_bbp_total_topic_count":0,"_bbp_total_reply_count":0,"_bbp_voice_count":0,"_bbp_anonymous_reply_count":0,"_bbp_topic_count_hidden":0,"_bbp_reply_count_hidden":0,"_bbp_forum_subforum_count":0,"footnotes":""},"class_list":["post-9891","page","type-page","status-publish","hentry"],"post_mailing_queue_ids":[],"_links":{"self":[{"href":"https:\/\/projectes.xtec.cat\/xarxadults\/wp-json\/wp\/v2\/pages\/9891","targetHints":{"allow":["GET"]}}],"collection":[{"href":"https:\/\/projectes.xtec.cat\/xarxadults\/wp-json\/wp\/v2\/pages"}],"about":[{"href":"https:\/\/projectes.xtec.cat\/xarxadults\/wp-json\/wp\/v2\/types\/page"}],"author":[{"embeddable":true,"href":"https:\/\/projectes.xtec.cat\/xarxadults\/wp-json\/wp\/v2\/users\/3"}],"replies":[{"embeddable":true,"href":"https:\/\/projectes.xtec.cat\/xarxadults\/wp-json\/wp\/v2\/comments?post=9891"}],"version-history":[{"count":5,"href":"https:\/\/projectes.xtec.cat\/xarxadults\/wp-json\/wp\/v2\/pages\/9891\/revisions"}],"predecessor-version":[{"id":13365,"href":"https:\/\/projectes.xtec.cat\/xarxadults\/wp-json\/wp\/v2\/pages\/9891\/revisions\/13365"}],"up":[{"embeddable":true,"href":"https:\/\/projectes.xtec.cat\/xarxadults\/wp-json\/wp\/v2\/pages\/8420"}],"wp:attachment":[{"href":"https:\/\/projectes.xtec.cat\/xarxadults\/wp-json\/wp\/v2\/media?parent=9891"}],"curies":[{"name":"wp","href":"https:\/\/api.w.org\/{rel}","templated":true}]}}