{"id":9980,"date":"2019-03-26T12:43:01","date_gmt":"2019-03-26T11:43:01","guid":{"rendered":"http:\/\/projectes.xtec.cat\/xarxadults\/?page_id=9980"},"modified":"2021-02-01T22:27:31","modified_gmt":"2021-02-01T21:27:31","slug":"basics-of-the-comic-design","status":"publish","type":"page","link":"https:\/\/projectes.xtec.cat\/xarxadults\/iniciatives-pedagogiques\/bones-practiques\/basics-of-the-comic-design\/","title":{"rendered":"Basics of the Comic Design"},"content":{"rendered":"<p><a href=\"https:\/\/projectes.xtec.cat\/xarxadults\/wp-content\/uploads\/usu1741\/2019\/03\/alitha.jpg\"><img loading=\"lazy\" decoding=\"async\" class=\"alignleft wp-image-9978 size-medium\" title=\"Portada de la revista Basics of the Comic Design on surt una imatge d'Alitha E. Mart\u00ednez\" src=\"https:\/\/projectes.xtec.cat\/xarxadults\/wp-content\/uploads\/usu1741\/2019\/03\/alitha-300x300.jpg\" alt=\"Portada de la revista Basics of the Comic Design on surt una imatge d'Alitha E. Mart\u00ednez\" width=\"300\" height=\"300\" srcset=\"https:\/\/projectes.xtec.cat\/xarxadults\/wp-content\/uploads\/usu1741\/2019\/03\/alitha-300x300.jpg 300w, https:\/\/projectes.xtec.cat\/xarxadults\/wp-content\/uploads\/usu1741\/2019\/03\/alitha-150x150.jpg 150w, https:\/\/projectes.xtec.cat\/xarxadults\/wp-content\/uploads\/usu1741\/2019\/03\/alitha-768x768.jpg 768w, https:\/\/projectes.xtec.cat\/xarxadults\/wp-content\/uploads\/usu1741\/2019\/03\/alitha.jpg 800w\" sizes=\"auto, (max-width: 300px) 100vw, 300px\" \/><\/a>Les possibilitats did\u00e0ctiques del c\u00f2mic s\u00f3n molt diverses. A banda de ser \u00fatil com a mitj\u00e0 per fomentar el gust per la lectura, esdev\u00e9 una eina molt interessant per treballar altres destreses ling\u00fc\u00edstiques, com ara l&#8217;expressi\u00f3 escrita o el llenguatge no verbal. El g\u00e8nere del c\u00f2mic \u00e9s accessible a qualsevol lector, sobretot el m\u00e9s jove, al tractar-se d\u2019un material breu, motivador i atractiu, amb una sintaxi senzilla, per\u00f2 mantenint la riquesa ling\u00fc\u00edstica. El suport gr\u00e0fic permet treballar la lectura del missatge gestual, del moviment i de la imatge, a m\u00e9s de la llengua, d\u2019una manera amena.\u00a0Sovint s&#8217;hi tracten temes\u00a0actuals, cosa que ajuda als alumnes a construir\u00a0 un pensament cr\u00edtic.<\/p>\n<p>En aquesta l\u00ednia de difusi\u00f3 del c\u00f2mic com a recurs did\u00e0ctic, el passat 25 de mar\u00e7 el Servei d&#8217;Educaci\u00f3 al Llarg de la Vida, juntament amb el Consolat d&#8217;Estats Units a Barcelona, va organitzar dues activitats (un taller i una masterclass) en sengles escoles d&#8217;adults, el CFA Freire i el CFA Bon Pastor. Aquestes activitats van estar condu\u00efdes per l&#8217;Alitha Mart\u00ednez,\u00a0<span lang=\"EN-GB\">una prestigiosa artista de c\u00f2mic nord-americana premiada amb el prestigi\u00f3s premi Eisner al 2018 i professora a l&#8217;Escola d&#8217;Arts Visuals de Nova York. Amb m\u00e9s de 18 anys d&#8217;experi\u00e8ncia en aquest camp, ha treballat per a Marvel Entertainment en c\u00f2mics tan coneguts com els de Black <em>Panther: World of Wakanda,<\/em>\u00a0<em>Iron Man<\/em>, <em>Marvel Age: Fantastic Four<\/em> i <em>New 52 Batgirl<\/em>.\u00a0<\/span><\/p>\n<p>Els alumnes van tenir l&#8217;ocasi\u00f3 de con\u00e8ixer el proc\u00e9s de creaci\u00f3 d\u2019un c\u00f2mic o una novel\u00b7la gr\u00e0fica i d&#8217;iniciar-se\u00a0en la creaci\u00f3 d\u2019un personatge de c\u00f2mic. Per altra banda, con\u00e8ixer la hist\u00f2ria de la carrera professional de l&#8217;Alitha, la qual va patir episodis de discriminaci\u00f3 racial i de g\u00e8nere, els va servir per conscienciar-se de la import\u00e0ncia de lluitar contra els estereotips. Finalment, i no menys important, el fet d&#8217;haver de seguir les explicacions de la ponent i interaccionar amb ella, els va servir per posar en pr\u00e0ctica\u00a0la comprensi\u00f3 i l\u2019expressi\u00f3 oral en llengua anglesa en un context real, significatiu i motivador.<\/p>\n<p>Animem els centres d&#8217;adults a introduir els c\u00f2mics com a eina did\u00e0ctica, i recordem que a l&#8217;entorn ARC podreu trobar dues unitats did\u00e0ctiques espec\u00edficament dissenyades per alumnes de CFA basades en aquest g\u00e8nere.<\/p>\n<table style=\"border-collapse: collapse; width: 100%;\" border=\"1\">\n<tbody>\n<tr>\n<td style=\"width: 20.1507%;\">\u00a0<a href=\"https:\/\/projectes.xtec.cat\/xarxadults\/wp-content\/uploads\/usu1741\/2019\/03\/hogares.png\"><img loading=\"lazy\" decoding=\"async\" class=\"wp-image-9982 alignleft\" src=\"https:\/\/projectes.xtec.cat\/xarxadults\/wp-content\/uploads\/usu1741\/2019\/03\/hogares.png\" alt=\"\" width=\"202\" height=\"201\" srcset=\"https:\/\/projectes.xtec.cat\/xarxadults\/wp-content\/uploads\/usu1741\/2019\/03\/hogares.png 257w, https:\/\/projectes.xtec.cat\/xarxadults\/wp-content\/uploads\/usu1741\/2019\/03\/hogares-150x150.png 150w\" sizes=\"auto, (max-width: 202px) 100vw, 202px\" \/><\/a><\/td>\n<td style=\"width: 79.8493%;\">\n<ul>\n<li><a href=\"http:\/\/apliense.xtec.cat\/arc\/node\/30702\" target=\"_blank\" rel=\"noopener noreferrer\"><strong>Los Hogares de Auxilio Social: \u00bfun servicio \u00fatil a la sociedad?<\/strong><\/a>:\u00a0Aquesta proposta did\u00e0ctica pret\u00e9n mostrar una via interdisciplinar per a treballar el c\u00f2mic a l\u2019aula de GES: el c\u00f2mic com a font historiogr\u00e0fica secund\u00e0ria. Aix\u00ed doncs, farem servir el c\u00f2mic per a complementar una unitat did\u00e0ctica del m\u00f2dul optatiu Catalunya dins l\u2019Espanya del segle XX, referida a la identificaci\u00f3 de l\u2019abast i magnitud de la repressi\u00f3 franquista i les seves conseq\u00fc\u00e8ncies sobre la societat civil de l\u2019\u00e8poca de postguerra. Es presenten les activitats en castell\u00e0, llengua dels textos i c\u00f2mics triats.<\/li>\n<\/ul>\n<\/td>\n<\/tr>\n<tr>\n<td style=\"width: 20.1507%;\">\u00a0 <a href=\"https:\/\/projectes.xtec.cat\/xarxadults\/wp-content\/uploads\/usu1741\/2019\/03\/wolf_SteveBooth.jpg\"><img loading=\"lazy\" decoding=\"async\" class=\"size-full wp-image-9983 alignleft\" src=\"https:\/\/projectes.xtec.cat\/xarxadults\/wp-content\/uploads\/usu1741\/2019\/03\/wolf_SteveBooth.jpg\" alt=\"\" width=\"150\" height=\"150\" \/><\/a><\/td>\n<td style=\"width: 79.8493%;\">\n<ul>\n<li><a href=\"http:\/\/apliense.xtec.cat\/arc\/node\/30681\" target=\"_blank\" rel=\"noopener noreferrer\"><strong>Terra Baixa<\/strong><\/a>: Proposta did\u00e0ctica\u00a0 que pret\u00e9n fer una aproximaci\u00f3 a l\u2019obra liter\u00e0ria d\u2019\u00c0ngel Guimer\u00e0 a partir del c\u00f2mic inspirat en la producci\u00f3 audiovisual realitzada per la Televisi\u00f3 de Catalunya l\u2019any 2011. La proposta est\u00e0 pensada per \u00e9sser treballada des de l\u2019\u00e0mbit de la comunicaci\u00f3 (literatura catalana) amb alumnes adults de Secund\u00e0ria (GES 2, equivalent a 4t ESO), tot i que pot ser adaptada f\u00e0cilment a altres nivells.<\/li>\n<\/ul>\n<\/td>\n<\/tr>\n<\/tbody>\n<\/table>\n","protected":false},"excerpt":{"rendered":"<p><a href=\"https:\/\/projectes.xtec.cat\/xarxadults\/wp-content\/uploads\/usu1741\/2019\/03\/alitha.jpg\"><\/a>Les possibilitats did\u00e0ctiques del c\u00f2mic s\u00f3n molt diverses. A banda de ser \u00fatil com a mitj\u00e0 per fomentar el gust per la lectura, esdev\u00e9 una eina molt interessant per treballar altres destreses ling\u00fc\u00edstiques, com ara l&#8217;expressi\u00f3 escrita o el llenguatge no verbal. El g\u00e8nere&hellip;  <a href=\"https:\/\/projectes.xtec.cat\/xarxadults\/iniciatives-pedagogiques\/bones-practiques\/basics-of-the-comic-design\/\" title=\"Read Basics of the Comic Design\">Llegeix m\u00e9s\u00bb<\/a><\/p>\n","protected":false},"author":3,"featured_media":0,"parent":10048,"menu_order":10,"comment_status":"closed","ping_status":"closed","template":"page-templates\/side-menu.php","meta":{"_bbp_topic_count":0,"_bbp_reply_count":0,"_bbp_total_topic_count":0,"_bbp_total_reply_count":0,"_bbp_voice_count":0,"_bbp_anonymous_reply_count":0,"_bbp_topic_count_hidden":0,"_bbp_reply_count_hidden":0,"_bbp_forum_subforum_count":0,"footnotes":""},"class_list":["post-9980","page","type-page","status-publish","hentry"],"post_mailing_queue_ids":[],"_links":{"self":[{"href":"https:\/\/projectes.xtec.cat\/xarxadults\/wp-json\/wp\/v2\/pages\/9980","targetHints":{"allow":["GET"]}}],"collection":[{"href":"https:\/\/projectes.xtec.cat\/xarxadults\/wp-json\/wp\/v2\/pages"}],"about":[{"href":"https:\/\/projectes.xtec.cat\/xarxadults\/wp-json\/wp\/v2\/types\/page"}],"author":[{"embeddable":true,"href":"https:\/\/projectes.xtec.cat\/xarxadults\/wp-json\/wp\/v2\/users\/3"}],"replies":[{"embeddable":true,"href":"https:\/\/projectes.xtec.cat\/xarxadults\/wp-json\/wp\/v2\/comments?post=9980"}],"version-history":[{"count":3,"href":"https:\/\/projectes.xtec.cat\/xarxadults\/wp-json\/wp\/v2\/pages\/9980\/revisions"}],"predecessor-version":[{"id":11994,"href":"https:\/\/projectes.xtec.cat\/xarxadults\/wp-json\/wp\/v2\/pages\/9980\/revisions\/11994"}],"up":[{"embeddable":true,"href":"https:\/\/projectes.xtec.cat\/xarxadults\/wp-json\/wp\/v2\/pages\/10048"}],"wp:attachment":[{"href":"https:\/\/projectes.xtec.cat\/xarxadults\/wp-json\/wp\/v2\/media?parent=9980"}],"curies":[{"name":"wp","href":"https:\/\/api.w.org\/{rel}","templated":true}]}}