{"id":10051,"date":"2021-11-19T16:17:51","date_gmt":"2021-11-19T15:17:51","guid":{"rendered":"https:\/\/projectes.xtec.cat\/xtcd\/?page_id=10051"},"modified":"2022-09-08T13:02:26","modified_gmt":"2022-09-08T11:02:26","slug":"sessio-2-area-2-continguts-digitals","status":"publish","type":"page","link":"https:\/\/projectes.xtec.cat\/xtcd\/competencia-digital-docent\/sessions-2021-22\/sessio-2-area-2-continguts-digitals\/","title":{"rendered":"Sessi\u00f3 2. \u00c0rea 2: Continguts digitals"},"content":{"rendered":"<div class=\"seccio\">\n<div class=\"wp-block-columns\">\n<div class=\"wp-block-column\" style=\"flex-basis: 40%;\">\n<h3>Data<\/h3>\n<p>25 de novembre de 2021, 17:30h<\/p>\n<h3>Descripci\u00f3<\/h3>\n<p>En aquesta sessi\u00f3 es desenvoluparan els seg\u00fcents temes:<\/p>\n<ul>\n<li>\u00c0rea 2: Continguts digitals\n<ul>\n<li>Selecci\u00f3 de continguts digitals<\/li>\n<li>Creaci\u00f3 i modificaci\u00f3 de continguts digitals<\/li>\n<li>Protecci\u00f3, gesti\u00f3 i intercanvi de continguts educatius digitals<\/li>\n<\/ul>\n<\/li>\n<li>Experi\u00e8ncia de centre<\/li>\n<li>3 tracks: Plataformes per a la creaci\u00f3 de continguts educatius digitals\n<ul>\n<li><a href=\"https:\/\/www.youtube.com\/watch?v=hRuTl3B7Gmw\">H5P<\/a><\/li>\n<li><a href=\"https:\/\/www.youtube.com\/watch?v=v1oGe69C6Yk\">eXeLearning<\/a><\/li>\n<li><a href=\"https:\/\/www.youtube.com\/watch?v=xIY_awoKocs\">JClic<\/a><\/li>\n<\/ul>\n<\/li>\n<\/ul>\n<h3>Ponents<\/h3>\n<ul>\n<li>Maria Masjoan (\u00c0rea de Cultura digital, Departament d&#8217;Educaci\u00f3)<\/li>\n<li>F\u00e8lix Tejero (\u00c0rea de Cultura digital, Departament d&#8217;Educaci\u00f3)<\/li>\n<li>Jos\u00e9 Manuel Moral &#8211; Professor de la Universitat de Barcelona<\/li>\n<li>Yasmina Sol\u00e8 &#8211; T\u00e8cnica de Protecci\u00f3 de dades. Departament d&#8217;Educaci\u00f3<\/li>\n<li>Ricard Bechdej\u00fa. Esc Domeny &#8211; Girona<\/li>\n<li>Francesc Busquets. \u00c0rea de Cultura digital<\/li>\n<li>Juan Jos\u00e9 de Haro. Centre Amor de Dios &#8211; Barcelona<\/li>\n<li>Gemma Salvia. Ins Terres de Ponent &#8211; Mollerussa<\/li>\n<\/ul>\n<\/div>\n<div class=\"wp-block-column\" style=\"flex-basis: 60%;\">\n<div class=\"h5p-iframe-wrapper\"><iframe id=\"h5p-iframe-12\" class=\"h5p-iframe\" data-content-id=\"12\" style=\"height:1px\" src=\"about:blank\" frameBorder=\"0\" scrolling=\"no\" title=\"XT-CDD - 2122 - Sessi\u00f3 2\"><\/iframe><\/div><br \/>\nSi no veieu el v\u00eddeo, aneu a: <a href=\"https:\/\/www.youtube.com\/watch?v=qcwBP7H1sSw\" rel=\"noopener\" target=\"_blank\">https:\/\/www.youtube.com\/watch?v=qcwBP7H1sSw<\/a>\n<\/div>\n<\/div>\n<div class=\"wp-block-columns\">\n<div class=\"wp-block-column\">\n<h3>Recursos associats<\/h3>\n<ul>\n<li><a href=\"https:\/\/slides.com\/mariamasjuanqueralt\/deck-abf698\/fullscreen\" target=\"_blank\" rel=\"noopener\">\u00c0rea 2: Continguts digitals<\/a><\/li>\n<li><a href=\"https:\/\/docs.google.com\/presentation\/d\/12l-3BEvEi6HjMlpDH_qG72ECPqLW2SBAUi0c0sVhB5Y\/template\/preview\" target=\"_blank\" rel=\"noopener\">Recursos digitals educatius: criteris de cerca, selecci\u00f3 i avaluaci\u00f3<\/a> &#8211; JM Moral Ferrer<\/li>\n<li><a href=\"https:\/\/drive.google.com\/file\/d\/1yvxH8sgQB8S9U5TgN5QcwqAOUPam8kpT\/view?usp=sharing\" target=\"_blank\" rel=\"noopener\">La propietat intel\u00b7lectual als centres educatius<\/a> &#8211; Yasmina Sol\u00e9<\/li>\n<li><a href=\"https:\/\/drive.google.com\/file\/d\/1c7BglxRSxEqopjjwWQ3Wiw55hzfmX9xJ\/view?usp=sharing\" target=\"_blank\" rel=\"noopener\">Criteris per seleccionar\/crear un recurs digital<\/a> &#8211; Ricard Bechdej\u00fa<\/li>\n<li><a href=\"https:\/\/view.genial.ly\/619f9d3b245fb00de734ac19\/interactive-content-h5p\" rel=\"noopener\" target=\"_blank\">H5P <\/a>&#8211; Gemma Salvia<\/li>\n<li><a href=\"https:\/\/docs.google.com\/presentation\/d\/1_ieGHF-_EWyBCrnbtmcAfOpVOZAtNRRpBlmQFvM02s4\/edit?usp=sharing\" target=\"_blank\" rel=\"noopener\">Avaluaci\u00f3 de recursos digitals. Recursos JClic<\/a> &#8211; Francesc Busquets<\/li>\n<\/ul>\n<h3>Seminaris territorials associats<\/h3>\n<p><iframe height=\"800\" style=\"display: block; width: 800px; border: none\" src='https:\/\/sinapsi.xtec.cat\/ca\/embed\/?search-box=true&#038;search=\"sub-cdd-sessi\u00f32\"'><\/iframe><\/p>\n<h3>Converses al Nus<\/h3>\n<p><a href=\"https:\/\/projectes.xtec.cat\/xtcd\/wp-content\/uploads\/usu1403\/2021\/10\/nus-3.png\"><img loading=\"lazy\" decoding=\"async\" class=\"wp-image-9954 alignleft\" src=\"https:\/\/projectes.xtec.cat\/xtcd\/wp-content\/uploads\/usu1403\/2021\/10\/nus-3.png\" alt=\"\" width=\"75\" height=\"75\" srcset=\"https:\/\/projectes.xtec.cat\/xtcd\/wp-content\/uploads\/usu1403\/2021\/10\/nus-3.png 203w, https:\/\/projectes.xtec.cat\/xtcd\/wp-content\/uploads\/usu1403\/2021\/10\/nus-3-150x150.png 150w\" sizes=\"auto, (max-width: 75px) 100vw, 75px\" \/><\/a>Despr\u00e9s dels seminaris web i els seminaris territorials, podeu continuar parlant dels temes tractats al <a href=\"https:\/\/comunitat.edigital.cat\/c\/cdd\/129\" target=\"_blank\" rel=\"noopener\">Nus de la Compet\u00e8ncia digital docent<\/a>. Us hi esperem!<\/li>\n<\/div>\n<\/div>\n<\/div>\n","protected":false},"excerpt":{"rendered":"<p>Data 25 de novembre de 2021, 17:30h Descripci\u00f3 En aquesta sessi\u00f3 es desenvoluparan els seg\u00fcents temes: \u00c0rea 2: Continguts digitals Selecci\u00f3 de continguts digitals Creaci\u00f3 i modificaci\u00f3 de continguts digitals Protecci\u00f3, gesti\u00f3 i intercanvi de continguts educatius digitals Experi\u00e8ncia de centre 3 tracks: Plataformes per a la creaci\u00f3 de continguts educatius digitals H5P eXeLearning JClic [&hellip;]<\/p>\n","protected":false},"author":450,"featured_media":0,"parent":9348,"menu_order":25,"comment_status":"closed","ping_status":"closed","template":"","meta":{"site-sidebar-layout":"no-sidebar","site-content-layout":"page-builder","ast-site-content-layout":"","site-content-style":"default","site-sidebar-style":"default","ast-global-header-display":"","ast-banner-title-visibility":"","ast-main-header-display":"disabled","ast-hfb-above-header-display":"","ast-hfb-below-header-display":"","ast-hfb-mobile-header-display":"","site-post-title":"","ast-breadcrumbs-content":"","ast-featured-img":"","footer-sml-layout":"","theme-transparent-header-meta":"default","adv-header-id-meta":"9237","stick-header-meta":"default","header-above-stick-meta":"","header-main-stick-meta":"","header-below-stick-meta":"","astra-migrate-meta-layouts":"default","ast-page-background-enabled":"default","ast-page-background-meta":{"desktop":{"background-color":"","background-image":"","background-repeat":"repeat","background-position":"center center","background-size":"auto","background-attachment":"scroll","background-type":"","background-media":"","overlay-type":"","overlay-color":"","overlay-opacity":"","overlay-gradient":""},"tablet":{"background-color":"","background-image":"","background-repeat":"repeat","background-position":"center center","background-size":"auto","background-attachment":"scroll","background-type":"","background-media":"","overlay-type":"","overlay-color":"","overlay-opacity":"","overlay-gradient":""},"mobile":{"background-color":"","background-image":"","background-repeat":"repeat","background-position":"center center","background-size":"auto","background-attachment":"scroll","background-type":"","background-media":"","overlay-type":"","overlay-color":"","overlay-opacity":"","overlay-gradient":""}},"ast-content-background-meta":{"desktop":{"background-color":"var(--ast-global-color-5)","background-image":"","background-repeat":"repeat","background-position":"center center","background-size":"auto","background-attachment":"scroll","background-type":"","background-media":"","overlay-type":"","overlay-color":"","overlay-opacity":"","overlay-gradient":""},"tablet":{"background-color":"var(--ast-global-color-5)","background-image":"","background-repeat":"repeat","background-position":"center center","background-size":"auto","background-attachment":"scroll","background-type":"","background-media":"","overlay-type":"","overlay-color":"","overlay-opacity":"","overlay-gradient":""},"mobile":{"background-color":"var(--ast-global-color-5)","background-image":"","background-repeat":"repeat","background-position":"center center","background-size":"auto","background-attachment":"scroll","background-type":"","background-media":"","overlay-type":"","overlay-color":"","overlay-opacity":"","overlay-gradient":""}},"footnotes":""},"class_list":["post-10051","page","type-page","status-publish","hentry"],"_links":{"self":[{"href":"https:\/\/projectes.xtec.cat\/xtcd\/wp-json\/wp\/v2\/pages\/10051","targetHints":{"allow":["GET"]}}],"collection":[{"href":"https:\/\/projectes.xtec.cat\/xtcd\/wp-json\/wp\/v2\/pages"}],"about":[{"href":"https:\/\/projectes.xtec.cat\/xtcd\/wp-json\/wp\/v2\/types\/page"}],"author":[{"embeddable":true,"href":"https:\/\/projectes.xtec.cat\/xtcd\/wp-json\/wp\/v2\/users\/450"}],"replies":[{"embeddable":true,"href":"https:\/\/projectes.xtec.cat\/xtcd\/wp-json\/wp\/v2\/comments?post=10051"}],"version-history":[{"count":4,"href":"https:\/\/projectes.xtec.cat\/xtcd\/wp-json\/wp\/v2\/pages\/10051\/revisions"}],"predecessor-version":[{"id":10378,"href":"https:\/\/projectes.xtec.cat\/xtcd\/wp-json\/wp\/v2\/pages\/10051\/revisions\/10378"}],"up":[{"embeddable":true,"href":"https:\/\/projectes.xtec.cat\/xtcd\/wp-json\/wp\/v2\/pages\/9348"}],"wp:attachment":[{"href":"https:\/\/projectes.xtec.cat\/xtcd\/wp-json\/wp\/v2\/media?parent=10051"}],"curies":[{"name":"wp","href":"https:\/\/api.w.org\/{rel}","templated":true}]}}