{"id":10151,"date":"2021-12-31T11:16:42","date_gmt":"2021-12-31T10:16:42","guid":{"rendered":"https:\/\/projectes.xtec.cat\/xtcd\/?page_id=10151"},"modified":"2022-09-08T13:02:40","modified_gmt":"2022-09-08T11:02:40","slug":"sessio-2","status":"publish","type":"page","link":"https:\/\/projectes.xtec.cat\/xtcd\/coordinacio-digital-de-centre\/sessions-2021-22\/sessio-2\/","title":{"rendered":"Sessi\u00f3 2"},"content":{"rendered":"<div class=\"seccio\">\n<div class=\"wp-block-columns\">\n<div class=\"wp-block-column\" style=\"flex-basis: 40%;\">\n<h3>Data<\/h3>\n<p>20 de gener de 2021, 18:00h<\/p>\n<h3>Descripci\u00f3<\/h3>\n<p>En aquesta sessi\u00f3 es tractaran els seg\u00fcents temes:<\/p>\n<ol>\n<li>Novetats en el desplegament d&#8217;equips i dispositius del Pla d&#8217;educaci\u00f3 digital de Catalunya (PEDC)<\/li>\n<li>Itinerari formatiu b\u00e0sic de la coordinaci\u00f3. V\u00eddeos i materials autoformatius sobre diversos temes imprescindibles pels coordinadors i coordinadores novells.<\/li>\n<li>Eix EDC: Els nous mentors i novetats amb la FIC (Formaci\u00f3 interna de centre)<\/li>\n<li>Eix CDD: Personalitzaci\u00f3 dels EVA<\/li>\n<li>App Eix-Moodle<\/li>\n<li>Novetat INDIC: informe creuat INDIC\/Azure\/Intune<\/li>\n<li>Millora de la gesti\u00f3 d&#8217;incid\u00e8ncies. Millora de Remedy en proc\u00e9s<\/li>\n<li>Nus. Fils destacats<\/li>\n<\/ol>\n<\/div>\n<div class=\"wp-block-column sessions-list\" style=\"flex-basis: 60%;\">\n<div class=\"video-responsive\"><div class=\"h5p-iframe-wrapper\"><iframe id=\"h5p-iframe-15\" class=\"h5p-iframe\" data-content-id=\"15\" style=\"height:1px\" src=\"about:blank\" frameBorder=\"0\" scrolling=\"no\" title=\"XT-CDC - 2122 - Sessi\u00f3 2\"><\/iframe><\/div><\/div>\n<div class=\"sessio\" style=\"text-align: center; margin-top: 2em;\"><a style=\"margin-left:1em\" class=\"button\" target=\"_blank\" href=\"https:\/\/docs.google.com\/forms\/d\/e\/1FAIpQLSfxw1iLU2HiHdW5S44biv9Km5x-AgpY92VPb-pZJ7GwuGHjLw\/viewform?usp=sf_link\" rel=\"noopener\"> Formulari d&#8217;assist\u00e8ncia i valoraci\u00f3<\/a><\/div>\n<\/div>\n<\/div>\n<div class=\"wp-block-columns\">\n<div class=\"wp-block-column\">\n<h3>Ponents<\/h3>\n<ul>\n<li>Roser Cuss\u00f3 (\u00c0rea de Cultura digital, Departament d&#8217;Educaci\u00f3)<\/li>\n<li>Xavier Meler (\u00c0rea de Cultura digital, Departament d&#8217;Educaci\u00f3)<\/li>\n<li>Joan de Gr\u00e0cia (\u00c0rea de Cultura digital, Departament d&#8217;Educaci\u00f3)<\/li>\n<li>Nacho G\u00e0lvez (\u00c0rea de Cultura digital, Departament d&#8217;Educaci\u00f3)<\/li>\n<li>Pau Saura (Funci\u00f3 directiva i lideratge pedag\u00f2gic, Departament d&#8217;Educaci\u00f3)<\/li>\n<li>Marc Torres (Gestor TIC a Girona, Departament d&#8217;Educaci\u00f3)<\/li>\n<li>Vicky Gilibars (Assessora de Cultura digital a Catalunya central, Departament d&#8217;Educaci\u00f3)<\/li>\n<\/ul>\n<h3>Recursos associats<\/h3>\n<ul>\n<li><a href=\"https:\/\/docs.google.com\/presentation\/d\/e\/2PACX-1vSY_4uII-qVKsUSap2o4TQhMk6kqbdciIDWMvzARv9SfT6kFlRTvqGO2mYPUJfm_jMKh2e6uXeA0AUf\/pub?start=false&amp;loop=false&amp;delayms=3000\" target=\"_blank\" rel=\"noopener\">Presentaci\u00f3<\/a><\/li>\n<li><a href=\"https:\/\/docs.google.com\/document\/d\/1nk9gL6yr61svkk4PlOeAva5wot04xnttD9nB0U1spiY\/edit#heading=h.us1qkk2ot8xo\" target=\"_blank\" rel=\"noopener\">Informes INDIC &#8211; apartat del manual<\/a><\/li>\n<li><a href=\"https:\/\/projectes.xtec.cat\/coordinaciodigital\/formacio\/itinerari-basic\/\" target=\"_blank\" rel=\"noopener\">Itinerari b\u00e0sic de la Coordinaci\u00f3 digital<\/a><\/li>\n<li><a href=\"http:\/\/xtec.gencat.cat\/web\/.content\/centres\/centres-educatius-en-linia\/Orientacions-per-a-la-personalitzacio-entorn-virtual-aprenentatge.pdf\" target=\"_blank\" rel=\"noopener\">Orientacions per a la personalitzaci\u00f3 de l\u2019entorn virtual d\u2019aprenentatge en diferents escenaris educatius<\/a><\/li>\n<li><a href=\"https:\/\/comunitat.edigital.cat\/c\/coordinacio-digital\/105\" target=\"_blank\" rel=\"noopener\">Nus de la coordinaci\u00f3 digital<\/a><\/li>\n<\/ul>\n<h3>Preguntes i respostes al Nus<\/h3>\n<p><a href=\"https:\/\/projectes.xtec.cat\/xtcd\/wp-content\/uploads\/usu1403\/2021\/10\/nus-3.png\"><img loading=\"lazy\" decoding=\"async\" class=\"wp-image-9954 alignleft\" src=\"https:\/\/projectes.xtec.cat\/xtcd\/wp-content\/uploads\/usu1403\/2021\/10\/nus-3.png\" alt=\"\" width=\"73\" height=\"73\" srcset=\"https:\/\/projectes.xtec.cat\/xtcd\/wp-content\/uploads\/usu1403\/2021\/10\/nus-3.png 203w, https:\/\/projectes.xtec.cat\/xtcd\/wp-content\/uploads\/usu1403\/2021\/10\/nus-3-150x150.png 150w\" sizes=\"auto, (max-width: 73px) 100vw, 73px\" \/><\/a>Durant la sessi\u00f3 els participants formulen preguntes que es responen en directe i en diferit a: <a href=\"https:\/\/comunitat.edigital.cat\/c\/coordinacio-digital\/segon-sessio-sub-cdc\/147\" target=\"_blank\" rel=\"noopener\">Nus de la sessi\u00f3<\/a>.<\/p>\n<h3>Seminaris territorials associats<\/h3>\n<p><iframe style=\"display: block; width: 800px; border: 1px solid #ddd;\" src=\"https:\/\/sinapsi.xtec.cat\/ca\/embed\/?search-box=true&amp;search=&quot;sub-cdc-sessi\u00f32&quot;\" height=\"800\"><\/iframe><\/p>\n<\/div>\n<\/div>\n<\/div>\n","protected":false},"excerpt":{"rendered":"<p>Data 20 de gener de 2021, 18:00h Descripci\u00f3 En aquesta sessi\u00f3 es tractaran els seg\u00fcents temes: Novetats en el desplegament d&#8217;equips i dispositius del Pla d&#8217;educaci\u00f3 digital de Catalunya (PEDC) Itinerari formatiu b\u00e0sic de la coordinaci\u00f3. V\u00eddeos i materials autoformatius sobre diversos temes imprescindibles pels coordinadors i coordinadores novells. Eix EDC: Els nous mentors i [&hellip;]<\/p>\n","protected":false},"author":2,"featured_media":0,"parent":9400,"menu_order":30,"comment_status":"closed","ping_status":"closed","template":"","meta":{"site-sidebar-layout":"no-sidebar","site-content-layout":"page-builder","ast-site-content-layout":"","site-content-style":"default","site-sidebar-style":"default","ast-global-header-display":"","ast-banner-title-visibility":"","ast-main-header-display":"disabled","ast-hfb-above-header-display":"","ast-hfb-below-header-display":"","ast-hfb-mobile-header-display":"","site-post-title":"","ast-breadcrumbs-content":"","ast-featured-img":"","footer-sml-layout":"","theme-transparent-header-meta":"default","adv-header-id-meta":"9237","stick-header-meta":"default","header-above-stick-meta":"","header-main-stick-meta":"","header-below-stick-meta":"","astra-migrate-meta-layouts":"default","ast-page-background-enabled":"default","ast-page-background-meta":{"desktop":{"background-color":"","background-image":"","background-repeat":"repeat","background-position":"center center","background-size":"auto","background-attachment":"scroll","background-type":"","background-media":"","overlay-type":"","overlay-color":"","overlay-opacity":"","overlay-gradient":""},"tablet":{"background-color":"","background-image":"","background-repeat":"repeat","background-position":"center center","background-size":"auto","background-attachment":"scroll","background-type":"","background-media":"","overlay-type":"","overlay-color":"","overlay-opacity":"","overlay-gradient":""},"mobile":{"background-color":"","background-image":"","background-repeat":"repeat","background-position":"center center","background-size":"auto","background-attachment":"scroll","background-type":"","background-media":"","overlay-type":"","overlay-color":"","overlay-opacity":"","overlay-gradient":""}},"ast-content-background-meta":{"desktop":{"background-color":"var(--ast-global-color-5)","background-image":"","background-repeat":"repeat","background-position":"center center","background-size":"auto","background-attachment":"scroll","background-type":"","background-media":"","overlay-type":"","overlay-color":"","overlay-opacity":"","overlay-gradient":""},"tablet":{"background-color":"var(--ast-global-color-5)","background-image":"","background-repeat":"repeat","background-position":"center center","background-size":"auto","background-attachment":"scroll","background-type":"","background-media":"","overlay-type":"","overlay-color":"","overlay-opacity":"","overlay-gradient":""},"mobile":{"background-color":"var(--ast-global-color-5)","background-image":"","background-repeat":"repeat","background-position":"center center","background-size":"auto","background-attachment":"scroll","background-type":"","background-media":"","overlay-type":"","overlay-color":"","overlay-opacity":"","overlay-gradient":""}},"footnotes":""},"class_list":["post-10151","page","type-page","status-publish","hentry"],"_links":{"self":[{"href":"https:\/\/projectes.xtec.cat\/xtcd\/wp-json\/wp\/v2\/pages\/10151","targetHints":{"allow":["GET"]}}],"collection":[{"href":"https:\/\/projectes.xtec.cat\/xtcd\/wp-json\/wp\/v2\/pages"}],"about":[{"href":"https:\/\/projectes.xtec.cat\/xtcd\/wp-json\/wp\/v2\/types\/page"}],"author":[{"embeddable":true,"href":"https:\/\/projectes.xtec.cat\/xtcd\/wp-json\/wp\/v2\/users\/2"}],"replies":[{"embeddable":true,"href":"https:\/\/projectes.xtec.cat\/xtcd\/wp-json\/wp\/v2\/comments?post=10151"}],"version-history":[{"count":4,"href":"https:\/\/projectes.xtec.cat\/xtcd\/wp-json\/wp\/v2\/pages\/10151\/revisions"}],"predecessor-version":[{"id":10847,"href":"https:\/\/projectes.xtec.cat\/xtcd\/wp-json\/wp\/v2\/pages\/10151\/revisions\/10847"}],"up":[{"embeddable":true,"href":"https:\/\/projectes.xtec.cat\/xtcd\/wp-json\/wp\/v2\/pages\/9400"}],"wp:attachment":[{"href":"https:\/\/projectes.xtec.cat\/xtcd\/wp-json\/wp\/v2\/media?parent=10151"}],"curies":[{"name":"wp","href":"https:\/\/api.w.org\/{rel}","templated":true}]}}