{"id":10226,"date":"2022-01-05T23:54:17","date_gmt":"2022-01-05T22:54:17","guid":{"rendered":"https:\/\/projectes.xtec.cat\/xtcd\/?page_id=10226"},"modified":"2022-09-08T10:22:16","modified_gmt":"2022-09-08T08:22:16","slug":"presentacio-de-la-xtcd-2021-22","status":"publish","type":"page","link":"https:\/\/projectes.xtec.cat\/xtcd\/sessions-2021-22\/presentacio-de-la-xtcd-2021-22\/","title":{"rendered":"Presentaci\u00f3 de la XTCD 2021-22"},"content":{"rendered":"<div class=\"seccio\">\n<div class=\"wp-block-columns\">\n<div class=\"wp-block-column\" style=\"flex-basis: 40%;\">\n<p><strong>Data<\/strong><br \/>\nDijous 16 de setembre de 2021, 17:30<\/p>\n<p><strong>Descripci\u00f3<\/strong><br \/>\nLa Xarxa es divideix en tres subxarxes responent a tres grans reptes: capacitaci\u00f3 digital de tots els docents, creaci\u00f3 de l\u2019estrat\u00e8gia digital a tots els centres i aconseguir un bon acompanyament i suport per les coordinacions digitals.<\/p>\n<p><strong>Participen<\/strong><br \/>\nJoan Cuevas (Director general DGIDRE)<br \/>\nAna Albalat (Subdirectora general DGIDRE)<br \/>\nRoser Cuss\u00f3 (Cap de servei DGIDRE)<br \/>\nPepi Garrote (\u00c0rea de Cultura digital)<\/p>\n<p><strong>M\u00e9s informaci\u00f3<\/strong><br \/>\nDespr\u00e9s de la presentaci\u00f3 general, s&#8217;han presentat les tres subxarxes per separat: la subxarxa de la <a href=\"https:\/\/projectes.xtec.cat\/xtcd\/competencia-digital-docent\/sessions-2021-22\/sessio-de-presentacio\/\">Compet\u00e8ncia digital docent<\/a>, la subxarxa de l&#8217;<a href=\"https:\/\/projectes.xtec.cat\/xtcd\/estrategia-digital-de-centre\/sessions-2021-22\/sessio-de-presentacio\/\">Estrat\u00e8gia digital de centre<\/a> i la subxarxa de la <a href=\"https:\/\/projectes.xtec.cat\/xtcd\/coordinacio-digital-de-centre\/sessions-2021-22\/sessio-de-presentacio\/\">Coordinaci\u00f3 digital de centre<\/a>.<\/p>\n<\/div>\n<div class=\"wp-block-column\" style=\"flex-basis: 60%;\">\n<div class=\"video-responsive vora-coral\"><div class=\"h5p-iframe-wrapper\"><iframe id=\"h5p-iframe-6\" class=\"h5p-iframe\" data-content-id=\"6\" style=\"height:1px\" src=\"about:blank\" frameBorder=\"0\" scrolling=\"no\" title=\"XTCD 2122 - Sessi\u00f3 de presentaci\u00f3 (comuna)\"><\/iframe><\/div><\/div>\n<\/div>\n<\/div>\n<\/div>\n","protected":false},"excerpt":{"rendered":"<p>Data Dijous 16 de setembre de 2021, 17:30 Descripci\u00f3 La Xarxa es divideix en tres subxarxes responent a tres grans reptes: capacitaci\u00f3 digital de tots els docents, creaci\u00f3 de l\u2019estrat\u00e8gia digital a tots els centres i aconseguir un bon acompanyament i suport per les coordinacions digitals. Participen Joan Cuevas (Director general DGIDRE) Ana Albalat (Subdirectora [&hellip;]<\/p>\n","protected":false},"author":2,"featured_media":0,"parent":9322,"menu_order":0,"comment_status":"closed","ping_status":"closed","template":"","meta":{"site-sidebar-layout":"no-sidebar","site-content-layout":"page-builder","ast-site-content-layout":"","site-content-style":"default","site-sidebar-style":"default","ast-global-header-display":"","ast-banner-title-visibility":"","ast-main-header-display":"disabled","ast-hfb-above-header-display":"","ast-hfb-below-header-display":"","ast-hfb-mobile-header-display":"","site-post-title":"","ast-breadcrumbs-content":"","ast-featured-img":"","footer-sml-layout":"","theme-transparent-header-meta":"default","adv-header-id-meta":"9237","stick-header-meta":"default","header-above-stick-meta":"","header-main-stick-meta":"","header-below-stick-meta":"","astra-migrate-meta-layouts":"default","ast-page-background-enabled":"default","ast-page-background-meta":{"desktop":{"background-color":"","background-image":"","background-repeat":"repeat","background-position":"center center","background-size":"auto","background-attachment":"scroll","background-type":"","background-media":"","overlay-type":"","overlay-color":"","overlay-opacity":"","overlay-gradient":""},"tablet":{"background-color":"","background-image":"","background-repeat":"repeat","background-position":"center center","background-size":"auto","background-attachment":"scroll","background-type":"","background-media":"","overlay-type":"","overlay-color":"","overlay-opacity":"","overlay-gradient":""},"mobile":{"background-color":"","background-image":"","background-repeat":"repeat","background-position":"center center","background-size":"auto","background-attachment":"scroll","background-type":"","background-media":"","overlay-type":"","overlay-color":"","overlay-opacity":"","overlay-gradient":""}},"ast-content-background-meta":{"desktop":{"background-color":"var(--ast-global-color-5)","background-image":"","background-repeat":"repeat","background-position":"center center","background-size":"auto","background-attachment":"scroll","background-type":"","background-media":"","overlay-type":"","overlay-color":"","overlay-opacity":"","overlay-gradient":""},"tablet":{"background-color":"var(--ast-global-color-5)","background-image":"","background-repeat":"repeat","background-position":"center center","background-size":"auto","background-attachment":"scroll","background-type":"","background-media":"","overlay-type":"","overlay-color":"","overlay-opacity":"","overlay-gradient":""},"mobile":{"background-color":"var(--ast-global-color-5)","background-image":"","background-repeat":"repeat","background-position":"center center","background-size":"auto","background-attachment":"scroll","background-type":"","background-media":"","overlay-type":"","overlay-color":"","overlay-opacity":"","overlay-gradient":""}},"footnotes":""},"class_list":["post-10226","page","type-page","status-publish","hentry"],"_links":{"self":[{"href":"https:\/\/projectes.xtec.cat\/xtcd\/wp-json\/wp\/v2\/pages\/10226","targetHints":{"allow":["GET"]}}],"collection":[{"href":"https:\/\/projectes.xtec.cat\/xtcd\/wp-json\/wp\/v2\/pages"}],"about":[{"href":"https:\/\/projectes.xtec.cat\/xtcd\/wp-json\/wp\/v2\/types\/page"}],"author":[{"embeddable":true,"href":"https:\/\/projectes.xtec.cat\/xtcd\/wp-json\/wp\/v2\/users\/2"}],"replies":[{"embeddable":true,"href":"https:\/\/projectes.xtec.cat\/xtcd\/wp-json\/wp\/v2\/comments?post=10226"}],"version-history":[{"count":3,"href":"https:\/\/projectes.xtec.cat\/xtcd\/wp-json\/wp\/v2\/pages\/10226\/revisions"}],"predecessor-version":[{"id":10245,"href":"https:\/\/projectes.xtec.cat\/xtcd\/wp-json\/wp\/v2\/pages\/10226\/revisions\/10245"}],"up":[{"embeddable":true,"href":"https:\/\/projectes.xtec.cat\/xtcd\/wp-json\/wp\/v2\/pages\/9322"}],"wp:attachment":[{"href":"https:\/\/projectes.xtec.cat\/xtcd\/wp-json\/wp\/v2\/media?parent=10226"}],"curies":[{"name":"wp","href":"https:\/\/api.w.org\/{rel}","templated":true}]}}