{"id":10415,"date":"2022-01-19T23:58:54","date_gmt":"2022-01-19T22:58:54","guid":{"rendered":"https:\/\/projectes.xtec.cat\/xtcd\/?page_id=10415"},"modified":"2023-03-20T10:35:55","modified_gmt":"2023-03-20T09:35:55","slug":"personalitzacio-dels-eva","status":"publish","type":"page","link":"https:\/\/projectes.xtec.cat\/xtcd\/sessions-2021-22\/personalitzacio-dels-eva\/","title":{"rendered":"Personalitzaci\u00f3 dels EVA"},"content":{"rendered":"<div class=\"seccio\">\n<div class=\"wp-block-columns\">\n<div class=\"wp-block-column\" style=\"flex-basis: 40%;\">\n<p><strong>Data<\/strong><br \/>\nDijous 20 de gener de 2022, 17:30<\/p>\n<p><strong>Descripci\u00f3<\/strong><br \/>\nPau Saura ens presenta el document <a href=\"http:\/\/xtec.gencat.cat\/web\/.content\/centres\/centres-educatius-en-linia\/Orientacions-per-a-la-personalitzacio-entorn-virtual-aprenentatge.pdf\" target=\"_blank\" rel=\"noopener\">Orientacions per a la personalitzaci\u00f3 de l\u2019entorn virtual d\u2019aprenentatge en diferents escenaris educatius\u201d.<\/a><\/p>\n<p><strong>Participen<\/strong><br \/>\nPau Saura (Funci\u00f3 directiva i lideratge pedag\u00f2gic)<br \/>\nF\u00e8lix Tejero (\u00c0rea de Cultura digital)<\/p>\n<p><strong>Recursos associats<\/strong><br \/>\n<a href=\"https:\/\/docs.google.com\/presentation\/d\/e\/2PACX-1vRqu5wwHrVjpZr3oQlXQQDVdSsnjtToeJZOlKC3l4hj5YPgg5G_Zsd8VBUJiPN9Vx33QtrjMifYf7XQ\/pub?start=false&amp;loop=false&amp;delayms=3000\">Presentaci\u00f3<\/a><\/p>\n<p><strong>M\u00e9s informaci\u00f3<\/strong><br \/>\nDespr\u00e9s de la presentaci\u00f3 general, es continua amb les sessions associades a les subxarxes: subxarxa de la <a href=\"https:\/\/projectes.xtec.cat\/xtcd\/competencia-digital-docent\/sessions-2021-22\/sessio-3-area-3-ensenyament-i-aprenentatge\/\">Compet\u00e8ncia digital docent<\/a> i la subxarxa de la <a href=\"https:\/\/projectes.xtec.cat\/xtcd\/coordinacio-digital-de-centre\/sessions-2021-22\/sessio-2\/\">Coordinaci\u00f3 digital de centre<\/a>.<\/p>\n<\/div>\n<div class=\"wp-block-column\" style=\"flex-basis: 60%;\">\n<div class=\"video-responsive vora-coral\"><iframe loading=\"lazy\" title=\"YouTube video player\" src=\"https:\/\/www.youtube.com\/embed\/F-XpoCHCa5I\" width=\"560\" height=\"315\" frameborder=\"0\" allowfullscreen=\"allowfullscreen\"><\/iframe><\/div>\n<\/div>\n<\/div>\n<\/div>\n","protected":false},"excerpt":{"rendered":"<p>Data Dijous 20 de gener de 2022, 17:30 Descripci\u00f3 Pau Saura ens presenta el document Orientacions per a la personalitzaci\u00f3 de l\u2019entorn virtual d\u2019aprenentatge en diferents escenaris educatius\u201d. Participen Pau Saura (Funci\u00f3 directiva i lideratge pedag\u00f2gic) F\u00e8lix Tejero (\u00c0rea de Cultura digital) Recursos associats Presentaci\u00f3 M\u00e9s informaci\u00f3 Despr\u00e9s de la presentaci\u00f3 general, es continua amb [&hellip;]<\/p>\n","protected":false},"author":2,"featured_media":0,"parent":9322,"menu_order":0,"comment_status":"closed","ping_status":"closed","template":"","meta":{"site-sidebar-layout":"no-sidebar","site-content-layout":"page-builder","ast-site-content-layout":"","site-content-style":"default","site-sidebar-style":"default","ast-global-header-display":"","ast-banner-title-visibility":"","ast-main-header-display":"disabled","ast-hfb-above-header-display":"","ast-hfb-below-header-display":"","ast-hfb-mobile-header-display":"","site-post-title":"disabled","ast-breadcrumbs-content":"","ast-featured-img":"","footer-sml-layout":"","theme-transparent-header-meta":"enabled","adv-header-id-meta":"9237","stick-header-meta":"default","header-above-stick-meta":"","header-main-stick-meta":"","header-below-stick-meta":"","astra-migrate-meta-layouts":"default","ast-page-background-enabled":"default","ast-page-background-meta":{"desktop":{"background-color":"","background-image":"","background-repeat":"repeat","background-position":"center center","background-size":"auto","background-attachment":"scroll","background-type":"","background-media":"","overlay-type":"","overlay-color":"","overlay-opacity":"","overlay-gradient":""},"tablet":{"background-color":"","background-image":"","background-repeat":"repeat","background-position":"center center","background-size":"auto","background-attachment":"scroll","background-type":"","background-media":"","overlay-type":"","overlay-color":"","overlay-opacity":"","overlay-gradient":""},"mobile":{"background-color":"","background-image":"","background-repeat":"repeat","background-position":"center center","background-size":"auto","background-attachment":"scroll","background-type":"","background-media":"","overlay-type":"","overlay-color":"","overlay-opacity":"","overlay-gradient":""}},"ast-content-background-meta":{"desktop":{"background-color":"var(--ast-global-color-5)","background-image":"","background-repeat":"repeat","background-position":"center center","background-size":"auto","background-attachment":"scroll","background-type":"","background-media":"","overlay-type":"","overlay-color":"","overlay-opacity":"","overlay-gradient":""},"tablet":{"background-color":"var(--ast-global-color-5)","background-image":"","background-repeat":"repeat","background-position":"center center","background-size":"auto","background-attachment":"scroll","background-type":"","background-media":"","overlay-type":"","overlay-color":"","overlay-opacity":"","overlay-gradient":""},"mobile":{"background-color":"var(--ast-global-color-5)","background-image":"","background-repeat":"repeat","background-position":"center center","background-size":"auto","background-attachment":"scroll","background-type":"","background-media":"","overlay-type":"","overlay-color":"","overlay-opacity":"","overlay-gradient":""}},"footnotes":""},"class_list":["post-10415","page","type-page","status-publish","hentry"],"_links":{"self":[{"href":"https:\/\/projectes.xtec.cat\/xtcd\/wp-json\/wp\/v2\/pages\/10415","targetHints":{"allow":["GET"]}}],"collection":[{"href":"https:\/\/projectes.xtec.cat\/xtcd\/wp-json\/wp\/v2\/pages"}],"about":[{"href":"https:\/\/projectes.xtec.cat\/xtcd\/wp-json\/wp\/v2\/types\/page"}],"author":[{"embeddable":true,"href":"https:\/\/projectes.xtec.cat\/xtcd\/wp-json\/wp\/v2\/users\/2"}],"replies":[{"embeddable":true,"href":"https:\/\/projectes.xtec.cat\/xtcd\/wp-json\/wp\/v2\/comments?post=10415"}],"version-history":[{"count":3,"href":"https:\/\/projectes.xtec.cat\/xtcd\/wp-json\/wp\/v2\/pages\/10415\/revisions"}],"predecessor-version":[{"id":10437,"href":"https:\/\/projectes.xtec.cat\/xtcd\/wp-json\/wp\/v2\/pages\/10415\/revisions\/10437"}],"up":[{"embeddable":true,"href":"https:\/\/projectes.xtec.cat\/xtcd\/wp-json\/wp\/v2\/pages\/9322"}],"wp:attachment":[{"href":"https:\/\/projectes.xtec.cat\/xtcd\/wp-json\/wp\/v2\/media?parent=10415"}],"curies":[{"name":"wp","href":"https:\/\/api.w.org\/{rel}","templated":true}]}}