{"id":10545,"date":"2022-03-04T10:58:17","date_gmt":"2022-03-04T09:58:17","guid":{"rendered":"https:\/\/projectes.xtec.cat\/xtcd\/?page_id=10545"},"modified":"2022-09-08T13:02:58","modified_gmt":"2022-09-08T11:02:58","slug":"sessio-4-area-4-avaluacio-i-retroalimentacio","status":"publish","type":"page","link":"https:\/\/projectes.xtec.cat\/xtcd\/competencia-digital-docent\/sessions-2021-22\/sessio-4-area-4-avaluacio-i-retroalimentacio\/","title":{"rendered":"Sessi\u00f3 4. \u00c0rea 4: Avaluaci\u00f3 i retroalimentaci\u00f3"},"content":{"rendered":"<div class=\"seccio\">\n<div class=\"wp-block-columns\">\n<div class=\"wp-block-column\" style=\"flex-basis: 40%;\">\n<h3>Data<\/h3>\n<p>24 de mar\u00e7 de 2022, 17:30 h<\/p>\n<h3>Descripci\u00f3<\/h3>\n<p>En aquesta sessi\u00f3 es desenvoluparan els seg\u00fcents temes:<\/p>\n<ul>\n<li>\u00c0rea 4: Avaluaci\u00f3 i retroalimentaci\u00f3\n<ul>\n<li>Estrat\u00e8gies d&#8217;avaluaci\u00f3<\/li>\n<li>Anal\u00edtiques i evid\u00e8ncies d&#8217;aprenentatge<\/li>\n<li>Retroalimentaci\u00f3 i presa de decisions<\/li>\n<li>La tecnologia digital per la retroalimentaci\u00f3 en els processos d&#8217;avaluaci\u00f3<\/li>\n<li>Experi\u00e8ncia de centre<\/li>\n<\/ul>\n<\/li>\n<\/ul>\n<\/div>\n<div class=\"wp-block-column\"><div class=\"h5p-iframe-wrapper\"><iframe id=\"h5p-iframe-17\" class=\"h5p-iframe\" data-content-id=\"17\" style=\"height:1px\" src=\"about:blank\" frameBorder=\"0\" scrolling=\"no\" title=\"XT-CDD - 2122 - Sessi\u00f3 4\"><\/iframe><\/div><\/div>\n<\/div>\n<div class=\"wp-block-columns\">\n<div class=\"wp-block-column\">\n<p style=\"font-weight: bold;\">Ponents<\/p>\n<ul>\n<li style=\"list-style-type: none;\">\n<ul>\n<li>Maria Masjoan &#8211; \u00c0rea de Cultura digital, Departament d&#8217;Educaci\u00f3<\/li>\n<li>F\u00e8lix Tejero &#8211; \u00c0rea de Cultura digital, Departament d&#8217;Educaci\u00f3<\/li>\n<li>Teresa Guasch i Anna Espasa &#8211; Professores de la Universitat Oberta de Catalunya &#8211; UOC i coordinadores del grup de recerca Feed2Learn<\/li>\n<li>Maribel Tarr\u00e9s i Pere Serrano &#8211; Institut Jaume Cabr\u00e9 de Terrassa<\/li>\n<\/ul>\n<\/li>\n<\/ul>\n<\/div>\n<\/div>\n<div class=\"wp-block-columns\">\n<div class=\"wp-block-column\">\n<h3>Recursos associats<\/h3>\n<ul>\n<li style=\"list-style-type: none;\">\n<ul>\n<li><a href=\"https:\/\/docs.google.com\/presentation\/d\/e\/2PACX-1vTS3MhWL9mdAH9JTnwm6sl4UzF7ypst3vH3aGq4SMUcIysI_iFrG9D2dx83KRxackCzrzFMyTldBrID\/pub?start=false&amp;loop=false&amp;delayms=3000\">Presentaci\u00f3 &#8211; \u00c0rea 4: Avaluaci\u00f3 i retroalimentaci\u00f3<\/a><\/li>\n<li><a href=\"https:\/\/intef.es\/Noticias\/actualizacion-del-marco-de-referencia-de-la-competencia-digital-docente\/\">Actualitzaci\u00f3 del marc de refer\u00e8ncia de la Compet\u00e8ncia digital docent &#8211; INTEF<\/a><\/li>\n<li><a href=\"http:\/\/www.feed2learn.com\/\" target=\"_blank\" rel=\"noopener\">Feed2learn.com<\/a><\/li>\n<li><a href=\"https:\/\/docs.google.com\/presentation\/d\/15aMW0b3ZxRFyRX6mSw5QlFPH8iQsi4kkvR3snmcYTWY\/edit#slide=id.p\">Ins Jaume Cabr\u00e9 &#8211; L&#8217;avaluaci\u00f3 i la retroalimentaci\u00f3 del centre<\/a><\/li>\n<li><a href=\"https:\/\/jamboard.google.com\/d\/1oQ_DqUZHNPQCn66HKSX_5eZ66IwywtwhbMrdSJMC4Sw\/viewer?f=0\">Jamboard Ins Jaume Cabr\u00e9 &#8211; Dubtes i aclariments<\/a><\/li>\n<\/ul>\n<\/li>\n<\/ul>\n<h3>Seminaris territorials associats<\/h3>\n<p><iframe style=\"display: block; width: 800px; border: none;\" src=\"https:\/\/sinapsi.xtec.cat\/ca\/embed\/?search-box=true&amp;search=&quot;sub-cdd-sessi\u00f34&quot;\" height=\"800\"><\/iframe><\/p>\n<h3>Converses al Nus<\/h3>\n<p><a href=\"https:\/\/projectes.xtec.cat\/xtcd\/wp-content\/uploads\/usu1403\/2021\/10\/nus-3.png\"><img loading=\"lazy\" decoding=\"async\" class=\"wp-image-9954 alignleft\" src=\"https:\/\/projectes.xtec.cat\/xtcd\/wp-content\/uploads\/usu1403\/2021\/10\/nus-3.png\" alt=\"\" width=\"75\" height=\"75\" srcset=\"https:\/\/projectes.xtec.cat\/xtcd\/wp-content\/uploads\/usu1403\/2021\/10\/nus-3.png 203w, https:\/\/projectes.xtec.cat\/xtcd\/wp-content\/uploads\/usu1403\/2021\/10\/nus-3-150x150.png 150w\" sizes=\"auto, (max-width: 75px) 100vw, 75px\" \/><\/a>Despr\u00e9s dels seminaris web i els seminaris territorials, podeu continuar parlant dels temes tractats al <a href=\"https:\/\/comunitat.edigital.cat\/c\/cdd\/129\" target=\"_blank\" rel=\"noopener\">Nus de la Compet\u00e8ncia digital docent<\/a>. Us hi esperem!<\/p>\n<\/div>\n<\/div>\n<\/div>\n","protected":false},"excerpt":{"rendered":"<p>Data 24 de mar\u00e7 de 2022, 17:30 h Descripci\u00f3 En aquesta sessi\u00f3 es desenvoluparan els seg\u00fcents temes: \u00c0rea 4: Avaluaci\u00f3 i retroalimentaci\u00f3 Estrat\u00e8gies d&#8217;avaluaci\u00f3 Anal\u00edtiques i evid\u00e8ncies d&#8217;aprenentatge Retroalimentaci\u00f3 i presa de decisions La tecnologia digital per la retroalimentaci\u00f3 en els processos d&#8217;avaluaci\u00f3 Experi\u00e8ncia de centre Ponents Maria Masjoan &#8211; \u00c0rea de Cultura digital, Departament [&hellip;]<\/p>\n","protected":false},"author":450,"featured_media":0,"parent":9348,"menu_order":35,"comment_status":"closed","ping_status":"closed","template":"","meta":{"site-sidebar-layout":"no-sidebar","site-content-layout":"page-builder","ast-site-content-layout":"","site-content-style":"default","site-sidebar-style":"default","ast-global-header-display":"","ast-banner-title-visibility":"","ast-main-header-display":"disabled","ast-hfb-above-header-display":"","ast-hfb-below-header-display":"","ast-hfb-mobile-header-display":"","site-post-title":"","ast-breadcrumbs-content":"","ast-featured-img":"","footer-sml-layout":"","theme-transparent-header-meta":"default","adv-header-id-meta":"9237","stick-header-meta":"default","header-above-stick-meta":"","header-main-stick-meta":"","header-below-stick-meta":"","astra-migrate-meta-layouts":"default","ast-page-background-enabled":"default","ast-page-background-meta":{"desktop":{"background-color":"","background-image":"","background-repeat":"repeat","background-position":"center center","background-size":"auto","background-attachment":"scroll","background-type":"","background-media":"","overlay-type":"","overlay-color":"","overlay-opacity":"","overlay-gradient":""},"tablet":{"background-color":"","background-image":"","background-repeat":"repeat","background-position":"center center","background-size":"auto","background-attachment":"scroll","background-type":"","background-media":"","overlay-type":"","overlay-color":"","overlay-opacity":"","overlay-gradient":""},"mobile":{"background-color":"","background-image":"","background-repeat":"repeat","background-position":"center center","background-size":"auto","background-attachment":"scroll","background-type":"","background-media":"","overlay-type":"","overlay-color":"","overlay-opacity":"","overlay-gradient":""}},"ast-content-background-meta":{"desktop":{"background-color":"var(--ast-global-color-5)","background-image":"","background-repeat":"repeat","background-position":"center center","background-size":"auto","background-attachment":"scroll","background-type":"","background-media":"","overlay-type":"","overlay-color":"","overlay-opacity":"","overlay-gradient":""},"tablet":{"background-color":"var(--ast-global-color-5)","background-image":"","background-repeat":"repeat","background-position":"center center","background-size":"auto","background-attachment":"scroll","background-type":"","background-media":"","overlay-type":"","overlay-color":"","overlay-opacity":"","overlay-gradient":""},"mobile":{"background-color":"var(--ast-global-color-5)","background-image":"","background-repeat":"repeat","background-position":"center center","background-size":"auto","background-attachment":"scroll","background-type":"","background-media":"","overlay-type":"","overlay-color":"","overlay-opacity":"","overlay-gradient":""}},"footnotes":""},"class_list":["post-10545","page","type-page","status-publish","hentry"],"_links":{"self":[{"href":"https:\/\/projectes.xtec.cat\/xtcd\/wp-json\/wp\/v2\/pages\/10545","targetHints":{"allow":["GET"]}}],"collection":[{"href":"https:\/\/projectes.xtec.cat\/xtcd\/wp-json\/wp\/v2\/pages"}],"about":[{"href":"https:\/\/projectes.xtec.cat\/xtcd\/wp-json\/wp\/v2\/types\/page"}],"author":[{"embeddable":true,"href":"https:\/\/projectes.xtec.cat\/xtcd\/wp-json\/wp\/v2\/users\/450"}],"replies":[{"embeddable":true,"href":"https:\/\/projectes.xtec.cat\/xtcd\/wp-json\/wp\/v2\/comments?post=10545"}],"version-history":[{"count":3,"href":"https:\/\/projectes.xtec.cat\/xtcd\/wp-json\/wp\/v2\/pages\/10545\/revisions"}],"predecessor-version":[{"id":10589,"href":"https:\/\/projectes.xtec.cat\/xtcd\/wp-json\/wp\/v2\/pages\/10545\/revisions\/10589"}],"up":[{"embeddable":true,"href":"https:\/\/projectes.xtec.cat\/xtcd\/wp-json\/wp\/v2\/pages\/9348"}],"wp:attachment":[{"href":"https:\/\/projectes.xtec.cat\/xtcd\/wp-json\/wp\/v2\/media?parent=10545"}],"curies":[{"name":"wp","href":"https:\/\/api.w.org\/{rel}","templated":true}]}}