{"id":10597,"date":"2022-04-05T14:42:56","date_gmt":"2022-04-05T12:42:56","guid":{"rendered":"https:\/\/projectes.xtec.cat\/xtcd\/?page_id=10597"},"modified":"2022-09-08T13:03:06","modified_gmt":"2022-09-08T11:03:06","slug":"sessio-5-area-5-apoderament-dels-estudiants","status":"publish","type":"page","link":"https:\/\/projectes.xtec.cat\/xtcd\/competencia-digital-docent\/sessions-2021-22\/sessio-5-area-5-apoderament-dels-estudiants\/","title":{"rendered":"Sessi\u00f3 5. \u00c0rea 5: Empoderament de l&#8217;alumnat"},"content":{"rendered":"<div class=\"seccio\">\n<div class=\"wp-block-columns\">\n<div class=\"wp-block-column\" style=\"flex-basis: 40%;\">\n<h3>Data<\/h3>\n<p>21 d&#8217;abril de 2022, 18:00 h<\/p>\n<h3>Descripci\u00f3<\/h3>\n<p>En aquesta sessi\u00f3 es desenvoluparan els seg\u00fcents temes:<\/p>\n<ul>\n<li>\u00c0rea 5: Empoderament de l&#8217;alumnat\n<ul>\n<li>Accessibilitat i inclusi\u00f3<\/li>\n<li>Atenci\u00f3 a les difer\u00e8ncies personals a l&#8217;aprenentatge<\/li>\n<li>Comprom\u00eds actiu de l&#8217;alumnat amb el seu propi aprenentatge<\/li>\n<\/ul>\n<\/li>\n<li>Pon\u00e8ncia: Empoderamiento del alumnado desde el enfoque DUA<\/li>\n<li>Experi\u00e8ncia de centre<\/li>\n<\/ul>\n<\/div>\n<div class=\"wp-block-column\"><div class=\"h5p-iframe-wrapper\"><iframe id=\"h5p-iframe-18\" class=\"h5p-iframe\" data-content-id=\"18\" style=\"height:1px\" src=\"about:blank\" frameBorder=\"0\" scrolling=\"no\" title=\"XT-CDD - 2122 - Sessi\u00f3 5\"><\/iframe><\/div><\/div>\n<\/div>\n<div class=\"wp-block-columns\">\n<div class=\"wp-block-column\">\n<p style=\"font-weight: bold;\">Ponents<\/p>\n<ul>\n<li>Maria Masjoan &#8211; \u00c0rea de Cultura digital, Departament d&#8217;Educaci\u00f3<\/li>\n<li>F\u00e8lix Tejero &#8211; \u00c0rea de Cultura digital, Departament d&#8217;Educaci\u00f3<\/li>\n<li>M\u00aa Milagros Rubio Pulido. GSEEX. Servicio de Tecnolog\u00edas de la Educaci\u00f3n. Consejer\u00eda de Educaci\u00f3n y Empleo. Junta de Extremadura.<\/li>\n<li>Maria Maci\u00e0 Golobardes &#8211; Orientadora Educativa. Institut Barri Bes\u00f2s<\/li>\n<\/ul>\n<\/div>\n<\/div>\n<div class=\"wp-block-columns\">\n<div class=\"wp-block-column\">\n<h3>Recursos associats<\/h3>\n<ul>\n<li style=\"list-style-type: none;\">\n<ul>\n<li><a href=\"https:\/\/docs.google.com\/presentation\/d\/e\/2PACX-1vQVS5GQLe2otj4QrrB8N2m36t34uqvsVvj_4z6GQnbGzaO9-1w-ADQ0DM5Y0X-tV37lp6s5Y5zIjnz-\/pub?start=false&amp;loop=false&amp;delayms=3000\">Presentaci\u00f3 &#8211; \u00c0rea 5: Empoderament de l&#8217;alumnat<\/a><\/li>\n<li><a href=\"https:\/\/docs.google.com\/presentation\/d\/e\/2PACX-1vQTzjmyKOqg9xMfbUJy_6auJ565yFjX6sUTK97x30Z6bGM6ka9CQi3e_v7-xos71rbVcOVEEanjGFgr\/pub?start=false&amp;loop=false&amp;delayms=3000&amp;slide=id.gf3e015ae06_0_1096\">Empoderamiento del alumnado desde el enfoque DUA &#8211; Milagros Rubio Pulido<\/a><\/li>\n<li><a href=\"https:\/\/docs.google.com\/document\/d\/1v4TxviQ85ra2ikxjAij_n3j8MXeRraY56phOp6ZWEQU\/template\/preview\">Checklist DUA<\/a><\/li>\n<li><a href=\"https:\/\/docs.google.com\/presentation\/d\/e\/2PACX-1vR59OS7cdx-p7gUw1JYeK_Ui9OjHvOqsnpX9k5EDyn38zx3ygA0kA1MvNOBMvj6ZhHBJ9zpImHcZAbC\/pub?start=false&amp;loop=false&amp;delayms=3000\">INS Barri de Bes\u00f2s &#8211; Empoderament de l&#8217;alumnat<\/a><\/li>\n<\/ul>\n<\/li>\n<\/ul>\n<h3>Seminaris territorials associats<\/h3>\n<p><iframe style=\"display: block; width: 800px; border: none;\" src=\"https:\/\/sinapsi.xtec.cat\/ca\/embed\/?search-box=true&amp;search=&quot;sub-cdd-sessi\u00f35&quot;\" height=\"800\"><\/iframe><\/p>\n<h3>Converses al Nus<\/h3>\n<p><a href=\"https:\/\/projectes.xtec.cat\/xtcd\/wp-content\/uploads\/usu1403\/2021\/10\/nus-3.png\"><img loading=\"lazy\" decoding=\"async\" class=\"wp-image-9954 alignleft\" src=\"https:\/\/projectes.xtec.cat\/xtcd\/wp-content\/uploads\/usu1403\/2021\/10\/nus-3.png\" alt=\"\" width=\"75\" height=\"75\" srcset=\"https:\/\/projectes.xtec.cat\/xtcd\/wp-content\/uploads\/usu1403\/2021\/10\/nus-3.png 203w, https:\/\/projectes.xtec.cat\/xtcd\/wp-content\/uploads\/usu1403\/2021\/10\/nus-3-150x150.png 150w\" sizes=\"auto, (max-width: 75px) 100vw, 75px\" \/><\/a>Despr\u00e9s dels seminaris web i els seminaris territorials, podeu continuar parlant dels temes tractats al <a href=\"https:\/\/comunitat.edigital.cat\/c\/cdd\/129\" target=\"_blank\" rel=\"noopener\">Nus de la Compet\u00e8ncia digital docent<\/a>. Us hi esperem!<\/p>\n<\/div>\n<\/div>\n<\/div>\n","protected":false},"excerpt":{"rendered":"<p>Data 21 d&#8217;abril de 2022, 18:00 h Descripci\u00f3 En aquesta sessi\u00f3 es desenvoluparan els seg\u00fcents temes: \u00c0rea 5: Empoderament de l&#8217;alumnat Accessibilitat i inclusi\u00f3 Atenci\u00f3 a les difer\u00e8ncies personals a l&#8217;aprenentatge Comprom\u00eds actiu de l&#8217;alumnat amb el seu propi aprenentatge Pon\u00e8ncia: Empoderamiento del alumnado desde el enfoque DUA Experi\u00e8ncia de centre Ponents Maria Masjoan &#8211; [&hellip;]<\/p>\n","protected":false},"author":2,"featured_media":0,"parent":9348,"menu_order":60,"comment_status":"closed","ping_status":"closed","template":"","meta":{"site-sidebar-layout":"no-sidebar","site-content-layout":"page-builder","ast-site-content-layout":"","site-content-style":"default","site-sidebar-style":"default","ast-global-header-display":"","ast-banner-title-visibility":"","ast-main-header-display":"disabled","ast-hfb-above-header-display":"","ast-hfb-below-header-display":"","ast-hfb-mobile-header-display":"","site-post-title":"","ast-breadcrumbs-content":"","ast-featured-img":"","footer-sml-layout":"","theme-transparent-header-meta":"default","adv-header-id-meta":"9237","stick-header-meta":"default","header-above-stick-meta":"","header-main-stick-meta":"","header-below-stick-meta":"","astra-migrate-meta-layouts":"default","ast-page-background-enabled":"default","ast-page-background-meta":{"desktop":{"background-color":"","background-image":"","background-repeat":"repeat","background-position":"center center","background-size":"auto","background-attachment":"scroll","background-type":"","background-media":"","overlay-type":"","overlay-color":"","overlay-opacity":"","overlay-gradient":""},"tablet":{"background-color":"","background-image":"","background-repeat":"repeat","background-position":"center center","background-size":"auto","background-attachment":"scroll","background-type":"","background-media":"","overlay-type":"","overlay-color":"","overlay-opacity":"","overlay-gradient":""},"mobile":{"background-color":"","background-image":"","background-repeat":"repeat","background-position":"center center","background-size":"auto","background-attachment":"scroll","background-type":"","background-media":"","overlay-type":"","overlay-color":"","overlay-opacity":"","overlay-gradient":""}},"ast-content-background-meta":{"desktop":{"background-color":"var(--ast-global-color-5)","background-image":"","background-repeat":"repeat","background-position":"center center","background-size":"auto","background-attachment":"scroll","background-type":"","background-media":"","overlay-type":"","overlay-color":"","overlay-opacity":"","overlay-gradient":""},"tablet":{"background-color":"var(--ast-global-color-5)","background-image":"","background-repeat":"repeat","background-position":"center center","background-size":"auto","background-attachment":"scroll","background-type":"","background-media":"","overlay-type":"","overlay-color":"","overlay-opacity":"","overlay-gradient":""},"mobile":{"background-color":"var(--ast-global-color-5)","background-image":"","background-repeat":"repeat","background-position":"center center","background-size":"auto","background-attachment":"scroll","background-type":"","background-media":"","overlay-type":"","overlay-color":"","overlay-opacity":"","overlay-gradient":""}},"footnotes":""},"class_list":["post-10597","page","type-page","status-publish","hentry"],"_links":{"self":[{"href":"https:\/\/projectes.xtec.cat\/xtcd\/wp-json\/wp\/v2\/pages\/10597","targetHints":{"allow":["GET"]}}],"collection":[{"href":"https:\/\/projectes.xtec.cat\/xtcd\/wp-json\/wp\/v2\/pages"}],"about":[{"href":"https:\/\/projectes.xtec.cat\/xtcd\/wp-json\/wp\/v2\/types\/page"}],"author":[{"embeddable":true,"href":"https:\/\/projectes.xtec.cat\/xtcd\/wp-json\/wp\/v2\/users\/2"}],"replies":[{"embeddable":true,"href":"https:\/\/projectes.xtec.cat\/xtcd\/wp-json\/wp\/v2\/comments?post=10597"}],"version-history":[{"count":3,"href":"https:\/\/projectes.xtec.cat\/xtcd\/wp-json\/wp\/v2\/pages\/10597\/revisions"}],"predecessor-version":[{"id":10757,"href":"https:\/\/projectes.xtec.cat\/xtcd\/wp-json\/wp\/v2\/pages\/10597\/revisions\/10757"}],"up":[{"embeddable":true,"href":"https:\/\/projectes.xtec.cat\/xtcd\/wp-json\/wp\/v2\/pages\/9348"}],"wp:attachment":[{"href":"https:\/\/projectes.xtec.cat\/xtcd\/wp-json\/wp\/v2\/media?parent=10597"}],"curies":[{"name":"wp","href":"https:\/\/api.w.org\/{rel}","templated":true}]}}