{"id":10611,"date":"2022-04-05T14:59:43","date_gmt":"2022-04-05T12:59:43","guid":{"rendered":"https:\/\/projectes.xtec.cat\/xtcd\/?page_id=10611"},"modified":"2022-09-08T13:03:28","modified_gmt":"2022-09-08T11:03:28","slug":"sessio-3","status":"publish","type":"page","link":"https:\/\/projectes.xtec.cat\/xtcd\/coordinacio-digital-de-centre\/sessions-2021-22\/sessio-3\/","title":{"rendered":"Sessi\u00f3 3"},"content":{"rendered":"<div class=\"seccio\">\n<div class=\"wp-block-columns\">\n<div class=\"wp-block-column\" style=\"flex-basis: 40%;\">\n<h3>Data<\/h3>\n<p>21 d&#8217;abril de 2022, 18:00 h<\/p>\n<h3>Descripci\u00f3<\/h3>\n<p>En aquesta sessi\u00f3 es desenvoluparan els seg\u00fcents temes:<\/p>\n<ul>\n<li>Novetats sobre els desplegaments d&#8217;equips del PEDC<\/li>\n<li>Informacions sobre infraestructures, equips i serveis<\/li>\n<li>Suport t\u00e8cnic a la Coordinaci\u00f3 digital<\/li>\n<li>Orientacions i calculadora d&#8217;hores de la coordinaci\u00f3<\/li>\n<li>INDIC. Regularitzaci\u00f3 d&#8217;equips<\/li>\n<li>Protocol de reinici de curs (neteja i enrolat d&#8217;equips)<\/li>\n<li>Certificaci\u00f3 de la subxarxa &#8211; Participaci\u00f3 en el Nus<\/li>\n<\/ul>\n<\/div>\n<div class=\"wp-block-column  sessions-list\">\n<div class=\"video-responsive\"><div class=\"h5p-iframe-wrapper\"><iframe id=\"h5p-iframe-21\" class=\"h5p-iframe\" data-content-id=\"21\" style=\"height:1px\" src=\"about:blank\" frameBorder=\"0\" scrolling=\"no\" title=\"XT - CDC 2122 - Sessi\u00f3 3\"><\/iframe><\/div><\/div>\n<div style=\"text-align: center; margin-top: 2em;\"><a class=\"button\" target=\"_blank\" href=\"https:\/\/comunitat.edigital.cat\/c\/coordinacio-digital\/tercera-sessio-sub-cdc\/147\" rel=\"noopener\"> XAT <\/a> <a style=\"margin-left:1em\" class=\"button\" target=\"_blank\" href=\"https:\/\/docs.google.com\/forms\/d\/e\/1FAIpQLSfxVktKQZct_YeDMaF65Lbih6ZGvBNTIGxX0bxIdVcNnQUVJQ\/viewform\" rel=\"noopener\"> Formulari d&#8217;assist\u00e8ncia i valoraci\u00f3<\/a><\/div>\n<\/div>\n<\/div>\n<div class=\"wp-block-columns\">\n<div class=\"wp-block-column\">\n<p style=\"font-weight: bold;\">Participants<\/p>\n<ul>\n<li>Roser Cuss\u00f3 &#8211; \u00c0rea de Cultura digital, Departament d&#8217;Educaci\u00f3<\/li>\n<li>Xavier Meler &#8211; \u00c0rea de Cultura digital, Departament d&#8217;Educaci\u00f3<\/li>\n<li>Joan de Gr\u00e0cia &#8211; \u00c0rea de Cultura digital, Departament d&#8217;Educaci\u00f3<\/li>\n<\/ul>\n<\/div>\n<\/div>\n<div class=\"wp-block-columns\">\n<div class=\"wp-block-column\">\n<h3>Recursos associats<\/h3>\n<ul>\n<li><a href=\"https:\/\/docs.google.com\/presentation\/d\/e\/2PACX-1vSXWUi2MAKGoc15fH5OnlRXADUmJu5ep5pU3p3jOOTvBVjo_4_FWjE07CqMypQqbEmnPTNrVrheqHCQ\/pub?start=false&#038;loop=false&#038;delayms=3000\" rel=\"noopener\" target=\"_blank\">Presentaci\u00f3<\/a><\/li>\n<li><a href=\"https:\/\/ja.cat\/sub-cdc-participacio-nus\" rel=\"noopener\" target=\"_blank\">Comprovaci\u00f3 de la participaci\u00f3 en el Nus<\/a><\/li>\n<li><a href=\"https:\/\/educacio.gencat.cat\/web\/.content\/home\/departament\/publicacions\/colleccions\/pla-educacio-digital\/orientacions-coordinacio-digital-centre\/orientacions-coordinacio-digital-centre.pdf\" target=\"_blank\" rel=\"noopener\">Document d&#8217;orientacions per a la Coordinaci\u00f3 digital<\/a><\/li>\n<li><a href=\"https:\/\/projectes.xtec.cat\/coordinaciodigital\/la-coordinacio-digital\/calculadora-de-temps\/\" target=\"_blank\" rel=\"noopener\">Calculadora d&#8217;hores de la Coordinaci\u00f3 digital<\/a><\/li>\n<\/ul>\n<h3>Seminaris territorials associats<\/h3>\n<p><iframe style=\"display: block; width: 800px; border: none;\" src=\"https:\/\/sinapsi.xtec.cat\/ca\/embed\/?search-box=true&amp;search=&quot;sub-cdc-sessi\u00f33&quot;\" height=\"800\"><\/iframe><\/p>\n<h3>Converses al Nus<\/h3>\n<p><a href=\"https:\/\/projectes.xtec.cat\/xtcd\/wp-content\/uploads\/usu1403\/2021\/10\/nus-3.png\"><img loading=\"lazy\" decoding=\"async\" class=\"wp-image-9954 alignleft\" src=\"https:\/\/projectes.xtec.cat\/xtcd\/wp-content\/uploads\/usu1403\/2021\/10\/nus-3.png\" alt=\"\" width=\"75\" height=\"75\" srcset=\"https:\/\/projectes.xtec.cat\/xtcd\/wp-content\/uploads\/usu1403\/2021\/10\/nus-3.png 203w, https:\/\/projectes.xtec.cat\/xtcd\/wp-content\/uploads\/usu1403\/2021\/10\/nus-3-150x150.png 150w\" sizes=\"auto, (max-width: 75px) 100vw, 75px\" \/><\/a>Despr\u00e9s dels seminaris web i els seminaris territorials, podeu continuar parlant dels temes tractats al <a href=\"https:\/\/comunitat.edigital.cat\/c\/coordinacio-digital\/105\" target=\"_blank\" rel=\"noopener\">Nus de la Coordinaci\u00f3 digital<\/a>. Us hi esperem!<\/p>\n<\/div>\n<\/div>\n<\/div>\n","protected":false},"excerpt":{"rendered":"<p>Data 21 d&#8217;abril de 2022, 18:00 h Descripci\u00f3 En aquesta sessi\u00f3 es desenvoluparan els seg\u00fcents temes: Novetats sobre els desplegaments d&#8217;equips del PEDC Informacions sobre infraestructures, equips i serveis Suport t\u00e8cnic a la Coordinaci\u00f3 digital Orientacions i calculadora d&#8217;hores de la coordinaci\u00f3 INDIC. Regularitzaci\u00f3 d&#8217;equips Protocol de reinici de curs (neteja i enrolat d&#8217;equips) Certificaci\u00f3 [&hellip;]<\/p>\n","protected":false},"author":2,"featured_media":0,"parent":9400,"menu_order":40,"comment_status":"closed","ping_status":"closed","template":"","meta":{"site-sidebar-layout":"no-sidebar","site-content-layout":"page-builder","ast-site-content-layout":"","site-content-style":"default","site-sidebar-style":"default","ast-global-header-display":"","ast-banner-title-visibility":"","ast-main-header-display":"disabled","ast-hfb-above-header-display":"","ast-hfb-below-header-display":"","ast-hfb-mobile-header-display":"","site-post-title":"","ast-breadcrumbs-content":"","ast-featured-img":"","footer-sml-layout":"","theme-transparent-header-meta":"default","adv-header-id-meta":"9237","stick-header-meta":"default","header-above-stick-meta":"","header-main-stick-meta":"","header-below-stick-meta":"","astra-migrate-meta-layouts":"default","ast-page-background-enabled":"default","ast-page-background-meta":{"desktop":{"background-color":"","background-image":"","background-repeat":"repeat","background-position":"center center","background-size":"auto","background-attachment":"scroll","background-type":"","background-media":"","overlay-type":"","overlay-color":"","overlay-opacity":"","overlay-gradient":""},"tablet":{"background-color":"","background-image":"","background-repeat":"repeat","background-position":"center center","background-size":"auto","background-attachment":"scroll","background-type":"","background-media":"","overlay-type":"","overlay-color":"","overlay-opacity":"","overlay-gradient":""},"mobile":{"background-color":"","background-image":"","background-repeat":"repeat","background-position":"center center","background-size":"auto","background-attachment":"scroll","background-type":"","background-media":"","overlay-type":"","overlay-color":"","overlay-opacity":"","overlay-gradient":""}},"ast-content-background-meta":{"desktop":{"background-color":"var(--ast-global-color-5)","background-image":"","background-repeat":"repeat","background-position":"center center","background-size":"auto","background-attachment":"scroll","background-type":"","background-media":"","overlay-type":"","overlay-color":"","overlay-opacity":"","overlay-gradient":""},"tablet":{"background-color":"var(--ast-global-color-5)","background-image":"","background-repeat":"repeat","background-position":"center center","background-size":"auto","background-attachment":"scroll","background-type":"","background-media":"","overlay-type":"","overlay-color":"","overlay-opacity":"","overlay-gradient":""},"mobile":{"background-color":"var(--ast-global-color-5)","background-image":"","background-repeat":"repeat","background-position":"center center","background-size":"auto","background-attachment":"scroll","background-type":"","background-media":"","overlay-type":"","overlay-color":"","overlay-opacity":"","overlay-gradient":""}},"footnotes":""},"class_list":["post-10611","page","type-page","status-publish","hentry"],"_links":{"self":[{"href":"https:\/\/projectes.xtec.cat\/xtcd\/wp-json\/wp\/v2\/pages\/10611","targetHints":{"allow":["GET"]}}],"collection":[{"href":"https:\/\/projectes.xtec.cat\/xtcd\/wp-json\/wp\/v2\/pages"}],"about":[{"href":"https:\/\/projectes.xtec.cat\/xtcd\/wp-json\/wp\/v2\/types\/page"}],"author":[{"embeddable":true,"href":"https:\/\/projectes.xtec.cat\/xtcd\/wp-json\/wp\/v2\/users\/2"}],"replies":[{"embeddable":true,"href":"https:\/\/projectes.xtec.cat\/xtcd\/wp-json\/wp\/v2\/comments?post=10611"}],"version-history":[{"count":4,"href":"https:\/\/projectes.xtec.cat\/xtcd\/wp-json\/wp\/v2\/pages\/10611\/revisions"}],"predecessor-version":[{"id":10915,"href":"https:\/\/projectes.xtec.cat\/xtcd\/wp-json\/wp\/v2\/pages\/10611\/revisions\/10915"}],"up":[{"embeddable":true,"href":"https:\/\/projectes.xtec.cat\/xtcd\/wp-json\/wp\/v2\/pages\/9400"}],"wp:attachment":[{"href":"https:\/\/projectes.xtec.cat\/xtcd\/wp-json\/wp\/v2\/media?parent=10611"}],"curies":[{"name":"wp","href":"https:\/\/api.w.org\/{rel}","templated":true}]}}