{"id":10802,"date":"2022-05-09T08:24:19","date_gmt":"2022-05-09T06:24:19","guid":{"rendered":"https:\/\/projectes.xtec.cat\/xtcd\/?page_id=10802"},"modified":"2022-09-08T13:03:35","modified_gmt":"2022-09-08T11:03:35","slug":"sessio-6-area-1-compromis-professional","status":"publish","type":"page","link":"https:\/\/projectes.xtec.cat\/xtcd\/competencia-digital-docent\/sessions-2021-22\/sessio-6-area-1-compromis-professional\/","title":{"rendered":"Sessi\u00f3 6. \u00c0rea 1: Comprom\u00eds professional"},"content":{"rendered":"<div class=\"seccio\">\n<div class=\"wp-block-columns\">\n<div class=\"wp-block-column\" style=\"flex-basis: 40%;\">\n<h3>Data<\/h3>\n<p>19 de maig de 2022, 17:30 h<\/p>\n<h3>Descripci\u00f3<\/h3>\n<p>En aquesta sessi\u00f3 es desenvoluparan els seg\u00fcents temes:<\/p>\n<ul>\n<li>\u00c0rea 1: Comprom\u00eds professional\n<ul>\n<li>Comunicaci\u00f3 organitzativa<\/li>\n<li>Participaci\u00f3, col\u00b7laboraci\u00f3 i coordinaci\u00f3 professional<\/li>\n<li>Pr\u00e0ctica reflexiva<\/li>\n<li>Desenvolupament professional continu<\/li>\n<li>Protecci\u00f3 de dades personals, privadesa, seguretat i benestar digital<\/li>\n<\/ul>\n<\/li>\n<li>Pon\u00e8ncia<\/li>\n<li>Experi\u00e8ncies de centre<\/li>\n<\/ul>\n<\/div>\n<div class=\"wp-block-column has-text-align-right\">\n<div class=\"wp-block-column video-responsive\"><div class=\"h5p-iframe-wrapper\"><iframe id=\"h5p-iframe-22\" class=\"h5p-iframe\" data-content-id=\"22\" style=\"height:1px\" src=\"about:blank\" frameBorder=\"0\" scrolling=\"no\" title=\"XT-CDD - 2122 - Sessi\u00f3 6\"><\/iframe><\/div><\/div>\n<\/div>\n<\/div>\n<div class=\"wp-block-columns\">\n<div class=\"wp-block-column\">\n<p style=\"font-weight: bold;\">Ponents<\/p>\n<ul>\n<li>Maria Masjoan &#8211; \u00c0rea de Cultura digital, Departament d&#8217;Educaci\u00f3<\/li>\n<li>F\u00e8lix Tejero &#8211; \u00c0rea de Cultura digital, Departament d&#8217;Educaci\u00f3<\/li>\n<li>Rosa Maria Parrilla L\u00f3pez &#8211;\u00a0 Delegada de Protecci\u00f3 de dades del Departament d&#8217;Educaci\u00f3<\/li>\n<li>Marta Soler (directora) i G\u00e8nia Casellas (comissi\u00f3 digital) &#8211; Escola Pericot<\/li>\n<\/ul>\n<\/div>\n<\/div>\n<div class=\"wp-block-columns\">\n<div class=\"wp-block-column\">\n<h3>Recursos associats<\/h3>\n<ul>\n<li style=\"list-style-type: none;\">\n<ul>\n<li><a href=\"https:\/\/docs.google.com\/presentation\/d\/e\/2PACX-1vR36ckfE_dODACPL2aH9hyPRHuM0ht3Zw3rywrcYNMwgBw1i_idfNjrcDzCqA0BsSaHbMLFPw_Zmnvs\/pub?start=false&amp;loop=false&amp;delayms=3000\">Presentaci\u00f3 &#8211; \u00c0rea 1: Comprom\u00eds professional<\/a><\/li>\n<li><a href=\"https:\/\/docs.google.com\/presentation\/d\/e\/2PACX-1vSXCv7TimLNjfkcQvMAm0gTtKyB4APFERcjsGf6uC7oV2g4BIAo_BpzzBEJ-ia_oA\/pub?start=false&amp;loop=false&amp;delayms=3000\">La protecci\u00f3 de dades personals als centres educatius<\/a><\/li>\n<li><a href=\"https:\/\/drive.google.com\/file\/d\/1ZjY0CP_zdVgmdPiYx_Qob6CXi65Xhn3Y\/view?usp=sharing\">Pla de comunicaci\u00f3 &#8211; Escola Pericot<\/a><\/li>\n<\/ul>\n<\/li>\n<\/ul>\n<h3>Seminaris territorials associats<\/h3>\n<p><iframe style=\"display: block; width: 800px; border: none;\" src=\"https:\/\/sinapsi.xtec.cat\/ca\/embed\/?search-box=true&amp;search=&quot;sub-cdd-sessi\u00f35&quot;\" height=\"800\"><\/iframe><\/p>\n<h3>Converses al Nus<\/h3>\n<p><a href=\"https:\/\/projectes.xtec.cat\/xtcd\/wp-content\/uploads\/usu1403\/2021\/10\/nus-3.png\"><img loading=\"lazy\" decoding=\"async\" class=\"wp-image-9954 alignleft\" src=\"https:\/\/projectes.xtec.cat\/xtcd\/wp-content\/uploads\/usu1403\/2021\/10\/nus-3.png\" alt=\"\" width=\"75\" height=\"75\" srcset=\"https:\/\/projectes.xtec.cat\/xtcd\/wp-content\/uploads\/usu1403\/2021\/10\/nus-3.png 203w, https:\/\/projectes.xtec.cat\/xtcd\/wp-content\/uploads\/usu1403\/2021\/10\/nus-3-150x150.png 150w\" sizes=\"auto, (max-width: 75px) 100vw, 75px\" \/><\/a>Despr\u00e9s dels seminaris web i els seminaris territorials, podeu continuar parlant dels temes tractats al <a href=\"https:\/\/comunitat.edigital.cat\/c\/cdd\/129\" target=\"_blank\" rel=\"noopener\">Nus de la Compet\u00e8ncia digital docent<\/a>. Us hi esperem!<\/p>\n<\/div>\n<\/div>\n<\/div>\n","protected":false},"excerpt":{"rendered":"<p>Data 19 de maig de 2022, 17:30 h Descripci\u00f3 En aquesta sessi\u00f3 es desenvoluparan els seg\u00fcents temes: \u00c0rea 1: Comprom\u00eds professional Comunicaci\u00f3 organitzativa Participaci\u00f3, col\u00b7laboraci\u00f3 i coordinaci\u00f3 professional Pr\u00e0ctica reflexiva Desenvolupament professional continu Protecci\u00f3 de dades personals, privadesa, seguretat i benestar digital Pon\u00e8ncia Experi\u00e8ncies de centre Ponents Maria Masjoan &#8211; \u00c0rea de Cultura digital, Departament [&hellip;]<\/p>\n","protected":false},"author":450,"featured_media":0,"parent":9348,"menu_order":70,"comment_status":"closed","ping_status":"closed","template":"","meta":{"site-sidebar-layout":"no-sidebar","site-content-layout":"page-builder","ast-site-content-layout":"","site-content-style":"default","site-sidebar-style":"default","ast-global-header-display":"","ast-banner-title-visibility":"","ast-main-header-display":"disabled","ast-hfb-above-header-display":"","ast-hfb-below-header-display":"","ast-hfb-mobile-header-display":"","site-post-title":"","ast-breadcrumbs-content":"","ast-featured-img":"","footer-sml-layout":"","theme-transparent-header-meta":"default","adv-header-id-meta":"9237","stick-header-meta":"default","header-above-stick-meta":"","header-main-stick-meta":"","header-below-stick-meta":"","astra-migrate-meta-layouts":"default","ast-page-background-enabled":"default","ast-page-background-meta":{"desktop":{"background-color":"","background-image":"","background-repeat":"repeat","background-position":"center center","background-size":"auto","background-attachment":"scroll","background-type":"","background-media":"","overlay-type":"","overlay-color":"","overlay-opacity":"","overlay-gradient":""},"tablet":{"background-color":"","background-image":"","background-repeat":"repeat","background-position":"center center","background-size":"auto","background-attachment":"scroll","background-type":"","background-media":"","overlay-type":"","overlay-color":"","overlay-opacity":"","overlay-gradient":""},"mobile":{"background-color":"","background-image":"","background-repeat":"repeat","background-position":"center center","background-size":"auto","background-attachment":"scroll","background-type":"","background-media":"","overlay-type":"","overlay-color":"","overlay-opacity":"","overlay-gradient":""}},"ast-content-background-meta":{"desktop":{"background-color":"var(--ast-global-color-5)","background-image":"","background-repeat":"repeat","background-position":"center center","background-size":"auto","background-attachment":"scroll","background-type":"","background-media":"","overlay-type":"","overlay-color":"","overlay-opacity":"","overlay-gradient":""},"tablet":{"background-color":"var(--ast-global-color-5)","background-image":"","background-repeat":"repeat","background-position":"center center","background-size":"auto","background-attachment":"scroll","background-type":"","background-media":"","overlay-type":"","overlay-color":"","overlay-opacity":"","overlay-gradient":""},"mobile":{"background-color":"var(--ast-global-color-5)","background-image":"","background-repeat":"repeat","background-position":"center center","background-size":"auto","background-attachment":"scroll","background-type":"","background-media":"","overlay-type":"","overlay-color":"","overlay-opacity":"","overlay-gradient":""}},"footnotes":""},"class_list":["post-10802","page","type-page","status-publish","hentry"],"_links":{"self":[{"href":"https:\/\/projectes.xtec.cat\/xtcd\/wp-json\/wp\/v2\/pages\/10802","targetHints":{"allow":["GET"]}}],"collection":[{"href":"https:\/\/projectes.xtec.cat\/xtcd\/wp-json\/wp\/v2\/pages"}],"about":[{"href":"https:\/\/projectes.xtec.cat\/xtcd\/wp-json\/wp\/v2\/types\/page"}],"author":[{"embeddable":true,"href":"https:\/\/projectes.xtec.cat\/xtcd\/wp-json\/wp\/v2\/users\/450"}],"replies":[{"embeddable":true,"href":"https:\/\/projectes.xtec.cat\/xtcd\/wp-json\/wp\/v2\/comments?post=10802"}],"version-history":[{"count":3,"href":"https:\/\/projectes.xtec.cat\/xtcd\/wp-json\/wp\/v2\/pages\/10802\/revisions"}],"predecessor-version":[{"id":10839,"href":"https:\/\/projectes.xtec.cat\/xtcd\/wp-json\/wp\/v2\/pages\/10802\/revisions\/10839"}],"up":[{"embeddable":true,"href":"https:\/\/projectes.xtec.cat\/xtcd\/wp-json\/wp\/v2\/pages\/9348"}],"wp:attachment":[{"href":"https:\/\/projectes.xtec.cat\/xtcd\/wp-json\/wp\/v2\/media?parent=10802"}],"curies":[{"name":"wp","href":"https:\/\/api.w.org\/{rel}","templated":true}]}}