{"id":10930,"date":"2022-06-23T10:31:54","date_gmt":"2022-06-23T08:31:54","guid":{"rendered":"https:\/\/projectes.xtec.cat\/xtcd\/?page_id=10930"},"modified":"2022-09-08T13:03:42","modified_gmt":"2022-09-08T11:03:42","slug":"tancament-xtcd-21-22","status":"publish","type":"page","link":"https:\/\/projectes.xtec.cat\/xtcd\/sessions-2021-22\/tancament-xtcd-21-22\/","title":{"rendered":"Tancament XTCD 2021-22"},"content":{"rendered":"<div class=\"seccio\">\n<div class=\"wp-block-columns\">\n<div class=\"wp-block-column\" style=\"flex-basis: 40%;\">\n<p><strong>Data<\/strong><br \/>\n29 de juny de 2022, 17:30<\/p>\n<p><strong>Descripci\u00f3<\/strong><\/p>\n<p>En aquesta darrera sessi\u00f3 farem balan\u00e7 del funcionament de la Xarxa Territorial de Cultura digital (XTCD) i la seva divisi\u00f3 en 3 subxarxes: Compet\u00e8ncia digital docent (CDD), Estrat\u00e8gia digital de centre (EDC) i Coordinaci\u00f3 digital de centre (CDC). Es valorar\u00e0 el compliment d\u2019objectius, el nivell de participaci\u00f3 i possibles canvis pel curs vinent.<\/p>\n<p><strong>Participen<\/strong><\/p>\n<li>Ana Albalat (Subdirectora general de Recerca i Cultura Digital)<\/li>\n<li>Maria Masjoan (Assessora t\u00e8cnica docent de l&#8217;\u00e0rea de Cultura digital)<\/li>\n<li>Jaume Feliu (Assessor t\u00e8cnic docent de l&#8217;\u00e0rea de Cultura digital)<\/li>\n<li>Xavier Meler (Assessor t\u00e8cnic docent de l&#8217;\u00e0rea de Cultura digital)<\/li>\n<\/div>\n<div class=\"wp-block-column  sessions-list\">\n<div class=\"video-responsive\">\n<iframe loading=\"lazy\" width=\"560\" height=\"315\" src=\"https:\/\/www.youtube.com\/embed\/gC7mY11nMwI\" title=\"YouTube video player\" frameborder=\"0\" allow=\"accelerometer; autoplay; clipboard-write; encrypted-media; gyroscope; picture-in-picture\" allowfullscreen><\/iframe>\n<\/div>\n<\/div>\n<\/div>\n","protected":false},"excerpt":{"rendered":"<p>Data 29 de juny de 2022, 17:30 Descripci\u00f3 En aquesta darrera sessi\u00f3 farem balan\u00e7 del funcionament de la Xarxa Territorial de Cultura digital (XTCD) i la seva divisi\u00f3 en 3 subxarxes: Compet\u00e8ncia digital docent (CDD), Estrat\u00e8gia digital de centre (EDC) i Coordinaci\u00f3 digital de centre (CDC). Es valorar\u00e0 el compliment d\u2019objectius, el nivell de participaci\u00f3 [&hellip;]<\/p>\n","protected":false},"author":2,"featured_media":0,"parent":9322,"menu_order":50,"comment_status":"closed","ping_status":"closed","template":"","meta":{"site-sidebar-layout":"no-sidebar","site-content-layout":"plain-container","ast-site-content-layout":"","site-content-style":"default","site-sidebar-style":"default","ast-global-header-display":"","ast-banner-title-visibility":"","ast-main-header-display":"disabled","ast-hfb-above-header-display":"","ast-hfb-below-header-display":"","ast-hfb-mobile-header-display":"","site-post-title":"","ast-breadcrumbs-content":"","ast-featured-img":"","footer-sml-layout":"","theme-transparent-header-meta":"default","adv-header-id-meta":"9237","stick-header-meta":"default","header-above-stick-meta":"","header-main-stick-meta":"","header-below-stick-meta":"","astra-migrate-meta-layouts":"default","ast-page-background-enabled":"default","ast-page-background-meta":{"desktop":{"background-color":"","background-image":"","background-repeat":"repeat","background-position":"center center","background-size":"auto","background-attachment":"scroll","background-type":"","background-media":"","overlay-type":"","overlay-color":"","overlay-opacity":"","overlay-gradient":""},"tablet":{"background-color":"","background-image":"","background-repeat":"repeat","background-position":"center center","background-size":"auto","background-attachment":"scroll","background-type":"","background-media":"","overlay-type":"","overlay-color":"","overlay-opacity":"","overlay-gradient":""},"mobile":{"background-color":"","background-image":"","background-repeat":"repeat","background-position":"center center","background-size":"auto","background-attachment":"scroll","background-type":"","background-media":"","overlay-type":"","overlay-color":"","overlay-opacity":"","overlay-gradient":""}},"ast-content-background-meta":{"desktop":{"background-color":"var(--ast-global-color-5)","background-image":"","background-repeat":"repeat","background-position":"center center","background-size":"auto","background-attachment":"scroll","background-type":"","background-media":"","overlay-type":"","overlay-color":"","overlay-opacity":"","overlay-gradient":""},"tablet":{"background-color":"var(--ast-global-color-5)","background-image":"","background-repeat":"repeat","background-position":"center center","background-size":"auto","background-attachment":"scroll","background-type":"","background-media":"","overlay-type":"","overlay-color":"","overlay-opacity":"","overlay-gradient":""},"mobile":{"background-color":"var(--ast-global-color-5)","background-image":"","background-repeat":"repeat","background-position":"center center","background-size":"auto","background-attachment":"scroll","background-type":"","background-media":"","overlay-type":"","overlay-color":"","overlay-opacity":"","overlay-gradient":""}},"footnotes":""},"class_list":["post-10930","page","type-page","status-publish","hentry"],"_links":{"self":[{"href":"https:\/\/projectes.xtec.cat\/xtcd\/wp-json\/wp\/v2\/pages\/10930","targetHints":{"allow":["GET"]}}],"collection":[{"href":"https:\/\/projectes.xtec.cat\/xtcd\/wp-json\/wp\/v2\/pages"}],"about":[{"href":"https:\/\/projectes.xtec.cat\/xtcd\/wp-json\/wp\/v2\/types\/page"}],"author":[{"embeddable":true,"href":"https:\/\/projectes.xtec.cat\/xtcd\/wp-json\/wp\/v2\/users\/2"}],"replies":[{"embeddable":true,"href":"https:\/\/projectes.xtec.cat\/xtcd\/wp-json\/wp\/v2\/comments?post=10930"}],"version-history":[{"count":4,"href":"https:\/\/projectes.xtec.cat\/xtcd\/wp-json\/wp\/v2\/pages\/10930\/revisions"}],"predecessor-version":[{"id":10945,"href":"https:\/\/projectes.xtec.cat\/xtcd\/wp-json\/wp\/v2\/pages\/10930\/revisions\/10945"}],"up":[{"embeddable":true,"href":"https:\/\/projectes.xtec.cat\/xtcd\/wp-json\/wp\/v2\/pages\/9322"}],"wp:attachment":[{"href":"https:\/\/projectes.xtec.cat\/xtcd\/wp-json\/wp\/v2\/media?parent=10930"}],"curies":[{"name":"wp","href":"https:\/\/api.w.org\/{rel}","templated":true}]}}