{"id":11059,"date":"2022-09-08T12:01:09","date_gmt":"2022-09-08T10:01:09","guid":{"rendered":"https:\/\/projectes.xtec.cat\/xtcd\/?page_id=11059"},"modified":"2024-05-12T14:03:12","modified_gmt":"2024-05-12T12:03:12","slug":"sessions-2022-23","status":"publish","type":"page","link":"https:\/\/projectes.xtec.cat\/xtcd\/coordinacio-digital-de-centre\/sessions-2022-23\/","title":{"rendered":"Sessions 2022-23"},"content":{"rendered":"\n<div class=\"wp-block-getwid-section\"><div class=\"wp-block-getwid-section__wrapper\"><div class=\"wp-block-getwid-section__inner-wrapper\"><div class=\"wp-block-getwid-section__background-holder\"><div class=\"wp-block-getwid-section__background\"><\/div><div class=\"wp-block-getwid-section__foreground\"><\/div><\/div><div class=\"wp-block-getwid-section__content\"><div class=\"wp-block-getwid-section__inner-content\">\n<div class=\"seccio gris-petita\">\n<p class=\"text-destacat\" style=\"font-size: 1.1em;\">Cada sessi\u00f3 est\u00e0 formada per: un <strong>seminari web<\/strong> que s&#8217;emet en streaming a tots els participants; <strong>sessions territorials<\/strong>, on els assessors i referents completen i fan el seguiment de les tasques derivades; i, per \u00faltim, les <strong>converses <\/strong> a la plataforma de comunicaci\u00f3 <strong>Nus<\/strong>.<\/p>\n<\/div>\n<div class=\"secci\u00f3\">\n<div class=\"sessions-list\">\n<div class=\"seccio\">\n<div class=\"wp-block-columns\">\n<div class=\"wp-block-column sessio\" data-aos=\"fade-right\" data-aos-duration=\"1500\">\n<h2>Presentaci\u00f3 de la subxarxa de la Coordinaci\u00f3 digital<\/h2>\n<p><span class=\"data-ses\">15 de setembre de 2022<\/span> <span class=\"data-ses\">18:00<\/span><\/p>\n<p>En aquesta sessi\u00f3 es presentar\u00e0 la <strong>subxarxa de coordinaci\u00f3 digital<\/strong> i es donaran informacions d&#8217;inici de curs.<\/p>\n<ul>\n<li>Els objectius de la subxarxa<\/li>\n<li>Certificaci\u00f3<\/li>\n<li>Informacions d&#8217;inici de curs: desplegaments, restabliment d&#8217;equips<\/li>\n<\/ul>\n<p><a class=\"button\" href=\"https:\/\/projectes.xtec.cat\/xtcd\/coordinacio-digital-de-centre\/sessions-2022-23\/sessio-de-presentacio\/\">M\u00e9s informaci\u00f3<\/a><\/p>\n<\/div>\n<div class=\"wp-block-column\">\u00a0<\/div>\n<\/div>\n<\/div>\n<div class=\"seccio\">\n<div class=\"wp-block-columns\">\n<div class=\"wp-block-column sessio\" data-aos=\"fade-left\" data-aos-duration=\"1500\">\n<h2>Sessi\u00f3 1<\/h2>\n<p><span class=\"data-ses\">20 d\u2019octubre de 2022<\/span> <span class=\"data-ses\">18:00<\/span><\/p>\n<ul>\n<li>Desplegaments d\u2019equips: armaris, 2na regularitzaci\u00f3, matr\u00edcula viva<\/li>\n<li>Restabliment d\u2019equips. Balan\u00e7 i passos a fer a continuaci\u00f3<\/li>\n<li>INDIC: \u00c0rea de notificacions<\/li>\n<li>Informacions de servei<\/li>\n<li>Intune<\/li>\n<\/ul>\n<p><a class=\"button\" href=\"https:\/\/projectes.xtec.cat\/xtcd\/coordinacio-digital-de-centre\/sessions-2022-23\/sessio-1\/\">M\u00e9s informaci\u00f3<\/a><\/p>\n<\/div>\n<div class=\"wp-block-column sessio\" data-aos=\"fade-right\" data-aos-duration=\"1500\">\n<h2>Sessi\u00f3 2<\/h2>\n<p><span class=\"data-ses\">9 de febrer de 2023<\/span> <span class=\"data-ses\">18:00<\/span><\/p>\n<ul>\n<li>Desplegaments d\u2019equips<\/li>\n<li>Informacions de servei<\/li>\n<li>Obertura d\u2019Intune a tots els centres<\/li>\n<li>Web &#8220;Digital&#8221;<\/li>\n<li>Preguntes i respostes<\/li>\n<\/ul>\n<p><a class=\"button\" href=\"https:\/\/projectes.xtec.cat\/xtcd\/coordinacio-digital-de-centre\/sessions-2022-23\/sessio-2\/\">M\u00e9s informaci\u00f3<\/a><\/p>\n<\/div>\n<div class=\"wp-block-column sessio\" data-aos=\"fade-left\" data-aos-duration=\"1500\">\n<h2>Sessi\u00f3 3<\/h2>\n<p><span class=\"data-ses\">20 d&#8217;abril de 2023<\/span> <span class=\"data-ses\">18:00<\/span><\/p>\n<ul id=\"block-76d1dd2a-53c2-4df2-ab71-f0ae9d88fe6d\" class=\"block-editor-rich-text__editable block-editor-block-list__block wp-block is-selected rich-text\" tabindex=\"0\" role=\"group\" contenteditable=\"true\" spellcheck=\"false\" aria-multiline=\"true\" aria-label=\"Bloc: Llista\" data-block=\"76d1dd2a-53c2-4df2-ab71-f0ae9d88fe6d\" data-type=\"core\/list\" data-title=\"Llista\" data-lt-tmp-id=\"lt-202156\" data-gramm=\"false\">\n<li>Desplegaments d\u2019equips i futures dotacions<\/li>\n<li>Formulari de confirmaci\u00f3 de panells dotaci\u00f3 2023-24<\/li>\n<li>Millores en les condicions de coordinaci\u00f3<\/li>\n<li>Informacions de servei<\/li>\n<li>Web d&#8217;estad\u00edstiques d&#8217;\u00fas<\/li>\n<li>Google Assignments<\/li>\n<li>Web digital &#8211; novetats<\/li>\n<li>IA en educaci\u00f3<\/li>\n<li>Nus &#8211; nous grups i temes destacats<\/li>\n<li>Preguntes i respostes<\/li>\n<\/ul>\n<p><a class=\"button\" href=\"https:\/\/projectes.xtec.cat\/xtcd\/coordinacio-digital-de-centre\/sessions-2022-23\/sessio-3\/\" target=\"_blank\" rel=\"noopener\">M\u00e9s informaci\u00f3<\/a><\/p>\n<\/div>\n<\/div>\n<\/div>\n<div class=\"seccio\">\n<div class=\"wp-block-columns\">\n<div class=\"wp-block-column sessio\" data-aos=\"fade-right\" data-aos-duration=\"1000\">\n<h2>Tancament<\/h2>\n<p><span class=\"data-ses\">29 de juny de 2023<\/span> <span class=\"data-ses\">18:15<\/span><\/p>\n<ul>\n<li>Desplegaments previstos<\/li>\n<li>Restabliment de final\/inici de curs<\/li>\n<li>Pilotatge nou t\u00e8cnic digital + Referent CISE<\/li>\n<li>Informaci\u00f3 de servei (bones pr\u00e0ctiques, incid\u00e8ncies, etc.)<\/li>\n<li>Ampliaci\u00f3 de Google Workspace XTEC<\/li>\n<li>Pilotatge Microsoft 365<\/li>\n<li>Nodes2: Gutenberg, Getwid Blocks<\/li>\n<li>Certificaci\u00f3 de la subxarxa<\/li>\n<li>Preguntes i respostes<\/li>\n<\/ul>\n<p><a class=\"button\" href=\"https:\/\/projectes.xtec.cat\/xtcd\/coordinacio-digital-de-centre\/sessions-2022-23\/sessio-de-tancament\/\" rel=\"noopener\">M\u00e9s informaci\u00f3<\/a><\/p>\n<\/div>\n<div class=\"wp-block-column\">\u00a0<\/div>\n<\/div>\n<\/div>\n<\/div>\n<\/div>\n<div class=\"seccio gris-petita\">\n<p class=\"text-destacat\" style=\"font-size: 1.1em;\">Tamb\u00e9 podeu accedir a les <a href=\"https:\/\/projectes.xtec.cat\/xtcd\/coordinacio-digital-de-centre\/sessions-2021-22\/\">sessions del curs 2021-22<\/a><\/p>\n<\/div>\n<\/div><\/div><\/div><\/div><\/div>\n","protected":false},"excerpt":{"rendered":"","protected":false},"author":2,"featured_media":0,"parent":9146,"menu_order":20,"comment_status":"closed","ping_status":"closed","template":"","meta":{"site-sidebar-layout":"no-sidebar","site-content-layout":"page-builder","ast-site-content-layout":"full-width-container","site-content-style":"unboxed","site-sidebar-style":"unboxed","ast-global-header-display":"","ast-banner-title-visibility":"","ast-main-header-display":"disabled","ast-hfb-above-header-display":"","ast-hfb-below-header-display":"","ast-hfb-mobile-header-display":"","site-post-title":"","ast-breadcrumbs-content":"","ast-featured-img":"","footer-sml-layout":"","theme-transparent-header-meta":"default","adv-header-id-meta":"9324","stick-header-meta":"default","header-above-stick-meta":"","header-main-stick-meta":"","header-below-stick-meta":"","astra-migrate-meta-layouts":"set","ast-page-background-enabled":"default","ast-page-background-meta":{"desktop":{"background-color":"","background-image":"","background-repeat":"repeat","background-position":"center center","background-size":"auto","background-attachment":"scroll","background-type":"","background-media":"","overlay-type":"","overlay-color":"","overlay-opacity":"","overlay-gradient":""},"tablet":{"background-color":"","background-image":"","background-repeat":"repeat","background-position":"center center","background-size":"auto","background-attachment":"scroll","background-type":"","background-media":"","overlay-type":"","overlay-color":"","overlay-opacity":"","overlay-gradient":""},"mobile":{"background-color":"","background-image":"","background-repeat":"repeat","background-position":"center center","background-size":"auto","background-attachment":"scroll","background-type":"","background-media":"","overlay-type":"","overlay-color":"","overlay-opacity":"","overlay-gradient":""}},"ast-content-background-meta":{"desktop":{"background-color":"var(--ast-global-color-5)","background-image":"","background-repeat":"repeat","background-position":"center center","background-size":"auto","background-attachment":"scroll","background-type":"","background-media":"","overlay-type":"","overlay-color":"","overlay-opacity":"","overlay-gradient":""},"tablet":{"background-color":"var(--ast-global-color-5)","background-image":"","background-repeat":"repeat","background-position":"center center","background-size":"auto","background-attachment":"scroll","background-type":"","background-media":"","overlay-type":"","overlay-color":"","overlay-opacity":"","overlay-gradient":""},"mobile":{"background-color":"var(--ast-global-color-5)","background-image":"","background-repeat":"repeat","background-position":"center center","background-size":"auto","background-attachment":"scroll","background-type":"","background-media":"","overlay-type":"","overlay-color":"","overlay-opacity":"","overlay-gradient":""}},"footnotes":""},"class_list":["post-11059","page","type-page","status-publish","hentry"],"_links":{"self":[{"href":"https:\/\/projectes.xtec.cat\/xtcd\/wp-json\/wp\/v2\/pages\/11059","targetHints":{"allow":["GET"]}}],"collection":[{"href":"https:\/\/projectes.xtec.cat\/xtcd\/wp-json\/wp\/v2\/pages"}],"about":[{"href":"https:\/\/projectes.xtec.cat\/xtcd\/wp-json\/wp\/v2\/types\/page"}],"author":[{"embeddable":true,"href":"https:\/\/projectes.xtec.cat\/xtcd\/wp-json\/wp\/v2\/users\/2"}],"replies":[{"embeddable":true,"href":"https:\/\/projectes.xtec.cat\/xtcd\/wp-json\/wp\/v2\/comments?post=11059"}],"version-history":[{"count":4,"href":"https:\/\/projectes.xtec.cat\/xtcd\/wp-json\/wp\/v2\/pages\/11059\/revisions"}],"predecessor-version":[{"id":13253,"href":"https:\/\/projectes.xtec.cat\/xtcd\/wp-json\/wp\/v2\/pages\/11059\/revisions\/13253"}],"up":[{"embeddable":true,"href":"https:\/\/projectes.xtec.cat\/xtcd\/wp-json\/wp\/v2\/pages\/9146"}],"wp:attachment":[{"href":"https:\/\/projectes.xtec.cat\/xtcd\/wp-json\/wp\/v2\/media?parent=11059"}],"curies":[{"name":"wp","href":"https:\/\/api.w.org\/{rel}","templated":true}]}}