{"id":11061,"date":"2022-09-08T12:04:17","date_gmt":"2022-09-08T10:04:17","guid":{"rendered":"https:\/\/projectes.xtec.cat\/xtcd\/?page_id=11061"},"modified":"2023-08-31T18:13:14","modified_gmt":"2023-08-31T16:13:14","slug":"sessio-de-presentacio","status":"publish","type":"page","link":"https:\/\/projectes.xtec.cat\/xtcd\/estrategia-digital-de-centre\/sessions-2022-23\/sessio-de-presentacio\/","title":{"rendered":"Sessi\u00f3 de presentaci\u00f3"},"content":{"rendered":"<div class=\"seccio\">\n<div class=\"wp-block-columns\">\n<div class=\"wp-block-column\" style=\"flex-basis:40%\">\n<h3>Data<\/h3>\n<p>15 de setembre de 2022, 18:00 h<\/p>\n<h3>Descripci\u00f3<\/h3>\n<p>En aquesta sessi\u00f3 es presentar\u00e0 la subxarxa de l&#8217;estrat\u00e8gia digital de centre posant el focus en:<\/p>\n<ul>\n<li>Els objectius de la subxarxa<\/li>\n<li>Els grups de treball i els seminaris<\/li>\n<li>L\u2019estructura i organitzaci\u00f3 de l\u2019activitat formativa<\/li>\n<li>El Nus: espai de comunicaci\u00f3<\/li>\n<\/ul>\n<h3>Ponents<\/h3>\n<ul>\n<li>Pepi Garrote (\u00c0rea de Cultura digital, Departament d&#8217;Educaci\u00f3)<\/li>\n<li>Jaume Feliu (\u00c0rea de Cultura digital, Departament d&#8217;Educaci\u00f3)<\/li>\n<\/ul>\n<\/div>\n<div class=\"wp-block-column\" style=\"flex-basis: 60%;\">\n<div class=\"video-responsive vora-coral\"><div class=\"h5p-iframe-wrapper\"><iframe id=\"h5p-iframe-28\" class=\"h5p-iframe\" data-content-id=\"28\" style=\"height:1px\" src=\"about:blank\" frameBorder=\"0\" scrolling=\"no\" title=\"XT-EDC - 2223 - Sessi\u00f3 de presentaci\u00f3\"><\/iframe><\/div><\/div>\n<p>Si no podeu veure el v\u00eddeo, aneu a: <a href=\"https:\/\/youtu.be\/vlT3Vls7O2A\" rel=\"noopener\" target=\"_blank\">https:\/\/youtu.be\/vlT3Vls7O2A<\/a><\/p>\n<\/div>\n<\/div>\n<div class=\"wp-block-columns\">\n<div class=\"wp-block-column\">\n<h3>Recursos associats<\/h3>\n<div class=\"wp-block-columns\" style=\"padding:1em 0;\"><div class=\"wp-block-column\" style=\"flex-basis:5%\"><img decoding=\"async\" src=\"\"><\/div><div class=\"wp-block-column\" style=\"flex-basis:95%;margin-left:1em\"><a target=\"_blank\" href=\"https:\/\/docs.google.com\/presentation\/d\/e\/2PACX-1vTa43UG0Uq6a5prokC01WPfk0rf4sLv8OO-A0rycTO0BxO8q_LhjYIV0sckxBXlwr9tFU0m3uXJwuQV\/pub\">Presentaci\u00f3<\/a><\/div><\/div>\n<h3>Seminaris territorials associats<\/h3>\n<p>Podeu apuntar-vos als seminaris territorials, on s&#8217;aprofundiran i completaran els continguts i propostes dels seminaris webs:<\/p>\n<div class=\"wp-block-columns\">\n<div class=\"wp-block-column\">\n<h4>Grup de treball (centres nous a l&#8217;EDC)<\/h4>\n<p><iframe style=\"width:100%;height:1000px\" src=\"https:\/\/aplicacions.gestioeducativa.gencat.cat\/pls\/soloas\/pk_for_mod_ins.p_for_pre_cons_activitats?p_any=2022-2023&amp;p_desc=Grup%20de%20treball%20de%20la%20subxarxa\"><\/iframe><\/p>\n<\/div>\n<div class=\"wp-block-column\">\n<h4>Seminari de continu\u00eftat<\/h4>\n<p><iframe style=\"width:100%;height:1000px\" src=\"https:\/\/aplicacions.gestioeducativa.gencat.cat\/pls\/soloas\/pk_for_mod_ins.p_for_pre_cons_activitats?p_any=2022-2023&amp;p_desc=Seminari%20de%20continu%C3%AFtat%20de%20la%20subxarxa%20EDC\"><\/iframe><\/p>\n<\/div>\n<\/div>\n<\/div>\n<\/div>\n<\/div>\n","protected":false},"excerpt":{"rendered":"<p>Data 15 de setembre de 2022, 18:00 h Descripci\u00f3 En aquesta sessi\u00f3 es presentar\u00e0 la subxarxa de l&#8217;estrat\u00e8gia digital de centre posant el focus en: Els objectius de la subxarxa Els grups de treball i els seminaris L\u2019estructura i organitzaci\u00f3 de l\u2019activitat formativa El Nus: espai de comunicaci\u00f3 Ponents Pepi Garrote (\u00c0rea de Cultura digital, [&hellip;]<\/p>\n","protected":false},"author":2,"featured_media":0,"parent":11046,"menu_order":10,"comment_status":"closed","ping_status":"closed","template":"","meta":{"site-sidebar-layout":"no-sidebar","site-content-layout":"page-builder","ast-site-content-layout":"","site-content-style":"default","site-sidebar-style":"default","ast-global-header-display":"","ast-banner-title-visibility":"","ast-main-header-display":"disabled","ast-hfb-above-header-display":"","ast-hfb-below-header-display":"","ast-hfb-mobile-header-display":"","site-post-title":"","ast-breadcrumbs-content":"","ast-featured-img":"","footer-sml-layout":"","theme-transparent-header-meta":"default","adv-header-id-meta":"9237","stick-header-meta":"default","header-above-stick-meta":"","header-main-stick-meta":"","header-below-stick-meta":"","astra-migrate-meta-layouts":"default","ast-page-background-enabled":"default","ast-page-background-meta":{"desktop":{"background-color":"","background-image":"","background-repeat":"repeat","background-position":"center center","background-size":"auto","background-attachment":"scroll","background-type":"","background-media":"","overlay-type":"","overlay-color":"","overlay-opacity":"","overlay-gradient":""},"tablet":{"background-color":"","background-image":"","background-repeat":"repeat","background-position":"center center","background-size":"auto","background-attachment":"scroll","background-type":"","background-media":"","overlay-type":"","overlay-color":"","overlay-opacity":"","overlay-gradient":""},"mobile":{"background-color":"","background-image":"","background-repeat":"repeat","background-position":"center center","background-size":"auto","background-attachment":"scroll","background-type":"","background-media":"","overlay-type":"","overlay-color":"","overlay-opacity":"","overlay-gradient":""}},"ast-content-background-meta":{"desktop":{"background-color":"var(--ast-global-color-5)","background-image":"","background-repeat":"repeat","background-position":"center center","background-size":"auto","background-attachment":"scroll","background-type":"","background-media":"","overlay-type":"","overlay-color":"","overlay-opacity":"","overlay-gradient":""},"tablet":{"background-color":"var(--ast-global-color-5)","background-image":"","background-repeat":"repeat","background-position":"center center","background-size":"auto","background-attachment":"scroll","background-type":"","background-media":"","overlay-type":"","overlay-color":"","overlay-opacity":"","overlay-gradient":""},"mobile":{"background-color":"var(--ast-global-color-5)","background-image":"","background-repeat":"repeat","background-position":"center center","background-size":"auto","background-attachment":"scroll","background-type":"","background-media":"","overlay-type":"","overlay-color":"","overlay-opacity":"","overlay-gradient":""}},"footnotes":""},"class_list":["post-11061","page","type-page","status-publish","hentry"],"_links":{"self":[{"href":"https:\/\/projectes.xtec.cat\/xtcd\/wp-json\/wp\/v2\/pages\/11061","targetHints":{"allow":["GET"]}}],"collection":[{"href":"https:\/\/projectes.xtec.cat\/xtcd\/wp-json\/wp\/v2\/pages"}],"about":[{"href":"https:\/\/projectes.xtec.cat\/xtcd\/wp-json\/wp\/v2\/types\/page"}],"author":[{"embeddable":true,"href":"https:\/\/projectes.xtec.cat\/xtcd\/wp-json\/wp\/v2\/users\/2"}],"replies":[{"embeddable":true,"href":"https:\/\/projectes.xtec.cat\/xtcd\/wp-json\/wp\/v2\/comments?post=11061"}],"version-history":[{"count":3,"href":"https:\/\/projectes.xtec.cat\/xtcd\/wp-json\/wp\/v2\/pages\/11061\/revisions"}],"predecessor-version":[{"id":12481,"href":"https:\/\/projectes.xtec.cat\/xtcd\/wp-json\/wp\/v2\/pages\/11061\/revisions\/12481"}],"up":[{"embeddable":true,"href":"https:\/\/projectes.xtec.cat\/xtcd\/wp-json\/wp\/v2\/pages\/11046"}],"wp:attachment":[{"href":"https:\/\/projectes.xtec.cat\/xtcd\/wp-json\/wp\/v2\/media?parent=11061"}],"curies":[{"name":"wp","href":"https:\/\/api.w.org\/{rel}","templated":true}]}}