{"id":11065,"date":"2022-09-08T12:06:25","date_gmt":"2022-09-08T10:06:25","guid":{"rendered":"https:\/\/projectes.xtec.cat\/xtcd\/?page_id=11065"},"modified":"2024-06-28T14:12:42","modified_gmt":"2024-06-28T12:12:42","slug":"sessio-de-presentacio","status":"publish","type":"page","link":"https:\/\/projectes.xtec.cat\/xtcd\/coordinacio-digital-de-centre\/sessions-2022-23\/sessio-de-presentacio\/","title":{"rendered":"Sessi\u00f3 de presentaci\u00f3"},"content":{"rendered":"\n<div style=\"height:30px\" aria-hidden=\"true\" class=\"wp-block-spacer\"><\/div>\n\n\n<div class=\"seccio\">\n<div class=\"wp-block-columns\">\n<div class=\"wp-block-column\" style=\"flex-basis:40%\">\n<h3>Data<\/h3>\n<p>15 de setembre de 2022, de 18:00 a 19:00<\/p>\n<h3>Descripci\u00f3<\/h3>\n<p>En aquesta sessi\u00f3 es presentar\u00e0 la <strong>subxarxa de coordinaci\u00f3 digital<\/strong> i es donaran informacions d&#8217;inici de curs.<\/p>\n<ul>\n<li>Objectius de la subxarxa<\/li>\n<li>Com \u00e9s certifica aquesta formaci\u00f3?<\/li>\n<li>Informacions d&#8217;inici de curs: desplegaments, restabliment d&#8217;equips<\/li>\n<li>Nou plugin Moodle Assist\u00e8ncia<\/li>\n<li>Recursos<\/li>\n<li>Itinerari de la coordinaci\u00f3 novell<\/li>\n<\/ul>\n<h3>Ponents<\/h3>\n<ul>\n<li>Roser Cuss\u00f3 (\u00c0rea de Cultura digital, Departament d&#8217;Educaci\u00f3)<\/li>\n<li>Xavier Meler (\u00c0rea de Cultura digital, Departament d&#8217;Educaci\u00f3)<\/li>\n<li>Joan de Gr\u00e0cia (\u00c0rea de Cultura digital, Departament d&#8217;Educaci\u00f3)<\/li>\n<li>Ester Tomas (\u00c0rea de Cultura digital, Departament d&#8217;Educaci\u00f3)<\/li>\n<li>Jordi Moner (\u00c0rea de Cultura digital, Departament d&#8217;Educaci\u00f3)<\/li>\n<\/ul>\n<\/div>\n<div class=\"wp-block-column\" style=\"flex-basis:60%\">\n<div class=\"video-responsive\"><div class=\"h5p-iframe-wrapper\"><iframe id=\"h5p-iframe-29\" class=\"h5p-iframe\" data-content-id=\"29\" style=\"height:1px\" src=\"about:blank\" frameBorder=\"0\" scrolling=\"no\" title=\"XT-CDC- 2023 - Sessi\u00f3 de presentaci\u00f3\"><\/iframe><\/div><br \/>\nSi no podeu veure el v\u00eddeo aneu a: <a href=\"https:\/\/youtu.be\/oWVGF0DtHwA\" rel=\"noopener\" target=\"_blank\">https:\/\/youtu.be\/oWVGF0DtHwA<\/a><\/div>\n<div class=\"sessions-list\" style=\"text-align: center; margin-top: 2em;\">\n<a class=\"button\" target=\"_blank\" href=\"https:\/\/comunitat.edigital.cat\/tag\/xtcd-sessio-presentacio-22-23\" rel=\"noopener\"> XAT <\/a> <a class=\"button\" style=\"margin-left: 1em;\" href=\"https:\/\/forms.gle\/no1nTJEhb65EzWq36\" target=\"_blank\" rel=\"noopener\"> Formulari d&#8217;assist\u00e8ncia i valoraci\u00f3<\/a><\/div>\n<\/div>\n<\/div>\n<div class=\"wp-block-columns\">\n<div class=\"wp-block-column\">\n<h3>Recursos associats<\/h3>\n<p><a href=\"https:\/\/docs.google.com\/presentation\/d\/e\/2PACX-1vSCHtxLbreORRlMhaOQNrfFHS47YcCnbWxKrrPfqb8BrGNDGAr03nWPVekWSOqK2IAnRSxz7sHbLVpS\/pub?start=false&amp;loop=false&amp;delayms=3000\" rel=\"noopener\" target=\"_blank\">Presentaci\u00f3<\/a><br \/>\n<!--[nodes_doc titol=\"Presentaci\u00f3 (despr\u00e9s de la sessi\u00f3)\" imatge=\"https:\/\/projectes.xtec.cat\/xtcd\/wp-content\/uploads\/usu1403\/2021\/09\/presen-cdd.jpg\" href=\"#\"]--><\/p>\n<h3>Seminaris territorials associats<\/h3>\n<p>Podeu apuntar-vos als seminaris territorials, on s&#8217;aprofundir\u00e0n i completaran els continguts i propostes dels seminaris webs. Els participants dels seminaris territorials el curs 21-22 valoren aquests seminaris amb un \u2b50\ufe0f\u2b50\ufe0f\u2b50\ufe0f\u2b50\ufe0f4.5\/5<\/p>\n<p style=\"color:red\"><strong>Actualitzaci\u00f3<\/strong>: La inscripci\u00f3 a les activitats de formaci\u00f3 associades a la subxarxa de Coordinaci\u00f3 es van tancar el 26 de setembre de 2022.<\/p>\n<p><iframe style=\"width:100%;height:1000px\" src=\"https:\/\/aplicacions.gestioeducativa.gencat.cat\/pls\/soloas\/pk_for_mod_ins.p_for_pre_cons_activitats?p_any=2022-2023&amp;p_desc=subxarxa%20de%20Coordinaci%C3%B3%20digital%20de%20centre&amp;p_grup_materia=TIC&amp;p_modalitat=21,24,26&amp;p_paginar=S\"><\/iframe><\/p>\n<\/div>\n<\/div>\n<\/div>","protected":false},"excerpt":{"rendered":"<p>Data 15 de setembre de 2022, de 18:00 a 19:00 Descripci\u00f3 En aquesta sessi\u00f3 es presentar\u00e0 la subxarxa de coordinaci\u00f3 digital i es donaran informacions d&#8217;inici de curs. Objectius de la subxarxa Com \u00e9s certifica aquesta formaci\u00f3? Informacions d&#8217;inici de curs: desplegaments, restabliment d&#8217;equips Nou plugin Moodle Assist\u00e8ncia Recursos Itinerari de la coordinaci\u00f3 novell Ponents [&hellip;]<\/p>\n","protected":false},"author":2,"featured_media":0,"parent":11059,"menu_order":0,"comment_status":"closed","ping_status":"closed","template":"","meta":{"site-sidebar-layout":"no-sidebar","site-content-layout":"page-builder","ast-site-content-layout":"normal-width-container","site-content-style":"unboxed","site-sidebar-style":"unboxed","ast-global-header-display":"","ast-banner-title-visibility":"","ast-main-header-display":"disabled","ast-hfb-above-header-display":"","ast-hfb-below-header-display":"","ast-hfb-mobile-header-display":"","site-post-title":"","ast-breadcrumbs-content":"","ast-featured-img":"","footer-sml-layout":"","theme-transparent-header-meta":"default","adv-header-id-meta":"9237","stick-header-meta":"default","header-above-stick-meta":"","header-main-stick-meta":"","header-below-stick-meta":"","astra-migrate-meta-layouts":"set","ast-page-background-enabled":"default","ast-page-background-meta":{"desktop":{"background-color":"","background-image":"","background-repeat":"repeat","background-position":"center center","background-size":"auto","background-attachment":"scroll","background-type":"","background-media":"","overlay-type":"","overlay-color":"","overlay-opacity":"","overlay-gradient":""},"tablet":{"background-color":"","background-image":"","background-repeat":"repeat","background-position":"center center","background-size":"auto","background-attachment":"scroll","background-type":"","background-media":"","overlay-type":"","overlay-color":"","overlay-opacity":"","overlay-gradient":""},"mobile":{"background-color":"","background-image":"","background-repeat":"repeat","background-position":"center center","background-size":"auto","background-attachment":"scroll","background-type":"","background-media":"","overlay-type":"","overlay-color":"","overlay-opacity":"","overlay-gradient":""}},"ast-content-background-meta":{"desktop":{"background-color":"var(--ast-global-color-5)","background-image":"","background-repeat":"repeat","background-position":"center center","background-size":"auto","background-attachment":"scroll","background-type":"","background-media":"","overlay-type":"","overlay-color":"","overlay-opacity":"","overlay-gradient":""},"tablet":{"background-color":"var(--ast-global-color-5)","background-image":"","background-repeat":"repeat","background-position":"center center","background-size":"auto","background-attachment":"scroll","background-type":"","background-media":"","overlay-type":"","overlay-color":"","overlay-opacity":"","overlay-gradient":""},"mobile":{"background-color":"var(--ast-global-color-5)","background-image":"","background-repeat":"repeat","background-position":"center center","background-size":"auto","background-attachment":"scroll","background-type":"","background-media":"","overlay-type":"","overlay-color":"","overlay-opacity":"","overlay-gradient":""}},"footnotes":""},"class_list":["post-11065","page","type-page","status-publish","hentry"],"_links":{"self":[{"href":"https:\/\/projectes.xtec.cat\/xtcd\/wp-json\/wp\/v2\/pages\/11065","targetHints":{"allow":["GET"]}}],"collection":[{"href":"https:\/\/projectes.xtec.cat\/xtcd\/wp-json\/wp\/v2\/pages"}],"about":[{"href":"https:\/\/projectes.xtec.cat\/xtcd\/wp-json\/wp\/v2\/types\/page"}],"author":[{"embeddable":true,"href":"https:\/\/projectes.xtec.cat\/xtcd\/wp-json\/wp\/v2\/users\/2"}],"replies":[{"embeddable":true,"href":"https:\/\/projectes.xtec.cat\/xtcd\/wp-json\/wp\/v2\/comments?post=11065"}],"version-history":[{"count":4,"href":"https:\/\/projectes.xtec.cat\/xtcd\/wp-json\/wp\/v2\/pages\/11065\/revisions"}],"predecessor-version":[{"id":13396,"href":"https:\/\/projectes.xtec.cat\/xtcd\/wp-json\/wp\/v2\/pages\/11065\/revisions\/13396"}],"up":[{"embeddable":true,"href":"https:\/\/projectes.xtec.cat\/xtcd\/wp-json\/wp\/v2\/pages\/11059"}],"wp:attachment":[{"href":"https:\/\/projectes.xtec.cat\/xtcd\/wp-json\/wp\/v2\/media?parent=11065"}],"curies":[{"name":"wp","href":"https:\/\/api.w.org\/{rel}","templated":true}]}}