{"id":11254,"date":"2022-10-13T11:47:53","date_gmt":"2022-10-13T09:47:53","guid":{"rendered":"https:\/\/projectes.xtec.cat\/xtcd\/?page_id=11254"},"modified":"2023-08-31T18:13:44","modified_gmt":"2023-08-31T16:13:44","slug":"presentacio-de-la-sessio-1-proteccio-de-dades","status":"publish","type":"page","link":"https:\/\/projectes.xtec.cat\/xtcd\/sessions-2022-23\/presentacio-de-la-sessio-1-proteccio-de-dades\/","title":{"rendered":"Presentaci\u00f3 de la sessi\u00f3 1. Protecci\u00f3 de dades"},"content":{"rendered":"<div class=\"seccio\">\n<div class=\"wp-block-columns\">\n<div class=\"wp-block-column\" style=\"flex-basis: 40%;\">\n<h3>Data<\/h3>\n<p>Dijous 20 d&#8217;octubre de 2022, 17:30 h<\/p>\n<h3>Descripci\u00f3<\/h3>\n<p>En aquesta primera sessi\u00f3 comuna entre les tres subxarxes que conformen la XTCD, la delegada de protecci\u00f3 de dades del Departament d&#8217;Educaci\u00f3 ens contextualitzar\u00e0 i orientar\u00e0 en els aspectes que cal tenir en compte en relaci\u00f3 amb la protecci\u00f3 de dades de l\u2019alumnat en els centres educatius.<\/p>\n<h3>Participen<\/h3>\n<ul>\n<li>Sra. Rosa Maria Parrilla L\u00f3pez \u2013 Delegada de Protecci\u00f3 de dades del Departament d\u2019Educaci\u00f3<\/li>\n<li>Equip de la Xarxa territorial de Cultura digital<\/li>\n<\/ul>\n<\/div>\n<div class=\"wp-block-column\" style=\"flex-basis: 60%;\">\n<div class=\"video-responsive\"><div class=\"h5p-iframe-wrapper\"><iframe id=\"h5p-iframe-30\" class=\"h5p-iframe\" data-content-id=\"30\" style=\"height:1px\" src=\"about:blank\" frameBorder=\"0\" scrolling=\"no\" title=\"XTCD - 2223 - Sessi\u00f31: Protecci\u00f3 de dades\"><\/iframe><\/div><\/div>\n<\/div>\n<\/div>\n<div class=\"wp-block-columns\">\n<div class=\"wp-block-column\">\n<h3>Recursos associats<\/h3>\n<ul>\n<li><a href=\"https:\/\/docs.google.com\/presentation\/d\/e\/2PACX-1vQJM6lGghHejqZjFaawX7gAeGN4BH9IVlZsx7DxBOR4e3JizBOY6L5X7fyFYia6Qw\/pub?start=false&amp;loop=false&amp;delayms=3000\">Presentaci\u00f3<\/a><\/li>\n<li><a href=\"https:\/\/docs.google.com\/presentation\/d\/1DFfDzl4l0FbNfZzilRejNojRrhQb_UAq\/edit?usp=sharing&amp;ouid=112627604992571036354&amp;rtpof=true&amp;sd=true\">La protecci\u00f3 de dades als centres educatius &#8211; Rosa Parrilla. Delegada de protecci\u00f3 de dades del Departament d&#8217;Educaci\u00f3<\/a><\/li>\n<\/ul>\n<\/div>\n<\/div>\n<\/div>\n","protected":false},"excerpt":{"rendered":"<p>Data Dijous 20 d&#8217;octubre de 2022, 17:30 h Descripci\u00f3 En aquesta primera sessi\u00f3 comuna entre les tres subxarxes que conformen la XTCD, la delegada de protecci\u00f3 de dades del Departament d&#8217;Educaci\u00f3 ens contextualitzar\u00e0 i orientar\u00e0 en els aspectes que cal tenir en compte en relaci\u00f3 amb la protecci\u00f3 de dades de l\u2019alumnat en els centres [&hellip;]<\/p>\n","protected":false},"author":450,"featured_media":0,"parent":11654,"menu_order":20,"comment_status":"closed","ping_status":"closed","template":"","meta":{"site-sidebar-layout":"no-sidebar","site-content-layout":"page-builder","ast-site-content-layout":"","site-content-style":"default","site-sidebar-style":"default","ast-global-header-display":"","ast-banner-title-visibility":"","ast-main-header-display":"disabled","ast-hfb-above-header-display":"","ast-hfb-below-header-display":"","ast-hfb-mobile-header-display":"","site-post-title":"","ast-breadcrumbs-content":"","ast-featured-img":"","footer-sml-layout":"","theme-transparent-header-meta":"default","adv-header-id-meta":"9237","stick-header-meta":"default","header-above-stick-meta":"","header-main-stick-meta":"","header-below-stick-meta":"","astra-migrate-meta-layouts":"default","ast-page-background-enabled":"default","ast-page-background-meta":{"desktop":{"background-color":"","background-image":"","background-repeat":"repeat","background-position":"center center","background-size":"auto","background-attachment":"scroll","background-type":"","background-media":"","overlay-type":"","overlay-color":"","overlay-opacity":"","overlay-gradient":""},"tablet":{"background-color":"","background-image":"","background-repeat":"repeat","background-position":"center center","background-size":"auto","background-attachment":"scroll","background-type":"","background-media":"","overlay-type":"","overlay-color":"","overlay-opacity":"","overlay-gradient":""},"mobile":{"background-color":"","background-image":"","background-repeat":"repeat","background-position":"center center","background-size":"auto","background-attachment":"scroll","background-type":"","background-media":"","overlay-type":"","overlay-color":"","overlay-opacity":"","overlay-gradient":""}},"ast-content-background-meta":{"desktop":{"background-color":"var(--ast-global-color-5)","background-image":"","background-repeat":"repeat","background-position":"center center","background-size":"auto","background-attachment":"scroll","background-type":"","background-media":"","overlay-type":"","overlay-color":"","overlay-opacity":"","overlay-gradient":""},"tablet":{"background-color":"var(--ast-global-color-5)","background-image":"","background-repeat":"repeat","background-position":"center center","background-size":"auto","background-attachment":"scroll","background-type":"","background-media":"","overlay-type":"","overlay-color":"","overlay-opacity":"","overlay-gradient":""},"mobile":{"background-color":"var(--ast-global-color-5)","background-image":"","background-repeat":"repeat","background-position":"center center","background-size":"auto","background-attachment":"scroll","background-type":"","background-media":"","overlay-type":"","overlay-color":"","overlay-opacity":"","overlay-gradient":""}},"footnotes":""},"class_list":["post-11254","page","type-page","status-publish","hentry"],"_links":{"self":[{"href":"https:\/\/projectes.xtec.cat\/xtcd\/wp-json\/wp\/v2\/pages\/11254","targetHints":{"allow":["GET"]}}],"collection":[{"href":"https:\/\/projectes.xtec.cat\/xtcd\/wp-json\/wp\/v2\/pages"}],"about":[{"href":"https:\/\/projectes.xtec.cat\/xtcd\/wp-json\/wp\/v2\/types\/page"}],"author":[{"embeddable":true,"href":"https:\/\/projectes.xtec.cat\/xtcd\/wp-json\/wp\/v2\/users\/450"}],"replies":[{"embeddable":true,"href":"https:\/\/projectes.xtec.cat\/xtcd\/wp-json\/wp\/v2\/comments?post=11254"}],"version-history":[{"count":2,"href":"https:\/\/projectes.xtec.cat\/xtcd\/wp-json\/wp\/v2\/pages\/11254\/revisions"}],"predecessor-version":[{"id":11858,"href":"https:\/\/projectes.xtec.cat\/xtcd\/wp-json\/wp\/v2\/pages\/11254\/revisions\/11858"}],"up":[{"embeddable":true,"href":"https:\/\/projectes.xtec.cat\/xtcd\/wp-json\/wp\/v2\/pages\/11654"}],"wp:attachment":[{"href":"https:\/\/projectes.xtec.cat\/xtcd\/wp-json\/wp\/v2\/media?parent=11254"}],"curies":[{"name":"wp","href":"https:\/\/api.w.org\/{rel}","templated":true}]}}