{"id":11268,"date":"2022-10-13T12:18:37","date_gmt":"2022-10-13T10:18:37","guid":{"rendered":"https:\/\/projectes.xtec.cat\/xtcd\/?page_id=11268"},"modified":"2023-08-31T18:14:01","modified_gmt":"2023-08-31T16:14:01","slug":"la-comunicacio-al-centre","status":"publish","type":"page","link":"https:\/\/projectes.xtec.cat\/xtcd\/estrategia-digital-de-centre\/sessions-2022-23\/la-comunicacio-al-centre\/","title":{"rendered":"La comunicaci\u00f3 al centre"},"content":{"rendered":"<div class=\"seccio\">\n<div class=\"wp-block-columns\">\n<div class=\"wp-block-column\" style=\"flex-basis: 40%;\">\n<h3>Data<\/h3>\n<p>20 d&#8217;octubre de 2022, 18:00 h<\/p>\n<h3>Grup de treball<\/h3>\n<p>En aquesta sessi\u00f3 es presentar\u00e0 la subxarxa de l&#8217;estrat\u00e8gia digital de centre posant el focus en:<\/p>\n<ul>\n<li>Recursos per al disseny de l&#8217;EDC<\/li>\n<li>Cultura digital de centre<\/li>\n<li>La diagnosi: primera fase per dissenyar l&#8217;EDC<\/li>\n<\/ul>\n<p>Els grups de treball, despr\u00e9s de veure el <a href=\"https:\/\/www.youtube.com\/embed\/1AETOPlbunU\" target=\"_blank\" rel=\"noopener\">seminari en l\u00ednia de la XTCD<\/a>, han de mirar <strong>els v\u00eddeos de la sessi\u00f3 1<\/strong>, que es troben al <a href=\"https:\/\/projectes.xtec.cat\/edc-suport\/subxarxa-dedc\/\" target=\"_blank\" rel=\"noopener\">web de suport de l&#8217;EDC<\/a>.<\/p>\n<h3>Seminari EDC<\/h3>\n<p>En aquesta sessi\u00f3 es presentar\u00e0 el seg\u00fcent aspecte de l&#8217;apartat de cultura digital: les comunicacions entre la comunitat educativa del centre.<\/p>\n<p>Els seminaris, despr\u00e9s de veure el <a href=\"https:\/\/www.youtube.com\/embed\/1AETOPlbunU\" target=\"_blank\" rel=\"noopener\">seminari en l\u00ednia de la XTCD<\/a>, han de veure el seminari en l\u00ednia de la subxarxa d&#8217;EDC, que podeu veure en l&#8217;<a href=\"https:\/\/www.youtube.com\/watch?v=GRQ3ZS75018\" target=\"_blank\" rel=\"noopener\">enlla\u00e7 del youtube<\/a>.<\/p>\n<h3>Ponents<\/h3>\n<ul>\n<li>Pepi Garrote (\u00c0rea de Cultura digital, Departament d&#8217;Educaci\u00f3)<\/li>\n<li>Marc Pardo (\u00c0rea de Cultura digital, Departament d&#8217;Educaci\u00f3)<\/li>\n<li>EOI Tarragona<br \/>\nLluis Garcia (Administrador)<\/li>\n<li>Escola Juncadella<br \/>\nRosaura Garcia (Cap d\u2019estudis)<br \/>\nJordi Comajuan (Director)<\/li>\n<\/ul>\n<\/div>\n<div class=\"wp-block-column\" style=\"flex-basis: 60%;\">\n<h3>V\u00eddeos del Grup de treball<\/h3>\n<table style=\"border-collapse: collapse; width: 100%; height: 122px;\">\n<tbody>\n<tr style=\"height: 58px;\">\n<td style=\"width: 33.5071%; height: 58px;\"><strong>Sessi\u00f3 1<\/strong><\/td>\n<td style=\"width: 66.4929%; height: 58px;\">\n<ul>\n<li>\n<h5><strong><a href=\"https:\/\/drive.google.com\/file\/d\/1N4b46ES0E5L1g-IPNs_-Fi-YSAi5lDQ-\/view?usp=sharing\" target=\"_blank\" rel=\"noopener\" data-saferedirecturl=\"https:\/\/www.google.com\/url?q=https:\/\/drive.google.com\/file\/d\/1N4b46ES0E5L1g-IPNs_-Fi-YSAi5lDQ-\/view?usp%3Dsharing&amp;source=gmail&amp;ust=1665037004906000&amp;usg=AOvVaw2Cs0o4qn8ehQoiCRcc5ib5\">Recursos per dissenyar l&#8217;EDC<\/a><\/strong><\/h5>\n<\/li>\n<li>\n<h5><strong><a href=\"https:\/\/drive.google.com\/file\/d\/1_54GeacsYrTqxtxMg9knVoR_M8pMR9S_\/view?usp=sharing\" target=\"_blank\" rel=\"noopener\" data-saferedirecturl=\"https:\/\/www.google.com\/url?q=https:\/\/drive.google.com\/file\/d\/1_54GeacsYrTqxtxMg9knVoR_M8pMR9S_\/view?usp%3Dsharing&amp;source=gmail&amp;ust=1665037004906000&amp;usg=AOvVaw3I2ricKq0ckLALFelxPOhj\">Diagnosi<\/a><\/strong><\/h5>\n<\/li>\n<li>\n<h5><strong><a href=\"https:\/\/drive.google.com\/file\/d\/1uWM55xk__8-7d_fVL1IO6hJvZvYM99B6\/view?usp=sharing\" target=\"_blank\" rel=\"noopener\" data-saferedirecturl=\"https:\/\/www.google.com\/url?q=https:\/\/drive.google.com\/file\/d\/1uWM55xk__8-7d_fVL1IO6hJvZvYM99B6\/view?usp%3Dsharing&amp;source=gmail&amp;ust=1665037004906000&amp;usg=AOvVaw187dd-cErX5FldcYTQlq7B\">Cultura digital<\/a><\/strong><\/h5>\n<\/li>\n<\/ul>\n<\/td>\n<\/tr>\n<\/tbody>\n<\/table>\n<h3>Enlla\u00e7 a l&#8217;emissi\u00f3 per als Seminaris de l&#8217;EDC<\/h3>\n<div class=\"video-responsive\"><div class=\"h5p-iframe-wrapper\"><iframe id=\"h5p-iframe-32\" class=\"h5p-iframe\" data-content-id=\"32\" style=\"height:1px\" src=\"about:blank\" frameBorder=\"0\" scrolling=\"no\" title=\"XT-EDC - 2223 - Sessi\u00f3 1 - La comunicaci\u00f3 al centre\"><\/iframe><\/div><br \/>\nSi no podeu veure el v\u00eddeo, aneu a: <a href=\"https:\/\/www.youtube.com\/watch?v=GRQ3ZS75018\" target=\"_blank\" rel=\"noopener\">https:\/\/www.youtube.com\/watch?v=GRQ3ZS75018<\/a><\/div>\n<\/div>\n<\/div>\n<div class=\"wp-block-columns\">\n<div class=\"wp-block-column\">\n<h3>Recursos associats<\/h3>\n<p>Presentacions utilitzades en el seminari:<\/p>\n<ul>\n<li><a href=\"https:\/\/docs.google.com\/presentation\/d\/1yEdBycxz9Qhh8vGmpaGWwvCbln4PD2L8dz_ZoS8zVsk\" target=\"_blank\" rel=\"noopener\">Les comunicacions entre la comunitat educativa del centre<\/a><\/li>\n<li><a href=\"https:\/\/docs.google.com\/presentation\/d\/1RNDeyhjHtxc5YQg3_wcYqClcHFIxCClRCj1rmdgBoZQ\/edit\" target=\"_blank\" rel=\"noopener\">Pla de comunicaci\u00f3<\/a> (EOI Tarragona)<\/li>\n<li><a href=\"https:\/\/view.genial.ly\/617d26189ada4f0de2661091\/interactive-content-pdc-visual-thinking\" target=\"_blank\" rel=\"noopener\">Pla de comunicaci\u00f3<\/a> (Escola Juncadell)<\/li>\n<\/ul>\n<\/div>\n<\/div>\n<\/div>\n","protected":false},"excerpt":{"rendered":"<p>Data 20 d&#8217;octubre de 2022, 18:00 h Grup de treball En aquesta sessi\u00f3 es presentar\u00e0 la subxarxa de l&#8217;estrat\u00e8gia digital de centre posant el focus en: Recursos per al disseny de l&#8217;EDC Cultura digital de centre La diagnosi: primera fase per dissenyar l&#8217;EDC Els grups de treball, despr\u00e9s de veure el seminari en l\u00ednia de [&hellip;]<\/p>\n","protected":false},"author":450,"featured_media":0,"parent":11046,"menu_order":15,"comment_status":"closed","ping_status":"closed","template":"","meta":{"site-sidebar-layout":"no-sidebar","site-content-layout":"page-builder","ast-site-content-layout":"","site-content-style":"default","site-sidebar-style":"default","ast-global-header-display":"","ast-banner-title-visibility":"","ast-main-header-display":"disabled","ast-hfb-above-header-display":"","ast-hfb-below-header-display":"","ast-hfb-mobile-header-display":"","site-post-title":"","ast-breadcrumbs-content":"","ast-featured-img":"","footer-sml-layout":"","theme-transparent-header-meta":"default","adv-header-id-meta":"9237","stick-header-meta":"default","header-above-stick-meta":"","header-main-stick-meta":"","header-below-stick-meta":"","astra-migrate-meta-layouts":"default","ast-page-background-enabled":"default","ast-page-background-meta":{"desktop":{"background-color":"","background-image":"","background-repeat":"repeat","background-position":"center center","background-size":"auto","background-attachment":"scroll","background-type":"","background-media":"","overlay-type":"","overlay-color":"","overlay-opacity":"","overlay-gradient":""},"tablet":{"background-color":"","background-image":"","background-repeat":"repeat","background-position":"center center","background-size":"auto","background-attachment":"scroll","background-type":"","background-media":"","overlay-type":"","overlay-color":"","overlay-opacity":"","overlay-gradient":""},"mobile":{"background-color":"","background-image":"","background-repeat":"repeat","background-position":"center center","background-size":"auto","background-attachment":"scroll","background-type":"","background-media":"","overlay-type":"","overlay-color":"","overlay-opacity":"","overlay-gradient":""}},"ast-content-background-meta":{"desktop":{"background-color":"var(--ast-global-color-5)","background-image":"","background-repeat":"repeat","background-position":"center center","background-size":"auto","background-attachment":"scroll","background-type":"","background-media":"","overlay-type":"","overlay-color":"","overlay-opacity":"","overlay-gradient":""},"tablet":{"background-color":"var(--ast-global-color-5)","background-image":"","background-repeat":"repeat","background-position":"center center","background-size":"auto","background-attachment":"scroll","background-type":"","background-media":"","overlay-type":"","overlay-color":"","overlay-opacity":"","overlay-gradient":""},"mobile":{"background-color":"var(--ast-global-color-5)","background-image":"","background-repeat":"repeat","background-position":"center center","background-size":"auto","background-attachment":"scroll","background-type":"","background-media":"","overlay-type":"","overlay-color":"","overlay-opacity":"","overlay-gradient":""}},"footnotes":""},"class_list":["post-11268","page","type-page","status-publish","hentry"],"_links":{"self":[{"href":"https:\/\/projectes.xtec.cat\/xtcd\/wp-json\/wp\/v2\/pages\/11268","targetHints":{"allow":["GET"]}}],"collection":[{"href":"https:\/\/projectes.xtec.cat\/xtcd\/wp-json\/wp\/v2\/pages"}],"about":[{"href":"https:\/\/projectes.xtec.cat\/xtcd\/wp-json\/wp\/v2\/types\/page"}],"author":[{"embeddable":true,"href":"https:\/\/projectes.xtec.cat\/xtcd\/wp-json\/wp\/v2\/users\/450"}],"replies":[{"embeddable":true,"href":"https:\/\/projectes.xtec.cat\/xtcd\/wp-json\/wp\/v2\/comments?post=11268"}],"version-history":[{"count":3,"href":"https:\/\/projectes.xtec.cat\/xtcd\/wp-json\/wp\/v2\/pages\/11268\/revisions"}],"predecessor-version":[{"id":11620,"href":"https:\/\/projectes.xtec.cat\/xtcd\/wp-json\/wp\/v2\/pages\/11268\/revisions\/11620"}],"up":[{"embeddable":true,"href":"https:\/\/projectes.xtec.cat\/xtcd\/wp-json\/wp\/v2\/pages\/11046"}],"wp:attachment":[{"href":"https:\/\/projectes.xtec.cat\/xtcd\/wp-json\/wp\/v2\/media?parent=11268"}],"curies":[{"name":"wp","href":"https:\/\/api.w.org\/{rel}","templated":true}]}}