{"id":11289,"date":"2022-10-13T20:21:37","date_gmt":"2022-10-13T18:21:37","guid":{"rendered":"https:\/\/projectes.xtec.cat\/xtcd\/?page_id=11289"},"modified":"2023-08-31T18:14:12","modified_gmt":"2023-08-31T16:14:12","slug":"sessio-1","status":"publish","type":"page","link":"https:\/\/projectes.xtec.cat\/xtcd\/coordinacio-digital-de-centre\/sessions-2022-23\/sessio-1\/","title":{"rendered":"Sessi\u00f3 1"},"content":{"rendered":"<div class=\"seccio\">\n<div class=\"wp-block-columns\">\n<div class=\"wp-block-column\" style=\"flex-basis:40%\">\n<h3>Data<\/h3>\n<p>20 d&#8217;octubre de 2022, 18:00h<\/p>\n<h3>Descripci\u00f3<\/h3>\n<p>En aquesta sessi\u00f3 es donaran informacions sobre:<\/p>\n<ul>\n<li>Desplegaments d&#8217;equips: armaris, 2na regularitzaci\u00f3, matr\u00edcula viva<\/li>\n<li>Restabliment d&#8217;equips. Balan\u00e7 i passos a fer a continuaci\u00f3<\/li>\n<li>INDIC: \u00c0rea de notificacions<\/li>\n<li>Informacions de servei<\/li>\n<li>Intune<\/li>\n<\/ul>\n<h3>Ponents<\/h3>\n<ul>\n<li>Francesc Busquets (\u00c0rea de Cultura digital, Departament d&#8217;Educaci\u00f3)<\/li>\n<li>Xavier Meler (\u00c0rea de Cultura digital, Departament d&#8217;Educaci\u00f3)<\/li>\n<li>Joan de Gr\u00e0cia (\u00c0rea de Cultura digital, Departament d&#8217;Educaci\u00f3)<\/li>\n<li>Jordi Moner (\u00c0rea de Cultura digital, Departament d&#8217;Educaci\u00f3)<\/li>\n<\/ul>\n<\/div>\n<div class=\"wp-block-column\" style=\"flex-basis:60%\">\n<div class=\"h5p-iframe-wrapper\"><iframe id=\"h5p-iframe-36\" class=\"h5p-iframe\" data-content-id=\"36\" style=\"height:1px\" src=\"about:blank\" frameBorder=\"0\" scrolling=\"no\" title=\"XT-CDC - 2223 - Sessi\u00f3 1\"><\/iframe><\/div><br \/>\nSi no podeu veure el v\u00eddeo aneu a: <a target=\"_blank\" href=\"https:\/\/youtu.be\/QEIAfkdr0qg\" rel=\"noopener\">https:\/\/youtu.be\/9IYMhcyybYk<\/a><\/p>\n<div class=\"sessions-list\" style=\"text-align: center; margin-top: 2em;\">\n<a class=\"button\" target=\"_blank\" href=\"https:\/\/comunitat.edigital.cat\/c\/coordinacio-digital\/sessio-presentacio-sub-cdc\/147\" rel=\"noopener\"> XAT <\/a> <a class=\"button\" style=\"margin-left: 1em;\" href=\"https:\/\/forms.gle\/w68U7b7yeordpdtQA\" target=\"_blank\" rel=\"noopener\"> Formulari d&#8217;assist\u00e8ncia i valoraci\u00f3<\/a><\/div>\n<\/div>\n<\/div>\n<div class=\"wp-block-columns\">\n<div class=\"wp-block-column\">\n<h3>Recursos associats<\/h3>\n<div class=\"wp-block-columns\" style=\"padding:1em 0;\"><div class=\"wp-block-column\" style=\"flex-basis:5%\"><img decoding=\"async\" src=\"https:\/\/projectes.xtec.cat\/xtcd\/wp-content\/uploads\/usu1403\/2021\/09\/presen-cdd.jpg\"><\/div><div class=\"wp-block-column\" style=\"flex-basis:95%;margin-left:1em\"><a target=\"_blank\" href=\"https:\/\/docs.google.com\/presentation\/d\/e\/2PACX-1vQq2k0BMbYiXZ5Ge5x3D4_1IyyHmw4yhgZydQF2jQ5iRg0V3EnAAAwGEQWXRf8U_loU2bGFyGHbQ98_\/pub?start=false&amp;loop=false&amp;delayms=3000&amp;slide=id.g16f3ad1e2b6_4_4\">Presentaci\u00f3<\/a><\/div><\/div>\n<h3>Seminaris territorials associats<\/h3>\n<p>Consulteu amb el vostre CRP la data del seminari territorial associat.<\/p>\n<h3>Participaci\u00f3 en el Nus<\/h3>\n<p>Us animem a participar en el Nus, comunitat virtual on <a href=\"https:\/\/comunitat.edigital.cat\/c\/coordinacio-digital\/105\" rel=\"noopener\" target=\"_blank\">Coordinadors i coordinadores digitals<\/a> comparteixen experi\u00e8ncies, problemes i solucions.<\/p>\n<p>\ud83d\udc49 Qu\u00e8 cal fer per <a href=\"https:\/\/youtu.be\/oWVGF0DtHwA?t=328\" rel=\"noopener\" target=\"_blank\">certificar<\/a> la formaci\u00f3?<\/p>\n<\/div>\n<\/div>\n<\/div>\n","protected":false},"excerpt":{"rendered":"<p>Data 20 d&#8217;octubre de 2022, 18:00h Descripci\u00f3 En aquesta sessi\u00f3 es donaran informacions sobre: Desplegaments d&#8217;equips: armaris, 2na regularitzaci\u00f3, matr\u00edcula viva Restabliment d&#8217;equips. Balan\u00e7 i passos a fer a continuaci\u00f3 INDIC: \u00c0rea de notificacions Informacions de servei Intune Ponents Francesc Busquets (\u00c0rea de Cultura digital, Departament d&#8217;Educaci\u00f3) Xavier Meler (\u00c0rea de Cultura digital, Departament d&#8217;Educaci\u00f3) [&hellip;]<\/p>\n","protected":false},"author":2,"featured_media":0,"parent":11059,"menu_order":10,"comment_status":"closed","ping_status":"closed","template":"","meta":{"site-sidebar-layout":"no-sidebar","site-content-layout":"plain-container","ast-site-content-layout":"","site-content-style":"default","site-sidebar-style":"default","ast-global-header-display":"","ast-banner-title-visibility":"","ast-main-header-display":"disabled","ast-hfb-above-header-display":"","ast-hfb-below-header-display":"","ast-hfb-mobile-header-display":"","site-post-title":"","ast-breadcrumbs-content":"","ast-featured-img":"","footer-sml-layout":"","theme-transparent-header-meta":"default","adv-header-id-meta":"9237","stick-header-meta":"default","header-above-stick-meta":"","header-main-stick-meta":"","header-below-stick-meta":"","astra-migrate-meta-layouts":"default","ast-page-background-enabled":"default","ast-page-background-meta":{"desktop":{"background-color":"","background-image":"","background-repeat":"repeat","background-position":"center center","background-size":"auto","background-attachment":"scroll","background-type":"","background-media":"","overlay-type":"","overlay-color":"","overlay-opacity":"","overlay-gradient":""},"tablet":{"background-color":"","background-image":"","background-repeat":"repeat","background-position":"center center","background-size":"auto","background-attachment":"scroll","background-type":"","background-media":"","overlay-type":"","overlay-color":"","overlay-opacity":"","overlay-gradient":""},"mobile":{"background-color":"","background-image":"","background-repeat":"repeat","background-position":"center center","background-size":"auto","background-attachment":"scroll","background-type":"","background-media":"","overlay-type":"","overlay-color":"","overlay-opacity":"","overlay-gradient":""}},"ast-content-background-meta":{"desktop":{"background-color":"var(--ast-global-color-5)","background-image":"","background-repeat":"repeat","background-position":"center center","background-size":"auto","background-attachment":"scroll","background-type":"","background-media":"","overlay-type":"","overlay-color":"","overlay-opacity":"","overlay-gradient":""},"tablet":{"background-color":"var(--ast-global-color-5)","background-image":"","background-repeat":"repeat","background-position":"center center","background-size":"auto","background-attachment":"scroll","background-type":"","background-media":"","overlay-type":"","overlay-color":"","overlay-opacity":"","overlay-gradient":""},"mobile":{"background-color":"var(--ast-global-color-5)","background-image":"","background-repeat":"repeat","background-position":"center center","background-size":"auto","background-attachment":"scroll","background-type":"","background-media":"","overlay-type":"","overlay-color":"","overlay-opacity":"","overlay-gradient":""}},"footnotes":""},"class_list":["post-11289","page","type-page","status-publish","hentry"],"_links":{"self":[{"href":"https:\/\/projectes.xtec.cat\/xtcd\/wp-json\/wp\/v2\/pages\/11289","targetHints":{"allow":["GET"]}}],"collection":[{"href":"https:\/\/projectes.xtec.cat\/xtcd\/wp-json\/wp\/v2\/pages"}],"about":[{"href":"https:\/\/projectes.xtec.cat\/xtcd\/wp-json\/wp\/v2\/types\/page"}],"author":[{"embeddable":true,"href":"https:\/\/projectes.xtec.cat\/xtcd\/wp-json\/wp\/v2\/users\/2"}],"replies":[{"embeddable":true,"href":"https:\/\/projectes.xtec.cat\/xtcd\/wp-json\/wp\/v2\/comments?post=11289"}],"version-history":[{"count":3,"href":"https:\/\/projectes.xtec.cat\/xtcd\/wp-json\/wp\/v2\/pages\/11289\/revisions"}],"predecessor-version":[{"id":12484,"href":"https:\/\/projectes.xtec.cat\/xtcd\/wp-json\/wp\/v2\/pages\/11289\/revisions\/12484"}],"up":[{"embeddable":true,"href":"https:\/\/projectes.xtec.cat\/xtcd\/wp-json\/wp\/v2\/pages\/11059"}],"wp:attachment":[{"href":"https:\/\/projectes.xtec.cat\/xtcd\/wp-json\/wp\/v2\/media?parent=11289"}],"curies":[{"name":"wp","href":"https:\/\/api.w.org\/{rel}","templated":true}]}}