{"id":11543,"date":"2023-01-24T09:53:56","date_gmt":"2023-01-24T08:53:56","guid":{"rendered":"https:\/\/projectes.xtec.cat\/xtcd\/?page_id=11543"},"modified":"2023-08-31T18:15:20","modified_gmt":"2023-08-31T16:15:20","slug":"segona-sessio-de-la-xtcd-el-pla-deducacio-digital-de-catalunya","status":"publish","type":"page","link":"https:\/\/projectes.xtec.cat\/xtcd\/sessions-2022-23\/segona-sessio-de-la-xtcd-el-pla-deducacio-digital-de-catalunya\/","title":{"rendered":"Segona sessi\u00f3 de la XTCD &#8211; El Pla d&#8217;educaci\u00f3 digital de Catalunya"},"content":{"rendered":"\n<div class=\"wp-block-group alignfull\"><div class=\"wp-block-group__inner-container is-layout-flow wp-block-group-is-layout-flow\">\n<div class=\"wp-block-columns is-layout-flex wp-container-core-columns-is-layout-1 wp-block-columns-is-layout-flex\">\n<div class=\"wp-block-column is-layout-flow wp-block-column-is-layout-flow\">\n<h3 class=\"wp-block-heading\">Data<\/h3>\n\n\n\n<p>9 de febrer de 2023, 17:30 h<\/p>\n\n\n\n<h3 class=\"wp-block-heading\">Descripci\u00f3<\/h3>\n\n\n\n<p>En aquesta segona sessi\u00f3 de la Xarxa territorial de Cultura digital farem una an\u00e0lisi i valoraci\u00f3 del Pla d&#8217;educaci\u00f3 digital de Catalunya 2020-2023 i es presentaran algunes de les l\u00ednies d&#8217;actuaci\u00f3 previstes per als seg\u00fcents cursos.<\/p>\n\n\n\n<h3 class=\"wp-block-heading\">Participen<\/h3>\n\n\n\n<ul class=\"wp-block-list\"><li>Sr. Jordi Serarols \u2013 Subdirector Recerca i Cultura digital<\/li><li>Sra. Roser Cuss\u00f3 \u2013 Cap de Servei de l&#8217;\u00c0rea de Cultura digital<\/li><li>Equip subxarxa de Compet\u00e8ncia digital docent \u2013 \u00c0rea de Cultura digital<\/li><\/ul>\n\n\n\n<h3 class=\"wp-block-heading\">Recursos associats<\/h3>\n\n\n\n<ul class=\"wp-block-list\" id=\"block-80d44a4d-8b4b-4e72-8fc6-aaa076e17b59\"><li><a href=\"https:\/\/prezi.com\/view\/7NdCLRYVpbL9kcj5Ltof\/\">PEDC &#8211; Pla d&#8217;educaci\u00f3 digital de Catalunya<\/a><\/li><\/ul>\n<\/div>\n\n\n\n<div class=\"wp-block-column is-layout-flow wp-block-column-is-layout-flow\">\n<div class=\"video-responsive\"><iframe loading=\"lazy\" width=\"560\" height=\"315\" src=\"https:\/\/www.youtube.com\/embed\/8RoUJy9rAmA\" title=\"YouTube video player\" frameborder=\"0\" allow=\"accelerometer; autoplay; clipboard-write; encrypted-media; gyroscope; picture-in-picture; web-share\" allowfullscreen=\"\"><\/iframe><\/div>\n<\/div>\n<\/div>\n<\/div><\/div>\n\n\n\n<p><\/p>\n","protected":false},"excerpt":{"rendered":"<p>Data 9 de febrer de 2023, 17:30 h Descripci\u00f3 En aquesta segona sessi\u00f3 de la Xarxa territorial de Cultura digital farem una an\u00e0lisi i valoraci\u00f3 del Pla d&#8217;educaci\u00f3 digital de Catalunya 2020-2023 i es presentaran algunes de les l\u00ednies d&#8217;actuaci\u00f3 previstes per als seg\u00fcents cursos. Participen Sr. Jordi Serarols \u2013 Subdirector Recerca i Cultura digital [&hellip;]<\/p>\n","protected":false},"author":450,"featured_media":0,"parent":11654,"menu_order":30,"comment_status":"closed","ping_status":"close","template":"","meta":{"site-sidebar-layout":"no-sidebar","site-content-layout":"plain-container","ast-site-content-layout":"","site-content-style":"default","site-sidebar-style":"default","ast-global-header-display":"","ast-banner-title-visibility":"","ast-main-header-display":"disabled","ast-hfb-above-header-display":"","ast-hfb-below-header-display":"","ast-hfb-mobile-header-display":"","site-post-title":"","ast-breadcrumbs-content":"","ast-featured-img":"","footer-sml-layout":"","theme-transparent-header-meta":"","adv-header-id-meta":"9237","stick-header-meta":"","header-above-stick-meta":"","header-main-stick-meta":"","header-below-stick-meta":"","astra-migrate-meta-layouts":"default","ast-page-background-enabled":"default","ast-page-background-meta":{"desktop":{"background-color":"","background-image":"","background-repeat":"repeat","background-position":"center center","background-size":"auto","background-attachment":"scroll","background-type":"","background-media":"","overlay-type":"","overlay-color":"","overlay-opacity":"","overlay-gradient":""},"tablet":{"background-color":"","background-image":"","background-repeat":"repeat","background-position":"center center","background-size":"auto","background-attachment":"scroll","background-type":"","background-media":"","overlay-type":"","overlay-color":"","overlay-opacity":"","overlay-gradient":""},"mobile":{"background-color":"","background-image":"","background-repeat":"repeat","background-position":"center center","background-size":"auto","background-attachment":"scroll","background-type":"","background-media":"","overlay-type":"","overlay-color":"","overlay-opacity":"","overlay-gradient":""}},"ast-content-background-meta":{"desktop":{"background-color":"var(--ast-global-color-5)","background-image":"","background-repeat":"repeat","background-position":"center center","background-size":"auto","background-attachment":"scroll","background-type":"","background-media":"","overlay-type":"","overlay-color":"","overlay-opacity":"","overlay-gradient":""},"tablet":{"background-color":"var(--ast-global-color-5)","background-image":"","background-repeat":"repeat","background-position":"center center","background-size":"auto","background-attachment":"scroll","background-type":"","background-media":"","overlay-type":"","overlay-color":"","overlay-opacity":"","overlay-gradient":""},"mobile":{"background-color":"var(--ast-global-color-5)","background-image":"","background-repeat":"repeat","background-position":"center center","background-size":"auto","background-attachment":"scroll","background-type":"","background-media":"","overlay-type":"","overlay-color":"","overlay-opacity":"","overlay-gradient":""}},"footnotes":""},"class_list":["post-11543","page","type-page","status-publish","hentry"],"_links":{"self":[{"href":"https:\/\/projectes.xtec.cat\/xtcd\/wp-json\/wp\/v2\/pages\/11543","targetHints":{"allow":["GET"]}}],"collection":[{"href":"https:\/\/projectes.xtec.cat\/xtcd\/wp-json\/wp\/v2\/pages"}],"about":[{"href":"https:\/\/projectes.xtec.cat\/xtcd\/wp-json\/wp\/v2\/types\/page"}],"author":[{"embeddable":true,"href":"https:\/\/projectes.xtec.cat\/xtcd\/wp-json\/wp\/v2\/users\/450"}],"replies":[{"embeddable":true,"href":"https:\/\/projectes.xtec.cat\/xtcd\/wp-json\/wp\/v2\/comments?post=11543"}],"version-history":[{"count":3,"href":"https:\/\/projectes.xtec.cat\/xtcd\/wp-json\/wp\/v2\/pages\/11543\/revisions"}],"predecessor-version":[{"id":12486,"href":"https:\/\/projectes.xtec.cat\/xtcd\/wp-json\/wp\/v2\/pages\/11543\/revisions\/12486"}],"up":[{"embeddable":true,"href":"https:\/\/projectes.xtec.cat\/xtcd\/wp-json\/wp\/v2\/pages\/11654"}],"wp:attachment":[{"href":"https:\/\/projectes.xtec.cat\/xtcd\/wp-json\/wp\/v2\/media?parent=11543"}],"curies":[{"name":"wp","href":"https:\/\/api.w.org\/{rel}","templated":true}]}}