{"id":11611,"date":"2023-01-24T14:59:35","date_gmt":"2023-01-24T13:59:35","guid":{"rendered":"https:\/\/projectes.xtec.cat\/xtcd\/?page_id=11611"},"modified":"2023-08-31T18:15:25","modified_gmt":"2023-08-31T16:15:25","slug":"sessio-3-area-3-ensenyament-aprenentatge","status":"publish","type":"page","link":"https:\/\/projectes.xtec.cat\/xtcd\/competencia-digital-docent\/sessions-2022-23\/sessio-3-area-3-ensenyament-aprenentatge\/","title":{"rendered":"Sessi\u00f3 3. \u00c0rea 3: Ensenyament &#8211; Aprenentatge"},"content":{"rendered":"<div class=\"seccio\">\n<div class=\"wp-block-columns\">\n<div class=\"wp-block-column\" style=\"flex-basis: 40%;\">\n<h3>Data<\/h3>\n<p>09 de febrer de 2023, 18:00 h<\/p>\n<h3>Descripci\u00f3<\/h3>\n<p>En aquesta sessi\u00f3 es desenvoluparan els seg\u00fcents temes:<\/p>\n<ul>\n<li>\u00c0rea 3: Ensenyament &#8211; Aprenentatge\n<ul>\n<li>Ensenyament i aprenentatge<\/li>\n<li>Orientaci\u00f3 i suport a l\u2019aprenentatge<\/li>\n<li>Aprenentatge col\u00b7laboratiu<\/li>\n<li>Aprenentatge autoregulat<\/li>\n<\/ul>\n<\/li>\n<li>Pon\u00e8ncia 1: Aprenentatge entre iguals a<\/li>\n<li>Experi\u00e8ncia de centre<\/li>\n<\/ul>\n<\/div>\n<div class=\"wp-block-column\" style=\"flex-basis: 60%;\">\n<div class=\"video-responsive\"><div class=\"h5p-iframe-wrapper\"><iframe id=\"h5p-iframe-37\" class=\"h5p-iframe\" data-content-id=\"37\" style=\"height:1px\" src=\"about:blank\" frameBorder=\"0\" scrolling=\"no\" title=\"XT-CDD - 2223 - \u00c0rea 3: Ensenyament i aprenentatge\"><\/iframe><\/div><\/div>\n<div class=\"sessions-list\" style=\"text-align: center; margin-top: 2em;\"><a class=\"button\" style=\"margin-left: 1em;\" href=\"https:\/\/forms.gle\/C41UDsrNjyf56vmaA\" target=\"_blank\" rel=\"noopener\"> Formulari d&#8217;assist\u00e8ncia i valoraci\u00f3<\/a><\/div>\n<\/div>\n<\/div>\n<div class=\"wp-block-columns\">\n<div class=\"wp-block-column\">\n<h3>Ponents<\/h3>\n<ul>\n<li>Maria Masjoan &#8211; \u00c0rea de Cultura digital, Departament d&#8217;Educaci\u00f3<\/li>\n<li>F\u00e8lix Tejero &#8211; \u00c0rea de Cultura digital, Departament d&#8217;Educaci\u00f3<\/li>\n<li>Carlota Aran &#8211; \u00c0rea de Cultura digital, Departament d&#8217;Educaci\u00f3<\/li>\n<li>Marta Flores &#8211; Professora del Departament de Psicologia B\u00e0sica, Evolutiva i de l&#8217;Educaci\u00f3 de la Universitat Aut\u00f2noma de Barcelona i membre del GRAI<\/li>\n<li>Laura Collantes i Maria Font &#8211; Mestres d&#8217;educaci\u00f3 infantil de l&#8217;Escola Marinada del Masnou<\/li>\n<\/ul>\n<\/div>\n<\/div>\n<div class=\"wp-block-columns\">\n<div class=\"wp-block-column\">\n<h3>Recursos associats<\/h3>\n<ul>\n<li style=\"list-style-type: none;\">\n<ul>\n<li style=\"list-style-type: none;\">\n<ul>\n<li><a href=\"https:\/\/docs.google.com\/presentation\/d\/e\/2PACX-1vSNC3LwZ-j7VwNBlu-7VHtxqxkQm2BAVNF_yI4ndtNFce-pw1AoLnrx4uB0B_M9kLIehm2Gv9J7KSb5\/pub?start=false&amp;loop=false&amp;delayms=3000\">Presentaci\u00f3 \u00c0rea 3: Ensenyament i aprenentatge<\/a><\/li>\n<li><a href=\"https:\/\/drive.google.com\/file\/d\/1xlg2P6zIF6y07OziXqa6w__Jp7BfnJut\/view?usp=sharing\">Aprenentatge entre iguals &#8211; Marta Flores Coll &#8211; GRAI UAB<\/a><\/li>\n<li><a href=\"https:\/\/view.genial.ly\/629230336bc63f001205b899\/guide-projecte-parlem-amb-talking-to\">Parlem amb&#8230; Talking to&#8230; Experi\u00e8ncia de centre &#8211; Marta Flores Coll &#8211; GRAI<\/a><\/li>\n<\/ul>\n<\/li>\n<\/ul>\n<\/li>\n<\/ul>\n<h3>Converses al Nus<\/h3>\n<p><a href=\"https:\/\/projectes.xtec.cat\/xtcd\/wp-content\/uploads\/usu1403\/2021\/10\/nus-3.png\"><img loading=\"lazy\" decoding=\"async\" class=\"wp-image-9954 alignleft\" src=\"https:\/\/projectes.xtec.cat\/xtcd\/wp-content\/uploads\/usu1403\/2021\/10\/nus-3.png\" alt=\"\" width=\"75\" height=\"75\" srcset=\"https:\/\/projectes.xtec.cat\/xtcd\/wp-content\/uploads\/usu1403\/2021\/10\/nus-3.png 203w, https:\/\/projectes.xtec.cat\/xtcd\/wp-content\/uploads\/usu1403\/2021\/10\/nus-3-150x150.png 150w\" sizes=\"auto, (max-width: 75px) 100vw, 75px\" \/><\/a>Despr\u00e9s dels seminaris web i els seminaris territorials, podeu continuar parlant dels temes tractats al <a href=\"https:\/\/comunitat.edigital.cat\/c\/cdd\/129\" target=\"_blank\" rel=\"noopener\">Nus<\/a><\/p>\n<\/div>\n<\/div>\n<\/div>\n","protected":false},"excerpt":{"rendered":"<p>Data 09 de febrer de 2023, 18:00 h Descripci\u00f3 En aquesta sessi\u00f3 es desenvoluparan els seg\u00fcents temes: \u00c0rea 3: Ensenyament &#8211; Aprenentatge Ensenyament i aprenentatge Orientaci\u00f3 i suport a l\u2019aprenentatge Aprenentatge col\u00b7laboratiu Aprenentatge autoregulat Pon\u00e8ncia 1: Aprenentatge entre iguals a Experi\u00e8ncia de centre Formulari d&#8217;assist\u00e8ncia i valoraci\u00f3 Ponents Maria Masjoan &#8211; \u00c0rea de Cultura digital, [&hellip;]<\/p>\n","protected":false},"author":450,"featured_media":0,"parent":11057,"menu_order":0,"comment_status":"closed","ping_status":"close","template":"","meta":{"site-sidebar-layout":"no-sidebar","site-content-layout":"plain-container","ast-site-content-layout":"","site-content-style":"default","site-sidebar-style":"default","ast-global-header-display":"","ast-banner-title-visibility":"","ast-main-header-display":"disabled","ast-hfb-above-header-display":"","ast-hfb-below-header-display":"","ast-hfb-mobile-header-display":"","site-post-title":"","ast-breadcrumbs-content":"","ast-featured-img":"","footer-sml-layout":"","theme-transparent-header-meta":"","adv-header-id-meta":"9237","stick-header-meta":"","header-above-stick-meta":"","header-main-stick-meta":"","header-below-stick-meta":"","astra-migrate-meta-layouts":"default","ast-page-background-enabled":"default","ast-page-background-meta":{"desktop":{"background-color":"","background-image":"","background-repeat":"repeat","background-position":"center center","background-size":"auto","background-attachment":"scroll","background-type":"","background-media":"","overlay-type":"","overlay-color":"","overlay-opacity":"","overlay-gradient":""},"tablet":{"background-color":"","background-image":"","background-repeat":"repeat","background-position":"center center","background-size":"auto","background-attachment":"scroll","background-type":"","background-media":"","overlay-type":"","overlay-color":"","overlay-opacity":"","overlay-gradient":""},"mobile":{"background-color":"","background-image":"","background-repeat":"repeat","background-position":"center center","background-size":"auto","background-attachment":"scroll","background-type":"","background-media":"","overlay-type":"","overlay-color":"","overlay-opacity":"","overlay-gradient":""}},"ast-content-background-meta":{"desktop":{"background-color":"var(--ast-global-color-5)","background-image":"","background-repeat":"repeat","background-position":"center center","background-size":"auto","background-attachment":"scroll","background-type":"","background-media":"","overlay-type":"","overlay-color":"","overlay-opacity":"","overlay-gradient":""},"tablet":{"background-color":"var(--ast-global-color-5)","background-image":"","background-repeat":"repeat","background-position":"center center","background-size":"auto","background-attachment":"scroll","background-type":"","background-media":"","overlay-type":"","overlay-color":"","overlay-opacity":"","overlay-gradient":""},"mobile":{"background-color":"var(--ast-global-color-5)","background-image":"","background-repeat":"repeat","background-position":"center center","background-size":"auto","background-attachment":"scroll","background-type":"","background-media":"","overlay-type":"","overlay-color":"","overlay-opacity":"","overlay-gradient":""}},"footnotes":""},"class_list":["post-11611","page","type-page","status-publish","hentry"],"_links":{"self":[{"href":"https:\/\/projectes.xtec.cat\/xtcd\/wp-json\/wp\/v2\/pages\/11611","targetHints":{"allow":["GET"]}}],"collection":[{"href":"https:\/\/projectes.xtec.cat\/xtcd\/wp-json\/wp\/v2\/pages"}],"about":[{"href":"https:\/\/projectes.xtec.cat\/xtcd\/wp-json\/wp\/v2\/types\/page"}],"author":[{"embeddable":true,"href":"https:\/\/projectes.xtec.cat\/xtcd\/wp-json\/wp\/v2\/users\/450"}],"replies":[{"embeddable":true,"href":"https:\/\/projectes.xtec.cat\/xtcd\/wp-json\/wp\/v2\/comments?post=11611"}],"version-history":[{"count":3,"href":"https:\/\/projectes.xtec.cat\/xtcd\/wp-json\/wp\/v2\/pages\/11611\/revisions"}],"predecessor-version":[{"id":11886,"href":"https:\/\/projectes.xtec.cat\/xtcd\/wp-json\/wp\/v2\/pages\/11611\/revisions\/11886"}],"up":[{"embeddable":true,"href":"https:\/\/projectes.xtec.cat\/xtcd\/wp-json\/wp\/v2\/pages\/11057"}],"wp:attachment":[{"href":"https:\/\/projectes.xtec.cat\/xtcd\/wp-json\/wp\/v2\/media?parent=11611"}],"curies":[{"name":"wp","href":"https:\/\/api.w.org\/{rel}","templated":true}]}}